{"id":12348,"date":"2023-11-23T15:38:10","date_gmt":"2023-11-23T14:38:10","guid":{"rendered":"https:\/\/nws-tech.fr\/?post_type=product&#038;p=12348"},"modified":"2025-11-25T13:37:02","modified_gmt":"2025-11-25T12:37:02","slug":"mobile-fumekart-extracteur-bofa","status":"publish","type":"product","link":"https:\/\/nws-tech.fr\/fr\/produit\/mobile-fumekart-extracteur-bofa\/","title":{"rendered":"Mobile FumeKart \u2013 Extracteur BOFA"},"content":{"rendered":"<p>Mobile FumeKart \u2013 extracteur BOFA est un \u00e9quipement mobile con\u00e7u pour extraire les fum\u00e9es et les poussi\u00e8res g\u00e9n\u00e9r\u00e9es par une large gamme d&rsquo;applications. Comme par exemple les applications laser, d&rsquo;usinage m\u00e9canique, ou bien encore lors des applications de beaut\u00e9. Mobile, silencieux et simple d&rsquo;utilisation. Il offre l&rsquo;avantage d&rsquo;\u00eatre enti\u00e8rement portable. La technologie Mobile FumeKart peut donc s&rsquo;av\u00e9rer tr\u00e8s utile si vous avez une application inhabituelle, mobile ou potentiellement g\u00eanante.<\/p>\n<p>Le mod\u00e8le Mobile FumeKart est \u00e9quip\u00e9 de technologies innovantes. Notamment l&rsquo;int\u00e9gration du syst\u00e8me de filtration en 3 \u00e9tapes : pr\u00e9filtre, filtre HEPA, filtre \u00e0 gaz. De plus, l&rsquo;unit\u00e9 est compos\u00e9 d&rsquo;une technologie avanc\u00e9e de filtre \u00e0 charbon (ACF). Qui assure une capture et une \u00e9limination s\u00fbres des fum\u00e9es dangereuses. Une unit\u00e9 de d\u00e9tection multi-tension y est aussi int\u00e9gr\u00e9e. Elle permet une d\u00e9tection automatique de la tension locale et s&rsquo;ajuste \u00e9galement en cons\u00e9quence entre 90 et 275V. La technologie de filtration HEPA y est aussi int\u00e9gr\u00e9e. L&rsquo;unit\u00e9 Mobile FumeKart est l&rsquo;un de nos syst\u00e8mes les plus avanc\u00e9s disponibles. Les utilisateurs pourront b\u00e9n\u00e9ficier de la flexibilit\u00e9 et l&rsquo;assurance d&rsquo;une filtration performante.<\/p>\n<p>Le mod\u00e8le Mobile FumeKart dispose d&rsquo;un syst\u00e8me de filtration modulaire. Ce qui permet de remplacer rapidement et facilement les filtres us\u00e9s ou endommag\u00e9s sans n\u00e9cessiter de comp\u00e9tences particuli\u00e8res.<\/p>\n<p>L&rsquo;extracteur Mobile FumeKart de chez BOFA est une unit\u00e9 enti\u00e8rement portable et compatible avec une large gamme d&rsquo;applications.<\/p>\n<h2>Caract\u00e9ristiques Techniques<\/h2>\n<p>&nbsp;<\/p>\n<table style=\"height: 161px;\" border=\"1\" width=\"498\">\n<tbody>\n<tr style=\"height: 23px;\">\n<td style=\"width: 180.047px; height: 23px;\">Type de Filtre<\/td>\n<td style=\"width: 301.953px; height: 23px;\">Filtre combin\u00e9 ; Filtre HEPA<\/td>\n<\/tr>\n<tr style=\"height: 23px;\">\n<td style=\"width: 180.047px; height: 23px;\">M\u00e9dia filtrant 1<\/td>\n<td style=\"width: 301.953px; height: 23px;\">Fibre de Verre<\/td>\n<\/tr>\n<tr style=\"height: 23px;\">\n<td style=\"height: 23px; width: 180.047px;\">M\u00e9dia filtrant 2<\/td>\n<td style=\"height: 23px; width: 301.953px;\">Fibre de Verre<\/td>\n<\/tr>\n<tr style=\"height: 23px;\">\n<td style=\"width: 180.047px; height: 23px;\">Poids de charbon actif (kg)<\/td>\n<td style=\"width: 301.953px; height: 23px;\">12<\/td>\n<\/tr>\n<tr style=\"height: 23px;\">\n<td style=\"height: 23px; width: 180.047px;\">D\u00e9bit d&rsquo;air (m3\/h)<\/td>\n<td style=\"height: 23px; width: 301.953px;\">380<\/td>\n<\/tr>\n<tr style=\"height: 23px;\">\n<td style=\"height: 23px; width: 180.047px;\">Surface pr\u00e9-filtre (m2)<\/td>\n<td style=\"height: 23px; width: 301.953px;\">7.25<\/td>\n<\/tr>\n<tr style=\"height: 23px;\">\n<td style=\"height: 23px; width: 180.047px;\">Poids (Kg)<\/td>\n<td style=\"height: 23px; width: 301.953px;\">54<\/td>\n<\/tr>\n<tr>\n<td style=\"width: 180.047px;\">Type d&rsquo;application<\/td>\n<td style=\"width: 301.953px;\">Laser ; Usinage<\/td>\n<\/tr>\n<tr>\n<td style=\"width: 180.047px;\">Niveau de bruit (db)<\/td>\n<td style=\"width: 301.953px;\">64<\/td>\n<\/tr>\n<\/tbody>\n<\/table>\n<p>&nbsp;<\/p>\n<p>&nbsp;<\/p>\n","protected":false},"excerpt":{"rendered":"<p>L&rsquo;extracteur Mobile FumeKart de chez BOFA est une unit\u00e9 d&rsquo;extraction enti\u00e8re portable et compatible pour une large gamme d&rsquo;application.<\/p>\n","protected":false},"featured_media":12370,"comment_status":"open","ping_status":"closed","template":"","meta":{"_et_pb_use_builder":"","_et_pb_old_content":"","_et_gb_content_width":""},"product_brand":[],"product_cat":[719,640,720,644,721,645,722,723],"product_tag":[],"class_list":{"0":"post-12348","1":"product","2":"type-product","3":"status-publish","4":"has-post-thumbnail","6":"product_cat-dentaire","7":"product_cat-donaldson-bofa","8":"product_cat-electronique","9":"product_cat-extracteurs-bofa","10":"product_cat-fabrication-additive","11":"product_cat-laser","12":"product_cat-salons-de-beaute","13":"product_cat-usinage","14":"product_shipping_class-mono-palette-messagerie","16":"first","17":"instock","18":"shipping-taxable","19":"product-type-simple"},"yoast_head":"<!-- This site is optimized with the Yoast SEO Premium plugin v26.9 (Yoast SEO v27.5) - https:\/\/yoast.com\/product\/yoast-seo-premium-wordpress\/ -->\n<title>Mobile FumeKart - Extracteur BOFA - NWS-TECH \u2022 NWS Laser<\/title>\n<meta name=\"description\" content=\"L&#039;extracteur Mobile FumeKart de chez BOFA est un syst\u00e8me d&#039;extraction enti\u00e8rement mobile con\u00e7u pour une grande vari\u00e9t\u00e9 d&#039;application.\" \/>\n<meta name=\"robots\" content=\"index, follow, max-snippet:-1, max-image-preview:large, max-video-preview:-1\" \/>\n<link rel=\"canonical\" href=\"https:\/\/nws-tech.fr\/fr\/produit\/mobile-fumekart-extracteur-bofa\/\" \/>\n<meta property=\"og:locale\" content=\"fr_FR\" \/>\n<meta property=\"og:type\" content=\"article\" \/>\n<meta property=\"og:title\" content=\"Mobile FumeKart - Extracteur BOFA\" \/>\n<meta property=\"og:description\" content=\"L&#039;extracteur Mobile FumeKart de chez BOFA est un syst\u00e8me d&#039;extraction enti\u00e8rement mobile con\u00e7u pour une grande vari\u00e9t\u00e9 d&#039;application.\" \/>\n<meta property=\"og:url\" content=\"https:\/\/nws-tech.fr\/fr\/produit\/mobile-fumekart-extracteur-bofa\/\" \/>\n<meta property=\"og:site_name\" content=\"NWS-TECH \u2022 NWS Laser\" \/>\n<meta property=\"article:publisher\" content=\"https:\/\/fr-fr.facebook.com\/nwstechfr\/\" \/>\n<meta property=\"article:modified_time\" content=\"2025-11-25T12:37:02+00:00\" \/>\n<meta property=\"og:image\" content=\"https:\/\/nws-tech.fr\/wp-content\/uploads\/2023\/11\/Mobile-FumeKART.webp\" \/>\n\t<meta property=\"og:image:width\" content=\"960\" \/>\n\t<meta property=\"og:image:height\" content=\"750\" \/>\n\t<meta property=\"og:image:type\" content=\"image\/webp\" \/>\n<meta name=\"twitter:card\" content=\"summary_large_image\" \/>\n<meta name=\"twitter:label1\" content=\"Dur\u00e9e de lecture estim\u00e9e\" \/>\n\t<meta name=\"twitter:data1\" content=\"2 minutes\" \/>\n<script type=\"application\/ld+json\" class=\"yoast-schema-graph\">{\"@context\":\"https:\\\/\\\/schema.org\",\"@graph\":[{\"@type\":\"WebPage\",\"@id\":\"https:\\\/\\\/nws-tech.fr\\\/fr\\\/produit\\\/mobile-fumekart-extracteur-bofa\\\/\",\"url\":\"https:\\\/\\\/nws-tech.fr\\\/fr\\\/produit\\\/mobile-fumekart-extracteur-bofa\\\/\",\"name\":\"Mobile FumeKart - Extracteur BOFA - NWS-TECH \u2022 NWS Laser\",\"isPartOf\":{\"@id\":\"https:\\\/\\\/nws-tech.fr\\\/fr\\\/#website\"},\"primaryImageOfPage\":{\"@id\":\"https:\\\/\\\/nws-tech.fr\\\/fr\\\/produit\\\/mobile-fumekart-extracteur-bofa\\\/#primaryimage\"},\"image\":{\"@id\":\"https:\\\/\\\/nws-tech.fr\\\/fr\\\/produit\\\/mobile-fumekart-extracteur-bofa\\\/#primaryimage\"},\"thumbnailUrl\":\"https:\\\/\\\/nws-tech.fr\\\/wp-content\\\/uploads\\\/2023\\\/11\\\/Mobile-FumeKART.webp\",\"datePublished\":\"2023-11-23T14:38:10+00:00\",\"dateModified\":\"2025-11-25T12:37:02+00:00\",\"description\":\"L'extracteur Mobile FumeKart de chez BOFA est un syst\u00e8me d'extraction enti\u00e8rement mobile con\u00e7u pour une grande vari\u00e9t\u00e9 d'application.\",\"breadcrumb\":{\"@id\":\"https:\\\/\\\/nws-tech.fr\\\/fr\\\/produit\\\/mobile-fumekart-extracteur-bofa\\\/#breadcrumb\"},\"inLanguage\":\"fr-FR\",\"potentialAction\":[{\"@type\":\"ReadAction\",\"target\":[\"https:\\\/\\\/nws-tech.fr\\\/fr\\\/produit\\\/mobile-fumekart-extracteur-bofa\\\/\"]}]},{\"@type\":\"ImageObject\",\"inLanguage\":\"fr-FR\",\"@id\":\"https:\\\/\\\/nws-tech.fr\\\/fr\\\/produit\\\/mobile-fumekart-extracteur-bofa\\\/#primaryimage\",\"url\":\"https:\\\/\\\/nws-tech.fr\\\/wp-content\\\/uploads\\\/2023\\\/11\\\/Mobile-FumeKART.webp\",\"contentUrl\":\"https:\\\/\\\/nws-tech.fr\\\/wp-content\\\/uploads\\\/2023\\\/11\\\/Mobile-FumeKART.webp\",\"width\":960,\"height\":750},{\"@type\":\"BreadcrumbList\",\"@id\":\"https:\\\/\\\/nws-tech.fr\\\/fr\\\/produit\\\/mobile-fumekart-extracteur-bofa\\\/#breadcrumb\",\"itemListElement\":[{\"@type\":\"ListItem\",\"position\":1,\"name\":\"Accueil\",\"item\":\"https:\\\/\\\/nws-tech.fr\\\/fr\\\/\"},{\"@type\":\"ListItem\",\"position\":2,\"name\":\"Boutique\",\"item\":\"https:\\\/\\\/nws-tech.fr\\\/fr\\\/boutique\\\/\"},{\"@type\":\"ListItem\",\"position\":3,\"name\":\"Mobile FumeKart \u2013 Extracteur BOFA\"}]},{\"@type\":\"WebSite\",\"@id\":\"https:\\\/\\\/nws-tech.fr\\\/fr\\\/#website\",\"url\":\"https:\\\/\\\/nws-tech.fr\\\/fr\\\/\",\"name\":\"NWS LASER - Marque l'avenir\",\"description\":\"Fabricant fran\u00e7ais de Lasers de marquage, gravure et d\u00e9coupe\",\"publisher\":{\"@id\":\"https:\\\/\\\/nws-tech.fr\\\/fr\\\/#organization\"},\"alternateName\":\"NWS LASER\",\"potentialAction\":[{\"@type\":\"SearchAction\",\"target\":{\"@type\":\"EntryPoint\",\"urlTemplate\":\"https:\\\/\\\/nws-tech.fr\\\/fr\\\/?s={search_term_string}\"},\"query-input\":{\"@type\":\"PropertyValueSpecification\",\"valueRequired\":true,\"valueName\":\"search_term_string\"}}],\"inLanguage\":\"fr-FR\"},{\"@type\":\"Organization\",\"@id\":\"https:\\\/\\\/nws-tech.fr\\\/fr\\\/#organization\",\"name\":\"NWS Laser - Marque l'avenir\",\"alternateName\":\"NWS Laser\",\"url\":\"https:\\\/\\\/nws-tech.fr\\\/fr\\\/\",\"logo\":{\"@type\":\"ImageObject\",\"inLanguage\":\"fr-FR\",\"@id\":\"https:\\\/\\\/nws-tech.fr\\\/fr\\\/#\\\/schema\\\/logo\\\/image\\\/\",\"url\":\"https:\\\/\\\/nws-tech.fr\\\/wp-content\\\/uploads\\\/2023\\\/06\\\/nws_laser_tr.png\",\"contentUrl\":\"https:\\\/\\\/nws-tech.fr\\\/wp-content\\\/uploads\\\/2023\\\/06\\\/nws_laser_tr.png\",\"width\":655,\"height\":790,\"caption\":\"NWS Laser - Marque l'avenir\"},\"image\":{\"@id\":\"https:\\\/\\\/nws-tech.fr\\\/fr\\\/#\\\/schema\\\/logo\\\/image\\\/\"},\"sameAs\":[\"https:\\\/\\\/fr-fr.facebook.com\\\/nwstechfr\\\/\",\"https:\\\/\\\/www.linkedin.com\\\/company\\\/nws-tech\\\/\"],\"description\":\"Depuis 20 ans, NWS Laser con\u00e7oit et fabrique diff\u00e9rentes machines laser de marquage, gravure et de d\u00e9coupe. Nous fabriquons des machines laser standards ou personnalis\u00e9es, en mettant l'accent sur la s\u00e9curit\u00e9, la pr\u00e9cision et l'\u00e9coute des besoins sp\u00e9cifiques de chaque client. Nos machines sont fabriqu\u00e9es en France. Nos 2 sites de production se situent en C\u00f4te-d'Or.\",\"email\":\"info@nws-tech.fr\",\"telephone\":\"+33 4 81 68 04 04\",\"legalName\":\"NWS\",\"foundingDate\":\"1998-05-02\",\"vatID\":\"FR04 493 113 336\",\"numberOfEmployees\":{\"@type\":\"QuantitativeValue\",\"minValue\":\"11\",\"maxValue\":\"50\"},\"publishingPrinciples\":\"https:\\\/\\\/nws-tech.fr\\\/fr\\\/legal\\\/mentions-legales\\\/\",\"ownershipFundingInfo\":\"https:\\\/\\\/nws-tech.fr\\\/fr\\\/a-propos\\\/nws-laser_histoire\\\/\",\"actionableFeedbackPolicy\":\"https:\\\/\\\/nws-tech.fr\\\/fr\\\/legal\\\/mentions-legales\\\/\",\"correctionsPolicy\":\"https:\\\/\\\/nws-tech.fr\\\/fr\\\/a-propos\\\/nws-laser-rse-developpement-durable\\\/\",\"ethicsPolicy\":\"https:\\\/\\\/nws-tech.fr\\\/fr\\\/a-propos\\\/nws-laser-rse-developpement-durable\\\/\",\"diversityPolicy\":\"https:\\\/\\\/nws-tech.fr\\\/fr\\\/a-propos\\\/nws-laser-rse-developpement-durable\\\/\",\"diversityStaffingReport\":\"https:\\\/\\\/nws-tech.fr\\\/fr\\\/a-propos\\\/nws-laser-rse-developpement-durable\\\/\"}]}<\/script>\n<!-- \/ Yoast SEO Premium plugin. -->","yoast_head_json":{"title":"Mobile FumeKart - Extracteur BOFA - NWS-TECH \u2022 NWS Laser","description":"L'extracteur Mobile FumeKart de chez BOFA est un syst\u00e8me d'extraction enti\u00e8rement mobile con\u00e7u pour une grande vari\u00e9t\u00e9 d'application.","robots":{"index":"index","follow":"follow","max-snippet":"max-snippet:-1","max-image-preview":"max-image-preview:large","max-video-preview":"max-video-preview:-1"},"canonical":"https:\/\/nws-tech.fr\/fr\/produit\/mobile-fumekart-extracteur-bofa\/","og_locale":"fr_FR","og_type":"article","og_title":"Mobile FumeKart - Extracteur BOFA","og_description":"L'extracteur Mobile FumeKart de chez BOFA est un syst\u00e8me d'extraction enti\u00e8rement mobile con\u00e7u pour une grande vari\u00e9t\u00e9 d'application.","og_url":"https:\/\/nws-tech.fr\/fr\/produit\/mobile-fumekart-extracteur-bofa\/","og_site_name":"NWS-TECH \u2022 NWS Laser","article_publisher":"https:\/\/fr-fr.facebook.com\/nwstechfr\/","article_modified_time":"2025-11-25T12:37:02+00:00","og_image":[{"width":960,"height":750,"url":"https:\/\/nws-tech.fr\/wp-content\/uploads\/2023\/11\/Mobile-FumeKART.webp","type":"image\/webp"}],"twitter_card":"summary_large_image","twitter_misc":{"Dur\u00e9e de lecture estim\u00e9e":"2 minutes"},"schema":{"@context":"https:\/\/schema.org","@graph":[{"@type":"WebPage","@id":"https:\/\/nws-tech.fr\/fr\/produit\/mobile-fumekart-extracteur-bofa\/","url":"https:\/\/nws-tech.fr\/fr\/produit\/mobile-fumekart-extracteur-bofa\/","name":"Mobile FumeKart - Extracteur BOFA - NWS-TECH \u2022 NWS Laser","isPartOf":{"@id":"https:\/\/nws-tech.fr\/fr\/#website"},"primaryImageOfPage":{"@id":"https:\/\/nws-tech.fr\/fr\/produit\/mobile-fumekart-extracteur-bofa\/#primaryimage"},"image":{"@id":"https:\/\/nws-tech.fr\/fr\/produit\/mobile-fumekart-extracteur-bofa\/#primaryimage"},"thumbnailUrl":"https:\/\/nws-tech.fr\/wp-content\/uploads\/2023\/11\/Mobile-FumeKART.webp","datePublished":"2023-11-23T14:38:10+00:00","dateModified":"2025-11-25T12:37:02+00:00","description":"L'extracteur Mobile FumeKart de chez BOFA est un syst\u00e8me d'extraction enti\u00e8rement mobile con\u00e7u pour une grande vari\u00e9t\u00e9 d'application.","breadcrumb":{"@id":"https:\/\/nws-tech.fr\/fr\/produit\/mobile-fumekart-extracteur-bofa\/#breadcrumb"},"inLanguage":"fr-FR","potentialAction":[{"@type":"ReadAction","target":["https:\/\/nws-tech.fr\/fr\/produit\/mobile-fumekart-extracteur-bofa\/"]}]},{"@type":"ImageObject","inLanguage":"fr-FR","@id":"https:\/\/nws-tech.fr\/fr\/produit\/mobile-fumekart-extracteur-bofa\/#primaryimage","url":"https:\/\/nws-tech.fr\/wp-content\/uploads\/2023\/11\/Mobile-FumeKART.webp","contentUrl":"https:\/\/nws-tech.fr\/wp-content\/uploads\/2023\/11\/Mobile-FumeKART.webp","width":960,"height":750},{"@type":"BreadcrumbList","@id":"https:\/\/nws-tech.fr\/fr\/produit\/mobile-fumekart-extracteur-bofa\/#breadcrumb","itemListElement":[{"@type":"ListItem","position":1,"name":"Accueil","item":"https:\/\/nws-tech.fr\/fr\/"},{"@type":"ListItem","position":2,"name":"Boutique","item":"https:\/\/nws-tech.fr\/fr\/boutique\/"},{"@type":"ListItem","position":3,"name":"Mobile FumeKart \u2013 Extracteur BOFA"}]},{"@type":"WebSite","@id":"https:\/\/nws-tech.fr\/fr\/#website","url":"https:\/\/nws-tech.fr\/fr\/","name":"NWS LASER - Marque l'avenir","description":"Fabricant fran\u00e7ais de Lasers de marquage, gravure et d\u00e9coupe","publisher":{"@id":"https:\/\/nws-tech.fr\/fr\/#organization"},"alternateName":"NWS LASER","potentialAction":[{"@type":"SearchAction","target":{"@type":"EntryPoint","urlTemplate":"https:\/\/nws-tech.fr\/fr\/?s={search_term_string}"},"query-input":{"@type":"PropertyValueSpecification","valueRequired":true,"valueName":"search_term_string"}}],"inLanguage":"fr-FR"},{"@type":"Organization","@id":"https:\/\/nws-tech.fr\/fr\/#organization","name":"NWS Laser - Marque l'avenir","alternateName":"NWS Laser","url":"https:\/\/nws-tech.fr\/fr\/","logo":{"@type":"ImageObject","inLanguage":"fr-FR","@id":"https:\/\/nws-tech.fr\/fr\/#\/schema\/logo\/image\/","url":"https:\/\/nws-tech.fr\/wp-content\/uploads\/2023\/06\/nws_laser_tr.png","contentUrl":"https:\/\/nws-tech.fr\/wp-content\/uploads\/2023\/06\/nws_laser_tr.png","width":655,"height":790,"caption":"NWS Laser - Marque l'avenir"},"image":{"@id":"https:\/\/nws-tech.fr\/fr\/#\/schema\/logo\/image\/"},"sameAs":["https:\/\/fr-fr.facebook.com\/nwstechfr\/","https:\/\/www.linkedin.com\/company\/nws-tech\/"],"description":"Depuis 20 ans, NWS Laser con\u00e7oit et fabrique diff\u00e9rentes machines laser de marquage, gravure et de d\u00e9coupe. Nous fabriquons des machines laser standards ou personnalis\u00e9es, en mettant l'accent sur la s\u00e9curit\u00e9, la pr\u00e9cision et l'\u00e9coute des besoins sp\u00e9cifiques de chaque client. Nos machines sont fabriqu\u00e9es en France. Nos 2 sites de production se situent en C\u00f4te-d'Or.","email":"info@nws-tech.fr","telephone":"+33 4 81 68 04 04","legalName":"NWS","foundingDate":"1998-05-02","vatID":"FR04 493 113 336","numberOfEmployees":{"@type":"QuantitativeValue","minValue":"11","maxValue":"50"},"publishingPrinciples":"https:\/\/nws-tech.fr\/fr\/legal\/mentions-legales\/","ownershipFundingInfo":"https:\/\/nws-tech.fr\/fr\/a-propos\/nws-laser_histoire\/","actionableFeedbackPolicy":"https:\/\/nws-tech.fr\/fr\/legal\/mentions-legales\/","correctionsPolicy":"https:\/\/nws-tech.fr\/fr\/a-propos\/nws-laser-rse-developpement-durable\/","ethicsPolicy":"https:\/\/nws-tech.fr\/fr\/a-propos\/nws-laser-rse-developpement-durable\/","diversityPolicy":"https:\/\/nws-tech.fr\/fr\/a-propos\/nws-laser-rse-developpement-durable\/","diversityStaffingReport":"https:\/\/nws-tech.fr\/fr\/a-propos\/nws-laser-rse-developpement-durable\/"}]}},"_links":{"self":[{"href":"https:\/\/nws-tech.fr\/fr\/wp-json\/wp\/v2\/product\/12348","targetHints":{"allow":["GET"]}}],"collection":[{"href":"https:\/\/nws-tech.fr\/fr\/wp-json\/wp\/v2\/product"}],"about":[{"href":"https:\/\/nws-tech.fr\/fr\/wp-json\/wp\/v2\/types\/product"}],"replies":[{"embeddable":true,"href":"https:\/\/nws-tech.fr\/fr\/wp-json\/wp\/v2\/comments?post=12348"}],"wp:featuredmedia":[{"embeddable":true,"href":"https:\/\/nws-tech.fr\/fr\/wp-json\/wp\/v2\/media\/12370"}],"wp:attachment":[{"href":"https:\/\/nws-tech.fr\/fr\/wp-json\/wp\/v2\/media?parent=12348"}],"wp:term":[{"taxonomy":"product_brand","embeddable":true,"href":"https:\/\/nws-tech.fr\/fr\/wp-json\/wp\/v2\/product_brand?post=12348"},{"taxonomy":"product_cat","embeddable":true,"href":"https:\/\/nws-tech.fr\/fr\/wp-json\/wp\/v2\/product_cat?post=12348"},{"taxonomy":"product_tag","embeddable":true,"href":"https:\/\/nws-tech.fr\/fr\/wp-json\/wp\/v2\/product_tag?post=12348"}],"curies":[{"name":"wp","href":"https:\/\/api.w.org\/{rel}","templated":true}]}}