{"id":12347,"date":"2023-11-23T15:38:09","date_gmt":"2023-11-23T14:38:09","guid":{"rendered":"https:\/\/nws-tech.fr\/?post_type=product&#038;p=12347"},"modified":"2025-11-25T13:37:20","modified_gmt":"2025-11-25T12:37:20","slug":"ad-basec180-extracteur-bofa","status":"publish","type":"product","link":"https:\/\/nws-tech.fr\/fr\/produit\/ad-basec180-extracteur-bofa\/","title":{"rendered":"AD BaseC180 \u2013 Extracteur BOFA"},"content":{"rendered":"<p>L&rsquo;AD BaseC180 \u2013 extracteur BOFA est un \u00e9quipement con\u00e7u pour extraire les fum\u00e9es et les poussi\u00e8res g\u00e9n\u00e9r\u00e9es lors des applications l\u00e9g\u00e8res. Telles que la gravure laser, l&rsquo;impression 3D et la d\u00e9coupe de vinyle. Il est \u00e9quip\u00e9 d&rsquo;un filtre HEPA et de charbon actif pour capturer les particules fines et neutraliser les gaz. L&rsquo;extracteur est \u00e9galement \u00e9quip\u00e9 d&rsquo;une turbine de d\u00e9tection automatique de tension haute performance. La turbine s&rsquo;ajuste automatiquement pour fonctionner sur n&rsquo;importe quel type de tension.<\/p>\n<p>L&rsquo;AD BaseC180 est aussi \u00e9quip\u00e9 d&rsquo;une technologie d&rsquo;air \u00e0 flux invers\u00e9 qui am\u00e9liore les performances des filtres. Et ainsi contribue \u00e0 prolonger la dur\u00e9e de vie de l&rsquo;extracteur. Un contr\u00f4le automatique du d\u00e9bit permet \u00e0 l&rsquo;utilisateur de pr\u00e9r\u00e9gler les d\u00e9bits corrects. Ce qui r\u00e9duit les niveaux de bruit et aide \u00e0 prot\u00e9ger davantage le filtre combin\u00e9 et le pr\u00e9filtre brevet\u00e9 DeepPleat DUO.<\/p>\n<p>L&rsquo;AD BaseC180 \u2013 extracteur BOFA\u00a0 est \u00e9galement convivial, avec une conception qui facilite les changements de filtre. De plus, le panneau d&rsquo;affichage et de commandes est id\u00e9alement situ\u00e9 sur l&rsquo;appareil et permet de r\u00e9gler facilement la vitesse du ventilateur et d&rsquo;afficher les niveaux des filtres<\/p>\n<p>L&rsquo;extracteur AD Base C180 est une solution abordable et de haute qualit\u00e9 pour maintenir un environnement de travail propre et s\u00fbr pour les applications laser.<\/p>\n<p style=\"color: blue;\"><b><a href=\"https:\/\/airpropre.fr\/wp-content\/uploads\/2023\/04\/AD-Base-Instruction-Manual.pdf\" target=\"_blank\" rel=\"noopener\">Guide d&rsquo;utilisation \u2013 AD BaseC180 <\/a><\/b><\/p>\n<h2>Caract\u00e9ristiques Techniques<\/h2>\n<p>&nbsp;<\/p>\n<table style=\"height: 138px;\" border=\"1\" width=\"498\">\n<tbody>\n<tr style=\"height: 23px;\">\n<td style=\"width: 180.047px; height: 23px;\">Type de Filtre<\/td>\n<td style=\"width: 301.953px; height: 23px;\">Pr\u00e9filtre ; Filtre combin\u00e9 ; Filtre HEPA<\/td>\n<\/tr>\n<tr style=\"height: 23px;\">\n<td style=\"width: 180.047px; height: 23px;\">M\u00e9dia filtrant 1<\/td>\n<td style=\"width: 301.953px; height: 23px;\">Fibre de Verre<\/td>\n<\/tr>\n<tr style=\"height: 23px;\">\n<td style=\"height: 23px; width: 180.047px;\">M\u00e9dia filtrant 2<\/td>\n<td style=\"height: 23px; width: 301.953px;\">Fibre de Verre<\/td>\n<\/tr>\n<tr>\n<td style=\"width: 180.047px;\">Poids du charbon actif (kg)<\/td>\n<td style=\"width: 301.953px;\">9<\/td>\n<\/tr>\n<tr style=\"height: 23px;\">\n<td style=\"height: 23px; width: 180.047px;\">D\u00e9bit d&rsquo;air (m3\/h)<\/td>\n<td style=\"height: 23px; width: 301.953px;\">180<\/td>\n<\/tr>\n<tr style=\"height: 23px;\">\n<td style=\"height: 23px; width: 180.047px;\">surface pr\u00e9filtre (m2)<\/td>\n<td style=\"height: 23px; width: 301.953px;\">2.2<\/td>\n<\/tr>\n<tr>\n<td style=\"width: 180.047px;\">Niveau de bruit (db)<\/td>\n<td style=\"width: 301.953px;\">55<\/td>\n<\/tr>\n<tr>\n<td style=\"width: 180.047px;\">Type d&rsquo;application<\/td>\n<td style=\"width: 301.953px;\">Laser<\/td>\n<\/tr>\n<tr style=\"height: 23px;\">\n<td style=\"height: 23px; width: 180.047px;\">Poids (Kg)<\/td>\n<td style=\"height: 23px; width: 301.953px;\">91<\/td>\n<\/tr>\n<\/tbody>\n<\/table>\n<p>&nbsp;<\/p>\n<p>&nbsp;<\/p>\n","protected":false},"excerpt":{"rendered":"<p>L&rsquo;extracteur AD BaseC180 \u2013 extracteur BOFA est une solution abordable et de haute qualit\u00e9 pour maintenir un environnement de travail propre et s\u00fbr pour les applications laser.<\/p>\n","protected":false},"featured_media":12369,"comment_status":"open","ping_status":"closed","template":"","meta":{"_et_pb_use_builder":"","_et_pb_old_content":"","_et_gb_content_width":""},"product_brand":[],"product_cat":[640,644,645],"product_tag":[],"class_list":{"0":"post-12347","1":"product","2":"type-product","3":"status-publish","4":"has-post-thumbnail","6":"product_cat-donaldson-bofa","7":"product_cat-extracteurs-bofa","8":"product_cat-laser","9":"product_shipping_class-mono-palette-messagerie","11":"first","12":"instock","13":"shipping-taxable","14":"product-type-simple"},"yoast_head":"<!-- This site is optimized with the Yoast SEO Premium plugin v26.9 (Yoast SEO v27.5) - https:\/\/yoast.com\/product\/yoast-seo-premium-wordpress\/ -->\n<title>AD BaseC180 - Extracteur BOFA - NWS-TECH \u2022 NWS Laser<\/title>\n<meta name=\"description\" content=\"L&#039;extracteur AD BaseC180 est un extracteur de fum\u00e9es abordable et de haute qualit\u00e9 pour maintenir un environnement de travail propre et s\u00fbr.\" \/>\n<meta name=\"robots\" content=\"index, follow, max-snippet:-1, max-image-preview:large, max-video-preview:-1\" \/>\n<link rel=\"canonical\" href=\"https:\/\/nws-tech.fr\/fr\/produit\/ad-basec180-extracteur-bofa\/\" \/>\n<meta property=\"og:locale\" content=\"fr_FR\" \/>\n<meta property=\"og:type\" content=\"article\" \/>\n<meta property=\"og:title\" content=\"AD BaseC180 - Extracteur BOFA\" \/>\n<meta property=\"og:description\" content=\"L&#039;extracteur AD BaseC180 est un extracteur de fum\u00e9es abordable et de haute qualit\u00e9 pour maintenir un environnement de travail propre et s\u00fbr.\" \/>\n<meta property=\"og:url\" content=\"https:\/\/nws-tech.fr\/fr\/produit\/ad-basec180-extracteur-bofa\/\" \/>\n<meta property=\"og:site_name\" content=\"NWS-TECH \u2022 NWS Laser\" \/>\n<meta property=\"article:publisher\" content=\"https:\/\/fr-fr.facebook.com\/nwstechfr\/\" \/>\n<meta property=\"article:modified_time\" content=\"2025-11-25T12:37:20+00:00\" \/>\n<meta property=\"og:image\" content=\"https:\/\/nws-tech.fr\/wp-content\/uploads\/2023\/11\/AD-Base-C180-Extracteur-BOFA.webp\" \/>\n\t<meta property=\"og:image:width\" content=\"400\" \/>\n\t<meta property=\"og:image:height\" content=\"381\" \/>\n\t<meta property=\"og:image:type\" content=\"image\/webp\" \/>\n<meta name=\"twitter:card\" content=\"summary_large_image\" \/>\n<meta name=\"twitter:label1\" content=\"Dur\u00e9e de lecture estim\u00e9e\" \/>\n\t<meta name=\"twitter:data1\" content=\"2 minutes\" \/>\n<script type=\"application\/ld+json\" class=\"yoast-schema-graph\">{\"@context\":\"https:\\\/\\\/schema.org\",\"@graph\":[{\"@type\":\"WebPage\",\"@id\":\"https:\\\/\\\/nws-tech.fr\\\/fr\\\/produit\\\/ad-basec180-extracteur-bofa\\\/\",\"url\":\"https:\\\/\\\/nws-tech.fr\\\/fr\\\/produit\\\/ad-basec180-extracteur-bofa\\\/\",\"name\":\"AD BaseC180 - Extracteur BOFA - NWS-TECH \u2022 NWS Laser\",\"isPartOf\":{\"@id\":\"https:\\\/\\\/nws-tech.fr\\\/fr\\\/#website\"},\"primaryImageOfPage\":{\"@id\":\"https:\\\/\\\/nws-tech.fr\\\/fr\\\/produit\\\/ad-basec180-extracteur-bofa\\\/#primaryimage\"},\"image\":{\"@id\":\"https:\\\/\\\/nws-tech.fr\\\/fr\\\/produit\\\/ad-basec180-extracteur-bofa\\\/#primaryimage\"},\"thumbnailUrl\":\"https:\\\/\\\/nws-tech.fr\\\/wp-content\\\/uploads\\\/2023\\\/11\\\/AD-Base-C180-Extracteur-BOFA.webp\",\"datePublished\":\"2023-11-23T14:38:09+00:00\",\"dateModified\":\"2025-11-25T12:37:20+00:00\",\"description\":\"L'extracteur AD BaseC180 est un extracteur de fum\u00e9es abordable et de haute qualit\u00e9 pour maintenir un environnement de travail propre et s\u00fbr.\",\"breadcrumb\":{\"@id\":\"https:\\\/\\\/nws-tech.fr\\\/fr\\\/produit\\\/ad-basec180-extracteur-bofa\\\/#breadcrumb\"},\"inLanguage\":\"fr-FR\",\"potentialAction\":[{\"@type\":\"ReadAction\",\"target\":[\"https:\\\/\\\/nws-tech.fr\\\/fr\\\/produit\\\/ad-basec180-extracteur-bofa\\\/\"]}]},{\"@type\":\"ImageObject\",\"inLanguage\":\"fr-FR\",\"@id\":\"https:\\\/\\\/nws-tech.fr\\\/fr\\\/produit\\\/ad-basec180-extracteur-bofa\\\/#primaryimage\",\"url\":\"https:\\\/\\\/nws-tech.fr\\\/wp-content\\\/uploads\\\/2023\\\/11\\\/AD-Base-C180-Extracteur-BOFA.webp\",\"contentUrl\":\"https:\\\/\\\/nws-tech.fr\\\/wp-content\\\/uploads\\\/2023\\\/11\\\/AD-Base-C180-Extracteur-BOFA.webp\",\"width\":400,\"height\":381},{\"@type\":\"BreadcrumbList\",\"@id\":\"https:\\\/\\\/nws-tech.fr\\\/fr\\\/produit\\\/ad-basec180-extracteur-bofa\\\/#breadcrumb\",\"itemListElement\":[{\"@type\":\"ListItem\",\"position\":1,\"name\":\"Accueil\",\"item\":\"https:\\\/\\\/nws-tech.fr\\\/fr\\\/\"},{\"@type\":\"ListItem\",\"position\":2,\"name\":\"Boutique\",\"item\":\"https:\\\/\\\/nws-tech.fr\\\/fr\\\/boutique\\\/\"},{\"@type\":\"ListItem\",\"position\":3,\"name\":\"AD BaseC180 \u2013 Extracteur BOFA\"}]},{\"@type\":\"WebSite\",\"@id\":\"https:\\\/\\\/nws-tech.fr\\\/fr\\\/#website\",\"url\":\"https:\\\/\\\/nws-tech.fr\\\/fr\\\/\",\"name\":\"NWS LASER - Marque l'avenir\",\"description\":\"Fabricant fran\u00e7ais de Lasers de marquage, gravure et d\u00e9coupe\",\"publisher\":{\"@id\":\"https:\\\/\\\/nws-tech.fr\\\/fr\\\/#organization\"},\"alternateName\":\"NWS LASER\",\"potentialAction\":[{\"@type\":\"SearchAction\",\"target\":{\"@type\":\"EntryPoint\",\"urlTemplate\":\"https:\\\/\\\/nws-tech.fr\\\/fr\\\/?s={search_term_string}\"},\"query-input\":{\"@type\":\"PropertyValueSpecification\",\"valueRequired\":true,\"valueName\":\"search_term_string\"}}],\"inLanguage\":\"fr-FR\"},{\"@type\":\"Organization\",\"@id\":\"https:\\\/\\\/nws-tech.fr\\\/fr\\\/#organization\",\"name\":\"NWS Laser - Marque l'avenir\",\"alternateName\":\"NWS Laser\",\"url\":\"https:\\\/\\\/nws-tech.fr\\\/fr\\\/\",\"logo\":{\"@type\":\"ImageObject\",\"inLanguage\":\"fr-FR\",\"@id\":\"https:\\\/\\\/nws-tech.fr\\\/fr\\\/#\\\/schema\\\/logo\\\/image\\\/\",\"url\":\"https:\\\/\\\/nws-tech.fr\\\/wp-content\\\/uploads\\\/2023\\\/06\\\/nws_laser_tr.png\",\"contentUrl\":\"https:\\\/\\\/nws-tech.fr\\\/wp-content\\\/uploads\\\/2023\\\/06\\\/nws_laser_tr.png\",\"width\":655,\"height\":790,\"caption\":\"NWS Laser - Marque l'avenir\"},\"image\":{\"@id\":\"https:\\\/\\\/nws-tech.fr\\\/fr\\\/#\\\/schema\\\/logo\\\/image\\\/\"},\"sameAs\":[\"https:\\\/\\\/fr-fr.facebook.com\\\/nwstechfr\\\/\",\"https:\\\/\\\/www.linkedin.com\\\/company\\\/nws-tech\\\/\"],\"description\":\"Depuis 20 ans, NWS Laser con\u00e7oit et fabrique diff\u00e9rentes machines laser de marquage, gravure et de d\u00e9coupe. Nous fabriquons des machines laser standards ou personnalis\u00e9es, en mettant l'accent sur la s\u00e9curit\u00e9, la pr\u00e9cision et l'\u00e9coute des besoins sp\u00e9cifiques de chaque client. Nos machines sont fabriqu\u00e9es en France. Nos 2 sites de production se situent en C\u00f4te-d'Or.\",\"email\":\"info@nws-tech.fr\",\"telephone\":\"+33 4 81 68 04 04\",\"legalName\":\"NWS\",\"foundingDate\":\"1998-05-02\",\"vatID\":\"FR04 493 113 336\",\"numberOfEmployees\":{\"@type\":\"QuantitativeValue\",\"minValue\":\"11\",\"maxValue\":\"50\"},\"publishingPrinciples\":\"https:\\\/\\\/nws-tech.fr\\\/fr\\\/legal\\\/mentions-legales\\\/\",\"ownershipFundingInfo\":\"https:\\\/\\\/nws-tech.fr\\\/fr\\\/a-propos\\\/nws-laser_histoire\\\/\",\"actionableFeedbackPolicy\":\"https:\\\/\\\/nws-tech.fr\\\/fr\\\/legal\\\/mentions-legales\\\/\",\"correctionsPolicy\":\"https:\\\/\\\/nws-tech.fr\\\/fr\\\/a-propos\\\/nws-laser-rse-developpement-durable\\\/\",\"ethicsPolicy\":\"https:\\\/\\\/nws-tech.fr\\\/fr\\\/a-propos\\\/nws-laser-rse-developpement-durable\\\/\",\"diversityPolicy\":\"https:\\\/\\\/nws-tech.fr\\\/fr\\\/a-propos\\\/nws-laser-rse-developpement-durable\\\/\",\"diversityStaffingReport\":\"https:\\\/\\\/nws-tech.fr\\\/fr\\\/a-propos\\\/nws-laser-rse-developpement-durable\\\/\"}]}<\/script>\n<!-- \/ Yoast SEO Premium plugin. -->","yoast_head_json":{"title":"AD BaseC180 - Extracteur BOFA - NWS-TECH \u2022 NWS Laser","description":"L'extracteur AD BaseC180 est un extracteur de fum\u00e9es abordable et de haute qualit\u00e9 pour maintenir un environnement de travail propre et s\u00fbr.","robots":{"index":"index","follow":"follow","max-snippet":"max-snippet:-1","max-image-preview":"max-image-preview:large","max-video-preview":"max-video-preview:-1"},"canonical":"https:\/\/nws-tech.fr\/fr\/produit\/ad-basec180-extracteur-bofa\/","og_locale":"fr_FR","og_type":"article","og_title":"AD BaseC180 - Extracteur BOFA","og_description":"L'extracteur AD BaseC180 est un extracteur de fum\u00e9es abordable et de haute qualit\u00e9 pour maintenir un environnement de travail propre et s\u00fbr.","og_url":"https:\/\/nws-tech.fr\/fr\/produit\/ad-basec180-extracteur-bofa\/","og_site_name":"NWS-TECH \u2022 NWS Laser","article_publisher":"https:\/\/fr-fr.facebook.com\/nwstechfr\/","article_modified_time":"2025-11-25T12:37:20+00:00","og_image":[{"width":400,"height":381,"url":"https:\/\/nws-tech.fr\/wp-content\/uploads\/2023\/11\/AD-Base-C180-Extracteur-BOFA.webp","type":"image\/webp"}],"twitter_card":"summary_large_image","twitter_misc":{"Dur\u00e9e de lecture estim\u00e9e":"2 minutes"},"schema":{"@context":"https:\/\/schema.org","@graph":[{"@type":"WebPage","@id":"https:\/\/nws-tech.fr\/fr\/produit\/ad-basec180-extracteur-bofa\/","url":"https:\/\/nws-tech.fr\/fr\/produit\/ad-basec180-extracteur-bofa\/","name":"AD BaseC180 - Extracteur BOFA - NWS-TECH \u2022 NWS Laser","isPartOf":{"@id":"https:\/\/nws-tech.fr\/fr\/#website"},"primaryImageOfPage":{"@id":"https:\/\/nws-tech.fr\/fr\/produit\/ad-basec180-extracteur-bofa\/#primaryimage"},"image":{"@id":"https:\/\/nws-tech.fr\/fr\/produit\/ad-basec180-extracteur-bofa\/#primaryimage"},"thumbnailUrl":"https:\/\/nws-tech.fr\/wp-content\/uploads\/2023\/11\/AD-Base-C180-Extracteur-BOFA.webp","datePublished":"2023-11-23T14:38:09+00:00","dateModified":"2025-11-25T12:37:20+00:00","description":"L'extracteur AD BaseC180 est un extracteur de fum\u00e9es abordable et de haute qualit\u00e9 pour maintenir un environnement de travail propre et s\u00fbr.","breadcrumb":{"@id":"https:\/\/nws-tech.fr\/fr\/produit\/ad-basec180-extracteur-bofa\/#breadcrumb"},"inLanguage":"fr-FR","potentialAction":[{"@type":"ReadAction","target":["https:\/\/nws-tech.fr\/fr\/produit\/ad-basec180-extracteur-bofa\/"]}]},{"@type":"ImageObject","inLanguage":"fr-FR","@id":"https:\/\/nws-tech.fr\/fr\/produit\/ad-basec180-extracteur-bofa\/#primaryimage","url":"https:\/\/nws-tech.fr\/wp-content\/uploads\/2023\/11\/AD-Base-C180-Extracteur-BOFA.webp","contentUrl":"https:\/\/nws-tech.fr\/wp-content\/uploads\/2023\/11\/AD-Base-C180-Extracteur-BOFA.webp","width":400,"height":381},{"@type":"BreadcrumbList","@id":"https:\/\/nws-tech.fr\/fr\/produit\/ad-basec180-extracteur-bofa\/#breadcrumb","itemListElement":[{"@type":"ListItem","position":1,"name":"Accueil","item":"https:\/\/nws-tech.fr\/fr\/"},{"@type":"ListItem","position":2,"name":"Boutique","item":"https:\/\/nws-tech.fr\/fr\/boutique\/"},{"@type":"ListItem","position":3,"name":"AD BaseC180 \u2013 Extracteur BOFA"}]},{"@type":"WebSite","@id":"https:\/\/nws-tech.fr\/fr\/#website","url":"https:\/\/nws-tech.fr\/fr\/","name":"NWS LASER - Marque l'avenir","description":"Fabricant fran\u00e7ais de Lasers de marquage, gravure et d\u00e9coupe","publisher":{"@id":"https:\/\/nws-tech.fr\/fr\/#organization"},"alternateName":"NWS LASER","potentialAction":[{"@type":"SearchAction","target":{"@type":"EntryPoint","urlTemplate":"https:\/\/nws-tech.fr\/fr\/?s={search_term_string}"},"query-input":{"@type":"PropertyValueSpecification","valueRequired":true,"valueName":"search_term_string"}}],"inLanguage":"fr-FR"},{"@type":"Organization","@id":"https:\/\/nws-tech.fr\/fr\/#organization","name":"NWS Laser - Marque l'avenir","alternateName":"NWS Laser","url":"https:\/\/nws-tech.fr\/fr\/","logo":{"@type":"ImageObject","inLanguage":"fr-FR","@id":"https:\/\/nws-tech.fr\/fr\/#\/schema\/logo\/image\/","url":"https:\/\/nws-tech.fr\/wp-content\/uploads\/2023\/06\/nws_laser_tr.png","contentUrl":"https:\/\/nws-tech.fr\/wp-content\/uploads\/2023\/06\/nws_laser_tr.png","width":655,"height":790,"caption":"NWS Laser - Marque l'avenir"},"image":{"@id":"https:\/\/nws-tech.fr\/fr\/#\/schema\/logo\/image\/"},"sameAs":["https:\/\/fr-fr.facebook.com\/nwstechfr\/","https:\/\/www.linkedin.com\/company\/nws-tech\/"],"description":"Depuis 20 ans, NWS Laser con\u00e7oit et fabrique diff\u00e9rentes machines laser de marquage, gravure et de d\u00e9coupe. Nous fabriquons des machines laser standards ou personnalis\u00e9es, en mettant l'accent sur la s\u00e9curit\u00e9, la pr\u00e9cision et l'\u00e9coute des besoins sp\u00e9cifiques de chaque client. Nos machines sont fabriqu\u00e9es en France. Nos 2 sites de production se situent en C\u00f4te-d'Or.","email":"info@nws-tech.fr","telephone":"+33 4 81 68 04 04","legalName":"NWS","foundingDate":"1998-05-02","vatID":"FR04 493 113 336","numberOfEmployees":{"@type":"QuantitativeValue","minValue":"11","maxValue":"50"},"publishingPrinciples":"https:\/\/nws-tech.fr\/fr\/legal\/mentions-legales\/","ownershipFundingInfo":"https:\/\/nws-tech.fr\/fr\/a-propos\/nws-laser_histoire\/","actionableFeedbackPolicy":"https:\/\/nws-tech.fr\/fr\/legal\/mentions-legales\/","correctionsPolicy":"https:\/\/nws-tech.fr\/fr\/a-propos\/nws-laser-rse-developpement-durable\/","ethicsPolicy":"https:\/\/nws-tech.fr\/fr\/a-propos\/nws-laser-rse-developpement-durable\/","diversityPolicy":"https:\/\/nws-tech.fr\/fr\/a-propos\/nws-laser-rse-developpement-durable\/","diversityStaffingReport":"https:\/\/nws-tech.fr\/fr\/a-propos\/nws-laser-rse-developpement-durable\/"}]}},"_links":{"self":[{"href":"https:\/\/nws-tech.fr\/fr\/wp-json\/wp\/v2\/product\/12347","targetHints":{"allow":["GET"]}}],"collection":[{"href":"https:\/\/nws-tech.fr\/fr\/wp-json\/wp\/v2\/product"}],"about":[{"href":"https:\/\/nws-tech.fr\/fr\/wp-json\/wp\/v2\/types\/product"}],"replies":[{"embeddable":true,"href":"https:\/\/nws-tech.fr\/fr\/wp-json\/wp\/v2\/comments?post=12347"}],"wp:featuredmedia":[{"embeddable":true,"href":"https:\/\/nws-tech.fr\/fr\/wp-json\/wp\/v2\/media\/12369"}],"wp:attachment":[{"href":"https:\/\/nws-tech.fr\/fr\/wp-json\/wp\/v2\/media?parent=12347"}],"wp:term":[{"taxonomy":"product_brand","embeddable":true,"href":"https:\/\/nws-tech.fr\/fr\/wp-json\/wp\/v2\/product_brand?post=12347"},{"taxonomy":"product_cat","embeddable":true,"href":"https:\/\/nws-tech.fr\/fr\/wp-json\/wp\/v2\/product_cat?post=12347"},{"taxonomy":"product_tag","embeddable":true,"href":"https:\/\/nws-tech.fr\/fr\/wp-json\/wp\/v2\/product_tag?post=12347"}],"curies":[{"name":"wp","href":"https:\/\/api.w.org\/{rel}","templated":true}]}}