{"id":12270,"date":"2023-11-23T15:36:29","date_gmt":"2023-11-23T14:36:29","guid":{"rendered":"https:\/\/nws-tech.fr\/?post_type=product&#038;p=12270"},"modified":"2025-11-25T13:40:59","modified_gmt":"2025-11-25T12:40:59","slug":"ad-1000-iq-extracteur-bofa","status":"publish","type":"product","link":"https:\/\/nws-tech.fr\/fr\/produit\/ad-1000-iq-extracteur-bofa\/","title":{"rendered":"AD 1000 IQ \u2013 Extracteur BOFA"},"content":{"rendered":"<div class=\"flex-1 overflow-hidden\">\n<div class=\"react-scroll-to-bottom--css-tfvgq-79elbk h-full dark:bg-gray-800\">\n<div class=\"react-scroll-to-bottom--css-tfvgq-1n7m0yu\">\n<div class=\"flex flex-col items-center text-sm dark:bg-gray-800\">\n<div class=\"w-full border-b border-black\/10 dark:border-gray-900\/50 text-gray-800 dark:text-gray-100 group bg-gray-50 dark:bg-[#444654]\">\n<div class=\"text-base gap-4 md:gap-6 m-auto md:max-w-2xl lg:max-w-2xl xl:max-w-3xl p-4 md:py-6 flex lg:px-0\">\n<div class=\"relative flex w-[calc(100%-50px)] flex-col gap-1 md:gap-3 lg:w-[calc(100%-115px)]\">\n<div class=\"flex flex-grow flex-col gap-3\">\n<div class=\"min-h-[20px] flex flex-col items-start gap-4 whitespace-pre-wrap\">\n<div class=\"markdown prose w-full break-words dark:prose-invert light\">\n<p>L&rsquo;AD 1000 IQ \u2013 extracteur BOFA est le syst\u00e8me haut de gamme d\u2019extraction des fum\u00e9es et particules laser. Il est dot\u00e9 d\u2019une grande capacit\u00e9 de filtration, d\u2019une pression et d&rsquo;un flux d\u2019air important. Ce qui le rend, par cons\u00e9quent, id\u00e9al pour des utilisations intensives qui g\u00e9n\u00e8rent une grande quantit\u00e9 de particules et de compos\u00e9s organiques gazeux.<\/p>\n<p>L&rsquo;AD 1000 IQ est \u00e9quip\u00e9 d&rsquo;un panneau de commande num\u00e9rique convivial.\u00a0 Donnant ainsi aux utilisateurs un r\u00e9glage pr\u00e9cis des param\u00e8tres d&rsquo;extraction. Comme par exemple la vitesse du ventilateur ou encore la surveillance des filtres. L&rsquo;extracteur dispose \u00e9galement d&rsquo;un indicateur d&rsquo;\u00e9tat du filtre qui alerte les utilisateurs lorsque le filtre doit \u00eatre remplac\u00e9. Cette fonctionnalit\u00e9 permet des performances optimales et r\u00e9duit les temps d&rsquo;arr\u00eats.<\/p>\n<p>La conception compacte de l&rsquo;unit\u00e9 facilite son int\u00e9gration dans n&rsquo;importe quel espace de travail. Tandis que son fonctionnement silencieux et ses faibles besoins d&rsquo;entretien en font un atout fiable et discret \u00e0 tout environnement industriel.<\/p>\n<\/div>\n<\/div>\n<\/div>\n<\/div>\n<\/div>\n<\/div>\n<\/div>\n<\/div>\n<\/div>\n<\/div>\n<p>Les performances de l&rsquo;AD 1000 IQ \u2013 extracteur BOFA ont \u00e9t\u00e9 am\u00e9lior\u00e9es gr\u00e2ce \u00e0 l\u2019inclusion du c\u00e9l\u00e8bre syst\u00e8me d\u2019exploitation \u00ab\u00a0iQ\u00a0\u00bb. L&rsquo;extracteur AD 1000 iQ est un des syst\u00e8mes les plus avanc\u00e9s actuellement disponibles. Cela am\u00e8ne les param\u00e8tres de performance et de s\u00e9curit\u00e9 \u00e0 un nouveau niveau et garantit que la maintenance, les temps d&rsquo;arr\u00eats et les co\u00fbts de propri\u00e9t\u00e9 sont r\u00e9duits au minimum.<\/p>\n<p style=\"color: blue;\"><b><a href=\"https:\/\/airpropre.fr\/wp-content\/uploads\/2023\/03\/AD-500-1000-1500-Instruction-Manual-fr.pdf\" target=\"_blank\" rel=\"noopener\">Guide d&rsquo;utilisation \u2013 AD 1 000 IQ<\/a><\/b><\/p>\n<h2>Caract\u00e9ristiques Techniques<\/h2>\n<p>&nbsp;<\/p>\n<table style=\"height: 138px;\" border=\"1\" width=\"498\">\n<tbody>\n<tr style=\"height: 23px;\">\n<td style=\"width: 180.375px; height: 23px;\">Type de Filtre<\/td>\n<td style=\"width: 301.625px; height: 23px;\">Pr\u00e9filtre ; Filtre combin\u00e9 ; Filtre HEPA<\/td>\n<\/tr>\n<tr style=\"height: 23px;\">\n<td style=\"width: 180.375px; height: 23px;\">M\u00e9dia filtrant 1<\/td>\n<td style=\"width: 301.625px; height: 23px;\">Fibre de Verre<\/td>\n<\/tr>\n<tr style=\"height: 23px;\">\n<td style=\"height: 23px; width: 180.375px;\">M\u00e9dia filtrant 2<\/td>\n<td style=\"height: 23px; width: 301.625px;\">Fibre de Verre<\/td>\n<\/tr>\n<tr>\n<td style=\"width: 180.375px;\">Poids du charbon actif (kg)<\/td>\n<td style=\"width: 301.625px;\">34<\/td>\n<\/tr>\n<tr style=\"height: 23px;\">\n<td style=\"height: 23px; width: 180.375px;\">D\u00e9bit d&rsquo;air (m3\/h)<\/td>\n<td style=\"height: 23px; width: 301.625px;\">850<\/td>\n<\/tr>\n<tr>\n<td style=\"width: 180.375px;\">Diam\u00e8tre d&rsquo;entr\u00e9e (mm)<\/td>\n<td style=\"width: 301.625px;\">125<\/td>\n<\/tr>\n<tr style=\"height: 23px;\">\n<td style=\"height: 23px; width: 180.375px;\">surface pr\u00e9filtre (m2)<\/td>\n<td style=\"height: 23px; width: 301.625px;\">30<\/td>\n<\/tr>\n<tr>\n<td style=\"width: 180.375px;\">Niveau de bruit (db)<\/td>\n<td style=\"width: 301.625px;\">61<\/td>\n<\/tr>\n<tr>\n<td style=\"width: 180.375px;\">Type d&rsquo;application<\/td>\n<td style=\"width: 301.625px;\">Laser<\/td>\n<\/tr>\n<tr style=\"height: 23px;\">\n<td style=\"height: 23px; width: 180.375px;\">Poids (Kg)<\/td>\n<td style=\"height: 23px; width: 301.625px;\">140<\/td>\n<\/tr>\n<\/tbody>\n<\/table>\n","protected":false},"excerpt":{"rendered":"<p>L&rsquo;extracteur AD 1 000 IQ de BOFA est un syst\u00e8me haute performance pour les applications intensives de marquage, codage et gravure au laser.<\/p>\n","protected":false},"featured_media":12299,"comment_status":"open","ping_status":"closed","template":"","meta":{"_et_pb_use_builder":"","_et_pb_old_content":"","_et_gb_content_width":""},"product_brand":[],"product_cat":[640,644,645],"product_tag":[],"class_list":{"0":"post-12270","1":"product","2":"type-product","3":"status-publish","4":"has-post-thumbnail","6":"product_cat-donaldson-bofa","7":"product_cat-extracteurs-bofa","8":"product_cat-laser","9":"product_shipping_class-mono-palette-messagerie","11":"first","12":"instock","13":"shipping-taxable","14":"product-type-simple"},"yoast_head":"<!-- This site is optimized with the Yoast SEO Premium plugin v26.9 (Yoast SEO v27.5) - https:\/\/yoast.com\/product\/yoast-seo-premium-wordpress\/ -->\n<title>AD 1000 IQ - Extracteur BOFA - NWS-TECH \u2022 NWS Laser<\/title>\n<meta name=\"description\" content=\"L&#039;extracteur de fum\u00e9es et de particules AD 1 000 IQ, un syst\u00e8me haute performance pour les applications intensives de marquage, codage et gravure au laser\" \/>\n<meta name=\"robots\" content=\"index, follow, max-snippet:-1, max-image-preview:large, max-video-preview:-1\" \/>\n<link rel=\"canonical\" href=\"https:\/\/nws-tech.fr\/fr\/produit\/ad-1000-iq-extracteur-bofa\/\" \/>\n<meta property=\"og:locale\" content=\"fr_FR\" \/>\n<meta property=\"og:type\" content=\"article\" \/>\n<meta property=\"og:title\" content=\"AD 1000 IQ - Extracteur BOFA\" \/>\n<meta property=\"og:description\" content=\"L&#039;extracteur de fum\u00e9es et de particules AD 1 000 IQ, un syst\u00e8me haute performance pour les applications intensives de marquage, codage et gravure au laser\" \/>\n<meta property=\"og:url\" content=\"https:\/\/nws-tech.fr\/fr\/produit\/ad-1000-iq-extracteur-bofa\/\" \/>\n<meta property=\"og:site_name\" content=\"NWS-TECH \u2022 NWS Laser\" \/>\n<meta property=\"article:publisher\" content=\"https:\/\/fr-fr.facebook.com\/nwstechfr\/\" \/>\n<meta property=\"article:modified_time\" content=\"2025-11-25T12:40:59+00:00\" \/>\n<meta property=\"og:image\" content=\"https:\/\/nws-tech.fr\/wp-content\/uploads\/2023\/11\/AD-1000-iQ.webp\" \/>\n\t<meta property=\"og:image:width\" content=\"960\" \/>\n\t<meta property=\"og:image:height\" content=\"750\" \/>\n\t<meta property=\"og:image:type\" content=\"image\/webp\" \/>\n<meta name=\"twitter:card\" content=\"summary_large_image\" \/>\n<meta name=\"twitter:label1\" content=\"Dur\u00e9e de lecture estim\u00e9e\" \/>\n\t<meta name=\"twitter:data1\" content=\"2 minutes\" \/>\n<script type=\"application\/ld+json\" class=\"yoast-schema-graph\">{\"@context\":\"https:\\\/\\\/schema.org\",\"@graph\":[{\"@type\":\"WebPage\",\"@id\":\"https:\\\/\\\/nws-tech.fr\\\/fr\\\/produit\\\/ad-1000-iq-extracteur-bofa\\\/\",\"url\":\"https:\\\/\\\/nws-tech.fr\\\/fr\\\/produit\\\/ad-1000-iq-extracteur-bofa\\\/\",\"name\":\"AD 1000 IQ - Extracteur BOFA - NWS-TECH \u2022 NWS Laser\",\"isPartOf\":{\"@id\":\"https:\\\/\\\/nws-tech.fr\\\/fr\\\/#website\"},\"primaryImageOfPage\":{\"@id\":\"https:\\\/\\\/nws-tech.fr\\\/fr\\\/produit\\\/ad-1000-iq-extracteur-bofa\\\/#primaryimage\"},\"image\":{\"@id\":\"https:\\\/\\\/nws-tech.fr\\\/fr\\\/produit\\\/ad-1000-iq-extracteur-bofa\\\/#primaryimage\"},\"thumbnailUrl\":\"https:\\\/\\\/nws-tech.fr\\\/wp-content\\\/uploads\\\/2023\\\/11\\\/AD-1000-iQ.webp\",\"datePublished\":\"2023-11-23T14:36:29+00:00\",\"dateModified\":\"2025-11-25T12:40:59+00:00\",\"description\":\"L'extracteur de fum\u00e9es et de particules AD 1 000 IQ, un syst\u00e8me haute performance pour les applications intensives de marquage, codage et gravure au laser\",\"breadcrumb\":{\"@id\":\"https:\\\/\\\/nws-tech.fr\\\/fr\\\/produit\\\/ad-1000-iq-extracteur-bofa\\\/#breadcrumb\"},\"inLanguage\":\"fr-FR\",\"potentialAction\":[{\"@type\":\"ReadAction\",\"target\":[\"https:\\\/\\\/nws-tech.fr\\\/fr\\\/produit\\\/ad-1000-iq-extracteur-bofa\\\/\"]}]},{\"@type\":\"ImageObject\",\"inLanguage\":\"fr-FR\",\"@id\":\"https:\\\/\\\/nws-tech.fr\\\/fr\\\/produit\\\/ad-1000-iq-extracteur-bofa\\\/#primaryimage\",\"url\":\"https:\\\/\\\/nws-tech.fr\\\/wp-content\\\/uploads\\\/2023\\\/11\\\/AD-1000-iQ.webp\",\"contentUrl\":\"https:\\\/\\\/nws-tech.fr\\\/wp-content\\\/uploads\\\/2023\\\/11\\\/AD-1000-iQ.webp\",\"width\":960,\"height\":750},{\"@type\":\"BreadcrumbList\",\"@id\":\"https:\\\/\\\/nws-tech.fr\\\/fr\\\/produit\\\/ad-1000-iq-extracteur-bofa\\\/#breadcrumb\",\"itemListElement\":[{\"@type\":\"ListItem\",\"position\":1,\"name\":\"Accueil\",\"item\":\"https:\\\/\\\/nws-tech.fr\\\/fr\\\/\"},{\"@type\":\"ListItem\",\"position\":2,\"name\":\"Boutique\",\"item\":\"https:\\\/\\\/nws-tech.fr\\\/fr\\\/boutique\\\/\"},{\"@type\":\"ListItem\",\"position\":3,\"name\":\"AD 1000 IQ \u2013 Extracteur BOFA\"}]},{\"@type\":\"WebSite\",\"@id\":\"https:\\\/\\\/nws-tech.fr\\\/fr\\\/#website\",\"url\":\"https:\\\/\\\/nws-tech.fr\\\/fr\\\/\",\"name\":\"NWS LASER - Marque l'avenir\",\"description\":\"Fabricant fran\u00e7ais de Lasers de marquage, gravure et d\u00e9coupe\",\"publisher\":{\"@id\":\"https:\\\/\\\/nws-tech.fr\\\/fr\\\/#organization\"},\"alternateName\":\"NWS LASER\",\"potentialAction\":[{\"@type\":\"SearchAction\",\"target\":{\"@type\":\"EntryPoint\",\"urlTemplate\":\"https:\\\/\\\/nws-tech.fr\\\/fr\\\/?s={search_term_string}\"},\"query-input\":{\"@type\":\"PropertyValueSpecification\",\"valueRequired\":true,\"valueName\":\"search_term_string\"}}],\"inLanguage\":\"fr-FR\"},{\"@type\":\"Organization\",\"@id\":\"https:\\\/\\\/nws-tech.fr\\\/fr\\\/#organization\",\"name\":\"NWS Laser - Marque l'avenir\",\"alternateName\":\"NWS Laser\",\"url\":\"https:\\\/\\\/nws-tech.fr\\\/fr\\\/\",\"logo\":{\"@type\":\"ImageObject\",\"inLanguage\":\"fr-FR\",\"@id\":\"https:\\\/\\\/nws-tech.fr\\\/fr\\\/#\\\/schema\\\/logo\\\/image\\\/\",\"url\":\"https:\\\/\\\/nws-tech.fr\\\/wp-content\\\/uploads\\\/2023\\\/06\\\/nws_laser_tr.png\",\"contentUrl\":\"https:\\\/\\\/nws-tech.fr\\\/wp-content\\\/uploads\\\/2023\\\/06\\\/nws_laser_tr.png\",\"width\":655,\"height\":790,\"caption\":\"NWS Laser - Marque l'avenir\"},\"image\":{\"@id\":\"https:\\\/\\\/nws-tech.fr\\\/fr\\\/#\\\/schema\\\/logo\\\/image\\\/\"},\"sameAs\":[\"https:\\\/\\\/fr-fr.facebook.com\\\/nwstechfr\\\/\",\"https:\\\/\\\/www.linkedin.com\\\/company\\\/nws-tech\\\/\"],\"description\":\"Depuis 20 ans, NWS Laser con\u00e7oit et fabrique diff\u00e9rentes machines laser de marquage, gravure et de d\u00e9coupe. Nous fabriquons des machines laser standards ou personnalis\u00e9es, en mettant l'accent sur la s\u00e9curit\u00e9, la pr\u00e9cision et l'\u00e9coute des besoins sp\u00e9cifiques de chaque client. Nos machines sont fabriqu\u00e9es en France. Nos 2 sites de production se situent en C\u00f4te-d'Or.\",\"email\":\"info@nws-tech.fr\",\"telephone\":\"+33 4 81 68 04 04\",\"legalName\":\"NWS\",\"foundingDate\":\"1998-05-02\",\"vatID\":\"FR04 493 113 336\",\"numberOfEmployees\":{\"@type\":\"QuantitativeValue\",\"minValue\":\"11\",\"maxValue\":\"50\"},\"publishingPrinciples\":\"https:\\\/\\\/nws-tech.fr\\\/fr\\\/legal\\\/mentions-legales\\\/\",\"ownershipFundingInfo\":\"https:\\\/\\\/nws-tech.fr\\\/fr\\\/a-propos\\\/nws-laser_histoire\\\/\",\"actionableFeedbackPolicy\":\"https:\\\/\\\/nws-tech.fr\\\/fr\\\/legal\\\/mentions-legales\\\/\",\"correctionsPolicy\":\"https:\\\/\\\/nws-tech.fr\\\/fr\\\/a-propos\\\/nws-laser-rse-developpement-durable\\\/\",\"ethicsPolicy\":\"https:\\\/\\\/nws-tech.fr\\\/fr\\\/a-propos\\\/nws-laser-rse-developpement-durable\\\/\",\"diversityPolicy\":\"https:\\\/\\\/nws-tech.fr\\\/fr\\\/a-propos\\\/nws-laser-rse-developpement-durable\\\/\",\"diversityStaffingReport\":\"https:\\\/\\\/nws-tech.fr\\\/fr\\\/a-propos\\\/nws-laser-rse-developpement-durable\\\/\"}]}<\/script>\n<!-- \/ Yoast SEO Premium plugin. -->","yoast_head_json":{"title":"AD 1000 IQ - Extracteur BOFA - NWS-TECH \u2022 NWS Laser","description":"L'extracteur de fum\u00e9es et de particules AD 1 000 IQ, un syst\u00e8me haute performance pour les applications intensives de marquage, codage et gravure au laser","robots":{"index":"index","follow":"follow","max-snippet":"max-snippet:-1","max-image-preview":"max-image-preview:large","max-video-preview":"max-video-preview:-1"},"canonical":"https:\/\/nws-tech.fr\/fr\/produit\/ad-1000-iq-extracteur-bofa\/","og_locale":"fr_FR","og_type":"article","og_title":"AD 1000 IQ - Extracteur BOFA","og_description":"L'extracteur de fum\u00e9es et de particules AD 1 000 IQ, un syst\u00e8me haute performance pour les applications intensives de marquage, codage et gravure au laser","og_url":"https:\/\/nws-tech.fr\/fr\/produit\/ad-1000-iq-extracteur-bofa\/","og_site_name":"NWS-TECH \u2022 NWS Laser","article_publisher":"https:\/\/fr-fr.facebook.com\/nwstechfr\/","article_modified_time":"2025-11-25T12:40:59+00:00","og_image":[{"width":960,"height":750,"url":"https:\/\/nws-tech.fr\/wp-content\/uploads\/2023\/11\/AD-1000-iQ.webp","type":"image\/webp"}],"twitter_card":"summary_large_image","twitter_misc":{"Dur\u00e9e de lecture estim\u00e9e":"2 minutes"},"schema":{"@context":"https:\/\/schema.org","@graph":[{"@type":"WebPage","@id":"https:\/\/nws-tech.fr\/fr\/produit\/ad-1000-iq-extracteur-bofa\/","url":"https:\/\/nws-tech.fr\/fr\/produit\/ad-1000-iq-extracteur-bofa\/","name":"AD 1000 IQ - Extracteur BOFA - NWS-TECH \u2022 NWS Laser","isPartOf":{"@id":"https:\/\/nws-tech.fr\/fr\/#website"},"primaryImageOfPage":{"@id":"https:\/\/nws-tech.fr\/fr\/produit\/ad-1000-iq-extracteur-bofa\/#primaryimage"},"image":{"@id":"https:\/\/nws-tech.fr\/fr\/produit\/ad-1000-iq-extracteur-bofa\/#primaryimage"},"thumbnailUrl":"https:\/\/nws-tech.fr\/wp-content\/uploads\/2023\/11\/AD-1000-iQ.webp","datePublished":"2023-11-23T14:36:29+00:00","dateModified":"2025-11-25T12:40:59+00:00","description":"L'extracteur de fum\u00e9es et de particules AD 1 000 IQ, un syst\u00e8me haute performance pour les applications intensives de marquage, codage et gravure au laser","breadcrumb":{"@id":"https:\/\/nws-tech.fr\/fr\/produit\/ad-1000-iq-extracteur-bofa\/#breadcrumb"},"inLanguage":"fr-FR","potentialAction":[{"@type":"ReadAction","target":["https:\/\/nws-tech.fr\/fr\/produit\/ad-1000-iq-extracteur-bofa\/"]}]},{"@type":"ImageObject","inLanguage":"fr-FR","@id":"https:\/\/nws-tech.fr\/fr\/produit\/ad-1000-iq-extracteur-bofa\/#primaryimage","url":"https:\/\/nws-tech.fr\/wp-content\/uploads\/2023\/11\/AD-1000-iQ.webp","contentUrl":"https:\/\/nws-tech.fr\/wp-content\/uploads\/2023\/11\/AD-1000-iQ.webp","width":960,"height":750},{"@type":"BreadcrumbList","@id":"https:\/\/nws-tech.fr\/fr\/produit\/ad-1000-iq-extracteur-bofa\/#breadcrumb","itemListElement":[{"@type":"ListItem","position":1,"name":"Accueil","item":"https:\/\/nws-tech.fr\/fr\/"},{"@type":"ListItem","position":2,"name":"Boutique","item":"https:\/\/nws-tech.fr\/fr\/boutique\/"},{"@type":"ListItem","position":3,"name":"AD 1000 IQ \u2013 Extracteur BOFA"}]},{"@type":"WebSite","@id":"https:\/\/nws-tech.fr\/fr\/#website","url":"https:\/\/nws-tech.fr\/fr\/","name":"NWS LASER - Marque l'avenir","description":"Fabricant fran\u00e7ais de Lasers de marquage, gravure et d\u00e9coupe","publisher":{"@id":"https:\/\/nws-tech.fr\/fr\/#organization"},"alternateName":"NWS LASER","potentialAction":[{"@type":"SearchAction","target":{"@type":"EntryPoint","urlTemplate":"https:\/\/nws-tech.fr\/fr\/?s={search_term_string}"},"query-input":{"@type":"PropertyValueSpecification","valueRequired":true,"valueName":"search_term_string"}}],"inLanguage":"fr-FR"},{"@type":"Organization","@id":"https:\/\/nws-tech.fr\/fr\/#organization","name":"NWS Laser - Marque l'avenir","alternateName":"NWS Laser","url":"https:\/\/nws-tech.fr\/fr\/","logo":{"@type":"ImageObject","inLanguage":"fr-FR","@id":"https:\/\/nws-tech.fr\/fr\/#\/schema\/logo\/image\/","url":"https:\/\/nws-tech.fr\/wp-content\/uploads\/2023\/06\/nws_laser_tr.png","contentUrl":"https:\/\/nws-tech.fr\/wp-content\/uploads\/2023\/06\/nws_laser_tr.png","width":655,"height":790,"caption":"NWS Laser - Marque l'avenir"},"image":{"@id":"https:\/\/nws-tech.fr\/fr\/#\/schema\/logo\/image\/"},"sameAs":["https:\/\/fr-fr.facebook.com\/nwstechfr\/","https:\/\/www.linkedin.com\/company\/nws-tech\/"],"description":"Depuis 20 ans, NWS Laser con\u00e7oit et fabrique diff\u00e9rentes machines laser de marquage, gravure et de d\u00e9coupe. Nous fabriquons des machines laser standards ou personnalis\u00e9es, en mettant l'accent sur la s\u00e9curit\u00e9, la pr\u00e9cision et l'\u00e9coute des besoins sp\u00e9cifiques de chaque client. Nos machines sont fabriqu\u00e9es en France. Nos 2 sites de production se situent en C\u00f4te-d'Or.","email":"info@nws-tech.fr","telephone":"+33 4 81 68 04 04","legalName":"NWS","foundingDate":"1998-05-02","vatID":"FR04 493 113 336","numberOfEmployees":{"@type":"QuantitativeValue","minValue":"11","maxValue":"50"},"publishingPrinciples":"https:\/\/nws-tech.fr\/fr\/legal\/mentions-legales\/","ownershipFundingInfo":"https:\/\/nws-tech.fr\/fr\/a-propos\/nws-laser_histoire\/","actionableFeedbackPolicy":"https:\/\/nws-tech.fr\/fr\/legal\/mentions-legales\/","correctionsPolicy":"https:\/\/nws-tech.fr\/fr\/a-propos\/nws-laser-rse-developpement-durable\/","ethicsPolicy":"https:\/\/nws-tech.fr\/fr\/a-propos\/nws-laser-rse-developpement-durable\/","diversityPolicy":"https:\/\/nws-tech.fr\/fr\/a-propos\/nws-laser-rse-developpement-durable\/","diversityStaffingReport":"https:\/\/nws-tech.fr\/fr\/a-propos\/nws-laser-rse-developpement-durable\/"}]}},"_links":{"self":[{"href":"https:\/\/nws-tech.fr\/fr\/wp-json\/wp\/v2\/product\/12270","targetHints":{"allow":["GET"]}}],"collection":[{"href":"https:\/\/nws-tech.fr\/fr\/wp-json\/wp\/v2\/product"}],"about":[{"href":"https:\/\/nws-tech.fr\/fr\/wp-json\/wp\/v2\/types\/product"}],"replies":[{"embeddable":true,"href":"https:\/\/nws-tech.fr\/fr\/wp-json\/wp\/v2\/comments?post=12270"}],"wp:featuredmedia":[{"embeddable":true,"href":"https:\/\/nws-tech.fr\/fr\/wp-json\/wp\/v2\/media\/12299"}],"wp:attachment":[{"href":"https:\/\/nws-tech.fr\/fr\/wp-json\/wp\/v2\/media?parent=12270"}],"wp:term":[{"taxonomy":"product_brand","embeddable":true,"href":"https:\/\/nws-tech.fr\/fr\/wp-json\/wp\/v2\/product_brand?post=12270"},{"taxonomy":"product_cat","embeddable":true,"href":"https:\/\/nws-tech.fr\/fr\/wp-json\/wp\/v2\/product_cat?post=12270"},{"taxonomy":"product_tag","embeddable":true,"href":"https:\/\/nws-tech.fr\/fr\/wp-json\/wp\/v2\/product_tag?post=12270"}],"curies":[{"name":"wp","href":"https:\/\/api.w.org\/{rel}","templated":true}]}}