{"id":12177,"date":"2023-11-23T15:20:31","date_gmt":"2023-11-23T14:20:31","guid":{"rendered":"https:\/\/nws-tech.fr\/?post_type=product&#038;p=12177"},"modified":"2025-11-25T13:44:07","modified_gmt":"2025-11-25T12:44:07","slug":"a1030077-filtre-bofa-ad-base-c180","status":"publish","type":"product","link":"https:\/\/nws-tech.fr\/fr\/produit\/a1030077-filtre-bofa-ad-base-c180\/","title":{"rendered":"A1030077 filtre BOFA AD Base C180"},"content":{"rendered":"<p>Le filtre A1030077 BOFA est un filtre de remplacement pour l&rsquo;extracteur AD Base C180. Il est con\u00e7u pour \u00eatre utilis\u00e9 en tant que sac filtrant pour pi\u00e9ger les particules de poussi\u00e8re et les d\u00e9bris avant qu&rsquo;ils n&rsquo;atteignent le filtre principal du syst\u00e8me. Cela aide \u00e0 prolonger la dur\u00e9e de vie du filtre principal. Mais aussi \u00e0 r\u00e9duire les co\u00fbts de maintenance et augmenter l&rsquo;efficacit\u00e9 de l&rsquo;extracteur.<\/p>\n<p>Le filtre A1030077 BOFA est facile \u00e0 installer et \u00e0 remplacer. Il suffit de le glisser dans l&#8217;emplacement pr\u00e9vu sur l&rsquo;extracteur. Il est recommand\u00e9 de remplacer le pr\u00e9filtre tous les 3 \u00e0 6 mois, selon l&rsquo;utilisation de l&rsquo;extracteur. De plus, il est \u00e9galement important de s&rsquo;assurer que vous utilisez le pr\u00e9filtre appropri\u00e9 pour votre extracteur. Afin de garantir une performance optimale et une dur\u00e9e de vie maximale des filtres. Ce pr\u00e9filtre est con\u00e7u pour \u00eatre utilis\u00e9 avec l&rsquo;extracteur\u00a0 AD Oracle SA IQ.<\/p>\n<p>Le filtre A1030077 BOFA AD est \u00e9quip\u00e9 d&rsquo;un media filtrant en polyester non tiss\u00e9 afin de r\u00e9aliser une pr\u00e9filtration optimales des fum\u00e9es laser. Cela peut \u00e9galement aider \u00e0 r\u00e9duire la charge sur le filtre principal, prolongeant ainsi sa dur\u00e9e de vie. Ses multipoches garantissent une efficacit\u00e9 de 90% pour les tailles de particules jusqu&rsquo;\u00e0 0,5 \u03bcm.<\/p>\n<h2>Caract\u00e9ristiques Techniques<\/h2>\n<p>&nbsp;<\/p>\n<table style=\"height: 138px;\" border=\"1\" width=\"498\">\n<tbody>\n<tr style=\"height: 23px;\">\n<td style=\"width: 180.047px; height: 23px;\">Type de Filtre<\/td>\n<td style=\"width: 301.953px; height: 23px;\">Sac filtrant<\/td>\n<\/tr>\n<tr style=\"height: 23px;\">\n<td style=\"width: 180.047px; height: 23px;\">M\u00e9dia filtrant 1<\/td>\n<td style=\"width: 301.953px; height: 23px;\">Polyester non tiss\u00e9<\/td>\n<\/tr>\n<tr style=\"height: 23px;\">\n<td style=\"height: 23px; width: 180.047px;\">M\u00e9dia filtrant 2<\/td>\n<td style=\"height: 23px; width: 301.953px;\">N\/A<\/td>\n<\/tr>\n<tr style=\"height: 23px;\">\n<td style=\"width: 180.047px; height: 23px;\">Efficacit\u00e9<\/td>\n<td style=\"width: 301.953px; height: 23px;\">\u00c9limination \u00e0 90% des particules de 0,5 \u00b5m<\/td>\n<\/tr>\n<tr>\n<td style=\"width: 180.047px;\">Fabrication<\/td>\n<td style=\"width: 301.953px;\">Sac filtrant suspendu multipoches<\/td>\n<\/tr>\n<tr>\n<td style=\"width: 180.047px;\">Dimensions (mm)<\/td>\n<td style=\"width: 301.953px;\">350 x 380 x 600<\/td>\n<\/tr>\n<tr style=\"height: 23px;\">\n<td style=\"height: 23px; width: 180.047px;\">Poids du filtre (Kg)<\/td>\n<td style=\"height: 23px; width: 301.953px;\">3<\/td>\n<\/tr>\n<\/tbody>\n<\/table>\n<p>&nbsp;<\/p>\n","protected":false},"excerpt":{"rendered":"<p>Sac filtrant de remplacement pour syst\u00e8me de filtration pour AD Base C180 de BOFA.<\/p>\n","protected":false},"featured_media":12255,"comment_status":"open","ping_status":"closed","template":"","meta":{"_et_pb_use_builder":"","_et_pb_old_content":"","_et_gb_content_width":""},"product_brand":[],"product_cat":[648,641],"product_tag":[],"class_list":{"0":"post-12177","1":"product","2":"type-product","3":"status-publish","4":"has-post-thumbnail","6":"product_cat-filtres-bag","7":"product_cat-filtres-bofa","8":"product_shipping_class-mono-carton-express","10":"first","11":"instock","12":"shipping-taxable","13":"product-type-simple"},"yoast_head":"<!-- This site is optimized with the Yoast SEO Premium plugin v26.9 (Yoast SEO v27.5) - https:\/\/yoast.com\/product\/yoast-seo-premium-wordpress\/ -->\n<title>A1030077 filtre BOFA AD Base C180 - NWS-TECH \u2022 NWS Laser<\/title>\n<meta name=\"description\" content=\"A1030077 est un filtre de remplacement pour les syst\u00e8mes d&#039;extraction de fum\u00e9es et de particules BOFA pour extracteur AD Base C180.\" \/>\n<meta name=\"robots\" content=\"index, follow, max-snippet:-1, max-image-preview:large, max-video-preview:-1\" \/>\n<link rel=\"canonical\" href=\"https:\/\/nws-tech.fr\/fr\/produit\/a1030077-filtre-bofa-ad-base-c180\/\" \/>\n<meta property=\"og:locale\" content=\"fr_FR\" \/>\n<meta property=\"og:type\" content=\"article\" \/>\n<meta property=\"og:title\" content=\"A1030077 filtre BOFA AD Base C180\" \/>\n<meta property=\"og:description\" content=\"A1030077 est un filtre de remplacement pour les syst\u00e8mes d&#039;extraction de fum\u00e9es et de particules BOFA pour extracteur AD Base C180.\" \/>\n<meta property=\"og:url\" content=\"https:\/\/nws-tech.fr\/fr\/produit\/a1030077-filtre-bofa-ad-base-c180\/\" \/>\n<meta property=\"og:site_name\" content=\"NWS-TECH \u2022 NWS Laser\" \/>\n<meta property=\"article:publisher\" content=\"https:\/\/fr-fr.facebook.com\/nwstechfr\/\" \/>\n<meta property=\"article:modified_time\" content=\"2025-11-25T12:44:07+00:00\" \/>\n<meta property=\"og:image\" content=\"https:\/\/nws-tech.fr\/wp-content\/uploads\/2023\/11\/A1030077-filtre-bofa-AD.webp\" \/>\n\t<meta property=\"og:image:width\" content=\"300\" \/>\n\t<meta property=\"og:image:height\" content=\"288\" \/>\n\t<meta property=\"og:image:type\" content=\"image\/webp\" \/>\n<meta name=\"twitter:card\" content=\"summary_large_image\" \/>\n<meta name=\"twitter:label1\" content=\"Dur\u00e9e de lecture estim\u00e9e\" \/>\n\t<meta name=\"twitter:data1\" content=\"2 minutes\" \/>\n<script type=\"application\/ld+json\" class=\"yoast-schema-graph\">{\"@context\":\"https:\\\/\\\/schema.org\",\"@graph\":[{\"@type\":\"WebPage\",\"@id\":\"https:\\\/\\\/nws-tech.fr\\\/fr\\\/produit\\\/a1030077-filtre-bofa-ad-base-c180\\\/\",\"url\":\"https:\\\/\\\/nws-tech.fr\\\/fr\\\/produit\\\/a1030077-filtre-bofa-ad-base-c180\\\/\",\"name\":\"A1030077 filtre BOFA AD Base C180 - NWS-TECH \u2022 NWS Laser\",\"isPartOf\":{\"@id\":\"https:\\\/\\\/nws-tech.fr\\\/fr\\\/#website\"},\"primaryImageOfPage\":{\"@id\":\"https:\\\/\\\/nws-tech.fr\\\/fr\\\/produit\\\/a1030077-filtre-bofa-ad-base-c180\\\/#primaryimage\"},\"image\":{\"@id\":\"https:\\\/\\\/nws-tech.fr\\\/fr\\\/produit\\\/a1030077-filtre-bofa-ad-base-c180\\\/#primaryimage\"},\"thumbnailUrl\":\"https:\\\/\\\/nws-tech.fr\\\/wp-content\\\/uploads\\\/2023\\\/11\\\/A1030077-filtre-bofa-AD.webp\",\"datePublished\":\"2023-11-23T14:20:31+00:00\",\"dateModified\":\"2025-11-25T12:44:07+00:00\",\"description\":\"A1030077 est un filtre de remplacement pour les syst\u00e8mes d'extraction de fum\u00e9es et de particules BOFA pour extracteur AD Base C180.\",\"breadcrumb\":{\"@id\":\"https:\\\/\\\/nws-tech.fr\\\/fr\\\/produit\\\/a1030077-filtre-bofa-ad-base-c180\\\/#breadcrumb\"},\"inLanguage\":\"fr-FR\",\"potentialAction\":[{\"@type\":\"ReadAction\",\"target\":[\"https:\\\/\\\/nws-tech.fr\\\/fr\\\/produit\\\/a1030077-filtre-bofa-ad-base-c180\\\/\"]}]},{\"@type\":\"ImageObject\",\"inLanguage\":\"fr-FR\",\"@id\":\"https:\\\/\\\/nws-tech.fr\\\/fr\\\/produit\\\/a1030077-filtre-bofa-ad-base-c180\\\/#primaryimage\",\"url\":\"https:\\\/\\\/nws-tech.fr\\\/wp-content\\\/uploads\\\/2023\\\/11\\\/A1030077-filtre-bofa-AD.webp\",\"contentUrl\":\"https:\\\/\\\/nws-tech.fr\\\/wp-content\\\/uploads\\\/2023\\\/11\\\/A1030077-filtre-bofa-AD.webp\",\"width\":300,\"height\":288},{\"@type\":\"BreadcrumbList\",\"@id\":\"https:\\\/\\\/nws-tech.fr\\\/fr\\\/produit\\\/a1030077-filtre-bofa-ad-base-c180\\\/#breadcrumb\",\"itemListElement\":[{\"@type\":\"ListItem\",\"position\":1,\"name\":\"Accueil\",\"item\":\"https:\\\/\\\/nws-tech.fr\\\/fr\\\/\"},{\"@type\":\"ListItem\",\"position\":2,\"name\":\"Boutique\",\"item\":\"https:\\\/\\\/nws-tech.fr\\\/fr\\\/boutique\\\/\"},{\"@type\":\"ListItem\",\"position\":3,\"name\":\"A1030077 filtre BOFA AD Base C180\"}]},{\"@type\":\"WebSite\",\"@id\":\"https:\\\/\\\/nws-tech.fr\\\/fr\\\/#website\",\"url\":\"https:\\\/\\\/nws-tech.fr\\\/fr\\\/\",\"name\":\"NWS LASER - Marque l'avenir\",\"description\":\"Fabricant fran\u00e7ais de Lasers de marquage, gravure et d\u00e9coupe\",\"publisher\":{\"@id\":\"https:\\\/\\\/nws-tech.fr\\\/fr\\\/#organization\"},\"alternateName\":\"NWS LASER\",\"potentialAction\":[{\"@type\":\"SearchAction\",\"target\":{\"@type\":\"EntryPoint\",\"urlTemplate\":\"https:\\\/\\\/nws-tech.fr\\\/fr\\\/?s={search_term_string}\"},\"query-input\":{\"@type\":\"PropertyValueSpecification\",\"valueRequired\":true,\"valueName\":\"search_term_string\"}}],\"inLanguage\":\"fr-FR\"},{\"@type\":\"Organization\",\"@id\":\"https:\\\/\\\/nws-tech.fr\\\/fr\\\/#organization\",\"name\":\"NWS Laser - Marque l'avenir\",\"alternateName\":\"NWS Laser\",\"url\":\"https:\\\/\\\/nws-tech.fr\\\/fr\\\/\",\"logo\":{\"@type\":\"ImageObject\",\"inLanguage\":\"fr-FR\",\"@id\":\"https:\\\/\\\/nws-tech.fr\\\/fr\\\/#\\\/schema\\\/logo\\\/image\\\/\",\"url\":\"https:\\\/\\\/nws-tech.fr\\\/wp-content\\\/uploads\\\/2023\\\/06\\\/nws_laser_tr.png\",\"contentUrl\":\"https:\\\/\\\/nws-tech.fr\\\/wp-content\\\/uploads\\\/2023\\\/06\\\/nws_laser_tr.png\",\"width\":655,\"height\":790,\"caption\":\"NWS Laser - Marque l'avenir\"},\"image\":{\"@id\":\"https:\\\/\\\/nws-tech.fr\\\/fr\\\/#\\\/schema\\\/logo\\\/image\\\/\"},\"sameAs\":[\"https:\\\/\\\/fr-fr.facebook.com\\\/nwstechfr\\\/\",\"https:\\\/\\\/www.linkedin.com\\\/company\\\/nws-tech\\\/\"],\"description\":\"Depuis 20 ans, NWS Laser con\u00e7oit et fabrique diff\u00e9rentes machines laser de marquage, gravure et de d\u00e9coupe. Nous fabriquons des machines laser standards ou personnalis\u00e9es, en mettant l'accent sur la s\u00e9curit\u00e9, la pr\u00e9cision et l'\u00e9coute des besoins sp\u00e9cifiques de chaque client. Nos machines sont fabriqu\u00e9es en France. Nos 2 sites de production se situent en C\u00f4te-d'Or.\",\"email\":\"info@nws-tech.fr\",\"telephone\":\"+33 4 81 68 04 04\",\"legalName\":\"NWS\",\"foundingDate\":\"1998-05-02\",\"vatID\":\"FR04 493 113 336\",\"numberOfEmployees\":{\"@type\":\"QuantitativeValue\",\"minValue\":\"11\",\"maxValue\":\"50\"},\"publishingPrinciples\":\"https:\\\/\\\/nws-tech.fr\\\/fr\\\/legal\\\/mentions-legales\\\/\",\"ownershipFundingInfo\":\"https:\\\/\\\/nws-tech.fr\\\/fr\\\/a-propos\\\/nws-laser_histoire\\\/\",\"actionableFeedbackPolicy\":\"https:\\\/\\\/nws-tech.fr\\\/fr\\\/legal\\\/mentions-legales\\\/\",\"correctionsPolicy\":\"https:\\\/\\\/nws-tech.fr\\\/fr\\\/a-propos\\\/nws-laser-rse-developpement-durable\\\/\",\"ethicsPolicy\":\"https:\\\/\\\/nws-tech.fr\\\/fr\\\/a-propos\\\/nws-laser-rse-developpement-durable\\\/\",\"diversityPolicy\":\"https:\\\/\\\/nws-tech.fr\\\/fr\\\/a-propos\\\/nws-laser-rse-developpement-durable\\\/\",\"diversityStaffingReport\":\"https:\\\/\\\/nws-tech.fr\\\/fr\\\/a-propos\\\/nws-laser-rse-developpement-durable\\\/\"}]}<\/script>\n<!-- \/ Yoast SEO Premium plugin. -->","yoast_head_json":{"title":"A1030077 filtre BOFA AD Base C180 - NWS-TECH \u2022 NWS Laser","description":"A1030077 est un filtre de remplacement pour les syst\u00e8mes d'extraction de fum\u00e9es et de particules BOFA pour extracteur AD Base C180.","robots":{"index":"index","follow":"follow","max-snippet":"max-snippet:-1","max-image-preview":"max-image-preview:large","max-video-preview":"max-video-preview:-1"},"canonical":"https:\/\/nws-tech.fr\/fr\/produit\/a1030077-filtre-bofa-ad-base-c180\/","og_locale":"fr_FR","og_type":"article","og_title":"A1030077 filtre BOFA AD Base C180","og_description":"A1030077 est un filtre de remplacement pour les syst\u00e8mes d'extraction de fum\u00e9es et de particules BOFA pour extracteur AD Base C180.","og_url":"https:\/\/nws-tech.fr\/fr\/produit\/a1030077-filtre-bofa-ad-base-c180\/","og_site_name":"NWS-TECH \u2022 NWS Laser","article_publisher":"https:\/\/fr-fr.facebook.com\/nwstechfr\/","article_modified_time":"2025-11-25T12:44:07+00:00","og_image":[{"width":300,"height":288,"url":"https:\/\/nws-tech.fr\/wp-content\/uploads\/2023\/11\/A1030077-filtre-bofa-AD.webp","type":"image\/webp"}],"twitter_card":"summary_large_image","twitter_misc":{"Dur\u00e9e de lecture estim\u00e9e":"2 minutes"},"schema":{"@context":"https:\/\/schema.org","@graph":[{"@type":"WebPage","@id":"https:\/\/nws-tech.fr\/fr\/produit\/a1030077-filtre-bofa-ad-base-c180\/","url":"https:\/\/nws-tech.fr\/fr\/produit\/a1030077-filtre-bofa-ad-base-c180\/","name":"A1030077 filtre BOFA AD Base C180 - NWS-TECH \u2022 NWS Laser","isPartOf":{"@id":"https:\/\/nws-tech.fr\/fr\/#website"},"primaryImageOfPage":{"@id":"https:\/\/nws-tech.fr\/fr\/produit\/a1030077-filtre-bofa-ad-base-c180\/#primaryimage"},"image":{"@id":"https:\/\/nws-tech.fr\/fr\/produit\/a1030077-filtre-bofa-ad-base-c180\/#primaryimage"},"thumbnailUrl":"https:\/\/nws-tech.fr\/wp-content\/uploads\/2023\/11\/A1030077-filtre-bofa-AD.webp","datePublished":"2023-11-23T14:20:31+00:00","dateModified":"2025-11-25T12:44:07+00:00","description":"A1030077 est un filtre de remplacement pour les syst\u00e8mes d'extraction de fum\u00e9es et de particules BOFA pour extracteur AD Base C180.","breadcrumb":{"@id":"https:\/\/nws-tech.fr\/fr\/produit\/a1030077-filtre-bofa-ad-base-c180\/#breadcrumb"},"inLanguage":"fr-FR","potentialAction":[{"@type":"ReadAction","target":["https:\/\/nws-tech.fr\/fr\/produit\/a1030077-filtre-bofa-ad-base-c180\/"]}]},{"@type":"ImageObject","inLanguage":"fr-FR","@id":"https:\/\/nws-tech.fr\/fr\/produit\/a1030077-filtre-bofa-ad-base-c180\/#primaryimage","url":"https:\/\/nws-tech.fr\/wp-content\/uploads\/2023\/11\/A1030077-filtre-bofa-AD.webp","contentUrl":"https:\/\/nws-tech.fr\/wp-content\/uploads\/2023\/11\/A1030077-filtre-bofa-AD.webp","width":300,"height":288},{"@type":"BreadcrumbList","@id":"https:\/\/nws-tech.fr\/fr\/produit\/a1030077-filtre-bofa-ad-base-c180\/#breadcrumb","itemListElement":[{"@type":"ListItem","position":1,"name":"Accueil","item":"https:\/\/nws-tech.fr\/fr\/"},{"@type":"ListItem","position":2,"name":"Boutique","item":"https:\/\/nws-tech.fr\/fr\/boutique\/"},{"@type":"ListItem","position":3,"name":"A1030077 filtre BOFA AD Base C180"}]},{"@type":"WebSite","@id":"https:\/\/nws-tech.fr\/fr\/#website","url":"https:\/\/nws-tech.fr\/fr\/","name":"NWS LASER - Marque l'avenir","description":"Fabricant fran\u00e7ais de Lasers de marquage, gravure et d\u00e9coupe","publisher":{"@id":"https:\/\/nws-tech.fr\/fr\/#organization"},"alternateName":"NWS LASER","potentialAction":[{"@type":"SearchAction","target":{"@type":"EntryPoint","urlTemplate":"https:\/\/nws-tech.fr\/fr\/?s={search_term_string}"},"query-input":{"@type":"PropertyValueSpecification","valueRequired":true,"valueName":"search_term_string"}}],"inLanguage":"fr-FR"},{"@type":"Organization","@id":"https:\/\/nws-tech.fr\/fr\/#organization","name":"NWS Laser - Marque l'avenir","alternateName":"NWS Laser","url":"https:\/\/nws-tech.fr\/fr\/","logo":{"@type":"ImageObject","inLanguage":"fr-FR","@id":"https:\/\/nws-tech.fr\/fr\/#\/schema\/logo\/image\/","url":"https:\/\/nws-tech.fr\/wp-content\/uploads\/2023\/06\/nws_laser_tr.png","contentUrl":"https:\/\/nws-tech.fr\/wp-content\/uploads\/2023\/06\/nws_laser_tr.png","width":655,"height":790,"caption":"NWS Laser - Marque l'avenir"},"image":{"@id":"https:\/\/nws-tech.fr\/fr\/#\/schema\/logo\/image\/"},"sameAs":["https:\/\/fr-fr.facebook.com\/nwstechfr\/","https:\/\/www.linkedin.com\/company\/nws-tech\/"],"description":"Depuis 20 ans, NWS Laser con\u00e7oit et fabrique diff\u00e9rentes machines laser de marquage, gravure et de d\u00e9coupe. Nous fabriquons des machines laser standards ou personnalis\u00e9es, en mettant l'accent sur la s\u00e9curit\u00e9, la pr\u00e9cision et l'\u00e9coute des besoins sp\u00e9cifiques de chaque client. Nos machines sont fabriqu\u00e9es en France. Nos 2 sites de production se situent en C\u00f4te-d'Or.","email":"info@nws-tech.fr","telephone":"+33 4 81 68 04 04","legalName":"NWS","foundingDate":"1998-05-02","vatID":"FR04 493 113 336","numberOfEmployees":{"@type":"QuantitativeValue","minValue":"11","maxValue":"50"},"publishingPrinciples":"https:\/\/nws-tech.fr\/fr\/legal\/mentions-legales\/","ownershipFundingInfo":"https:\/\/nws-tech.fr\/fr\/a-propos\/nws-laser_histoire\/","actionableFeedbackPolicy":"https:\/\/nws-tech.fr\/fr\/legal\/mentions-legales\/","correctionsPolicy":"https:\/\/nws-tech.fr\/fr\/a-propos\/nws-laser-rse-developpement-durable\/","ethicsPolicy":"https:\/\/nws-tech.fr\/fr\/a-propos\/nws-laser-rse-developpement-durable\/","diversityPolicy":"https:\/\/nws-tech.fr\/fr\/a-propos\/nws-laser-rse-developpement-durable\/","diversityStaffingReport":"https:\/\/nws-tech.fr\/fr\/a-propos\/nws-laser-rse-developpement-durable\/"}]}},"_links":{"self":[{"href":"https:\/\/nws-tech.fr\/fr\/wp-json\/wp\/v2\/product\/12177","targetHints":{"allow":["GET"]}}],"collection":[{"href":"https:\/\/nws-tech.fr\/fr\/wp-json\/wp\/v2\/product"}],"about":[{"href":"https:\/\/nws-tech.fr\/fr\/wp-json\/wp\/v2\/types\/product"}],"replies":[{"embeddable":true,"href":"https:\/\/nws-tech.fr\/fr\/wp-json\/wp\/v2\/comments?post=12177"}],"wp:featuredmedia":[{"embeddable":true,"href":"https:\/\/nws-tech.fr\/fr\/wp-json\/wp\/v2\/media\/12255"}],"wp:attachment":[{"href":"https:\/\/nws-tech.fr\/fr\/wp-json\/wp\/v2\/media?parent=12177"}],"wp:term":[{"taxonomy":"product_brand","embeddable":true,"href":"https:\/\/nws-tech.fr\/fr\/wp-json\/wp\/v2\/product_brand?post=12177"},{"taxonomy":"product_cat","embeddable":true,"href":"https:\/\/nws-tech.fr\/fr\/wp-json\/wp\/v2\/product_cat?post=12177"},{"taxonomy":"product_tag","embeddable":true,"href":"https:\/\/nws-tech.fr\/fr\/wp-json\/wp\/v2\/product_tag?post=12177"}],"curies":[{"name":"wp","href":"https:\/\/api.w.org\/{rel}","templated":true}]}}