{"id":12173,"date":"2023-11-23T15:20:27","date_gmt":"2023-11-23T14:20:27","guid":{"rendered":"https:\/\/nws-tech.fr\/?post_type=product&#038;p=12173"},"modified":"2025-11-25T13:45:36","modified_gmt":"2025-11-25T12:45:36","slug":"ad-4000-iq-extracteur-bofa","status":"publish","type":"product","link":"https:\/\/nws-tech.fr\/fr\/produit\/ad-4000-iq-extracteur-bofa\/","title":{"rendered":"AD 4000 IQ \u2013 Extracteur BOFA"},"content":{"rendered":"<p>L&rsquo;AD 4000 iQ \u2013 extracteur BOFA\u00a0 est un syst\u00e8me d&rsquo;extraction haute performance. Il est con\u00e7u pour l&rsquo;\u00e9limination des fum\u00e9es et des particules g\u00e9n\u00e9r\u00e9es par une gamme de processus industriels. L&rsquo;unit\u00e9 est dot\u00e9 d&rsquo;un syst\u00e8me d&rsquo;exploitation \u00ab\u00a0iQ\u00a0\u00bb avanc\u00e9, permettant ainsi une surveillance et un contr\u00f4le en temps r\u00e9el du processus d&rsquo;extraction. De fa\u00e7on \u00e0 garantir des performances et une efficacit\u00e9 \u00e9nerg\u00e9tique optimales m\u00eame lorsque les particules commencent \u00e0 s&rsquo;accumuler dans le triple filtre ou le filtre combin\u00e9. Cela le rend adapt\u00e9 aux installations les plus exigeantes et les plus complexes, vous pouvez donc compter sur une dur\u00e9e de vie prolong\u00e9e du filtre.<\/p>\n<p>L&rsquo;AD 4000 iQ \u2013 extracteur BOFA\u00a0 est \u00e9galement convivial, avec une conception qui facilite les changements de filtre. De plus, le panneau d&rsquo;affichage et de commandes est id\u00e9alement situ\u00e9 sur le dessus de l&rsquo;appareil. La conception de l&rsquo;AD 4000 iQ extracteur \u2013 BOFA permet une plus grande flexibilit\u00e9. Diff\u00e9rentes configurations d&rsquo;\u00e9chappement permettent la recirculation via le panneau arri\u00e8re ou les syst\u00e8mes de raccordement de tuyaux ventil\u00e9s de l&rsquo;ext\u00e9rieur.<\/p>\n<p>La technologie \u00ab iQ \u00bb fonctionne \u00e0 deux niveaux distincts. Ainsi, les utilisateurs b\u00e9n\u00e9ficient de la facilit\u00e9 d\u2019utilisation et de la simplicit\u00e9 des informations en temps r\u00e9el. Toutefois, syst\u00e8me fournit \u00e9galement un cache de donn\u00e9es analytiques, permettant aux utilisateurs de t\u00e9l\u00e9charger les performances et les param\u00e8tres de fonctionnement \u00e0 des fins d\u2019\u00e9valuation.<\/p>\n<p>Les fonctionnalit\u00e9s de l&rsquo;AD 4000 IQ telles que l&rsquo;arr\u00eat\/d\u00e9marrage et la d\u00e9faillance du syst\u00e8me sont disponibles en option.<\/p>\n<p style=\"color: blue;\"><b><a href=\"https:\/\/airpropre.fr\/wp-content\/uploads\/2023\/03\/ad-4000-iq-french-16102.pdf\" target=\"_blank\" rel=\"noopener\">Guide d&rsquo;utilisation \u2013 AD 4000 IQ<\/a><\/b><\/p>\n<h2>Caract\u00e9ristiques Techniques<\/h2>\n<p>&nbsp;<\/p>\n<table style=\"height: 138px;\" border=\"1\" width=\"498\">\n<tbody>\n<tr style=\"height: 23px;\">\n<td style=\"width: 180.047px; height: 23px;\">Type de Filtre<\/td>\n<td style=\"width: 301.953px; height: 23px;\">Pr\u00e9filtre ; Filtre combin\u00e9 ; Filtre HEPA<\/td>\n<\/tr>\n<tr style=\"height: 23px;\">\n<td style=\"width: 180.047px; height: 23px;\">M\u00e9dia filtrant 1<\/td>\n<td style=\"width: 301.953px; height: 23px;\">Fibre de Verre<\/td>\n<\/tr>\n<tr style=\"height: 23px;\">\n<td style=\"height: 23px; width: 180.047px;\">M\u00e9dia filtrant 2<\/td>\n<td style=\"height: 23px; width: 301.953px;\">Fibre de Verre<\/td>\n<\/tr>\n<tr>\n<td style=\"width: 180.047px;\">Poids du charbon actif (kg)<\/td>\n<td style=\"width: 301.953px;\">102<\/td>\n<\/tr>\n<tr style=\"height: 23px;\">\n<td style=\"height: 23px; width: 180.047px;\">D\u00e9bit d&rsquo;air (m3\/h)<\/td>\n<td style=\"height: 23px; width: 301.953px;\">3600<\/td>\n<\/tr>\n<tr>\n<td style=\"width: 180.047px;\">Diam\u00e8tre d&rsquo;entr\u00e9e (mm)<\/td>\n<td style=\"width: 301.953px;\">125<\/td>\n<\/tr>\n<tr style=\"height: 23px;\">\n<td style=\"height: 23px; width: 180.047px;\">surface pr\u00e9-filtre (m2)<\/td>\n<td style=\"height: 23px; width: 301.953px;\">90<\/td>\n<\/tr>\n<tr>\n<td style=\"width: 180.047px;\">Niveau de bruit (db)<\/td>\n<td style=\"width: 301.953px;\">82<\/td>\n<\/tr>\n<tr>\n<td style=\"width: 180.047px;\">Type d&rsquo;application<\/td>\n<td style=\"width: 301.953px;\">Laser<\/td>\n<\/tr>\n<tr style=\"height: 23px;\">\n<td style=\"height: 23px; width: 180.047px;\">Poids (Kg)<\/td>\n<td style=\"height: 23px; width: 301.953px;\">580<\/td>\n<\/tr>\n<\/tbody>\n<\/table>\n<p>&nbsp;<\/p>\n","protected":false},"excerpt":{"rendered":"<p>L&rsquo;extracteur AD 4000 iQ offre des performances sup\u00e9rieures et mesurables, garantissant le maintien du flux d&rsquo;air et de la filtration pour toutes applications laser.<\/p>\n","protected":false},"featured_media":12305,"comment_status":"open","ping_status":"closed","template":"","meta":{"_et_pb_use_builder":"","_et_pb_old_content":"","_et_gb_content_width":""},"product_brand":[],"product_cat":[640,644,645],"product_tag":[],"class_list":{"0":"post-12173","1":"product","2":"type-product","3":"status-publish","4":"has-post-thumbnail","6":"product_cat-donaldson-bofa","7":"product_cat-extracteurs-bofa","8":"product_cat-laser","9":"product_shipping_class-mono-palette-messagerie","11":"first","12":"instock","13":"shipping-taxable","14":"product-type-simple"},"yoast_head":"<!-- This site is optimized with the Yoast SEO Premium plugin v26.9 (Yoast SEO v27.5) - https:\/\/yoast.com\/product\/yoast-seo-premium-wordpress\/ -->\n<title>AD 4000 IQ - Extracteur BOFA - NWS-TECH \u2022 NWS Laser<\/title>\n<meta name=\"description\" content=\"L&#039;extracteur AD 4000 IQ garanti le maintien du flux d&#039;air et de la filtration, m\u00eame lorsque les particules commencent \u00e0 s&#039;accumuler dans le triple filtre\" \/>\n<meta name=\"robots\" content=\"index, follow, max-snippet:-1, max-image-preview:large, max-video-preview:-1\" \/>\n<link rel=\"canonical\" href=\"https:\/\/nws-tech.fr\/fr\/produit\/ad-4000-iq-extracteur-bofa\/\" \/>\n<meta property=\"og:locale\" content=\"fr_FR\" \/>\n<meta property=\"og:type\" content=\"article\" \/>\n<meta property=\"og:title\" content=\"AD 4000 IQ - Extracteur BOFA\" \/>\n<meta property=\"og:description\" content=\"L&#039;extracteur AD 4000 IQ garanti le maintien du flux d&#039;air et de la filtration, m\u00eame lorsque les particules commencent \u00e0 s&#039;accumuler dans le triple filtre\" \/>\n<meta property=\"og:url\" content=\"https:\/\/nws-tech.fr\/fr\/produit\/ad-4000-iq-extracteur-bofa\/\" \/>\n<meta property=\"og:site_name\" content=\"NWS-TECH \u2022 NWS Laser\" \/>\n<meta property=\"article:publisher\" content=\"https:\/\/fr-fr.facebook.com\/nwstechfr\/\" \/>\n<meta property=\"article:modified_time\" content=\"2025-11-25T12:45:36+00:00\" \/>\n<meta property=\"og:image\" content=\"https:\/\/nws-tech.fr\/wp-content\/uploads\/2023\/11\/AD-4000-iQ-1-e1698140297629.webp\" \/>\n\t<meta property=\"og:image:width\" content=\"760\" \/>\n\t<meta property=\"og:image:height\" content=\"594\" \/>\n\t<meta property=\"og:image:type\" content=\"image\/webp\" \/>\n<meta name=\"twitter:card\" content=\"summary_large_image\" \/>\n<meta name=\"twitter:label1\" content=\"Dur\u00e9e de lecture estim\u00e9e\" \/>\n\t<meta name=\"twitter:data1\" content=\"2 minutes\" \/>\n<script type=\"application\/ld+json\" class=\"yoast-schema-graph\">{\"@context\":\"https:\\\/\\\/schema.org\",\"@graph\":[{\"@type\":\"WebPage\",\"@id\":\"https:\\\/\\\/nws-tech.fr\\\/fr\\\/produit\\\/ad-4000-iq-extracteur-bofa\\\/\",\"url\":\"https:\\\/\\\/nws-tech.fr\\\/fr\\\/produit\\\/ad-4000-iq-extracteur-bofa\\\/\",\"name\":\"AD 4000 IQ - Extracteur BOFA - NWS-TECH \u2022 NWS Laser\",\"isPartOf\":{\"@id\":\"https:\\\/\\\/nws-tech.fr\\\/fr\\\/#website\"},\"primaryImageOfPage\":{\"@id\":\"https:\\\/\\\/nws-tech.fr\\\/fr\\\/produit\\\/ad-4000-iq-extracteur-bofa\\\/#primaryimage\"},\"image\":{\"@id\":\"https:\\\/\\\/nws-tech.fr\\\/fr\\\/produit\\\/ad-4000-iq-extracteur-bofa\\\/#primaryimage\"},\"thumbnailUrl\":\"https:\\\/\\\/nws-tech.fr\\\/wp-content\\\/uploads\\\/2023\\\/11\\\/AD-4000-iQ-1-e1698140297629.webp\",\"datePublished\":\"2023-11-23T14:20:27+00:00\",\"dateModified\":\"2025-11-25T12:45:36+00:00\",\"description\":\"L'extracteur AD 4000 IQ garanti le maintien du flux d'air et de la filtration, m\u00eame lorsque les particules commencent \u00e0 s'accumuler dans le triple filtre\",\"breadcrumb\":{\"@id\":\"https:\\\/\\\/nws-tech.fr\\\/fr\\\/produit\\\/ad-4000-iq-extracteur-bofa\\\/#breadcrumb\"},\"inLanguage\":\"fr-FR\",\"potentialAction\":[{\"@type\":\"ReadAction\",\"target\":[\"https:\\\/\\\/nws-tech.fr\\\/fr\\\/produit\\\/ad-4000-iq-extracteur-bofa\\\/\"]}]},{\"@type\":\"ImageObject\",\"inLanguage\":\"fr-FR\",\"@id\":\"https:\\\/\\\/nws-tech.fr\\\/fr\\\/produit\\\/ad-4000-iq-extracteur-bofa\\\/#primaryimage\",\"url\":\"https:\\\/\\\/nws-tech.fr\\\/wp-content\\\/uploads\\\/2023\\\/11\\\/AD-4000-iQ-1-e1698140297629.webp\",\"contentUrl\":\"https:\\\/\\\/nws-tech.fr\\\/wp-content\\\/uploads\\\/2023\\\/11\\\/AD-4000-iQ-1-e1698140297629.webp\",\"width\":760,\"height\":594},{\"@type\":\"BreadcrumbList\",\"@id\":\"https:\\\/\\\/nws-tech.fr\\\/fr\\\/produit\\\/ad-4000-iq-extracteur-bofa\\\/#breadcrumb\",\"itemListElement\":[{\"@type\":\"ListItem\",\"position\":1,\"name\":\"Accueil\",\"item\":\"https:\\\/\\\/nws-tech.fr\\\/fr\\\/\"},{\"@type\":\"ListItem\",\"position\":2,\"name\":\"Boutique\",\"item\":\"https:\\\/\\\/nws-tech.fr\\\/fr\\\/boutique\\\/\"},{\"@type\":\"ListItem\",\"position\":3,\"name\":\"AD 4000 IQ \u2013 Extracteur BOFA\"}]},{\"@type\":\"WebSite\",\"@id\":\"https:\\\/\\\/nws-tech.fr\\\/fr\\\/#website\",\"url\":\"https:\\\/\\\/nws-tech.fr\\\/fr\\\/\",\"name\":\"NWS LASER - Marque l'avenir\",\"description\":\"Fabricant fran\u00e7ais de Lasers de marquage, gravure et d\u00e9coupe\",\"publisher\":{\"@id\":\"https:\\\/\\\/nws-tech.fr\\\/fr\\\/#organization\"},\"alternateName\":\"NWS LASER\",\"potentialAction\":[{\"@type\":\"SearchAction\",\"target\":{\"@type\":\"EntryPoint\",\"urlTemplate\":\"https:\\\/\\\/nws-tech.fr\\\/fr\\\/?s={search_term_string}\"},\"query-input\":{\"@type\":\"PropertyValueSpecification\",\"valueRequired\":true,\"valueName\":\"search_term_string\"}}],\"inLanguage\":\"fr-FR\"},{\"@type\":\"Organization\",\"@id\":\"https:\\\/\\\/nws-tech.fr\\\/fr\\\/#organization\",\"name\":\"NWS Laser - Marque l'avenir\",\"alternateName\":\"NWS Laser\",\"url\":\"https:\\\/\\\/nws-tech.fr\\\/fr\\\/\",\"logo\":{\"@type\":\"ImageObject\",\"inLanguage\":\"fr-FR\",\"@id\":\"https:\\\/\\\/nws-tech.fr\\\/fr\\\/#\\\/schema\\\/logo\\\/image\\\/\",\"url\":\"https:\\\/\\\/nws-tech.fr\\\/wp-content\\\/uploads\\\/2023\\\/06\\\/nws_laser_tr.png\",\"contentUrl\":\"https:\\\/\\\/nws-tech.fr\\\/wp-content\\\/uploads\\\/2023\\\/06\\\/nws_laser_tr.png\",\"width\":655,\"height\":790,\"caption\":\"NWS Laser - Marque l'avenir\"},\"image\":{\"@id\":\"https:\\\/\\\/nws-tech.fr\\\/fr\\\/#\\\/schema\\\/logo\\\/image\\\/\"},\"sameAs\":[\"https:\\\/\\\/fr-fr.facebook.com\\\/nwstechfr\\\/\",\"https:\\\/\\\/www.linkedin.com\\\/company\\\/nws-tech\\\/\"],\"description\":\"Depuis 20 ans, NWS Laser con\u00e7oit et fabrique diff\u00e9rentes machines laser de marquage, gravure et de d\u00e9coupe. Nous fabriquons des machines laser standards ou personnalis\u00e9es, en mettant l'accent sur la s\u00e9curit\u00e9, la pr\u00e9cision et l'\u00e9coute des besoins sp\u00e9cifiques de chaque client. Nos machines sont fabriqu\u00e9es en France. Nos 2 sites de production se situent en C\u00f4te-d'Or.\",\"email\":\"info@nws-tech.fr\",\"telephone\":\"+33 4 81 68 04 04\",\"legalName\":\"NWS\",\"foundingDate\":\"1998-05-02\",\"vatID\":\"FR04 493 113 336\",\"numberOfEmployees\":{\"@type\":\"QuantitativeValue\",\"minValue\":\"11\",\"maxValue\":\"50\"},\"publishingPrinciples\":\"https:\\\/\\\/nws-tech.fr\\\/fr\\\/legal\\\/mentions-legales\\\/\",\"ownershipFundingInfo\":\"https:\\\/\\\/nws-tech.fr\\\/fr\\\/a-propos\\\/nws-laser_histoire\\\/\",\"actionableFeedbackPolicy\":\"https:\\\/\\\/nws-tech.fr\\\/fr\\\/legal\\\/mentions-legales\\\/\",\"correctionsPolicy\":\"https:\\\/\\\/nws-tech.fr\\\/fr\\\/a-propos\\\/nws-laser-rse-developpement-durable\\\/\",\"ethicsPolicy\":\"https:\\\/\\\/nws-tech.fr\\\/fr\\\/a-propos\\\/nws-laser-rse-developpement-durable\\\/\",\"diversityPolicy\":\"https:\\\/\\\/nws-tech.fr\\\/fr\\\/a-propos\\\/nws-laser-rse-developpement-durable\\\/\",\"diversityStaffingReport\":\"https:\\\/\\\/nws-tech.fr\\\/fr\\\/a-propos\\\/nws-laser-rse-developpement-durable\\\/\"}]}<\/script>\n<!-- \/ Yoast SEO Premium plugin. -->","yoast_head_json":{"title":"AD 4000 IQ - Extracteur BOFA - NWS-TECH \u2022 NWS Laser","description":"L'extracteur AD 4000 IQ garanti le maintien du flux d'air et de la filtration, m\u00eame lorsque les particules commencent \u00e0 s'accumuler dans le triple filtre","robots":{"index":"index","follow":"follow","max-snippet":"max-snippet:-1","max-image-preview":"max-image-preview:large","max-video-preview":"max-video-preview:-1"},"canonical":"https:\/\/nws-tech.fr\/fr\/produit\/ad-4000-iq-extracteur-bofa\/","og_locale":"fr_FR","og_type":"article","og_title":"AD 4000 IQ - Extracteur BOFA","og_description":"L'extracteur AD 4000 IQ garanti le maintien du flux d'air et de la filtration, m\u00eame lorsque les particules commencent \u00e0 s'accumuler dans le triple filtre","og_url":"https:\/\/nws-tech.fr\/fr\/produit\/ad-4000-iq-extracteur-bofa\/","og_site_name":"NWS-TECH \u2022 NWS Laser","article_publisher":"https:\/\/fr-fr.facebook.com\/nwstechfr\/","article_modified_time":"2025-11-25T12:45:36+00:00","og_image":[{"width":760,"height":594,"url":"https:\/\/nws-tech.fr\/wp-content\/uploads\/2023\/11\/AD-4000-iQ-1-e1698140297629.webp","type":"image\/webp"}],"twitter_card":"summary_large_image","twitter_misc":{"Dur\u00e9e de lecture estim\u00e9e":"2 minutes"},"schema":{"@context":"https:\/\/schema.org","@graph":[{"@type":"WebPage","@id":"https:\/\/nws-tech.fr\/fr\/produit\/ad-4000-iq-extracteur-bofa\/","url":"https:\/\/nws-tech.fr\/fr\/produit\/ad-4000-iq-extracteur-bofa\/","name":"AD 4000 IQ - Extracteur BOFA - NWS-TECH \u2022 NWS Laser","isPartOf":{"@id":"https:\/\/nws-tech.fr\/fr\/#website"},"primaryImageOfPage":{"@id":"https:\/\/nws-tech.fr\/fr\/produit\/ad-4000-iq-extracteur-bofa\/#primaryimage"},"image":{"@id":"https:\/\/nws-tech.fr\/fr\/produit\/ad-4000-iq-extracteur-bofa\/#primaryimage"},"thumbnailUrl":"https:\/\/nws-tech.fr\/wp-content\/uploads\/2023\/11\/AD-4000-iQ-1-e1698140297629.webp","datePublished":"2023-11-23T14:20:27+00:00","dateModified":"2025-11-25T12:45:36+00:00","description":"L'extracteur AD 4000 IQ garanti le maintien du flux d'air et de la filtration, m\u00eame lorsque les particules commencent \u00e0 s'accumuler dans le triple filtre","breadcrumb":{"@id":"https:\/\/nws-tech.fr\/fr\/produit\/ad-4000-iq-extracteur-bofa\/#breadcrumb"},"inLanguage":"fr-FR","potentialAction":[{"@type":"ReadAction","target":["https:\/\/nws-tech.fr\/fr\/produit\/ad-4000-iq-extracteur-bofa\/"]}]},{"@type":"ImageObject","inLanguage":"fr-FR","@id":"https:\/\/nws-tech.fr\/fr\/produit\/ad-4000-iq-extracteur-bofa\/#primaryimage","url":"https:\/\/nws-tech.fr\/wp-content\/uploads\/2023\/11\/AD-4000-iQ-1-e1698140297629.webp","contentUrl":"https:\/\/nws-tech.fr\/wp-content\/uploads\/2023\/11\/AD-4000-iQ-1-e1698140297629.webp","width":760,"height":594},{"@type":"BreadcrumbList","@id":"https:\/\/nws-tech.fr\/fr\/produit\/ad-4000-iq-extracteur-bofa\/#breadcrumb","itemListElement":[{"@type":"ListItem","position":1,"name":"Accueil","item":"https:\/\/nws-tech.fr\/fr\/"},{"@type":"ListItem","position":2,"name":"Boutique","item":"https:\/\/nws-tech.fr\/fr\/boutique\/"},{"@type":"ListItem","position":3,"name":"AD 4000 IQ \u2013 Extracteur BOFA"}]},{"@type":"WebSite","@id":"https:\/\/nws-tech.fr\/fr\/#website","url":"https:\/\/nws-tech.fr\/fr\/","name":"NWS LASER - Marque l'avenir","description":"Fabricant fran\u00e7ais de Lasers de marquage, gravure et d\u00e9coupe","publisher":{"@id":"https:\/\/nws-tech.fr\/fr\/#organization"},"alternateName":"NWS LASER","potentialAction":[{"@type":"SearchAction","target":{"@type":"EntryPoint","urlTemplate":"https:\/\/nws-tech.fr\/fr\/?s={search_term_string}"},"query-input":{"@type":"PropertyValueSpecification","valueRequired":true,"valueName":"search_term_string"}}],"inLanguage":"fr-FR"},{"@type":"Organization","@id":"https:\/\/nws-tech.fr\/fr\/#organization","name":"NWS Laser - Marque l'avenir","alternateName":"NWS Laser","url":"https:\/\/nws-tech.fr\/fr\/","logo":{"@type":"ImageObject","inLanguage":"fr-FR","@id":"https:\/\/nws-tech.fr\/fr\/#\/schema\/logo\/image\/","url":"https:\/\/nws-tech.fr\/wp-content\/uploads\/2023\/06\/nws_laser_tr.png","contentUrl":"https:\/\/nws-tech.fr\/wp-content\/uploads\/2023\/06\/nws_laser_tr.png","width":655,"height":790,"caption":"NWS Laser - Marque l'avenir"},"image":{"@id":"https:\/\/nws-tech.fr\/fr\/#\/schema\/logo\/image\/"},"sameAs":["https:\/\/fr-fr.facebook.com\/nwstechfr\/","https:\/\/www.linkedin.com\/company\/nws-tech\/"],"description":"Depuis 20 ans, NWS Laser con\u00e7oit et fabrique diff\u00e9rentes machines laser de marquage, gravure et de d\u00e9coupe. Nous fabriquons des machines laser standards ou personnalis\u00e9es, en mettant l'accent sur la s\u00e9curit\u00e9, la pr\u00e9cision et l'\u00e9coute des besoins sp\u00e9cifiques de chaque client. Nos machines sont fabriqu\u00e9es en France. Nos 2 sites de production se situent en C\u00f4te-d'Or.","email":"info@nws-tech.fr","telephone":"+33 4 81 68 04 04","legalName":"NWS","foundingDate":"1998-05-02","vatID":"FR04 493 113 336","numberOfEmployees":{"@type":"QuantitativeValue","minValue":"11","maxValue":"50"},"publishingPrinciples":"https:\/\/nws-tech.fr\/fr\/legal\/mentions-legales\/","ownershipFundingInfo":"https:\/\/nws-tech.fr\/fr\/a-propos\/nws-laser_histoire\/","actionableFeedbackPolicy":"https:\/\/nws-tech.fr\/fr\/legal\/mentions-legales\/","correctionsPolicy":"https:\/\/nws-tech.fr\/fr\/a-propos\/nws-laser-rse-developpement-durable\/","ethicsPolicy":"https:\/\/nws-tech.fr\/fr\/a-propos\/nws-laser-rse-developpement-durable\/","diversityPolicy":"https:\/\/nws-tech.fr\/fr\/a-propos\/nws-laser-rse-developpement-durable\/","diversityStaffingReport":"https:\/\/nws-tech.fr\/fr\/a-propos\/nws-laser-rse-developpement-durable\/"}]}},"_links":{"self":[{"href":"https:\/\/nws-tech.fr\/fr\/wp-json\/wp\/v2\/product\/12173","targetHints":{"allow":["GET"]}}],"collection":[{"href":"https:\/\/nws-tech.fr\/fr\/wp-json\/wp\/v2\/product"}],"about":[{"href":"https:\/\/nws-tech.fr\/fr\/wp-json\/wp\/v2\/types\/product"}],"replies":[{"embeddable":true,"href":"https:\/\/nws-tech.fr\/fr\/wp-json\/wp\/v2\/comments?post=12173"}],"wp:featuredmedia":[{"embeddable":true,"href":"https:\/\/nws-tech.fr\/fr\/wp-json\/wp\/v2\/media\/12305"}],"wp:attachment":[{"href":"https:\/\/nws-tech.fr\/fr\/wp-json\/wp\/v2\/media?parent=12173"}],"wp:term":[{"taxonomy":"product_brand","embeddable":true,"href":"https:\/\/nws-tech.fr\/fr\/wp-json\/wp\/v2\/product_brand?post=12173"},{"taxonomy":"product_cat","embeddable":true,"href":"https:\/\/nws-tech.fr\/fr\/wp-json\/wp\/v2\/product_cat?post=12173"},{"taxonomy":"product_tag","embeddable":true,"href":"https:\/\/nws-tech.fr\/fr\/wp-json\/wp\/v2\/product_tag?post=12173"}],"curies":[{"name":"wp","href":"https:\/\/api.w.org\/{rel}","templated":true}]}}