{"id":12159,"date":"2023-11-23T15:20:14","date_gmt":"2023-11-23T14:20:14","guid":{"rendered":"https:\/\/nws-tech.fr\/?post_type=product&#038;p=12159"},"modified":"2025-11-25T13:50:38","modified_gmt":"2025-11-25T12:50:38","slug":"ad-universal-extracteur-bofa","status":"publish","type":"product","link":"https:\/\/nws-tech.fr\/fr\/produit\/ad-universal-extracteur-bofa\/","title":{"rendered":"AD Universal \u2013 Extracteur BOFA"},"content":{"rendered":"<p>L&rsquo;extracteur BOFA AD Universal est un type de syst\u00e8me d&rsquo;extraction de fum\u00e9es et de poussi\u00e8res con\u00e7u pour une utilisation en milieu industriel. Il est con\u00e7u pour capturer et \u00e9liminer une large gamme de contaminants en suspension dans l&rsquo;air. Tels que la poussi\u00e8re, les fum\u00e9es mais aussi les vapeurs. Le syst\u00e8me \u00e0 pour but de maintenir un environnement de travail s\u00fbr et sain.<\/p>\n<p>L&rsquo;extracteur BOFA AD Universal utilise une technologie de filtration avanc\u00e9e. Il comprend des filtres HEPA afin d&rsquo;\u00e9liminer les particules et les gaz nocifs dans l&rsquo;air. L&rsquo;extracteur de fum\u00e9es est \u00e9galement capable de g\u00e9rer une vari\u00e9t\u00e9 d&rsquo;applications diff\u00e9rentes. Comme par exemple la gravure et la d\u00e9coupe au laser, le soudage et l&rsquo;impression 3D. Le syst\u00e8me est facile \u00e0 utiliser et \u00e0 entretenir. Gr\u00e2ce \u00e0 une interface conviviale et un syst\u00e8me de remplacement de filtre efficace. L&rsquo;extracteur AD Universal est con\u00e7u pour r\u00e9pondre aux normes internationales de s\u00e9curit\u00e9 et de sant\u00e9, ce qui en fait une solution fiable et efficace pour une vari\u00e9t\u00e9 d&rsquo;applications industrielles.<\/p>\n<p>Le syst\u00e8me est facile \u00e0 installer et peut \u00eatre configur\u00e9 pour une utilisation avec une vari\u00e9t\u00e9 d&rsquo;applications. Il est \u00e9quip\u00e9 d&rsquo;un panneau de commande convivial pour faciliter l&rsquo;utilisation et la surveillance.<\/p>\n<p>En option, il est possible d&rsquo;\u00e9quiper L&rsquo;AD Universal d&rsquo;un capteur COV (Compos\u00e9 Organique Volatil), d&rsquo;un interface arr\u00eat\/d\u00e9marrage \u00e0 distance ainsi qu&rsquo;un signal de d\u00e9faillance syst\u00e8me pour un changement de filtre optimal.<\/p>\n<p style=\"color: blue;\"><b><a href=\"https:\/\/airpropre.fr\/wp-content\/uploads\/2023\/03\/AD-Universal-Instruction-Manual.pdf\" target=\"_blank\" rel=\"noopener\">Guide d&rsquo;utilisation \u2013 AD Universal<\/a><\/b><\/p>\n<h2>Caract\u00e9ristiques Techniques<\/h2>\n<p>&nbsp;<\/p>\n<table style=\"height: 138px;\" border=\"1\" width=\"498\">\n<tbody>\n<tr style=\"height: 23px;\">\n<td style=\"width: 180.047px; height: 23px;\">Type de Filtre<\/td>\n<td style=\"width: 301.953px; height: 23px;\">Pr\u00e9filtre ; Filtre combin\u00e9 ; Filtre HEPA<\/td>\n<\/tr>\n<tr style=\"height: 23px;\">\n<td style=\"width: 180.047px; height: 23px;\">M\u00e9dia filtrant 1<\/td>\n<td style=\"width: 301.953px; height: 23px;\">Fibre de Verre<\/td>\n<\/tr>\n<tr style=\"height: 23px;\">\n<td style=\"height: 23px; width: 180.047px;\">M\u00e9dia filtrant 2<\/td>\n<td style=\"height: 23px; width: 301.953px;\">Fibre de Verre<\/td>\n<\/tr>\n<tr>\n<td style=\"width: 180.047px;\">Poids du charbon actif (kg)<\/td>\n<td style=\"width: 301.953px;\">11<\/td>\n<\/tr>\n<tr style=\"height: 23px;\">\n<td style=\"height: 23px; width: 180.047px;\">D\u00e9bit d&rsquo;air (m3\/h)<\/td>\n<td style=\"height: 23px; width: 301.953px;\">380<\/td>\n<\/tr>\n<tr>\n<td style=\"width: 180.047px;\">Diam\u00e8tre d&rsquo;entr\u00e9e (mm)<\/td>\n<td style=\"width: 301.953px;\">50<\/td>\n<\/tr>\n<tr style=\"height: 23px;\">\n<td style=\"height: 23px; width: 180.047px;\">surface pr\u00e9filtre (m2)<\/td>\n<td style=\"height: 23px; width: 301.953px;\">6<\/td>\n<\/tr>\n<tr>\n<td style=\"width: 180.047px;\">Niveau de bruit (db)<\/td>\n<td style=\"width: 301.953px;\">60<\/td>\n<\/tr>\n<tr>\n<td style=\"width: 180.047px;\">Type d&rsquo;application<\/td>\n<td style=\"width: 301.953px;\">Laser<\/td>\n<\/tr>\n<tr style=\"height: 23px;\">\n<td style=\"height: 23px; width: 180.047px;\">Poids (Kg)<\/td>\n<td style=\"height: 23px; width: 301.953px;\">50<\/td>\n<\/tr>\n<\/tbody>\n<\/table>\n","protected":false},"excerpt":{"rendered":"<p>Syst\u00e8me d&rsquo;extraction des fum\u00e9es compact pour les environnements industriels l\u00e9gers \u00e0 moyens.<\/p>\n","protected":false},"featured_media":12283,"comment_status":"open","ping_status":"closed","template":"","meta":{"_et_pb_use_builder":"","_et_pb_old_content":"","_et_gb_content_width":""},"product_brand":[],"product_cat":[640,644,645],"product_tag":[],"class_list":{"0":"post-12159","1":"product","2":"type-product","3":"status-publish","4":"has-post-thumbnail","6":"product_cat-donaldson-bofa","7":"product_cat-extracteurs-bofa","8":"product_cat-laser","9":"product_shipping_class-mono-palette-messagerie","11":"first","12":"instock","13":"shipping-taxable","14":"product-type-simple"},"yoast_head":"<!-- This site is optimized with the Yoast SEO Premium plugin v26.9 (Yoast SEO v27.5) - https:\/\/yoast.com\/product\/yoast-seo-premium-wordpress\/ -->\n<title>AD Universal - Extracteur BOFA - NWS-TECH \u2022 NWS Laser<\/title>\n<meta name=\"description\" content=\"L&#039;extracteur de fum\u00e9es BOFA AD Universal offre une solution compacte pour les environnements industriels l\u00e9gers \u00e0 moyens.\" \/>\n<meta name=\"robots\" content=\"index, follow, max-snippet:-1, max-image-preview:large, max-video-preview:-1\" \/>\n<link rel=\"canonical\" href=\"https:\/\/nws-tech.fr\/fr\/produit\/ad-universal-extracteur-bofa\/\" \/>\n<meta property=\"og:locale\" content=\"fr_FR\" \/>\n<meta property=\"og:type\" content=\"article\" \/>\n<meta property=\"og:title\" content=\"AD Universal - Extracteur BOFA\" \/>\n<meta property=\"og:description\" content=\"L&#039;extracteur de fum\u00e9es BOFA AD Universal offre une solution compacte pour les environnements industriels l\u00e9gers \u00e0 moyens.\" \/>\n<meta property=\"og:url\" content=\"https:\/\/nws-tech.fr\/fr\/produit\/ad-universal-extracteur-bofa\/\" \/>\n<meta property=\"og:site_name\" content=\"NWS-TECH \u2022 NWS Laser\" \/>\n<meta property=\"article:publisher\" content=\"https:\/\/fr-fr.facebook.com\/nwstechfr\/\" \/>\n<meta property=\"article:modified_time\" content=\"2025-11-25T12:50:38+00:00\" \/>\n<meta property=\"og:image\" content=\"https:\/\/nws-tech.fr\/wp-content\/uploads\/2023\/11\/AD-Universal-extracteur-BOFA-e1682350175319.webp\" \/>\n\t<meta property=\"og:image:width\" content=\"250\" \/>\n\t<meta property=\"og:image:height\" content=\"287\" \/>\n\t<meta property=\"og:image:type\" content=\"image\/webp\" \/>\n<meta name=\"twitter:card\" content=\"summary_large_image\" \/>\n<meta name=\"twitter:label1\" content=\"Dur\u00e9e de lecture estim\u00e9e\" \/>\n\t<meta name=\"twitter:data1\" content=\"2 minutes\" \/>\n<script type=\"application\/ld+json\" class=\"yoast-schema-graph\">{\"@context\":\"https:\\\/\\\/schema.org\",\"@graph\":[{\"@type\":\"WebPage\",\"@id\":\"https:\\\/\\\/nws-tech.fr\\\/fr\\\/produit\\\/ad-universal-extracteur-bofa\\\/\",\"url\":\"https:\\\/\\\/nws-tech.fr\\\/fr\\\/produit\\\/ad-universal-extracteur-bofa\\\/\",\"name\":\"AD Universal - Extracteur BOFA - NWS-TECH \u2022 NWS Laser\",\"isPartOf\":{\"@id\":\"https:\\\/\\\/nws-tech.fr\\\/fr\\\/#website\"},\"primaryImageOfPage\":{\"@id\":\"https:\\\/\\\/nws-tech.fr\\\/fr\\\/produit\\\/ad-universal-extracteur-bofa\\\/#primaryimage\"},\"image\":{\"@id\":\"https:\\\/\\\/nws-tech.fr\\\/fr\\\/produit\\\/ad-universal-extracteur-bofa\\\/#primaryimage\"},\"thumbnailUrl\":\"https:\\\/\\\/nws-tech.fr\\\/wp-content\\\/uploads\\\/2023\\\/11\\\/AD-Universal-extracteur-BOFA-e1682350175319.webp\",\"datePublished\":\"2023-11-23T14:20:14+00:00\",\"dateModified\":\"2025-11-25T12:50:38+00:00\",\"description\":\"L'extracteur de fum\u00e9es BOFA AD Universal offre une solution compacte pour les environnements industriels l\u00e9gers \u00e0 moyens.\",\"breadcrumb\":{\"@id\":\"https:\\\/\\\/nws-tech.fr\\\/fr\\\/produit\\\/ad-universal-extracteur-bofa\\\/#breadcrumb\"},\"inLanguage\":\"fr-FR\",\"potentialAction\":[{\"@type\":\"ReadAction\",\"target\":[\"https:\\\/\\\/nws-tech.fr\\\/fr\\\/produit\\\/ad-universal-extracteur-bofa\\\/\"]}]},{\"@type\":\"ImageObject\",\"inLanguage\":\"fr-FR\",\"@id\":\"https:\\\/\\\/nws-tech.fr\\\/fr\\\/produit\\\/ad-universal-extracteur-bofa\\\/#primaryimage\",\"url\":\"https:\\\/\\\/nws-tech.fr\\\/wp-content\\\/uploads\\\/2023\\\/11\\\/AD-Universal-extracteur-BOFA-e1682350175319.webp\",\"contentUrl\":\"https:\\\/\\\/nws-tech.fr\\\/wp-content\\\/uploads\\\/2023\\\/11\\\/AD-Universal-extracteur-BOFA-e1682350175319.webp\",\"width\":250,\"height\":287},{\"@type\":\"BreadcrumbList\",\"@id\":\"https:\\\/\\\/nws-tech.fr\\\/fr\\\/produit\\\/ad-universal-extracteur-bofa\\\/#breadcrumb\",\"itemListElement\":[{\"@type\":\"ListItem\",\"position\":1,\"name\":\"Accueil\",\"item\":\"https:\\\/\\\/nws-tech.fr\\\/fr\\\/\"},{\"@type\":\"ListItem\",\"position\":2,\"name\":\"Boutique\",\"item\":\"https:\\\/\\\/nws-tech.fr\\\/fr\\\/boutique\\\/\"},{\"@type\":\"ListItem\",\"position\":3,\"name\":\"AD Universal \u2013 Extracteur BOFA\"}]},{\"@type\":\"WebSite\",\"@id\":\"https:\\\/\\\/nws-tech.fr\\\/fr\\\/#website\",\"url\":\"https:\\\/\\\/nws-tech.fr\\\/fr\\\/\",\"name\":\"NWS LASER - Marque l'avenir\",\"description\":\"Fabricant fran\u00e7ais de Lasers de marquage, gravure et d\u00e9coupe\",\"publisher\":{\"@id\":\"https:\\\/\\\/nws-tech.fr\\\/fr\\\/#organization\"},\"alternateName\":\"NWS LASER\",\"potentialAction\":[{\"@type\":\"SearchAction\",\"target\":{\"@type\":\"EntryPoint\",\"urlTemplate\":\"https:\\\/\\\/nws-tech.fr\\\/fr\\\/?s={search_term_string}\"},\"query-input\":{\"@type\":\"PropertyValueSpecification\",\"valueRequired\":true,\"valueName\":\"search_term_string\"}}],\"inLanguage\":\"fr-FR\"},{\"@type\":\"Organization\",\"@id\":\"https:\\\/\\\/nws-tech.fr\\\/fr\\\/#organization\",\"name\":\"NWS Laser - Marque l'avenir\",\"alternateName\":\"NWS Laser\",\"url\":\"https:\\\/\\\/nws-tech.fr\\\/fr\\\/\",\"logo\":{\"@type\":\"ImageObject\",\"inLanguage\":\"fr-FR\",\"@id\":\"https:\\\/\\\/nws-tech.fr\\\/fr\\\/#\\\/schema\\\/logo\\\/image\\\/\",\"url\":\"https:\\\/\\\/nws-tech.fr\\\/wp-content\\\/uploads\\\/2023\\\/06\\\/nws_laser_tr.png\",\"contentUrl\":\"https:\\\/\\\/nws-tech.fr\\\/wp-content\\\/uploads\\\/2023\\\/06\\\/nws_laser_tr.png\",\"width\":655,\"height\":790,\"caption\":\"NWS Laser - Marque l'avenir\"},\"image\":{\"@id\":\"https:\\\/\\\/nws-tech.fr\\\/fr\\\/#\\\/schema\\\/logo\\\/image\\\/\"},\"sameAs\":[\"https:\\\/\\\/fr-fr.facebook.com\\\/nwstechfr\\\/\",\"https:\\\/\\\/www.linkedin.com\\\/company\\\/nws-tech\\\/\"],\"description\":\"Depuis 20 ans, NWS Laser con\u00e7oit et fabrique diff\u00e9rentes machines laser de marquage, gravure et de d\u00e9coupe. Nous fabriquons des machines laser standards ou personnalis\u00e9es, en mettant l'accent sur la s\u00e9curit\u00e9, la pr\u00e9cision et l'\u00e9coute des besoins sp\u00e9cifiques de chaque client. Nos machines sont fabriqu\u00e9es en France. Nos 2 sites de production se situent en C\u00f4te-d'Or.\",\"email\":\"info@nws-tech.fr\",\"telephone\":\"+33 4 81 68 04 04\",\"legalName\":\"NWS\",\"foundingDate\":\"1998-05-02\",\"vatID\":\"FR04 493 113 336\",\"numberOfEmployees\":{\"@type\":\"QuantitativeValue\",\"minValue\":\"11\",\"maxValue\":\"50\"},\"publishingPrinciples\":\"https:\\\/\\\/nws-tech.fr\\\/fr\\\/legal\\\/mentions-legales\\\/\",\"ownershipFundingInfo\":\"https:\\\/\\\/nws-tech.fr\\\/fr\\\/a-propos\\\/nws-laser_histoire\\\/\",\"actionableFeedbackPolicy\":\"https:\\\/\\\/nws-tech.fr\\\/fr\\\/legal\\\/mentions-legales\\\/\",\"correctionsPolicy\":\"https:\\\/\\\/nws-tech.fr\\\/fr\\\/a-propos\\\/nws-laser-rse-developpement-durable\\\/\",\"ethicsPolicy\":\"https:\\\/\\\/nws-tech.fr\\\/fr\\\/a-propos\\\/nws-laser-rse-developpement-durable\\\/\",\"diversityPolicy\":\"https:\\\/\\\/nws-tech.fr\\\/fr\\\/a-propos\\\/nws-laser-rse-developpement-durable\\\/\",\"diversityStaffingReport\":\"https:\\\/\\\/nws-tech.fr\\\/fr\\\/a-propos\\\/nws-laser-rse-developpement-durable\\\/\"}]}<\/script>\n<!-- \/ Yoast SEO Premium plugin. -->","yoast_head_json":{"title":"AD Universal - Extracteur BOFA - NWS-TECH \u2022 NWS Laser","description":"L'extracteur de fum\u00e9es BOFA AD Universal offre une solution compacte pour les environnements industriels l\u00e9gers \u00e0 moyens.","robots":{"index":"index","follow":"follow","max-snippet":"max-snippet:-1","max-image-preview":"max-image-preview:large","max-video-preview":"max-video-preview:-1"},"canonical":"https:\/\/nws-tech.fr\/fr\/produit\/ad-universal-extracteur-bofa\/","og_locale":"fr_FR","og_type":"article","og_title":"AD Universal - Extracteur BOFA","og_description":"L'extracteur de fum\u00e9es BOFA AD Universal offre une solution compacte pour les environnements industriels l\u00e9gers \u00e0 moyens.","og_url":"https:\/\/nws-tech.fr\/fr\/produit\/ad-universal-extracteur-bofa\/","og_site_name":"NWS-TECH \u2022 NWS Laser","article_publisher":"https:\/\/fr-fr.facebook.com\/nwstechfr\/","article_modified_time":"2025-11-25T12:50:38+00:00","og_image":[{"width":250,"height":287,"url":"https:\/\/nws-tech.fr\/wp-content\/uploads\/2023\/11\/AD-Universal-extracteur-BOFA-e1682350175319.webp","type":"image\/webp"}],"twitter_card":"summary_large_image","twitter_misc":{"Dur\u00e9e de lecture estim\u00e9e":"2 minutes"},"schema":{"@context":"https:\/\/schema.org","@graph":[{"@type":"WebPage","@id":"https:\/\/nws-tech.fr\/fr\/produit\/ad-universal-extracteur-bofa\/","url":"https:\/\/nws-tech.fr\/fr\/produit\/ad-universal-extracteur-bofa\/","name":"AD Universal - Extracteur BOFA - NWS-TECH \u2022 NWS Laser","isPartOf":{"@id":"https:\/\/nws-tech.fr\/fr\/#website"},"primaryImageOfPage":{"@id":"https:\/\/nws-tech.fr\/fr\/produit\/ad-universal-extracteur-bofa\/#primaryimage"},"image":{"@id":"https:\/\/nws-tech.fr\/fr\/produit\/ad-universal-extracteur-bofa\/#primaryimage"},"thumbnailUrl":"https:\/\/nws-tech.fr\/wp-content\/uploads\/2023\/11\/AD-Universal-extracteur-BOFA-e1682350175319.webp","datePublished":"2023-11-23T14:20:14+00:00","dateModified":"2025-11-25T12:50:38+00:00","description":"L'extracteur de fum\u00e9es BOFA AD Universal offre une solution compacte pour les environnements industriels l\u00e9gers \u00e0 moyens.","breadcrumb":{"@id":"https:\/\/nws-tech.fr\/fr\/produit\/ad-universal-extracteur-bofa\/#breadcrumb"},"inLanguage":"fr-FR","potentialAction":[{"@type":"ReadAction","target":["https:\/\/nws-tech.fr\/fr\/produit\/ad-universal-extracteur-bofa\/"]}]},{"@type":"ImageObject","inLanguage":"fr-FR","@id":"https:\/\/nws-tech.fr\/fr\/produit\/ad-universal-extracteur-bofa\/#primaryimage","url":"https:\/\/nws-tech.fr\/wp-content\/uploads\/2023\/11\/AD-Universal-extracteur-BOFA-e1682350175319.webp","contentUrl":"https:\/\/nws-tech.fr\/wp-content\/uploads\/2023\/11\/AD-Universal-extracteur-BOFA-e1682350175319.webp","width":250,"height":287},{"@type":"BreadcrumbList","@id":"https:\/\/nws-tech.fr\/fr\/produit\/ad-universal-extracteur-bofa\/#breadcrumb","itemListElement":[{"@type":"ListItem","position":1,"name":"Accueil","item":"https:\/\/nws-tech.fr\/fr\/"},{"@type":"ListItem","position":2,"name":"Boutique","item":"https:\/\/nws-tech.fr\/fr\/boutique\/"},{"@type":"ListItem","position":3,"name":"AD Universal \u2013 Extracteur BOFA"}]},{"@type":"WebSite","@id":"https:\/\/nws-tech.fr\/fr\/#website","url":"https:\/\/nws-tech.fr\/fr\/","name":"NWS LASER - Marque l'avenir","description":"Fabricant fran\u00e7ais de Lasers de marquage, gravure et d\u00e9coupe","publisher":{"@id":"https:\/\/nws-tech.fr\/fr\/#organization"},"alternateName":"NWS LASER","potentialAction":[{"@type":"SearchAction","target":{"@type":"EntryPoint","urlTemplate":"https:\/\/nws-tech.fr\/fr\/?s={search_term_string}"},"query-input":{"@type":"PropertyValueSpecification","valueRequired":true,"valueName":"search_term_string"}}],"inLanguage":"fr-FR"},{"@type":"Organization","@id":"https:\/\/nws-tech.fr\/fr\/#organization","name":"NWS Laser - Marque l'avenir","alternateName":"NWS Laser","url":"https:\/\/nws-tech.fr\/fr\/","logo":{"@type":"ImageObject","inLanguage":"fr-FR","@id":"https:\/\/nws-tech.fr\/fr\/#\/schema\/logo\/image\/","url":"https:\/\/nws-tech.fr\/wp-content\/uploads\/2023\/06\/nws_laser_tr.png","contentUrl":"https:\/\/nws-tech.fr\/wp-content\/uploads\/2023\/06\/nws_laser_tr.png","width":655,"height":790,"caption":"NWS Laser - Marque l'avenir"},"image":{"@id":"https:\/\/nws-tech.fr\/fr\/#\/schema\/logo\/image\/"},"sameAs":["https:\/\/fr-fr.facebook.com\/nwstechfr\/","https:\/\/www.linkedin.com\/company\/nws-tech\/"],"description":"Depuis 20 ans, NWS Laser con\u00e7oit et fabrique diff\u00e9rentes machines laser de marquage, gravure et de d\u00e9coupe. Nous fabriquons des machines laser standards ou personnalis\u00e9es, en mettant l'accent sur la s\u00e9curit\u00e9, la pr\u00e9cision et l'\u00e9coute des besoins sp\u00e9cifiques de chaque client. Nos machines sont fabriqu\u00e9es en France. Nos 2 sites de production se situent en C\u00f4te-d'Or.","email":"info@nws-tech.fr","telephone":"+33 4 81 68 04 04","legalName":"NWS","foundingDate":"1998-05-02","vatID":"FR04 493 113 336","numberOfEmployees":{"@type":"QuantitativeValue","minValue":"11","maxValue":"50"},"publishingPrinciples":"https:\/\/nws-tech.fr\/fr\/legal\/mentions-legales\/","ownershipFundingInfo":"https:\/\/nws-tech.fr\/fr\/a-propos\/nws-laser_histoire\/","actionableFeedbackPolicy":"https:\/\/nws-tech.fr\/fr\/legal\/mentions-legales\/","correctionsPolicy":"https:\/\/nws-tech.fr\/fr\/a-propos\/nws-laser-rse-developpement-durable\/","ethicsPolicy":"https:\/\/nws-tech.fr\/fr\/a-propos\/nws-laser-rse-developpement-durable\/","diversityPolicy":"https:\/\/nws-tech.fr\/fr\/a-propos\/nws-laser-rse-developpement-durable\/","diversityStaffingReport":"https:\/\/nws-tech.fr\/fr\/a-propos\/nws-laser-rse-developpement-durable\/"}]}},"_links":{"self":[{"href":"https:\/\/nws-tech.fr\/fr\/wp-json\/wp\/v2\/product\/12159","targetHints":{"allow":["GET"]}}],"collection":[{"href":"https:\/\/nws-tech.fr\/fr\/wp-json\/wp\/v2\/product"}],"about":[{"href":"https:\/\/nws-tech.fr\/fr\/wp-json\/wp\/v2\/types\/product"}],"replies":[{"embeddable":true,"href":"https:\/\/nws-tech.fr\/fr\/wp-json\/wp\/v2\/comments?post=12159"}],"wp:featuredmedia":[{"embeddable":true,"href":"https:\/\/nws-tech.fr\/fr\/wp-json\/wp\/v2\/media\/12283"}],"wp:attachment":[{"href":"https:\/\/nws-tech.fr\/fr\/wp-json\/wp\/v2\/media?parent=12159"}],"wp:term":[{"taxonomy":"product_brand","embeddable":true,"href":"https:\/\/nws-tech.fr\/fr\/wp-json\/wp\/v2\/product_brand?post=12159"},{"taxonomy":"product_cat","embeddable":true,"href":"https:\/\/nws-tech.fr\/fr\/wp-json\/wp\/v2\/product_cat?post=12159"},{"taxonomy":"product_tag","embeddable":true,"href":"https:\/\/nws-tech.fr\/fr\/wp-json\/wp\/v2\/product_tag?post=12159"}],"curies":[{"name":"wp","href":"https:\/\/api.w.org\/{rel}","templated":true}]}}