{"id":12158,"date":"2023-11-23T15:20:13","date_gmt":"2023-11-23T14:20:13","guid":{"rendered":"https:\/\/nws-tech.fr\/?post_type=product&#038;p=12158"},"modified":"2025-11-25T13:50:55","modified_gmt":"2025-11-25T12:50:55","slug":"a1030166-filtre-bofa-ad-universal-fumekart","status":"publish","type":"product","link":"https:\/\/nws-tech.fr\/fr\/produit\/a1030166-filtre-bofa-ad-universal-fumekart\/","title":{"rendered":"A1030166 filtre BOFA AD Universal\/FumeKart"},"content":{"rendered":"<p>Le filtre A1030166 BOFA est un filtre combin\u00e9 \u00e0 air de remplacement pour l&rsquo;extracteur BOFA AD Universal\/FumeKart. Ce filtre est un filtre principal qui utilise un m\u00e9dia filtrant HEPA pour \u00e9liminer les particules fines de l&rsquo;air. Afin d&rsquo;\u00e9liminer les fum\u00e9es, les gaz et les vapeurs nocifs g\u00e9n\u00e9r\u00e9s lors de processus laser tels que la d\u00e9coupe, le marquage et gravure laser.<\/p>\n<p>Le filtre A1030166 BOFA AD est facile \u00e0 installer et \u00e0 remplacer. Il suffit de le glisser dans l&#8217;emplacement pr\u00e9vu dans l&rsquo;extracteur. De plus, le filtre est \u00e9quip\u00e9 d&rsquo;un indicateur de saturation afin de vous avertir lorsqu&rsquo;il est temps de le remplacer. Il est recommand\u00e9 de remplacer le filtre tous les 3 \u00e0 6 mois, selon son utilisation. Il est \u00e9galement important de s&rsquo;assurer que vous utilisez le filtre appropri\u00e9 au bon extracteur. Afin de garantir une performance optimale de l&rsquo;extracteur et une dur\u00e9e de vie maximale des filtres.<\/p>\n<p>Le filtre A1030166 BOFA utilise un m\u00e9dia filtrant HEPA\u00a0 et du charbon actifs de haute qualit\u00e9. Ces \u00e9l\u00e9ments ont pour fonction d&rsquo;\u00e9liminer les particules fines de l&rsquo;air. Les filtres HEPA sont connus pour leur efficacit\u00e9 de filtration \u00e9lev\u00e9e, capable de pi\u00e9ger jusqu&rsquo;\u00e0 99,95% des particules de 0,3 microns ou plus. Sa construction avec un bo\u00eetier en acier zingu\u00e9, scell\u00e9 avec un mastic polyur\u00e9thane garantie ainsi une filtration optimale.<\/p>\n<h2>Caract\u00e9ristiques Techniques<\/h2>\n<p>&nbsp;<\/p>\n<table style=\"height: 138px; width: 545px;\" border=\"1\" width=\"498\">\n<tbody>\n<tr style=\"height: 23px;\">\n<td style=\"width: 175.625px; height: 23px;\">Type de Filtre<\/td>\n<td style=\"width: 353.375px; height: 23px;\">Filtre combin\u00e9<\/td>\n<\/tr>\n<tr style=\"height: 23px;\">\n<td style=\"width: 175.625px; height: 23px;\">M\u00e9dia filtrant 1<\/td>\n<td style=\"width: 353.375px; height: 23px;\">Mat\u00e9riau en fibre de verre pliss\u00e9<\/td>\n<\/tr>\n<tr style=\"height: 23px;\">\n<td style=\"height: 23px; width: 175.625px;\">M\u00e9dia filtrant 2<\/td>\n<td style=\"height: 23px; width: 353.375px;\">M\u00e9lange de charbon actif impr\u00e9gn\u00e9<\/td>\n<\/tr>\n<tr style=\"height: 23px;\">\n<td style=\"width: 175.625px; height: 23px;\">Efficacit\u00e9<\/td>\n<td style=\"width: 353.375px; height: 23px;\">\u00c9limination \u00e0 99,997% des particules de 0,3 \u00b5m<\/td>\n<\/tr>\n<tr>\n<td style=\"width: 175.625px;\">Fabrication<\/td>\n<td style=\"width: 353.375px;\">Bo\u00eetier en acier zingu\u00e9, scell\u00e9 avec un mastic polyur\u00e9thane<\/td>\n<\/tr>\n<tr>\n<td style=\"width: 175.625px;\">Dimensions (mm)<\/td>\n<td style=\"width: 353.375px;\">334 x 413 x 300<\/td>\n<\/tr>\n<tr style=\"height: 23px;\">\n<td style=\"width: 175.625px; height: 23px;\">Poids du charbon actif (kg)<\/td>\n<td style=\"width: 353.375px; height: 23px;\">12,5<\/td>\n<\/tr>\n<tr style=\"height: 23px;\">\n<td style=\"height: 23px; width: 175.625px;\">Poids du filtre (Kg)<\/td>\n<td style=\"height: 23px; width: 353.375px;\">15<\/td>\n<\/tr>\n<\/tbody>\n<\/table>\n","protected":false},"excerpt":{"rendered":"<p>Filtre combin\u00e9 de remplacement pour syst\u00e8me de filtration pour AD Universal et FumeKart<\/p>\n","protected":false},"featured_media":12222,"comment_status":"open","ping_status":"closed","template":"","meta":{"_et_pb_use_builder":"","_et_pb_old_content":"","_et_gb_content_width":""},"product_brand":[],"product_cat":[641,642],"product_tag":[],"class_list":{"0":"post-12158","1":"product","2":"type-product","3":"status-publish","4":"has-post-thumbnail","6":"product_cat-filtres-bofa","7":"product_cat-filtres-hepa-combines","8":"product_shipping_class-mono-carton-express","10":"first","11":"instock","12":"shipping-taxable","13":"product-type-simple"},"yoast_head":"<!-- This site is optimized with the Yoast SEO Premium plugin v26.9 (Yoast SEO v27.5) - https:\/\/yoast.com\/product\/yoast-seo-premium-wordpress\/ -->\n<title>A1030166 filtre BOFA AD Universal\/FumeKart - NWS-TECH \u2022 NWS Laser<\/title>\n<meta name=\"description\" content=\"A1030166 est un filtre combin\u00e9 BOFA de remplacement pour les extracteurs de fum\u00e9es et de particules nocives BOFA -\u00a0 AD Universal et FumeKart\" \/>\n<meta name=\"robots\" content=\"index, follow, max-snippet:-1, max-image-preview:large, max-video-preview:-1\" \/>\n<link rel=\"canonical\" href=\"https:\/\/nws-tech.fr\/fr\/produit\/a1030166-filtre-bofa-ad-universal-fumekart\/\" \/>\n<meta property=\"og:locale\" content=\"fr_FR\" \/>\n<meta property=\"og:type\" content=\"article\" \/>\n<meta property=\"og:title\" content=\"A1030166 filtre BOFA AD Universal\/FumeKart\" \/>\n<meta property=\"og:description\" content=\"A1030166 est un filtre combin\u00e9 BOFA de remplacement pour les extracteurs de fum\u00e9es et de particules nocives BOFA -\u00a0 AD Universal et FumeKart\" \/>\n<meta property=\"og:url\" content=\"https:\/\/nws-tech.fr\/fr\/produit\/a1030166-filtre-bofa-ad-universal-fumekart\/\" \/>\n<meta property=\"og:site_name\" content=\"NWS-TECH \u2022 NWS Laser\" \/>\n<meta property=\"article:publisher\" content=\"https:\/\/fr-fr.facebook.com\/nwstechfr\/\" \/>\n<meta property=\"article:modified_time\" content=\"2025-11-25T12:50:55+00:00\" \/>\n<meta property=\"og:image\" content=\"https:\/\/nws-tech.fr\/wp-content\/uploads\/2023\/11\/A1030166-filtre-Bofa.webp\" \/>\n\t<meta property=\"og:image:width\" content=\"300\" \/>\n\t<meta property=\"og:image:height\" content=\"300\" \/>\n\t<meta property=\"og:image:type\" content=\"image\/webp\" \/>\n<meta name=\"twitter:card\" content=\"summary_large_image\" \/>\n<meta name=\"twitter:label1\" content=\"Dur\u00e9e de lecture estim\u00e9e\" \/>\n\t<meta name=\"twitter:data1\" content=\"2 minutes\" \/>\n<script type=\"application\/ld+json\" class=\"yoast-schema-graph\">{\"@context\":\"https:\\\/\\\/schema.org\",\"@graph\":[{\"@type\":\"WebPage\",\"@id\":\"https:\\\/\\\/nws-tech.fr\\\/fr\\\/produit\\\/a1030166-filtre-bofa-ad-universal-fumekart\\\/\",\"url\":\"https:\\\/\\\/nws-tech.fr\\\/fr\\\/produit\\\/a1030166-filtre-bofa-ad-universal-fumekart\\\/\",\"name\":\"A1030166 filtre BOFA AD Universal\\\/FumeKart - NWS-TECH \u2022 NWS Laser\",\"isPartOf\":{\"@id\":\"https:\\\/\\\/nws-tech.fr\\\/fr\\\/#website\"},\"primaryImageOfPage\":{\"@id\":\"https:\\\/\\\/nws-tech.fr\\\/fr\\\/produit\\\/a1030166-filtre-bofa-ad-universal-fumekart\\\/#primaryimage\"},\"image\":{\"@id\":\"https:\\\/\\\/nws-tech.fr\\\/fr\\\/produit\\\/a1030166-filtre-bofa-ad-universal-fumekart\\\/#primaryimage\"},\"thumbnailUrl\":\"https:\\\/\\\/nws-tech.fr\\\/wp-content\\\/uploads\\\/2023\\\/11\\\/A1030166-filtre-Bofa.webp\",\"datePublished\":\"2023-11-23T14:20:13+00:00\",\"dateModified\":\"2025-11-25T12:50:55+00:00\",\"description\":\"A1030166 est un filtre combin\u00e9 BOFA de remplacement pour les extracteurs de fum\u00e9es et de particules nocives BOFA -\u00a0 AD Universal et FumeKart\",\"breadcrumb\":{\"@id\":\"https:\\\/\\\/nws-tech.fr\\\/fr\\\/produit\\\/a1030166-filtre-bofa-ad-universal-fumekart\\\/#breadcrumb\"},\"inLanguage\":\"fr-FR\",\"potentialAction\":[{\"@type\":\"ReadAction\",\"target\":[\"https:\\\/\\\/nws-tech.fr\\\/fr\\\/produit\\\/a1030166-filtre-bofa-ad-universal-fumekart\\\/\"]}]},{\"@type\":\"ImageObject\",\"inLanguage\":\"fr-FR\",\"@id\":\"https:\\\/\\\/nws-tech.fr\\\/fr\\\/produit\\\/a1030166-filtre-bofa-ad-universal-fumekart\\\/#primaryimage\",\"url\":\"https:\\\/\\\/nws-tech.fr\\\/wp-content\\\/uploads\\\/2023\\\/11\\\/A1030166-filtre-Bofa.webp\",\"contentUrl\":\"https:\\\/\\\/nws-tech.fr\\\/wp-content\\\/uploads\\\/2023\\\/11\\\/A1030166-filtre-Bofa.webp\",\"width\":300,\"height\":300},{\"@type\":\"BreadcrumbList\",\"@id\":\"https:\\\/\\\/nws-tech.fr\\\/fr\\\/produit\\\/a1030166-filtre-bofa-ad-universal-fumekart\\\/#breadcrumb\",\"itemListElement\":[{\"@type\":\"ListItem\",\"position\":1,\"name\":\"Accueil\",\"item\":\"https:\\\/\\\/nws-tech.fr\\\/fr\\\/\"},{\"@type\":\"ListItem\",\"position\":2,\"name\":\"Boutique\",\"item\":\"https:\\\/\\\/nws-tech.fr\\\/fr\\\/boutique\\\/\"},{\"@type\":\"ListItem\",\"position\":3,\"name\":\"A1030166 filtre BOFA AD Universal\\\/FumeKart\"}]},{\"@type\":\"WebSite\",\"@id\":\"https:\\\/\\\/nws-tech.fr\\\/fr\\\/#website\",\"url\":\"https:\\\/\\\/nws-tech.fr\\\/fr\\\/\",\"name\":\"NWS LASER - Marque l'avenir\",\"description\":\"Fabricant fran\u00e7ais de Lasers de marquage, gravure et d\u00e9coupe\",\"publisher\":{\"@id\":\"https:\\\/\\\/nws-tech.fr\\\/fr\\\/#organization\"},\"alternateName\":\"NWS LASER\",\"potentialAction\":[{\"@type\":\"SearchAction\",\"target\":{\"@type\":\"EntryPoint\",\"urlTemplate\":\"https:\\\/\\\/nws-tech.fr\\\/fr\\\/?s={search_term_string}\"},\"query-input\":{\"@type\":\"PropertyValueSpecification\",\"valueRequired\":true,\"valueName\":\"search_term_string\"}}],\"inLanguage\":\"fr-FR\"},{\"@type\":\"Organization\",\"@id\":\"https:\\\/\\\/nws-tech.fr\\\/fr\\\/#organization\",\"name\":\"NWS Laser - Marque l'avenir\",\"alternateName\":\"NWS Laser\",\"url\":\"https:\\\/\\\/nws-tech.fr\\\/fr\\\/\",\"logo\":{\"@type\":\"ImageObject\",\"inLanguage\":\"fr-FR\",\"@id\":\"https:\\\/\\\/nws-tech.fr\\\/fr\\\/#\\\/schema\\\/logo\\\/image\\\/\",\"url\":\"https:\\\/\\\/nws-tech.fr\\\/wp-content\\\/uploads\\\/2023\\\/06\\\/nws_laser_tr.png\",\"contentUrl\":\"https:\\\/\\\/nws-tech.fr\\\/wp-content\\\/uploads\\\/2023\\\/06\\\/nws_laser_tr.png\",\"width\":655,\"height\":790,\"caption\":\"NWS Laser - Marque l'avenir\"},\"image\":{\"@id\":\"https:\\\/\\\/nws-tech.fr\\\/fr\\\/#\\\/schema\\\/logo\\\/image\\\/\"},\"sameAs\":[\"https:\\\/\\\/fr-fr.facebook.com\\\/nwstechfr\\\/\",\"https:\\\/\\\/www.linkedin.com\\\/company\\\/nws-tech\\\/\"],\"description\":\"Depuis 20 ans, NWS Laser con\u00e7oit et fabrique diff\u00e9rentes machines laser de marquage, gravure et de d\u00e9coupe. Nous fabriquons des machines laser standards ou personnalis\u00e9es, en mettant l'accent sur la s\u00e9curit\u00e9, la pr\u00e9cision et l'\u00e9coute des besoins sp\u00e9cifiques de chaque client. Nos machines sont fabriqu\u00e9es en France. Nos 2 sites de production se situent en C\u00f4te-d'Or.\",\"email\":\"info@nws-tech.fr\",\"telephone\":\"+33 4 81 68 04 04\",\"legalName\":\"NWS\",\"foundingDate\":\"1998-05-02\",\"vatID\":\"FR04 493 113 336\",\"numberOfEmployees\":{\"@type\":\"QuantitativeValue\",\"minValue\":\"11\",\"maxValue\":\"50\"},\"publishingPrinciples\":\"https:\\\/\\\/nws-tech.fr\\\/fr\\\/legal\\\/mentions-legales\\\/\",\"ownershipFundingInfo\":\"https:\\\/\\\/nws-tech.fr\\\/fr\\\/a-propos\\\/nws-laser_histoire\\\/\",\"actionableFeedbackPolicy\":\"https:\\\/\\\/nws-tech.fr\\\/fr\\\/legal\\\/mentions-legales\\\/\",\"correctionsPolicy\":\"https:\\\/\\\/nws-tech.fr\\\/fr\\\/a-propos\\\/nws-laser-rse-developpement-durable\\\/\",\"ethicsPolicy\":\"https:\\\/\\\/nws-tech.fr\\\/fr\\\/a-propos\\\/nws-laser-rse-developpement-durable\\\/\",\"diversityPolicy\":\"https:\\\/\\\/nws-tech.fr\\\/fr\\\/a-propos\\\/nws-laser-rse-developpement-durable\\\/\",\"diversityStaffingReport\":\"https:\\\/\\\/nws-tech.fr\\\/fr\\\/a-propos\\\/nws-laser-rse-developpement-durable\\\/\"}]}<\/script>\n<!-- \/ Yoast SEO Premium plugin. -->","yoast_head_json":{"title":"A1030166 filtre BOFA AD Universal\/FumeKart - NWS-TECH \u2022 NWS Laser","description":"A1030166 est un filtre combin\u00e9 BOFA de remplacement pour les extracteurs de fum\u00e9es et de particules nocives BOFA -\u00a0 AD Universal et FumeKart","robots":{"index":"index","follow":"follow","max-snippet":"max-snippet:-1","max-image-preview":"max-image-preview:large","max-video-preview":"max-video-preview:-1"},"canonical":"https:\/\/nws-tech.fr\/fr\/produit\/a1030166-filtre-bofa-ad-universal-fumekart\/","og_locale":"fr_FR","og_type":"article","og_title":"A1030166 filtre BOFA AD Universal\/FumeKart","og_description":"A1030166 est un filtre combin\u00e9 BOFA de remplacement pour les extracteurs de fum\u00e9es et de particules nocives BOFA -\u00a0 AD Universal et FumeKart","og_url":"https:\/\/nws-tech.fr\/fr\/produit\/a1030166-filtre-bofa-ad-universal-fumekart\/","og_site_name":"NWS-TECH \u2022 NWS Laser","article_publisher":"https:\/\/fr-fr.facebook.com\/nwstechfr\/","article_modified_time":"2025-11-25T12:50:55+00:00","og_image":[{"width":300,"height":300,"url":"https:\/\/nws-tech.fr\/wp-content\/uploads\/2023\/11\/A1030166-filtre-Bofa.webp","type":"image\/webp"}],"twitter_card":"summary_large_image","twitter_misc":{"Dur\u00e9e de lecture estim\u00e9e":"2 minutes"},"schema":{"@context":"https:\/\/schema.org","@graph":[{"@type":"WebPage","@id":"https:\/\/nws-tech.fr\/fr\/produit\/a1030166-filtre-bofa-ad-universal-fumekart\/","url":"https:\/\/nws-tech.fr\/fr\/produit\/a1030166-filtre-bofa-ad-universal-fumekart\/","name":"A1030166 filtre BOFA AD Universal\/FumeKart - NWS-TECH \u2022 NWS Laser","isPartOf":{"@id":"https:\/\/nws-tech.fr\/fr\/#website"},"primaryImageOfPage":{"@id":"https:\/\/nws-tech.fr\/fr\/produit\/a1030166-filtre-bofa-ad-universal-fumekart\/#primaryimage"},"image":{"@id":"https:\/\/nws-tech.fr\/fr\/produit\/a1030166-filtre-bofa-ad-universal-fumekart\/#primaryimage"},"thumbnailUrl":"https:\/\/nws-tech.fr\/wp-content\/uploads\/2023\/11\/A1030166-filtre-Bofa.webp","datePublished":"2023-11-23T14:20:13+00:00","dateModified":"2025-11-25T12:50:55+00:00","description":"A1030166 est un filtre combin\u00e9 BOFA de remplacement pour les extracteurs de fum\u00e9es et de particules nocives BOFA -\u00a0 AD Universal et FumeKart","breadcrumb":{"@id":"https:\/\/nws-tech.fr\/fr\/produit\/a1030166-filtre-bofa-ad-universal-fumekart\/#breadcrumb"},"inLanguage":"fr-FR","potentialAction":[{"@type":"ReadAction","target":["https:\/\/nws-tech.fr\/fr\/produit\/a1030166-filtre-bofa-ad-universal-fumekart\/"]}]},{"@type":"ImageObject","inLanguage":"fr-FR","@id":"https:\/\/nws-tech.fr\/fr\/produit\/a1030166-filtre-bofa-ad-universal-fumekart\/#primaryimage","url":"https:\/\/nws-tech.fr\/wp-content\/uploads\/2023\/11\/A1030166-filtre-Bofa.webp","contentUrl":"https:\/\/nws-tech.fr\/wp-content\/uploads\/2023\/11\/A1030166-filtre-Bofa.webp","width":300,"height":300},{"@type":"BreadcrumbList","@id":"https:\/\/nws-tech.fr\/fr\/produit\/a1030166-filtre-bofa-ad-universal-fumekart\/#breadcrumb","itemListElement":[{"@type":"ListItem","position":1,"name":"Accueil","item":"https:\/\/nws-tech.fr\/fr\/"},{"@type":"ListItem","position":2,"name":"Boutique","item":"https:\/\/nws-tech.fr\/fr\/boutique\/"},{"@type":"ListItem","position":3,"name":"A1030166 filtre BOFA AD Universal\/FumeKart"}]},{"@type":"WebSite","@id":"https:\/\/nws-tech.fr\/fr\/#website","url":"https:\/\/nws-tech.fr\/fr\/","name":"NWS LASER - Marque l'avenir","description":"Fabricant fran\u00e7ais de Lasers de marquage, gravure et d\u00e9coupe","publisher":{"@id":"https:\/\/nws-tech.fr\/fr\/#organization"},"alternateName":"NWS LASER","potentialAction":[{"@type":"SearchAction","target":{"@type":"EntryPoint","urlTemplate":"https:\/\/nws-tech.fr\/fr\/?s={search_term_string}"},"query-input":{"@type":"PropertyValueSpecification","valueRequired":true,"valueName":"search_term_string"}}],"inLanguage":"fr-FR"},{"@type":"Organization","@id":"https:\/\/nws-tech.fr\/fr\/#organization","name":"NWS Laser - Marque l'avenir","alternateName":"NWS Laser","url":"https:\/\/nws-tech.fr\/fr\/","logo":{"@type":"ImageObject","inLanguage":"fr-FR","@id":"https:\/\/nws-tech.fr\/fr\/#\/schema\/logo\/image\/","url":"https:\/\/nws-tech.fr\/wp-content\/uploads\/2023\/06\/nws_laser_tr.png","contentUrl":"https:\/\/nws-tech.fr\/wp-content\/uploads\/2023\/06\/nws_laser_tr.png","width":655,"height":790,"caption":"NWS Laser - Marque l'avenir"},"image":{"@id":"https:\/\/nws-tech.fr\/fr\/#\/schema\/logo\/image\/"},"sameAs":["https:\/\/fr-fr.facebook.com\/nwstechfr\/","https:\/\/www.linkedin.com\/company\/nws-tech\/"],"description":"Depuis 20 ans, NWS Laser con\u00e7oit et fabrique diff\u00e9rentes machines laser de marquage, gravure et de d\u00e9coupe. Nous fabriquons des machines laser standards ou personnalis\u00e9es, en mettant l'accent sur la s\u00e9curit\u00e9, la pr\u00e9cision et l'\u00e9coute des besoins sp\u00e9cifiques de chaque client. Nos machines sont fabriqu\u00e9es en France. Nos 2 sites de production se situent en C\u00f4te-d'Or.","email":"info@nws-tech.fr","telephone":"+33 4 81 68 04 04","legalName":"NWS","foundingDate":"1998-05-02","vatID":"FR04 493 113 336","numberOfEmployees":{"@type":"QuantitativeValue","minValue":"11","maxValue":"50"},"publishingPrinciples":"https:\/\/nws-tech.fr\/fr\/legal\/mentions-legales\/","ownershipFundingInfo":"https:\/\/nws-tech.fr\/fr\/a-propos\/nws-laser_histoire\/","actionableFeedbackPolicy":"https:\/\/nws-tech.fr\/fr\/legal\/mentions-legales\/","correctionsPolicy":"https:\/\/nws-tech.fr\/fr\/a-propos\/nws-laser-rse-developpement-durable\/","ethicsPolicy":"https:\/\/nws-tech.fr\/fr\/a-propos\/nws-laser-rse-developpement-durable\/","diversityPolicy":"https:\/\/nws-tech.fr\/fr\/a-propos\/nws-laser-rse-developpement-durable\/","diversityStaffingReport":"https:\/\/nws-tech.fr\/fr\/a-propos\/nws-laser-rse-developpement-durable\/"}]}},"_links":{"self":[{"href":"https:\/\/nws-tech.fr\/fr\/wp-json\/wp\/v2\/product\/12158","targetHints":{"allow":["GET"]}}],"collection":[{"href":"https:\/\/nws-tech.fr\/fr\/wp-json\/wp\/v2\/product"}],"about":[{"href":"https:\/\/nws-tech.fr\/fr\/wp-json\/wp\/v2\/types\/product"}],"replies":[{"embeddable":true,"href":"https:\/\/nws-tech.fr\/fr\/wp-json\/wp\/v2\/comments?post=12158"}],"wp:featuredmedia":[{"embeddable":true,"href":"https:\/\/nws-tech.fr\/fr\/wp-json\/wp\/v2\/media\/12222"}],"wp:attachment":[{"href":"https:\/\/nws-tech.fr\/fr\/wp-json\/wp\/v2\/media?parent=12158"}],"wp:term":[{"taxonomy":"product_brand","embeddable":true,"href":"https:\/\/nws-tech.fr\/fr\/wp-json\/wp\/v2\/product_brand?post=12158"},{"taxonomy":"product_cat","embeddable":true,"href":"https:\/\/nws-tech.fr\/fr\/wp-json\/wp\/v2\/product_cat?post=12158"},{"taxonomy":"product_tag","embeddable":true,"href":"https:\/\/nws-tech.fr\/fr\/wp-json\/wp\/v2\/product_tag?post=12158"}],"curies":[{"name":"wp","href":"https:\/\/api.w.org\/{rel}","templated":true}]}}