{"id":15113,"date":"2023-11-23T15:38:08","date_gmt":"2023-11-23T14:38:08","guid":{"rendered":"https:\/\/nws-tech.fr\/produit\/ad-base3-bofa-absauganlage\/"},"modified":"2023-11-23T15:38:08","modified_gmt":"2023-11-23T14:38:08","slug":"ad-base3-bofa-absauganlage","status":"publish","type":"product","link":"https:\/\/nws-tech.fr\/de\/produit\/ad-base3-bofa-absauganlage\/","title":{"rendered":"AD Base3 \u2013 BOFA Absauganlage"},"content":{"rendered":"<p>Die AD Base3 \u2013 BOFA Absauganlage ist ein Hochleistungs-Absaugsystem. Sie wurde f\u00fcr die Beseitigung von D\u00e4mpfen und Partikeln aus einer Vielzahl industrieller Prozesse entwickelt. Sie ist speziell als kleinster und kompaktester Laserabsauger konzipiert. Die Absauganlage ist mit einer automatischen Spannungserkennungsturbine ausgestattet. Die Turbine passt sich automatisch an jede Spannungsart an.    <\/p>\n<p>Die AD Base3 verf\u00fcgt zudem \u00fcber eine R\u00fcckflusslufttechnologie, die die Filterleistung verbessert und so die Lebensdauer der Absauganlage verl\u00e4ngert. Eine automatische Durchflussregelung erm\u00f6glicht es dem Benutzer auch, die korrekten Durchflussraten voreinzustellen, was den Ger\u00e4uschpegel reduziert und den kombinierten Filter sowie den patentierten DeepPleat DUO Vorfilter zus\u00e4tzlich sch\u00fctzt. <\/p>\n<p>Die AD Base3 \u2013 BOFA Absauganlage ist zudem eine benutzerfreundliche Einheit mit einem Design, das den Filterwechsel erleichtert. Dar\u00fcber hinaus ist das Anzeige- und Bedienfeld ideal auf dem Ger\u00e4t platziert. Die Absauganlage ist so konzipiert, dass sie als Arbeitsfl\u00e4che genutzt werden kann, um Laseranwendungen darauf durchzuf\u00fchren.  <\/p>\n<p>Die AD Base3 Absauganlage ist ein kleines und kompaktes Rauchabsaugsystem f\u00fcr Laseranwendungen.<\/p>\n<p style=\"color: blue;\"><b><a href=\"https:\/\/airpropre.fr\/wp-content\/uploads\/2023\/04\/AD-Base-Instruction-Manual.pdf\" target=\"_blank\" rel=\"noopener\">Bedienungsanleitung \u2013 AD Base 3 <\/a><\/b><\/p>\n<h2>Technische Daten<\/h2>\n<p>&nbsp;<\/p>\n<table style=\"height: 138px;\" border=\"1\" width=\"498\">\n<tbody>\n<tr style=\"height: 23px;\">\n<td style=\"width: 180.047px; height: 23px;\">Filtertyp<\/td>\n<td style=\"width: 301.953px; height: 23px;\">Vorfilter; Kombifilter; HEPA-Filter<\/td>\n<\/tr>\n<tr style=\"height: 23px;\">\n<td style=\"width: 180.047px; height: 23px;\">Filtermedium 1<\/td>\n<td style=\"width: 301.953px; height: 23px;\">Glasfaser<\/td>\n<\/tr>\n<tr style=\"height: 23px;\">\n<td style=\"height: 23px; width: 180.047px;\">Filtermedium 2<\/td>\n<td style=\"height: 23px; width: 301.953px;\">Glasfaser<\/td>\n<\/tr>\n<tr>\n<td style=\"width: 180.047px;\">Gewicht Aktivkohle (kg)<\/td>\n<td style=\"width: 301.953px;\">9<\/td>\n<\/tr>\n<tr style=\"height: 23px;\">\n<td style=\"height: 23px; width: 180.047px;\">Luftdurchsatz (m3\/h)<\/td>\n<td style=\"height: 23px; width: 301.953px;\">180<\/td>\n<\/tr>\n<tr style=\"height: 23px;\">\n<td style=\"height: 23px; width: 180.047px;\">Vorfilterfl\u00e4che (m2)<\/td>\n<td style=\"height: 23px; width: 301.953px;\">12<\/td>\n<\/tr>\n<tr>\n<td style=\"width: 180.047px;\">Ger\u00e4uschpegel (dB)<\/td>\n<td style=\"width: 301.953px;\">56<\/td>\n<\/tr>\n<tr>\n<td style=\"width: 180.047px;\">Anwendungstyp<\/td>\n<td style=\"width: 301.953px;\">Laser<\/td>\n<\/tr>\n<tr style=\"height: 23px;\">\n<td style=\"height: 23px; width: 180.047px;\">Gewicht (kg)<\/td>\n<td style=\"height: 23px; width: 301.953px;\">74<\/td>\n<\/tr>\n<\/tbody>\n<\/table>\n<p>&nbsp;<\/p>\n","protected":false},"excerpt":{"rendered":"<p>Die AD Base3 \u2013 BOFA Absauganlage ist f\u00fcr die effektive Behandlung der korrosiven D\u00e4mpfe und St\u00e4ube, die bei Laseranwendungen entstehen, konzipiert.<\/p>\n","protected":false},"featured_media":12366,"comment_status":"open","ping_status":"closed","template":"","meta":{"_et_pb_use_builder":"","_et_pb_old_content":"","_et_gb_content_width":""},"product_brand":[],"product_cat":[806,805,807],"product_tag":[],"class_list":{"0":"post-15113","1":"product","2":"type-product","3":"status-publish","4":"has-post-thumbnail","6":"product_cat-bofa-absauggerate","7":"product_cat-donaldson-bofa","8":"product_cat-laser","9":"product_shipping_class-mono-palette-messaging","11":"first","12":"instock","13":"shipping-taxable","14":"product-type-simple"},"yoast_head":"<!-- This site is optimized with the Yoast SEO Premium plugin v26.9 (Yoast SEO v27.5) - https:\/\/yoast.com\/product\/yoast-seo-premium-wordpress\/ -->\n<title>AD Base3 - BOFA Absauganlage - NWS-TECH \u2022 NWS Laser<\/title>\n<meta name=\"description\" content=\"Die AD Base3 Absauganlage ist ein Rauchabsauger, der f\u00fcr die effektive Behandlung korrosiver D\u00e4mpfe aus Laseranwendungen konzipiert wurde.\" \/>\n<meta name=\"robots\" content=\"index, follow, max-snippet:-1, max-image-preview:large, max-video-preview:-1\" \/>\n<link rel=\"canonical\" href=\"https:\/\/nws-tech.fr\/de\/produit\/ad-base3-bofa-absauganlage\/\" \/>\n<meta property=\"og:locale\" content=\"de_DE\" \/>\n<meta property=\"og:type\" content=\"article\" \/>\n<meta property=\"og:title\" content=\"AD Base3 - BOFA Absauganlage\" \/>\n<meta property=\"og:description\" content=\"Die AD Base3 Absauganlage ist ein Rauchabsauger, der f\u00fcr die effektive Behandlung korrosiver D\u00e4mpfe aus Laseranwendungen konzipiert wurde.\" \/>\n<meta property=\"og:url\" content=\"https:\/\/nws-tech.fr\/de\/produit\/ad-base3-bofa-absauganlage\/\" \/>\n<meta property=\"og:site_name\" content=\"NWS-TECH \u2022 NWS Laser\" \/>\n<meta property=\"article:publisher\" content=\"https:\/\/fr-fr.facebook.com\/nwstechfr\/\" \/>\n<meta property=\"og:image\" content=\"https:\/\/nws-tech.fr\/wp-content\/uploads\/2023\/11\/AD-Base3-extracteur-BOFA.webp\" \/>\n\t<meta property=\"og:image:width\" content=\"367\" \/>\n\t<meta property=\"og:image:height\" content=\"400\" \/>\n\t<meta property=\"og:image:type\" content=\"image\/webp\" \/>\n<meta name=\"twitter:card\" content=\"summary_large_image\" \/>\n<meta name=\"twitter:label1\" content=\"Gesch\u00e4tzte Lesezeit\" \/>\n\t<meta name=\"twitter:data1\" content=\"1\u00a0Minute\" \/>\n<script type=\"application\/ld+json\" class=\"yoast-schema-graph\">{\"@context\":\"https:\\\/\\\/schema.org\",\"@graph\":[{\"@type\":\"WebPage\",\"@id\":\"https:\\\/\\\/nws-tech.fr\\\/de\\\/produit\\\/ad-base3-bofa-absauganlage\\\/\",\"url\":\"https:\\\/\\\/nws-tech.fr\\\/de\\\/produit\\\/ad-base3-bofa-absauganlage\\\/\",\"name\":\"AD Base3 - BOFA Absauganlage - NWS-TECH \u2022 NWS Laser\",\"isPartOf\":{\"@id\":\"https:\\\/\\\/nws-tech.fr\\\/de\\\/#website\"},\"primaryImageOfPage\":{\"@id\":\"https:\\\/\\\/nws-tech.fr\\\/de\\\/produit\\\/ad-base3-bofa-absauganlage\\\/#primaryimage\"},\"image\":{\"@id\":\"https:\\\/\\\/nws-tech.fr\\\/de\\\/produit\\\/ad-base3-bofa-absauganlage\\\/#primaryimage\"},\"thumbnailUrl\":\"https:\\\/\\\/nws-tech.fr\\\/wp-content\\\/uploads\\\/2023\\\/11\\\/AD-Base3-extracteur-BOFA.webp\",\"datePublished\":\"2023-11-23T14:38:08+00:00\",\"description\":\"Die AD Base3 Absauganlage ist ein Rauchabsauger, der f\u00fcr die effektive Behandlung korrosiver D\u00e4mpfe aus Laseranwendungen konzipiert wurde.\",\"breadcrumb\":{\"@id\":\"https:\\\/\\\/nws-tech.fr\\\/de\\\/produit\\\/ad-base3-bofa-absauganlage\\\/#breadcrumb\"},\"inLanguage\":\"de\",\"potentialAction\":[{\"@type\":\"ReadAction\",\"target\":[\"https:\\\/\\\/nws-tech.fr\\\/de\\\/produit\\\/ad-base3-bofa-absauganlage\\\/\"]}]},{\"@type\":\"ImageObject\",\"inLanguage\":\"de\",\"@id\":\"https:\\\/\\\/nws-tech.fr\\\/de\\\/produit\\\/ad-base3-bofa-absauganlage\\\/#primaryimage\",\"url\":\"https:\\\/\\\/nws-tech.fr\\\/wp-content\\\/uploads\\\/2023\\\/11\\\/AD-Base3-extracteur-BOFA.webp\",\"contentUrl\":\"https:\\\/\\\/nws-tech.fr\\\/wp-content\\\/uploads\\\/2023\\\/11\\\/AD-Base3-extracteur-BOFA.webp\",\"width\":367,\"height\":400},{\"@type\":\"BreadcrumbList\",\"@id\":\"https:\\\/\\\/nws-tech.fr\\\/de\\\/produit\\\/ad-base3-bofa-absauganlage\\\/#breadcrumb\",\"itemListElement\":[{\"@type\":\"ListItem\",\"position\":1,\"name\":\"Accueil\",\"item\":\"https:\\\/\\\/nws-tech.fr\\\/de\\\/\"},{\"@type\":\"ListItem\",\"position\":2,\"name\":\"Shop\",\"item\":\"https:\\\/\\\/nws-tech.fr\\\/de\\\/shop\\\/\"},{\"@type\":\"ListItem\",\"position\":3,\"name\":\"AD Base3 \u2013 BOFA Absauganlage\"}]},{\"@type\":\"WebSite\",\"@id\":\"https:\\\/\\\/nws-tech.fr\\\/de\\\/#website\",\"url\":\"https:\\\/\\\/nws-tech.fr\\\/de\\\/\",\"name\":\"NWS LASER - Marque l'avenir\",\"description\":\"Fabricant fran\u00e7ais de Lasers de marquage, gravure et d\u00e9coupe\",\"publisher\":{\"@id\":\"https:\\\/\\\/nws-tech.fr\\\/de\\\/#organization\"},\"alternateName\":\"NWS LASER\",\"potentialAction\":[{\"@type\":\"SearchAction\",\"target\":{\"@type\":\"EntryPoint\",\"urlTemplate\":\"https:\\\/\\\/nws-tech.fr\\\/de\\\/?s={search_term_string}\"},\"query-input\":{\"@type\":\"PropertyValueSpecification\",\"valueRequired\":true,\"valueName\":\"search_term_string\"}}],\"inLanguage\":\"de\"},{\"@type\":\"Organization\",\"@id\":\"https:\\\/\\\/nws-tech.fr\\\/de\\\/#organization\",\"name\":\"NWS Laser - Marque l'avenir\",\"alternateName\":\"NWS Laser\",\"url\":\"https:\\\/\\\/nws-tech.fr\\\/de\\\/\",\"logo\":{\"@type\":\"ImageObject\",\"inLanguage\":\"de\",\"@id\":\"https:\\\/\\\/nws-tech.fr\\\/de\\\/#\\\/schema\\\/logo\\\/image\\\/\",\"url\":\"https:\\\/\\\/nws-tech.fr\\\/wp-content\\\/uploads\\\/2023\\\/06\\\/nws_laser_tr.png\",\"contentUrl\":\"https:\\\/\\\/nws-tech.fr\\\/wp-content\\\/uploads\\\/2023\\\/06\\\/nws_laser_tr.png\",\"width\":655,\"height\":790,\"caption\":\"NWS Laser - Marque l'avenir\"},\"image\":{\"@id\":\"https:\\\/\\\/nws-tech.fr\\\/de\\\/#\\\/schema\\\/logo\\\/image\\\/\"},\"sameAs\":[\"https:\\\/\\\/fr-fr.facebook.com\\\/nwstechfr\\\/\",\"https:\\\/\\\/www.linkedin.com\\\/company\\\/nws-tech\\\/\"],\"description\":\"Depuis 20 ans, NWS Laser con\u00e7oit et fabrique diff\u00e9rentes machines laser de marquage, gravure et de d\u00e9coupe. Nous fabriquons des machines laser standards ou personnalis\u00e9es, en mettant l'accent sur la s\u00e9curit\u00e9, la pr\u00e9cision et l'\u00e9coute des besoins sp\u00e9cifiques de chaque client. Nos machines sont fabriqu\u00e9es en France. Nos 2 sites de production se situent en C\u00f4te-d'Or.\",\"email\":\"info@nws-tech.fr\",\"telephone\":\"+33 4 81 68 04 04\",\"legalName\":\"NWS\",\"foundingDate\":\"1998-05-02\",\"vatID\":\"FR04 493 113 336\",\"numberOfEmployees\":{\"@type\":\"QuantitativeValue\",\"minValue\":\"11\",\"maxValue\":\"50\"},\"publishingPrinciples\":\"https:\\\/\\\/nws-tech.fr\\\/fr\\\/legal\\\/mentions-legales\\\/\",\"ownershipFundingInfo\":\"https:\\\/\\\/nws-tech.fr\\\/fr\\\/a-propos\\\/nws-laser_histoire\\\/\",\"actionableFeedbackPolicy\":\"https:\\\/\\\/nws-tech.fr\\\/fr\\\/legal\\\/mentions-legales\\\/\",\"correctionsPolicy\":\"https:\\\/\\\/nws-tech.fr\\\/fr\\\/a-propos\\\/nws-laser-rse-developpement-durable\\\/\",\"ethicsPolicy\":\"https:\\\/\\\/nws-tech.fr\\\/fr\\\/a-propos\\\/nws-laser-rse-developpement-durable\\\/\",\"diversityPolicy\":\"https:\\\/\\\/nws-tech.fr\\\/fr\\\/a-propos\\\/nws-laser-rse-developpement-durable\\\/\",\"diversityStaffingReport\":\"https:\\\/\\\/nws-tech.fr\\\/fr\\\/a-propos\\\/nws-laser-rse-developpement-durable\\\/\"}]}<\/script>\n<!-- \/ Yoast SEO Premium plugin. -->","yoast_head_json":{"title":"AD Base3 - BOFA Absauganlage - NWS-TECH \u2022 NWS Laser","description":"Die AD Base3 Absauganlage ist ein Rauchabsauger, der f\u00fcr die effektive Behandlung korrosiver D\u00e4mpfe aus Laseranwendungen konzipiert wurde.","robots":{"index":"index","follow":"follow","max-snippet":"max-snippet:-1","max-image-preview":"max-image-preview:large","max-video-preview":"max-video-preview:-1"},"canonical":"https:\/\/nws-tech.fr\/de\/produit\/ad-base3-bofa-absauganlage\/","og_locale":"de_DE","og_type":"article","og_title":"AD Base3 - BOFA Absauganlage","og_description":"Die AD Base3 Absauganlage ist ein Rauchabsauger, der f\u00fcr die effektive Behandlung korrosiver D\u00e4mpfe aus Laseranwendungen konzipiert wurde.","og_url":"https:\/\/nws-tech.fr\/de\/produit\/ad-base3-bofa-absauganlage\/","og_site_name":"NWS-TECH \u2022 NWS Laser","article_publisher":"https:\/\/fr-fr.facebook.com\/nwstechfr\/","og_image":[{"width":367,"height":400,"url":"https:\/\/nws-tech.fr\/wp-content\/uploads\/2023\/11\/AD-Base3-extracteur-BOFA.webp","type":"image\/webp"}],"twitter_card":"summary_large_image","twitter_misc":{"Gesch\u00e4tzte Lesezeit":"1\u00a0Minute"},"schema":{"@context":"https:\/\/schema.org","@graph":[{"@type":"WebPage","@id":"https:\/\/nws-tech.fr\/de\/produit\/ad-base3-bofa-absauganlage\/","url":"https:\/\/nws-tech.fr\/de\/produit\/ad-base3-bofa-absauganlage\/","name":"AD Base3 - BOFA Absauganlage - NWS-TECH \u2022 NWS Laser","isPartOf":{"@id":"https:\/\/nws-tech.fr\/de\/#website"},"primaryImageOfPage":{"@id":"https:\/\/nws-tech.fr\/de\/produit\/ad-base3-bofa-absauganlage\/#primaryimage"},"image":{"@id":"https:\/\/nws-tech.fr\/de\/produit\/ad-base3-bofa-absauganlage\/#primaryimage"},"thumbnailUrl":"https:\/\/nws-tech.fr\/wp-content\/uploads\/2023\/11\/AD-Base3-extracteur-BOFA.webp","datePublished":"2023-11-23T14:38:08+00:00","description":"Die AD Base3 Absauganlage ist ein Rauchabsauger, der f\u00fcr die effektive Behandlung korrosiver D\u00e4mpfe aus Laseranwendungen konzipiert wurde.","breadcrumb":{"@id":"https:\/\/nws-tech.fr\/de\/produit\/ad-base3-bofa-absauganlage\/#breadcrumb"},"inLanguage":"de","potentialAction":[{"@type":"ReadAction","target":["https:\/\/nws-tech.fr\/de\/produit\/ad-base3-bofa-absauganlage\/"]}]},{"@type":"ImageObject","inLanguage":"de","@id":"https:\/\/nws-tech.fr\/de\/produit\/ad-base3-bofa-absauganlage\/#primaryimage","url":"https:\/\/nws-tech.fr\/wp-content\/uploads\/2023\/11\/AD-Base3-extracteur-BOFA.webp","contentUrl":"https:\/\/nws-tech.fr\/wp-content\/uploads\/2023\/11\/AD-Base3-extracteur-BOFA.webp","width":367,"height":400},{"@type":"BreadcrumbList","@id":"https:\/\/nws-tech.fr\/de\/produit\/ad-base3-bofa-absauganlage\/#breadcrumb","itemListElement":[{"@type":"ListItem","position":1,"name":"Accueil","item":"https:\/\/nws-tech.fr\/de\/"},{"@type":"ListItem","position":2,"name":"Shop","item":"https:\/\/nws-tech.fr\/de\/shop\/"},{"@type":"ListItem","position":3,"name":"AD Base3 \u2013 BOFA Absauganlage"}]},{"@type":"WebSite","@id":"https:\/\/nws-tech.fr\/de\/#website","url":"https:\/\/nws-tech.fr\/de\/","name":"NWS LASER - Marque l'avenir","description":"Fabricant fran\u00e7ais de Lasers de marquage, gravure et d\u00e9coupe","publisher":{"@id":"https:\/\/nws-tech.fr\/de\/#organization"},"alternateName":"NWS LASER","potentialAction":[{"@type":"SearchAction","target":{"@type":"EntryPoint","urlTemplate":"https:\/\/nws-tech.fr\/de\/?s={search_term_string}"},"query-input":{"@type":"PropertyValueSpecification","valueRequired":true,"valueName":"search_term_string"}}],"inLanguage":"de"},{"@type":"Organization","@id":"https:\/\/nws-tech.fr\/de\/#organization","name":"NWS Laser - Marque l'avenir","alternateName":"NWS Laser","url":"https:\/\/nws-tech.fr\/de\/","logo":{"@type":"ImageObject","inLanguage":"de","@id":"https:\/\/nws-tech.fr\/de\/#\/schema\/logo\/image\/","url":"https:\/\/nws-tech.fr\/wp-content\/uploads\/2023\/06\/nws_laser_tr.png","contentUrl":"https:\/\/nws-tech.fr\/wp-content\/uploads\/2023\/06\/nws_laser_tr.png","width":655,"height":790,"caption":"NWS Laser - Marque l'avenir"},"image":{"@id":"https:\/\/nws-tech.fr\/de\/#\/schema\/logo\/image\/"},"sameAs":["https:\/\/fr-fr.facebook.com\/nwstechfr\/","https:\/\/www.linkedin.com\/company\/nws-tech\/"],"description":"Depuis 20 ans, NWS Laser con\u00e7oit et fabrique diff\u00e9rentes machines laser de marquage, gravure et de d\u00e9coupe. Nous fabriquons des machines laser standards ou personnalis\u00e9es, en mettant l'accent sur la s\u00e9curit\u00e9, la pr\u00e9cision et l'\u00e9coute des besoins sp\u00e9cifiques de chaque client. Nos machines sont fabriqu\u00e9es en France. Nos 2 sites de production se situent en C\u00f4te-d'Or.","email":"info@nws-tech.fr","telephone":"+33 4 81 68 04 04","legalName":"NWS","foundingDate":"1998-05-02","vatID":"FR04 493 113 336","numberOfEmployees":{"@type":"QuantitativeValue","minValue":"11","maxValue":"50"},"publishingPrinciples":"https:\/\/nws-tech.fr\/fr\/legal\/mentions-legales\/","ownershipFundingInfo":"https:\/\/nws-tech.fr\/fr\/a-propos\/nws-laser_histoire\/","actionableFeedbackPolicy":"https:\/\/nws-tech.fr\/fr\/legal\/mentions-legales\/","correctionsPolicy":"https:\/\/nws-tech.fr\/fr\/a-propos\/nws-laser-rse-developpement-durable\/","ethicsPolicy":"https:\/\/nws-tech.fr\/fr\/a-propos\/nws-laser-rse-developpement-durable\/","diversityPolicy":"https:\/\/nws-tech.fr\/fr\/a-propos\/nws-laser-rse-developpement-durable\/","diversityStaffingReport":"https:\/\/nws-tech.fr\/fr\/a-propos\/nws-laser-rse-developpement-durable\/"}]}},"_links":{"self":[{"href":"https:\/\/nws-tech.fr\/de\/wp-json\/wp\/v2\/product\/15113","targetHints":{"allow":["GET"]}}],"collection":[{"href":"https:\/\/nws-tech.fr\/de\/wp-json\/wp\/v2\/product"}],"about":[{"href":"https:\/\/nws-tech.fr\/de\/wp-json\/wp\/v2\/types\/product"}],"replies":[{"embeddable":true,"href":"https:\/\/nws-tech.fr\/de\/wp-json\/wp\/v2\/comments?post=15113"}],"wp:featuredmedia":[{"embeddable":true,"href":"https:\/\/nws-tech.fr\/de\/wp-json\/wp\/v2\/media\/12366"}],"wp:attachment":[{"href":"https:\/\/nws-tech.fr\/de\/wp-json\/wp\/v2\/media?parent=15113"}],"wp:term":[{"taxonomy":"product_brand","embeddable":true,"href":"https:\/\/nws-tech.fr\/de\/wp-json\/wp\/v2\/product_brand?post=15113"},{"taxonomy":"product_cat","embeddable":true,"href":"https:\/\/nws-tech.fr\/de\/wp-json\/wp\/v2\/product_cat?post=15113"},{"taxonomy":"product_tag","embeddable":true,"href":"https:\/\/nws-tech.fr\/de\/wp-json\/wp\/v2\/product_tag?post=15113"}],"curies":[{"name":"wp","href":"https:\/\/api.w.org\/{rel}","templated":true}]}}