{"id":15102,"date":"2023-11-23T15:36:30","date_gmt":"2023-11-23T14:36:30","guid":{"rendered":"https:\/\/nws-tech.fr\/produit\/ad-1500-iq-bofa-absauganlage\/"},"modified":"2023-11-23T15:36:30","modified_gmt":"2023-11-23T14:36:30","slug":"ad-1500-iq-bofa-absauganlage","status":"publish","type":"product","link":"https:\/\/nws-tech.fr\/de\/produit\/ad-1500-iq-bofa-absauganlage\/","title":{"rendered":"AD 1500 IQ \u2013 BOFA-Absauganlage"},"content":{"rendered":"<div class=\"flex-1 overflow-hidden\">\n<div class=\"react-scroll-to-bottom--css-tfvgq-79elbk h-full dark:bg-gray-800\">\n<div class=\"react-scroll-to-bottom--css-tfvgq-1n7m0yu\">\n<div class=\"flex flex-col items-center text-sm dark:bg-gray-800\">\n<div class=\"w-full border-b border-black\/10 dark:border-gray-900\/50 text-gray-800 dark:text-gray-100 group bg-gray-50 dark:bg-[#444654]\">\n<div class=\"text-base gap-4 md:gap-6 m-auto md:max-w-2xl lg:max-w-2xl xl:max-w-3xl p-4 md:py-6 flex lg:px-0\">\n<div class=\"relative flex w-[calc(100%-50px)] flex-col gap-1 md:gap-3 lg:w-[calc(100%-115px)]\">\n<div class=\"flex flex-grow flex-col gap-3\">\n<div class=\"min-h-[20px] flex flex-col items-start gap-4 whitespace-pre-wrap\">\n<div class=\"markdown prose w-full break-words dark:prose-invert light\"><\/div>\n<\/div>\n<\/div>\n<\/div>\n<\/div>\n<\/div>\n<\/div>\n<\/div>\n<\/div>\n<\/div>\n<p>Die AD 1500 IQ ist eine Premium-Absauganlage f\u00fcr Rauch und Partikel. Sie kombiniert eine sehr hohe Filterkapazit\u00e4t mit hohen Luftdurchsatz- und Druckwerten. Damit ist sie die ideale Wahl f\u00fcr intensive Anwendungen, bei denen gro\u00dfe Mengen sch\u00e4dlicher Partikel entstehen. Die Leistung wurde durch mehrere Funktionen weiter verbessert, zum Beispiel durch das patentierte und bew\u00e4hrte BOFA-\u201eiQ\u201c-System, wodurch diese Absauganlage zu den fortschrittlichsten Systemen am Markt z\u00e4hlt.    <\/p>\n<div class=\"flex-1 overflow-hidden\">\n<div class=\"react-scroll-to-bottom--css-tfvgq-79elbk h-full dark:bg-gray-800\">\n<div class=\"react-scroll-to-bottom--css-tfvgq-1n7m0yu\">\n<div class=\"flex flex-col items-center text-sm dark:bg-gray-800\">\n<div class=\"w-full border-b border-black\/10 dark:border-gray-900\/50 text-gray-800 dark:text-gray-100 group bg-gray-50 dark:bg-[#444654]\">\n<div class=\"text-base gap-4 md:gap-6 m-auto md:max-w-2xl lg:max-w-2xl xl:max-w-3xl p-4 md:py-6 flex lg:px-0\">\n<div class=\"relative flex w-[calc(100%-50px)] flex-col gap-1 md:gap-3 lg:w-[calc(100%-115px)]\">\n<div class=\"flex flex-grow flex-col gap-3\">\n<div class=\"min-h-[20px] flex flex-col items-start gap-4 whitespace-pre-wrap\">\n<div class=\"markdown prose w-full break-words dark:prose-invert light\">\n<p>Die AD 1500 IQ verf\u00fcgt au\u00dferdem \u00fcber einen leistungsstarken Motor und einen hocheffizienten Partikelfilter (HEPA), der Partikel bis zu 0,3 Mikron erfasst. Damit entfernt das System potenziell sch\u00e4dliche luftgetragene Verunreinigungen zuverl\u00e4ssig. Zus\u00e4tzlich ist ein Aktivkohlefilter integriert, der Rauch und Ger\u00fcche absorbiert.  <\/p>\n<p>Wird mit einem benutzerfreundlichen digitalen Bedienfeld geliefert. Die Absauganlage erm\u00f6glicht eine pr\u00e4zise Einstellung der Parameter, z. B. der L\u00fcftergeschwindigkeit, sowie die Filter\u00fcberwachung. Die Filterstatusanzeige informiert Sie, wenn der Filter ausgetauscht werden muss \u2013 zur Reduzierung von Stillstandszeiten und f\u00fcr optimale Leistung.    <\/p>\n<p>Mit ihrem kompakten Design und dem niedrigen Ger\u00e4uschpegel ist die AD 1500 IQ eine praktische, unauff\u00e4llige L\u00f6sung f\u00fcr jeden Arbeitsplatz. Zudem ist sie dank einfacher Filterwechselverfahren leicht zu warten. <\/p>\n<\/div>\n<\/div>\n<\/div>\n<div class=\"flex justify-between\">\n<div class=\"text-gray-400 flex self-end lg:self-center justify-center mt-2 gap-3 md:gap-4 lg:gap-1 lg:absolute lg:top-0 lg:translate-x-full lg:right-0 lg:mt-0 lg:pl-2 visible\"><\/div>\n<\/div>\n<\/div>\n<\/div>\n<\/div>\n<\/div>\n<\/div>\n<\/div>\n<\/div>\n<p style=\"color: blue;\"><b><a href=\"https:\/\/airpropre.fr\/wp-content\/uploads\/2023\/03\/AD1500-iQ-User-Manual-Fr.pdf\" target=\"_blank\" rel=\"noopener\">Bedienungsanleitung \u2013 AD 1 500 IQ<\/a><\/b><\/p>\n<h2>Technische Daten<\/h2>\n<p>&nbsp;<\/p>\n<table style=\"height: 138px;\" border=\"1\" width=\"498\">\n<tbody>\n<tr style=\"height: 23px;\">\n<td style=\"width: 180.047px; height: 23px;\">Filtertyp<\/td>\n<td style=\"width: 301.953px; height: 23px;\">Vorfilter; Kombifilter; HEPA-Filter<\/td>\n<\/tr>\n<tr style=\"height: 23px;\">\n<td style=\"width: 180.047px; height: 23px;\">Filtermedium 1<\/td>\n<td style=\"width: 301.953px; height: 23px;\">Glasfaser<\/td>\n<\/tr>\n<tr style=\"height: 23px;\">\n<td style=\"height: 23px; width: 180.047px;\">Filtermedium 2<\/td>\n<td style=\"height: 23px; width: 301.953px;\">Glasfaser<\/td>\n<\/tr>\n<tr>\n<td style=\"width: 180.047px;\">Gewicht der Aktivkohle (kg)<\/td>\n<td style=\"width: 301.953px;\">34<\/td>\n<\/tr>\n<tr style=\"height: 23px;\">\n<td style=\"height: 23px; width: 180.047px;\">Luftdurchsatz (m3\/h)<\/td>\n<td style=\"height: 23px; width: 301.953px;\">1250<\/td>\n<\/tr>\n<tr>\n<td style=\"width: 180.047px;\">Einlassdurchmesser (mm)<\/td>\n<td style=\"width: 301.953px;\">125<\/td>\n<\/tr>\n<tr style=\"height: 23px;\">\n<td style=\"height: 23px; width: 180.047px;\">Vorfilterfl\u00e4che (m2)<\/td>\n<td style=\"height: 23px; width: 301.953px;\">30<\/td>\n<\/tr>\n<tr>\n<td style=\"width: 180.047px;\">Ger\u00e4uschpegel (dB)<\/td>\n<td style=\"width: 301.953px;\">66<\/td>\n<\/tr>\n<tr>\n<td style=\"width: 180.047px;\">Anwendungstyp<\/td>\n<td style=\"width: 301.953px;\">Laser<\/td>\n<\/tr>\n<tr style=\"height: 23px;\">\n<td style=\"height: 23px; width: 180.047px;\">Gewicht (kg)<\/td>\n<td style=\"height: 23px; width: 301.953px;\">146<\/td>\n<\/tr>\n<\/tbody>\n<\/table>\n<p>&nbsp;<\/p>\n","protected":false},"excerpt":{"rendered":"<p>Die AD 1500 iQ ist die ideale Wahl f\u00fcr anspruchsvolle Anwendungen.<\/p>\n","protected":false},"featured_media":12299,"comment_status":"open","ping_status":"closed","template":"","meta":{"_et_pb_use_builder":"","_et_pb_old_content":"","_et_gb_content_width":""},"product_brand":[],"product_cat":[806,805,807],"product_tag":[],"class_list":{"0":"post-15102","1":"product","2":"type-product","3":"status-publish","4":"has-post-thumbnail","6":"product_cat-bofa-absauggerate","7":"product_cat-donaldson-bofa","8":"product_cat-laser","9":"product_shipping_class-mono-palette-messaging","11":"first","12":"instock","13":"shipping-taxable","14":"product-type-simple"},"yoast_head":"<!-- This site is optimized with the Yoast SEO Premium plugin v26.9 (Yoast SEO v27.5) - https:\/\/yoast.com\/product\/yoast-seo-premium-wordpress\/ -->\n<title>AD 1500 IQ \u2013 BOFA-Absauganlage - NWS-TECH \u2022 NWS Laser<\/title>\n<meta name=\"description\" content=\"Die AD 1500 IQ Rauch- und Partikelabsauganlage ist ein Hochleistungsfiltersystem, ideal f\u00fcr anspruchsvolle Anwendungen.\" \/>\n<meta name=\"robots\" content=\"index, follow, max-snippet:-1, max-image-preview:large, max-video-preview:-1\" \/>\n<link rel=\"canonical\" href=\"https:\/\/nws-tech.fr\/de\/produit\/ad-1500-iq-bofa-absauganlage\/\" \/>\n<meta property=\"og:locale\" content=\"de_DE\" \/>\n<meta property=\"og:type\" content=\"article\" \/>\n<meta property=\"og:title\" content=\"AD 1500 IQ \u2013 BOFA-Absauganlage\" \/>\n<meta property=\"og:description\" content=\"Die AD 1500 IQ Rauch- und Partikelabsauganlage ist ein Hochleistungsfiltersystem, ideal f\u00fcr anspruchsvolle Anwendungen.\" \/>\n<meta property=\"og:url\" content=\"https:\/\/nws-tech.fr\/de\/produit\/ad-1500-iq-bofa-absauganlage\/\" \/>\n<meta property=\"og:site_name\" content=\"NWS-TECH \u2022 NWS Laser\" \/>\n<meta property=\"article:publisher\" content=\"https:\/\/fr-fr.facebook.com\/nwstechfr\/\" \/>\n<meta property=\"og:image\" content=\"https:\/\/nws-tech.fr\/wp-content\/uploads\/2023\/11\/AD-1000-iQ.webp\" \/>\n\t<meta property=\"og:image:width\" content=\"960\" \/>\n\t<meta property=\"og:image:height\" content=\"750\" \/>\n\t<meta property=\"og:image:type\" content=\"image\/webp\" \/>\n<meta name=\"twitter:card\" content=\"summary_large_image\" \/>\n<meta name=\"twitter:label1\" content=\"Gesch\u00e4tzte Lesezeit\" \/>\n\t<meta name=\"twitter:data1\" content=\"1\u00a0Minute\" \/>\n<script type=\"application\/ld+json\" class=\"yoast-schema-graph\">{\"@context\":\"https:\\\/\\\/schema.org\",\"@graph\":[{\"@type\":\"WebPage\",\"@id\":\"https:\\\/\\\/nws-tech.fr\\\/de\\\/produit\\\/ad-1500-iq-bofa-absauganlage\\\/\",\"url\":\"https:\\\/\\\/nws-tech.fr\\\/de\\\/produit\\\/ad-1500-iq-bofa-absauganlage\\\/\",\"name\":\"AD 1500 IQ \u2013 BOFA-Absauganlage - NWS-TECH \u2022 NWS Laser\",\"isPartOf\":{\"@id\":\"https:\\\/\\\/nws-tech.fr\\\/de\\\/#website\"},\"primaryImageOfPage\":{\"@id\":\"https:\\\/\\\/nws-tech.fr\\\/de\\\/produit\\\/ad-1500-iq-bofa-absauganlage\\\/#primaryimage\"},\"image\":{\"@id\":\"https:\\\/\\\/nws-tech.fr\\\/de\\\/produit\\\/ad-1500-iq-bofa-absauganlage\\\/#primaryimage\"},\"thumbnailUrl\":\"https:\\\/\\\/nws-tech.fr\\\/wp-content\\\/uploads\\\/2023\\\/11\\\/AD-1000-iQ.webp\",\"datePublished\":\"2023-11-23T14:36:30+00:00\",\"description\":\"Die AD 1500 IQ Rauch- und Partikelabsauganlage ist ein Hochleistungsfiltersystem, ideal f\u00fcr anspruchsvolle Anwendungen.\",\"breadcrumb\":{\"@id\":\"https:\\\/\\\/nws-tech.fr\\\/de\\\/produit\\\/ad-1500-iq-bofa-absauganlage\\\/#breadcrumb\"},\"inLanguage\":\"de\",\"potentialAction\":[{\"@type\":\"ReadAction\",\"target\":[\"https:\\\/\\\/nws-tech.fr\\\/de\\\/produit\\\/ad-1500-iq-bofa-absauganlage\\\/\"]}]},{\"@type\":\"ImageObject\",\"inLanguage\":\"de\",\"@id\":\"https:\\\/\\\/nws-tech.fr\\\/de\\\/produit\\\/ad-1500-iq-bofa-absauganlage\\\/#primaryimage\",\"url\":\"https:\\\/\\\/nws-tech.fr\\\/wp-content\\\/uploads\\\/2023\\\/11\\\/AD-1000-iQ.webp\",\"contentUrl\":\"https:\\\/\\\/nws-tech.fr\\\/wp-content\\\/uploads\\\/2023\\\/11\\\/AD-1000-iQ.webp\",\"width\":960,\"height\":750},{\"@type\":\"BreadcrumbList\",\"@id\":\"https:\\\/\\\/nws-tech.fr\\\/de\\\/produit\\\/ad-1500-iq-bofa-absauganlage\\\/#breadcrumb\",\"itemListElement\":[{\"@type\":\"ListItem\",\"position\":1,\"name\":\"Accueil\",\"item\":\"https:\\\/\\\/nws-tech.fr\\\/de\\\/\"},{\"@type\":\"ListItem\",\"position\":2,\"name\":\"Shop\",\"item\":\"https:\\\/\\\/nws-tech.fr\\\/de\\\/shop\\\/\"},{\"@type\":\"ListItem\",\"position\":3,\"name\":\"AD 1500 IQ \u2013 BOFA-Absauganlage\"}]},{\"@type\":\"WebSite\",\"@id\":\"https:\\\/\\\/nws-tech.fr\\\/de\\\/#website\",\"url\":\"https:\\\/\\\/nws-tech.fr\\\/de\\\/\",\"name\":\"NWS LASER - Marque l'avenir\",\"description\":\"Fabricant fran\u00e7ais de Lasers de marquage, gravure et d\u00e9coupe\",\"publisher\":{\"@id\":\"https:\\\/\\\/nws-tech.fr\\\/de\\\/#organization\"},\"alternateName\":\"NWS LASER\",\"potentialAction\":[{\"@type\":\"SearchAction\",\"target\":{\"@type\":\"EntryPoint\",\"urlTemplate\":\"https:\\\/\\\/nws-tech.fr\\\/de\\\/?s={search_term_string}\"},\"query-input\":{\"@type\":\"PropertyValueSpecification\",\"valueRequired\":true,\"valueName\":\"search_term_string\"}}],\"inLanguage\":\"de\"},{\"@type\":\"Organization\",\"@id\":\"https:\\\/\\\/nws-tech.fr\\\/de\\\/#organization\",\"name\":\"NWS Laser - Marque l'avenir\",\"alternateName\":\"NWS Laser\",\"url\":\"https:\\\/\\\/nws-tech.fr\\\/de\\\/\",\"logo\":{\"@type\":\"ImageObject\",\"inLanguage\":\"de\",\"@id\":\"https:\\\/\\\/nws-tech.fr\\\/de\\\/#\\\/schema\\\/logo\\\/image\\\/\",\"url\":\"https:\\\/\\\/nws-tech.fr\\\/wp-content\\\/uploads\\\/2023\\\/06\\\/nws_laser_tr.png\",\"contentUrl\":\"https:\\\/\\\/nws-tech.fr\\\/wp-content\\\/uploads\\\/2023\\\/06\\\/nws_laser_tr.png\",\"width\":655,\"height\":790,\"caption\":\"NWS Laser - Marque l'avenir\"},\"image\":{\"@id\":\"https:\\\/\\\/nws-tech.fr\\\/de\\\/#\\\/schema\\\/logo\\\/image\\\/\"},\"sameAs\":[\"https:\\\/\\\/fr-fr.facebook.com\\\/nwstechfr\\\/\",\"https:\\\/\\\/www.linkedin.com\\\/company\\\/nws-tech\\\/\"],\"description\":\"Depuis 20 ans, NWS Laser con\u00e7oit et fabrique diff\u00e9rentes machines laser de marquage, gravure et de d\u00e9coupe. Nous fabriquons des machines laser standards ou personnalis\u00e9es, en mettant l'accent sur la s\u00e9curit\u00e9, la pr\u00e9cision et l'\u00e9coute des besoins sp\u00e9cifiques de chaque client. Nos machines sont fabriqu\u00e9es en France. Nos 2 sites de production se situent en C\u00f4te-d'Or.\",\"email\":\"info@nws-tech.fr\",\"telephone\":\"+33 4 81 68 04 04\",\"legalName\":\"NWS\",\"foundingDate\":\"1998-05-02\",\"vatID\":\"FR04 493 113 336\",\"numberOfEmployees\":{\"@type\":\"QuantitativeValue\",\"minValue\":\"11\",\"maxValue\":\"50\"},\"publishingPrinciples\":\"https:\\\/\\\/nws-tech.fr\\\/fr\\\/legal\\\/mentions-legales\\\/\",\"ownershipFundingInfo\":\"https:\\\/\\\/nws-tech.fr\\\/fr\\\/a-propos\\\/nws-laser_histoire\\\/\",\"actionableFeedbackPolicy\":\"https:\\\/\\\/nws-tech.fr\\\/fr\\\/legal\\\/mentions-legales\\\/\",\"correctionsPolicy\":\"https:\\\/\\\/nws-tech.fr\\\/fr\\\/a-propos\\\/nws-laser-rse-developpement-durable\\\/\",\"ethicsPolicy\":\"https:\\\/\\\/nws-tech.fr\\\/fr\\\/a-propos\\\/nws-laser-rse-developpement-durable\\\/\",\"diversityPolicy\":\"https:\\\/\\\/nws-tech.fr\\\/fr\\\/a-propos\\\/nws-laser-rse-developpement-durable\\\/\",\"diversityStaffingReport\":\"https:\\\/\\\/nws-tech.fr\\\/fr\\\/a-propos\\\/nws-laser-rse-developpement-durable\\\/\"}]}<\/script>\n<!-- \/ Yoast SEO Premium plugin. -->","yoast_head_json":{"title":"AD 1500 IQ \u2013 BOFA-Absauganlage - NWS-TECH \u2022 NWS Laser","description":"Die AD 1500 IQ Rauch- und Partikelabsauganlage ist ein Hochleistungsfiltersystem, ideal f\u00fcr anspruchsvolle Anwendungen.","robots":{"index":"index","follow":"follow","max-snippet":"max-snippet:-1","max-image-preview":"max-image-preview:large","max-video-preview":"max-video-preview:-1"},"canonical":"https:\/\/nws-tech.fr\/de\/produit\/ad-1500-iq-bofa-absauganlage\/","og_locale":"de_DE","og_type":"article","og_title":"AD 1500 IQ \u2013 BOFA-Absauganlage","og_description":"Die AD 1500 IQ Rauch- und Partikelabsauganlage ist ein Hochleistungsfiltersystem, ideal f\u00fcr anspruchsvolle Anwendungen.","og_url":"https:\/\/nws-tech.fr\/de\/produit\/ad-1500-iq-bofa-absauganlage\/","og_site_name":"NWS-TECH \u2022 NWS Laser","article_publisher":"https:\/\/fr-fr.facebook.com\/nwstechfr\/","og_image":[{"width":960,"height":750,"url":"https:\/\/nws-tech.fr\/wp-content\/uploads\/2023\/11\/AD-1000-iQ.webp","type":"image\/webp"}],"twitter_card":"summary_large_image","twitter_misc":{"Gesch\u00e4tzte Lesezeit":"1\u00a0Minute"},"schema":{"@context":"https:\/\/schema.org","@graph":[{"@type":"WebPage","@id":"https:\/\/nws-tech.fr\/de\/produit\/ad-1500-iq-bofa-absauganlage\/","url":"https:\/\/nws-tech.fr\/de\/produit\/ad-1500-iq-bofa-absauganlage\/","name":"AD 1500 IQ \u2013 BOFA-Absauganlage - NWS-TECH \u2022 NWS Laser","isPartOf":{"@id":"https:\/\/nws-tech.fr\/de\/#website"},"primaryImageOfPage":{"@id":"https:\/\/nws-tech.fr\/de\/produit\/ad-1500-iq-bofa-absauganlage\/#primaryimage"},"image":{"@id":"https:\/\/nws-tech.fr\/de\/produit\/ad-1500-iq-bofa-absauganlage\/#primaryimage"},"thumbnailUrl":"https:\/\/nws-tech.fr\/wp-content\/uploads\/2023\/11\/AD-1000-iQ.webp","datePublished":"2023-11-23T14:36:30+00:00","description":"Die AD 1500 IQ Rauch- und Partikelabsauganlage ist ein Hochleistungsfiltersystem, ideal f\u00fcr anspruchsvolle Anwendungen.","breadcrumb":{"@id":"https:\/\/nws-tech.fr\/de\/produit\/ad-1500-iq-bofa-absauganlage\/#breadcrumb"},"inLanguage":"de","potentialAction":[{"@type":"ReadAction","target":["https:\/\/nws-tech.fr\/de\/produit\/ad-1500-iq-bofa-absauganlage\/"]}]},{"@type":"ImageObject","inLanguage":"de","@id":"https:\/\/nws-tech.fr\/de\/produit\/ad-1500-iq-bofa-absauganlage\/#primaryimage","url":"https:\/\/nws-tech.fr\/wp-content\/uploads\/2023\/11\/AD-1000-iQ.webp","contentUrl":"https:\/\/nws-tech.fr\/wp-content\/uploads\/2023\/11\/AD-1000-iQ.webp","width":960,"height":750},{"@type":"BreadcrumbList","@id":"https:\/\/nws-tech.fr\/de\/produit\/ad-1500-iq-bofa-absauganlage\/#breadcrumb","itemListElement":[{"@type":"ListItem","position":1,"name":"Accueil","item":"https:\/\/nws-tech.fr\/de\/"},{"@type":"ListItem","position":2,"name":"Shop","item":"https:\/\/nws-tech.fr\/de\/shop\/"},{"@type":"ListItem","position":3,"name":"AD 1500 IQ \u2013 BOFA-Absauganlage"}]},{"@type":"WebSite","@id":"https:\/\/nws-tech.fr\/de\/#website","url":"https:\/\/nws-tech.fr\/de\/","name":"NWS LASER - Marque l'avenir","description":"Fabricant fran\u00e7ais de Lasers de marquage, gravure et d\u00e9coupe","publisher":{"@id":"https:\/\/nws-tech.fr\/de\/#organization"},"alternateName":"NWS LASER","potentialAction":[{"@type":"SearchAction","target":{"@type":"EntryPoint","urlTemplate":"https:\/\/nws-tech.fr\/de\/?s={search_term_string}"},"query-input":{"@type":"PropertyValueSpecification","valueRequired":true,"valueName":"search_term_string"}}],"inLanguage":"de"},{"@type":"Organization","@id":"https:\/\/nws-tech.fr\/de\/#organization","name":"NWS Laser - Marque l'avenir","alternateName":"NWS Laser","url":"https:\/\/nws-tech.fr\/de\/","logo":{"@type":"ImageObject","inLanguage":"de","@id":"https:\/\/nws-tech.fr\/de\/#\/schema\/logo\/image\/","url":"https:\/\/nws-tech.fr\/wp-content\/uploads\/2023\/06\/nws_laser_tr.png","contentUrl":"https:\/\/nws-tech.fr\/wp-content\/uploads\/2023\/06\/nws_laser_tr.png","width":655,"height":790,"caption":"NWS Laser - Marque l'avenir"},"image":{"@id":"https:\/\/nws-tech.fr\/de\/#\/schema\/logo\/image\/"},"sameAs":["https:\/\/fr-fr.facebook.com\/nwstechfr\/","https:\/\/www.linkedin.com\/company\/nws-tech\/"],"description":"Depuis 20 ans, NWS Laser con\u00e7oit et fabrique diff\u00e9rentes machines laser de marquage, gravure et de d\u00e9coupe. Nous fabriquons des machines laser standards ou personnalis\u00e9es, en mettant l'accent sur la s\u00e9curit\u00e9, la pr\u00e9cision et l'\u00e9coute des besoins sp\u00e9cifiques de chaque client. Nos machines sont fabriqu\u00e9es en France. Nos 2 sites de production se situent en C\u00f4te-d'Or.","email":"info@nws-tech.fr","telephone":"+33 4 81 68 04 04","legalName":"NWS","foundingDate":"1998-05-02","vatID":"FR04 493 113 336","numberOfEmployees":{"@type":"QuantitativeValue","minValue":"11","maxValue":"50"},"publishingPrinciples":"https:\/\/nws-tech.fr\/fr\/legal\/mentions-legales\/","ownershipFundingInfo":"https:\/\/nws-tech.fr\/fr\/a-propos\/nws-laser_histoire\/","actionableFeedbackPolicy":"https:\/\/nws-tech.fr\/fr\/legal\/mentions-legales\/","correctionsPolicy":"https:\/\/nws-tech.fr\/fr\/a-propos\/nws-laser-rse-developpement-durable\/","ethicsPolicy":"https:\/\/nws-tech.fr\/fr\/a-propos\/nws-laser-rse-developpement-durable\/","diversityPolicy":"https:\/\/nws-tech.fr\/fr\/a-propos\/nws-laser-rse-developpement-durable\/","diversityStaffingReport":"https:\/\/nws-tech.fr\/fr\/a-propos\/nws-laser-rse-developpement-durable\/"}]}},"_links":{"self":[{"href":"https:\/\/nws-tech.fr\/de\/wp-json\/wp\/v2\/product\/15102","targetHints":{"allow":["GET"]}}],"collection":[{"href":"https:\/\/nws-tech.fr\/de\/wp-json\/wp\/v2\/product"}],"about":[{"href":"https:\/\/nws-tech.fr\/de\/wp-json\/wp\/v2\/types\/product"}],"replies":[{"embeddable":true,"href":"https:\/\/nws-tech.fr\/de\/wp-json\/wp\/v2\/comments?post=15102"}],"wp:featuredmedia":[{"embeddable":true,"href":"https:\/\/nws-tech.fr\/de\/wp-json\/wp\/v2\/media\/12299"}],"wp:attachment":[{"href":"https:\/\/nws-tech.fr\/de\/wp-json\/wp\/v2\/media?parent=15102"}],"wp:term":[{"taxonomy":"product_brand","embeddable":true,"href":"https:\/\/nws-tech.fr\/de\/wp-json\/wp\/v2\/product_brand?post=15102"},{"taxonomy":"product_cat","embeddable":true,"href":"https:\/\/nws-tech.fr\/de\/wp-json\/wp\/v2\/product_cat?post=15102"},{"taxonomy":"product_tag","embeddable":true,"href":"https:\/\/nws-tech.fr\/de\/wp-json\/wp\/v2\/product_tag?post=15102"}],"curies":[{"name":"wp","href":"https:\/\/api.w.org\/{rel}","templated":true}]}}