{"id":15090,"date":"2023-11-23T15:35:56","date_gmt":"2023-11-23T14:35:56","guid":{"rendered":"https:\/\/nws-tech.fr\/produit\/a1030344-bofa-ad-oracle-sa-iq-filter\/"},"modified":"2023-11-23T15:35:56","modified_gmt":"2023-11-23T14:35:56","slug":"a1030344-bofa-ad-oracle-sa-iq-filter","status":"publish","type":"product","link":"https:\/\/nws-tech.fr\/de\/produit\/a1030344-bofa-ad-oracle-sa-iq-filter\/","title":{"rendered":"A1030344 BOFA AD Oracle SA iQ Filter"},"content":{"rendered":"<p>Der A1030344 BOFA AD Filter ist ein Ersatzfilter f\u00fcr die AD Oracle SA IQ Absauganlage. Er ist als Vorfilter konzipiert, um Staubpartikel und Schmutz abzufangen, bevor diese den Hauptfilter des Systems erreichen. Dies verl\u00e4ngert die Lebensdauer des Hauptfilters, senkt Wartungskosten und erh\u00f6ht die Effizienz der Absauganlage.   <\/p>\n<p>Der A1030344 BOFA Filter ist einfach zu installieren und zu ersetzen. Schieben Sie ihn einfach in die daf\u00fcr vorgesehene Halterung der Absauganlage. Es wird empfohlen, den Vorfilter je nach Nutzung der Absauganlage alle 3 bis 6 Monate zu wechseln. Zudem ist es wichtig, den passenden Vorfilter f\u00fcr Ihre Absauganlage zu verwenden, um eine optimale Leistung und maximale Lebensdauer der Filter zu gew\u00e4hrleisten. Dieser Vorfilter ist f\u00fcr die AD Oracle SA IQ Absauganlage konzipiert.     <\/p>\n<p>Der A1030344 BOFA AD Filter ist mit einem plissierten Glasfaser-Filtermedium ausgestattet, um eine optimale Vorfiltration von Laserrauch zu gew\u00e4hrleisten. Dies kann auch dazu beitragen, die Belastung des Hauptfilters zu reduzieren und somit dessen Lebensdauer zu verl\u00e4ngern. Abschlie\u00dfend ist der Vorfilter auch n\u00fctzlich, um die Luftqualit\u00e4t zu verbessern. Er entfernt gr\u00f6bere Partikel, die Atemwegsreizungen oder Allergien verursachen k\u00f6nnen.   <\/p>\n<h2>Technische Daten<\/h2>\n<p>&nbsp;<\/p>\n<table style=\"height: 138px; width: 594px;\" border=\"1\" width=\"498\">\n<tbody>\n<tr style=\"height: 23px;\">\n<td style=\"width: 171.281px; height: 23px;\">Filtertyp<\/td>\n<td style=\"width: 406.719px; height: 23px;\">Vorfilter<\/td>\n<\/tr>\n<tr style=\"height: 23px;\">\n<td style=\"width: 171.281px; height: 23px;\">Filtermedium 1<\/td>\n<td style=\"width: 406.719px; height: 23px;\">Plissiertes Glasfasermaterial<\/td>\n<\/tr>\n<tr style=\"height: 23px;\">\n<td style=\"height: 23px; width: 171.281px;\">Filtermedium 2<\/td>\n<td style=\"height: 23px; width: 406.719px;\">N\/A<\/td>\n<\/tr>\n<tr style=\"height: 23px;\">\n<td style=\"width: 171.281px; height: 23px;\">Effizienz<\/td>\n<td style=\"width: 406.719px; height: 23px;\">75% Abscheidung f\u00fcr Partikelgr\u00f6\u00dfen bis 1 \u00b5m<\/td>\n<\/tr>\n<tr>\n<td style=\"width: 171.281px;\">Ausf\u00fchrung<\/td>\n<td style=\"width: 406.719px;\">Gefaltete Glasfaser, in ein Kartongeh\u00e4use eingeklebt<\/td>\n<\/tr>\n<tr>\n<td style=\"width: 171.281px;\">Abmessungen (mm)<\/td>\n<td style=\"width: 406.719px;\">50 x 363 x 363<\/td>\n<\/tr>\n<tr style=\"height: 23px;\">\n<td style=\"height: 23px; width: 171.281px;\">Filtergewicht (Kg)<\/td>\n<td style=\"height: 23px; width: 406.719px;\">2,5<\/td>\n<\/tr>\n<\/tbody>\n<\/table>\n","protected":false},"excerpt":{"rendered":"<p>Ersatz-Vorfilter f\u00fcr BOFA AD Oracle SA iQ Filtersysteme.<\/p>\n","protected":false},"featured_media":12274,"comment_status":"open","ping_status":"closed","template":"","meta":{"_et_pb_use_builder":"","_et_pb_old_content":"","_et_gb_content_width":""},"product_brand":[],"product_cat":[797,815],"product_tag":[],"class_list":{"0":"post-15090","1":"product","2":"type-product","3":"status-publish","4":"has-post-thumbnail","6":"product_cat-bofa-filter","7":"product_cat-vorfilter","8":"product_shipping_class-mono-karton-express","10":"first","11":"instock","12":"shipping-taxable","13":"product-type-simple"},"yoast_head":"<!-- This site is optimized with the Yoast SEO Premium plugin v26.9 (Yoast SEO v27.1.1) - https:\/\/yoast.com\/product\/yoast-seo-premium-wordpress\/ -->\n<title>A1030344 BOFA AD Oracle SA iQ Filter - NWS-TECH \u2022 NWS Laser<\/title>\n<meta name=\"description\" content=\"A1030344 ist ein Ersatzfilter (mit Filtermatte) f\u00fcr BOFA Rauch- und Partikelabsauganlagen \u2013 AD Oracle SA IQ\" \/>\n<meta name=\"robots\" content=\"index, follow, max-snippet:-1, max-image-preview:large, max-video-preview:-1\" \/>\n<link rel=\"canonical\" href=\"https:\/\/nws-tech.fr\/de\/produit\/a1030344-bofa-ad-oracle-sa-iq-filter\/\" \/>\n<meta property=\"og:locale\" content=\"de_DE\" \/>\n<meta property=\"og:type\" content=\"article\" \/>\n<meta property=\"og:title\" content=\"A1030344 BOFA AD Oracle SA iQ Filter\" \/>\n<meta property=\"og:description\" content=\"A1030344 ist ein Ersatzfilter (mit Filtermatte) f\u00fcr BOFA Rauch- und Partikelabsauganlagen \u2013 AD Oracle SA IQ\" \/>\n<meta property=\"og:url\" content=\"https:\/\/nws-tech.fr\/de\/produit\/a1030344-bofa-ad-oracle-sa-iq-filter\/\" \/>\n<meta property=\"og:site_name\" content=\"NWS-TECH \u2022 NWS Laser\" \/>\n<meta property=\"article:publisher\" content=\"https:\/\/fr-fr.facebook.com\/nwstechfr\/\" \/>\n<meta property=\"og:image\" content=\"https:\/\/nws-tech.fr\/wp-content\/uploads\/2023\/11\/a1030344-filtre-bofa.webp\" \/>\n\t<meta property=\"og:image:width\" content=\"300\" \/>\n\t<meta property=\"og:image:height\" content=\"300\" \/>\n\t<meta property=\"og:image:type\" content=\"image\/webp\" \/>\n<meta name=\"twitter:card\" content=\"summary_large_image\" \/>\n<meta name=\"twitter:label1\" content=\"Gesch\u00e4tzte Lesezeit\" \/>\n\t<meta name=\"twitter:data1\" content=\"1\u00a0Minute\" \/>\n<script type=\"application\/ld+json\" class=\"yoast-schema-graph\">{\"@context\":\"https:\/\/schema.org\",\"@graph\":[{\"@type\":\"WebPage\",\"@id\":\"https:\/\/nws-tech.fr\/de\/produit\/a1030344-bofa-ad-oracle-sa-iq-filter\/\",\"url\":\"https:\/\/nws-tech.fr\/de\/produit\/a1030344-bofa-ad-oracle-sa-iq-filter\/\",\"name\":\"A1030344 BOFA AD Oracle SA iQ Filter - NWS-TECH \u2022 NWS Laser\",\"isPartOf\":{\"@id\":\"https:\/\/nws-tech.fr\/de\/#website\"},\"primaryImageOfPage\":{\"@id\":\"https:\/\/nws-tech.fr\/de\/produit\/a1030344-bofa-ad-oracle-sa-iq-filter\/#primaryimage\"},\"image\":{\"@id\":\"https:\/\/nws-tech.fr\/de\/produit\/a1030344-bofa-ad-oracle-sa-iq-filter\/#primaryimage\"},\"thumbnailUrl\":\"https:\/\/nws-tech.fr\/wp-content\/uploads\/2023\/11\/a1030344-filtre-bofa.webp\",\"datePublished\":\"2023-11-23T14:35:56+00:00\",\"description\":\"A1030344 ist ein Ersatzfilter (mit Filtermatte) f\u00fcr BOFA Rauch- und Partikelabsauganlagen \u2013 AD Oracle SA IQ\",\"breadcrumb\":{\"@id\":\"https:\/\/nws-tech.fr\/de\/produit\/a1030344-bofa-ad-oracle-sa-iq-filter\/#breadcrumb\"},\"inLanguage\":\"de\",\"potentialAction\":[{\"@type\":\"ReadAction\",\"target\":[\"https:\/\/nws-tech.fr\/de\/produit\/a1030344-bofa-ad-oracle-sa-iq-filter\/\"]}]},{\"@type\":\"ImageObject\",\"inLanguage\":\"de\",\"@id\":\"https:\/\/nws-tech.fr\/de\/produit\/a1030344-bofa-ad-oracle-sa-iq-filter\/#primaryimage\",\"url\":\"https:\/\/nws-tech.fr\/wp-content\/uploads\/2023\/11\/a1030344-filtre-bofa.webp\",\"contentUrl\":\"https:\/\/nws-tech.fr\/wp-content\/uploads\/2023\/11\/a1030344-filtre-bofa.webp\",\"width\":300,\"height\":300},{\"@type\":\"BreadcrumbList\",\"@id\":\"https:\/\/nws-tech.fr\/de\/produit\/a1030344-bofa-ad-oracle-sa-iq-filter\/#breadcrumb\",\"itemListElement\":[{\"@type\":\"ListItem\",\"position\":1,\"name\":\"Accueil\",\"item\":\"https:\/\/nws-tech.fr\/de\/\"},{\"@type\":\"ListItem\",\"position\":2,\"name\":\"Shop\",\"item\":\"https:\/\/nws-tech.fr\/de\/shop\/\"},{\"@type\":\"ListItem\",\"position\":3,\"name\":\"A1030344 BOFA AD Oracle SA iQ Filter\"}]},{\"@type\":\"WebSite\",\"@id\":\"https:\/\/nws-tech.fr\/de\/#website\",\"url\":\"https:\/\/nws-tech.fr\/de\/\",\"name\":\"NWS LASER - Marque l'avenir\",\"description\":\"Fabricant fran\u00e7ais de Lasers de marquage, gravure et d\u00e9coupe\",\"publisher\":{\"@id\":\"https:\/\/nws-tech.fr\/de\/#organization\"},\"alternateName\":\"NWS LASER\",\"potentialAction\":[{\"@type\":\"SearchAction\",\"target\":{\"@type\":\"EntryPoint\",\"urlTemplate\":\"https:\/\/nws-tech.fr\/de\/?s={search_term_string}\"},\"query-input\":{\"@type\":\"PropertyValueSpecification\",\"valueRequired\":true,\"valueName\":\"search_term_string\"}}],\"inLanguage\":\"de\"},{\"@type\":\"Organization\",\"@id\":\"https:\/\/nws-tech.fr\/de\/#organization\",\"name\":\"NWS Laser - Marque l'avenir\",\"alternateName\":\"NWS Laser\",\"url\":\"https:\/\/nws-tech.fr\/de\/\",\"logo\":{\"@type\":\"ImageObject\",\"inLanguage\":\"de\",\"@id\":\"https:\/\/nws-tech.fr\/de\/#\/schema\/logo\/image\/\",\"url\":\"https:\/\/nws-tech.fr\/wp-content\/uploads\/2023\/06\/nws_laser_tr.png\",\"contentUrl\":\"https:\/\/nws-tech.fr\/wp-content\/uploads\/2023\/06\/nws_laser_tr.png\",\"width\":655,\"height\":790,\"caption\":\"NWS Laser - Marque l'avenir\"},\"image\":{\"@id\":\"https:\/\/nws-tech.fr\/de\/#\/schema\/logo\/image\/\"},\"sameAs\":[\"https:\/\/fr-fr.facebook.com\/nwstechfr\/\",\"https:\/\/www.linkedin.com\/company\/nws-tech\/\"],\"description\":\"Depuis 20 ans, NWS Laser con\u00e7oit et fabrique diff\u00e9rentes machines laser de marquage, gravure et de d\u00e9coupe. Nous fabriquons des machines laser standards ou personnalis\u00e9es, en mettant l'accent sur la s\u00e9curit\u00e9, la pr\u00e9cision et l'\u00e9coute des besoins sp\u00e9cifiques de chaque client. Nos machines sont fabriqu\u00e9es en France. Nos 2 sites de production se situent en C\u00f4te-d'Or.\",\"email\":\"info@nws-tech.fr\",\"telephone\":\"+33 4 81 68 04 04\",\"legalName\":\"NWS\",\"foundingDate\":\"1998-05-02\",\"vatID\":\"FR04 493 113 336\",\"numberOfEmployees\":{\"@type\":\"QuantitativeValue\",\"minValue\":\"11\",\"maxValue\":\"50\"},\"publishingPrinciples\":\"https:\/\/nws-tech.fr\/fr\/legal\/mentions-legales\/\",\"ownershipFundingInfo\":\"https:\/\/nws-tech.fr\/fr\/a-propos\/nws-laser_histoire\/\",\"actionableFeedbackPolicy\":\"https:\/\/nws-tech.fr\/fr\/legal\/mentions-legales\/\",\"correctionsPolicy\":\"https:\/\/nws-tech.fr\/fr\/a-propos\/nws-laser-rse-developpement-durable\/\",\"ethicsPolicy\":\"https:\/\/nws-tech.fr\/fr\/a-propos\/nws-laser-rse-developpement-durable\/\",\"diversityPolicy\":\"https:\/\/nws-tech.fr\/fr\/a-propos\/nws-laser-rse-developpement-durable\/\",\"diversityStaffingReport\":\"https:\/\/nws-tech.fr\/fr\/a-propos\/nws-laser-rse-developpement-durable\/\"}]}<\/script>\n<!-- \/ Yoast SEO Premium plugin. -->","yoast_head_json":{"title":"A1030344 BOFA AD Oracle SA iQ Filter - NWS-TECH \u2022 NWS Laser","description":"A1030344 ist ein Ersatzfilter (mit Filtermatte) f\u00fcr BOFA Rauch- und Partikelabsauganlagen \u2013 AD Oracle SA IQ","robots":{"index":"index","follow":"follow","max-snippet":"max-snippet:-1","max-image-preview":"max-image-preview:large","max-video-preview":"max-video-preview:-1"},"canonical":"https:\/\/nws-tech.fr\/de\/produit\/a1030344-bofa-ad-oracle-sa-iq-filter\/","og_locale":"de_DE","og_type":"article","og_title":"A1030344 BOFA AD Oracle SA iQ Filter","og_description":"A1030344 ist ein Ersatzfilter (mit Filtermatte) f\u00fcr BOFA Rauch- und Partikelabsauganlagen \u2013 AD Oracle SA IQ","og_url":"https:\/\/nws-tech.fr\/de\/produit\/a1030344-bofa-ad-oracle-sa-iq-filter\/","og_site_name":"NWS-TECH \u2022 NWS Laser","article_publisher":"https:\/\/fr-fr.facebook.com\/nwstechfr\/","og_image":[{"width":300,"height":300,"url":"https:\/\/nws-tech.fr\/wp-content\/uploads\/2023\/11\/a1030344-filtre-bofa.webp","type":"image\/webp"}],"twitter_card":"summary_large_image","twitter_misc":{"Gesch\u00e4tzte Lesezeit":"1\u00a0Minute"},"schema":{"@context":"https:\/\/schema.org","@graph":[{"@type":"WebPage","@id":"https:\/\/nws-tech.fr\/de\/produit\/a1030344-bofa-ad-oracle-sa-iq-filter\/","url":"https:\/\/nws-tech.fr\/de\/produit\/a1030344-bofa-ad-oracle-sa-iq-filter\/","name":"A1030344 BOFA AD Oracle SA iQ Filter - NWS-TECH \u2022 NWS Laser","isPartOf":{"@id":"https:\/\/nws-tech.fr\/de\/#website"},"primaryImageOfPage":{"@id":"https:\/\/nws-tech.fr\/de\/produit\/a1030344-bofa-ad-oracle-sa-iq-filter\/#primaryimage"},"image":{"@id":"https:\/\/nws-tech.fr\/de\/produit\/a1030344-bofa-ad-oracle-sa-iq-filter\/#primaryimage"},"thumbnailUrl":"https:\/\/nws-tech.fr\/wp-content\/uploads\/2023\/11\/a1030344-filtre-bofa.webp","datePublished":"2023-11-23T14:35:56+00:00","description":"A1030344 ist ein Ersatzfilter (mit Filtermatte) f\u00fcr BOFA Rauch- und Partikelabsauganlagen \u2013 AD Oracle SA IQ","breadcrumb":{"@id":"https:\/\/nws-tech.fr\/de\/produit\/a1030344-bofa-ad-oracle-sa-iq-filter\/#breadcrumb"},"inLanguage":"de","potentialAction":[{"@type":"ReadAction","target":["https:\/\/nws-tech.fr\/de\/produit\/a1030344-bofa-ad-oracle-sa-iq-filter\/"]}]},{"@type":"ImageObject","inLanguage":"de","@id":"https:\/\/nws-tech.fr\/de\/produit\/a1030344-bofa-ad-oracle-sa-iq-filter\/#primaryimage","url":"https:\/\/nws-tech.fr\/wp-content\/uploads\/2023\/11\/a1030344-filtre-bofa.webp","contentUrl":"https:\/\/nws-tech.fr\/wp-content\/uploads\/2023\/11\/a1030344-filtre-bofa.webp","width":300,"height":300},{"@type":"BreadcrumbList","@id":"https:\/\/nws-tech.fr\/de\/produit\/a1030344-bofa-ad-oracle-sa-iq-filter\/#breadcrumb","itemListElement":[{"@type":"ListItem","position":1,"name":"Accueil","item":"https:\/\/nws-tech.fr\/de\/"},{"@type":"ListItem","position":2,"name":"Shop","item":"https:\/\/nws-tech.fr\/de\/shop\/"},{"@type":"ListItem","position":3,"name":"A1030344 BOFA AD Oracle SA iQ Filter"}]},{"@type":"WebSite","@id":"https:\/\/nws-tech.fr\/de\/#website","url":"https:\/\/nws-tech.fr\/de\/","name":"NWS LASER - Marque l'avenir","description":"Fabricant fran\u00e7ais de Lasers de marquage, gravure et d\u00e9coupe","publisher":{"@id":"https:\/\/nws-tech.fr\/de\/#organization"},"alternateName":"NWS LASER","potentialAction":[{"@type":"SearchAction","target":{"@type":"EntryPoint","urlTemplate":"https:\/\/nws-tech.fr\/de\/?s={search_term_string}"},"query-input":{"@type":"PropertyValueSpecification","valueRequired":true,"valueName":"search_term_string"}}],"inLanguage":"de"},{"@type":"Organization","@id":"https:\/\/nws-tech.fr\/de\/#organization","name":"NWS Laser - Marque l'avenir","alternateName":"NWS Laser","url":"https:\/\/nws-tech.fr\/de\/","logo":{"@type":"ImageObject","inLanguage":"de","@id":"https:\/\/nws-tech.fr\/de\/#\/schema\/logo\/image\/","url":"https:\/\/nws-tech.fr\/wp-content\/uploads\/2023\/06\/nws_laser_tr.png","contentUrl":"https:\/\/nws-tech.fr\/wp-content\/uploads\/2023\/06\/nws_laser_tr.png","width":655,"height":790,"caption":"NWS Laser - Marque l'avenir"},"image":{"@id":"https:\/\/nws-tech.fr\/de\/#\/schema\/logo\/image\/"},"sameAs":["https:\/\/fr-fr.facebook.com\/nwstechfr\/","https:\/\/www.linkedin.com\/company\/nws-tech\/"],"description":"Depuis 20 ans, NWS Laser con\u00e7oit et fabrique diff\u00e9rentes machines laser de marquage, gravure et de d\u00e9coupe. Nous fabriquons des machines laser standards ou personnalis\u00e9es, en mettant l'accent sur la s\u00e9curit\u00e9, la pr\u00e9cision et l'\u00e9coute des besoins sp\u00e9cifiques de chaque client. Nos machines sont fabriqu\u00e9es en France. Nos 2 sites de production se situent en C\u00f4te-d'Or.","email":"info@nws-tech.fr","telephone":"+33 4 81 68 04 04","legalName":"NWS","foundingDate":"1998-05-02","vatID":"FR04 493 113 336","numberOfEmployees":{"@type":"QuantitativeValue","minValue":"11","maxValue":"50"},"publishingPrinciples":"https:\/\/nws-tech.fr\/fr\/legal\/mentions-legales\/","ownershipFundingInfo":"https:\/\/nws-tech.fr\/fr\/a-propos\/nws-laser_histoire\/","actionableFeedbackPolicy":"https:\/\/nws-tech.fr\/fr\/legal\/mentions-legales\/","correctionsPolicy":"https:\/\/nws-tech.fr\/fr\/a-propos\/nws-laser-rse-developpement-durable\/","ethicsPolicy":"https:\/\/nws-tech.fr\/fr\/a-propos\/nws-laser-rse-developpement-durable\/","diversityPolicy":"https:\/\/nws-tech.fr\/fr\/a-propos\/nws-laser-rse-developpement-durable\/","diversityStaffingReport":"https:\/\/nws-tech.fr\/fr\/a-propos\/nws-laser-rse-developpement-durable\/"}]}},"_links":{"self":[{"href":"https:\/\/nws-tech.fr\/de\/wp-json\/wp\/v2\/product\/15090","targetHints":{"allow":["GET"]}}],"collection":[{"href":"https:\/\/nws-tech.fr\/de\/wp-json\/wp\/v2\/product"}],"about":[{"href":"https:\/\/nws-tech.fr\/de\/wp-json\/wp\/v2\/types\/product"}],"replies":[{"embeddable":true,"href":"https:\/\/nws-tech.fr\/de\/wp-json\/wp\/v2\/comments?post=15090"}],"wp:featuredmedia":[{"embeddable":true,"href":"https:\/\/nws-tech.fr\/de\/wp-json\/wp\/v2\/media\/12274"}],"wp:attachment":[{"href":"https:\/\/nws-tech.fr\/de\/wp-json\/wp\/v2\/media?parent=15090"}],"wp:term":[{"taxonomy":"product_brand","embeddable":true,"href":"https:\/\/nws-tech.fr\/de\/wp-json\/wp\/v2\/product_brand?post=15090"},{"taxonomy":"product_cat","embeddable":true,"href":"https:\/\/nws-tech.fr\/de\/wp-json\/wp\/v2\/product_cat?post=15090"},{"taxonomy":"product_tag","embeddable":true,"href":"https:\/\/nws-tech.fr\/de\/wp-json\/wp\/v2\/product_tag?post=15090"}],"curies":[{"name":"wp","href":"https:\/\/api.w.org\/{rel}","templated":true}]}}