{"id":15074,"date":"2023-11-23T15:20:31","date_gmt":"2023-11-23T14:20:31","guid":{"rendered":"https:\/\/nws-tech.fr\/produit\/a1030077-bofa-filter-ad-base-c180\/"},"modified":"2023-11-23T15:20:31","modified_gmt":"2023-11-23T14:20:31","slug":"a1030077-bofa-filter-ad-base-c180","status":"publish","type":"product","link":"https:\/\/nws-tech.fr\/de\/produit\/a1030077-bofa-filter-ad-base-c180\/","title":{"rendered":"A1030077 BOFA-Filter AD Base C180"},"content":{"rendered":"<p>Der BOFA-Filter A1030077 ist ein Ersatzfilter f\u00fcr den Absauger AD Base C180. Er ist als Filterbeutel konzipiert, um Staubpartikel und R\u00fcckst\u00e4nde abzufangen, bevor sie den Hauptfilter des Systems erreichen. Das verl\u00e4ngert die Lebensdauer des Hauptfilters, senkt die Wartungskosten und erh\u00f6ht die Effizienz des Absaugers.   <\/p>\n<p>Der BOFA-Filter A1030077 l\u00e4sst sich einfach installieren und austauschen. Schieben Sie ihn einfach in den vorgesehenen Steckplatz am Absauger. Es wird empfohlen, den Vorfilter je nach Nutzung des Absaugers alle 3 bis 6 Monate zu ersetzen. Au\u00dferdem ist es wichtig, dass Sie den passenden Vorfilter f\u00fcr Ihren Absauger verwenden, um optimale Leistung und eine maximale Filterlebensdauer zu gew\u00e4hrleisten. Dieser Vorfilter ist f\u00fcr die Verwendung mit dem Absauger AD Oracle SA IQ ausgelegt.     <\/p>\n<p>Der BOFA AD Filter A1030077 ist mit einem Filtermedium aus nicht gewebtem Polyester ausgestattet, um eine optimale Vorfiltration von Laserrauch zu erreichen. Das kann zudem die Belastung des Hauptfilters reduzieren und so dessen Lebensdauer verl\u00e4ngern. Seine Mehrtaschenkonstruktion gew\u00e4hrleistet eine Effizienz von 90% bei Partikelgr\u00f6\u00dfen bis 0,5 \u03bcm.  <\/p>\n<h2>Technische Daten<\/h2>\n<p>&nbsp;<\/p>\n<table style=\"height: 138px;\" border=\"1\" width=\"498\">\n<tbody>\n<tr style=\"height: 23px;\">\n<td style=\"width: 180.047px; height: 23px;\">Filtertyp<\/td>\n<td style=\"width: 301.953px; height: 23px;\">Filterbeutel<\/td>\n<\/tr>\n<tr style=\"height: 23px;\">\n<td style=\"width: 180.047px; height: 23px;\">Filtermedium 1<\/td>\n<td style=\"width: 301.953px; height: 23px;\">Nicht gewebtes Polyester<\/td>\n<\/tr>\n<tr style=\"height: 23px;\">\n<td style=\"height: 23px; width: 180.047px;\">Filtermedium 2<\/td>\n<td style=\"height: 23px; width: 301.953px;\">N\/A<\/td>\n<\/tr>\n<tr style=\"height: 23px;\">\n<td style=\"width: 180.047px; height: 23px;\">Effizienz<\/td>\n<td style=\"width: 301.953px; height: 23px;\">90% Abscheidung von 0,5-\u00b5m-Partikeln<\/td>\n<\/tr>\n<tr>\n<td style=\"width: 180.047px;\">Ausf\u00fchrung<\/td>\n<td style=\"width: 301.953px;\">Mehrtaschen-H\u00e4ngefilterbeutel<\/td>\n<\/tr>\n<tr>\n<td style=\"width: 180.047px;\">Abmessungen (mm)<\/td>\n<td style=\"width: 301.953px;\">350 x 380 x 600<\/td>\n<\/tr>\n<tr style=\"height: 23px;\">\n<td style=\"height: 23px; width: 180.047px;\">Filtergewicht (Kg)<\/td>\n<td style=\"height: 23px; width: 301.953px;\">3<\/td>\n<\/tr>\n<\/tbody>\n<\/table>\n<p>&nbsp;<\/p>\n","protected":false},"excerpt":{"rendered":"<p>Ersatz-Filterbeutel f\u00fcr das Filtersystem des BOFA AD Base C180.<\/p>\n","protected":false},"featured_media":12255,"comment_status":"open","ping_status":"closed","template":"","meta":{"_et_pb_use_builder":"","_et_pb_old_content":"","_et_gb_content_width":""},"product_brand":[],"product_cat":[855,797],"product_tag":[],"class_list":{"0":"post-15074","1":"product","2":"type-product","3":"status-publish","4":"has-post-thumbnail","6":"product_cat-bag-filter","7":"product_cat-bofa-filter","8":"product_shipping_class-mono-karton-express","10":"first","11":"instock","12":"shipping-taxable","13":"product-type-simple"},"yoast_head":"<!-- This site is optimized with the Yoast SEO Premium plugin v26.9 (Yoast SEO v27.1.1) - https:\/\/yoast.com\/product\/yoast-seo-premium-wordpress\/ -->\n<title>A1030077 BOFA-Filter AD Base C180 - NWS-TECH \u2022 NWS Laser<\/title>\n<meta name=\"description\" content=\"A1030077 ist ein Ersatzfilter f\u00fcr BOFA-Absaugsysteme f\u00fcr Rauch und Partikel f\u00fcr den Absauger AD Base C180.\" \/>\n<meta name=\"robots\" content=\"index, follow, max-snippet:-1, max-image-preview:large, max-video-preview:-1\" \/>\n<link rel=\"canonical\" href=\"https:\/\/nws-tech.fr\/de\/produit\/a1030077-bofa-filter-ad-base-c180\/\" \/>\n<meta property=\"og:locale\" content=\"de_DE\" \/>\n<meta property=\"og:type\" content=\"article\" \/>\n<meta property=\"og:title\" content=\"A1030077 BOFA-Filter AD Base C180\" \/>\n<meta property=\"og:description\" content=\"A1030077 ist ein Ersatzfilter f\u00fcr BOFA-Absaugsysteme f\u00fcr Rauch und Partikel f\u00fcr den Absauger AD Base C180.\" \/>\n<meta property=\"og:url\" content=\"https:\/\/nws-tech.fr\/de\/produit\/a1030077-bofa-filter-ad-base-c180\/\" \/>\n<meta property=\"og:site_name\" content=\"NWS-TECH \u2022 NWS Laser\" \/>\n<meta property=\"article:publisher\" content=\"https:\/\/fr-fr.facebook.com\/nwstechfr\/\" \/>\n<meta property=\"og:image\" content=\"https:\/\/nws-tech.fr\/wp-content\/uploads\/2023\/11\/A1030077-filtre-bofa-AD.webp\" \/>\n\t<meta property=\"og:image:width\" content=\"300\" \/>\n\t<meta property=\"og:image:height\" content=\"288\" \/>\n\t<meta property=\"og:image:type\" content=\"image\/webp\" \/>\n<meta name=\"twitter:card\" content=\"summary_large_image\" \/>\n<meta name=\"twitter:label1\" content=\"Gesch\u00e4tzte Lesezeit\" \/>\n\t<meta name=\"twitter:data1\" content=\"1\u00a0Minute\" \/>\n<script type=\"application\/ld+json\" class=\"yoast-schema-graph\">{\"@context\":\"https:\/\/schema.org\",\"@graph\":[{\"@type\":\"WebPage\",\"@id\":\"https:\/\/nws-tech.fr\/de\/produit\/a1030077-bofa-filter-ad-base-c180\/\",\"url\":\"https:\/\/nws-tech.fr\/de\/produit\/a1030077-bofa-filter-ad-base-c180\/\",\"name\":\"A1030077 BOFA-Filter AD Base C180 - NWS-TECH \u2022 NWS Laser\",\"isPartOf\":{\"@id\":\"https:\/\/nws-tech.fr\/de\/#website\"},\"primaryImageOfPage\":{\"@id\":\"https:\/\/nws-tech.fr\/de\/produit\/a1030077-bofa-filter-ad-base-c180\/#primaryimage\"},\"image\":{\"@id\":\"https:\/\/nws-tech.fr\/de\/produit\/a1030077-bofa-filter-ad-base-c180\/#primaryimage\"},\"thumbnailUrl\":\"https:\/\/nws-tech.fr\/wp-content\/uploads\/2023\/11\/A1030077-filtre-bofa-AD.webp\",\"datePublished\":\"2023-11-23T14:20:31+00:00\",\"description\":\"A1030077 ist ein Ersatzfilter f\u00fcr BOFA-Absaugsysteme f\u00fcr Rauch und Partikel f\u00fcr den Absauger AD Base C180.\",\"breadcrumb\":{\"@id\":\"https:\/\/nws-tech.fr\/de\/produit\/a1030077-bofa-filter-ad-base-c180\/#breadcrumb\"},\"inLanguage\":\"de\",\"potentialAction\":[{\"@type\":\"ReadAction\",\"target\":[\"https:\/\/nws-tech.fr\/de\/produit\/a1030077-bofa-filter-ad-base-c180\/\"]}]},{\"@type\":\"ImageObject\",\"inLanguage\":\"de\",\"@id\":\"https:\/\/nws-tech.fr\/de\/produit\/a1030077-bofa-filter-ad-base-c180\/#primaryimage\",\"url\":\"https:\/\/nws-tech.fr\/wp-content\/uploads\/2023\/11\/A1030077-filtre-bofa-AD.webp\",\"contentUrl\":\"https:\/\/nws-tech.fr\/wp-content\/uploads\/2023\/11\/A1030077-filtre-bofa-AD.webp\",\"width\":300,\"height\":288},{\"@type\":\"BreadcrumbList\",\"@id\":\"https:\/\/nws-tech.fr\/de\/produit\/a1030077-bofa-filter-ad-base-c180\/#breadcrumb\",\"itemListElement\":[{\"@type\":\"ListItem\",\"position\":1,\"name\":\"Accueil\",\"item\":\"https:\/\/nws-tech.fr\/de\/\"},{\"@type\":\"ListItem\",\"position\":2,\"name\":\"Shop\",\"item\":\"https:\/\/nws-tech.fr\/de\/shop\/\"},{\"@type\":\"ListItem\",\"position\":3,\"name\":\"A1030077 BOFA-Filter AD Base C180\"}]},{\"@type\":\"WebSite\",\"@id\":\"https:\/\/nws-tech.fr\/de\/#website\",\"url\":\"https:\/\/nws-tech.fr\/de\/\",\"name\":\"NWS LASER - Marque l'avenir\",\"description\":\"Fabricant fran\u00e7ais de Lasers de marquage, gravure et d\u00e9coupe\",\"publisher\":{\"@id\":\"https:\/\/nws-tech.fr\/de\/#organization\"},\"alternateName\":\"NWS LASER\",\"potentialAction\":[{\"@type\":\"SearchAction\",\"target\":{\"@type\":\"EntryPoint\",\"urlTemplate\":\"https:\/\/nws-tech.fr\/de\/?s={search_term_string}\"},\"query-input\":{\"@type\":\"PropertyValueSpecification\",\"valueRequired\":true,\"valueName\":\"search_term_string\"}}],\"inLanguage\":\"de\"},{\"@type\":\"Organization\",\"@id\":\"https:\/\/nws-tech.fr\/de\/#organization\",\"name\":\"NWS Laser - Marque l'avenir\",\"alternateName\":\"NWS Laser\",\"url\":\"https:\/\/nws-tech.fr\/de\/\",\"logo\":{\"@type\":\"ImageObject\",\"inLanguage\":\"de\",\"@id\":\"https:\/\/nws-tech.fr\/de\/#\/schema\/logo\/image\/\",\"url\":\"https:\/\/nws-tech.fr\/wp-content\/uploads\/2023\/06\/nws_laser_tr.png\",\"contentUrl\":\"https:\/\/nws-tech.fr\/wp-content\/uploads\/2023\/06\/nws_laser_tr.png\",\"width\":655,\"height\":790,\"caption\":\"NWS Laser - Marque l'avenir\"},\"image\":{\"@id\":\"https:\/\/nws-tech.fr\/de\/#\/schema\/logo\/image\/\"},\"sameAs\":[\"https:\/\/fr-fr.facebook.com\/nwstechfr\/\",\"https:\/\/www.linkedin.com\/company\/nws-tech\/\"],\"description\":\"Depuis 20 ans, NWS Laser con\u00e7oit et fabrique diff\u00e9rentes machines laser de marquage, gravure et de d\u00e9coupe. Nous fabriquons des machines laser standards ou personnalis\u00e9es, en mettant l'accent sur la s\u00e9curit\u00e9, la pr\u00e9cision et l'\u00e9coute des besoins sp\u00e9cifiques de chaque client. Nos machines sont fabriqu\u00e9es en France. Nos 2 sites de production se situent en C\u00f4te-d'Or.\",\"email\":\"info@nws-tech.fr\",\"telephone\":\"+33 4 81 68 04 04\",\"legalName\":\"NWS\",\"foundingDate\":\"1998-05-02\",\"vatID\":\"FR04 493 113 336\",\"numberOfEmployees\":{\"@type\":\"QuantitativeValue\",\"minValue\":\"11\",\"maxValue\":\"50\"},\"publishingPrinciples\":\"https:\/\/nws-tech.fr\/fr\/legal\/mentions-legales\/\",\"ownershipFundingInfo\":\"https:\/\/nws-tech.fr\/fr\/a-propos\/nws-laser_histoire\/\",\"actionableFeedbackPolicy\":\"https:\/\/nws-tech.fr\/fr\/legal\/mentions-legales\/\",\"correctionsPolicy\":\"https:\/\/nws-tech.fr\/fr\/a-propos\/nws-laser-rse-developpement-durable\/\",\"ethicsPolicy\":\"https:\/\/nws-tech.fr\/fr\/a-propos\/nws-laser-rse-developpement-durable\/\",\"diversityPolicy\":\"https:\/\/nws-tech.fr\/fr\/a-propos\/nws-laser-rse-developpement-durable\/\",\"diversityStaffingReport\":\"https:\/\/nws-tech.fr\/fr\/a-propos\/nws-laser-rse-developpement-durable\/\"}]}<\/script>\n<!-- \/ Yoast SEO Premium plugin. -->","yoast_head_json":{"title":"A1030077 BOFA-Filter AD Base C180 - NWS-TECH \u2022 NWS Laser","description":"A1030077 ist ein Ersatzfilter f\u00fcr BOFA-Absaugsysteme f\u00fcr Rauch und Partikel f\u00fcr den Absauger AD Base C180.","robots":{"index":"index","follow":"follow","max-snippet":"max-snippet:-1","max-image-preview":"max-image-preview:large","max-video-preview":"max-video-preview:-1"},"canonical":"https:\/\/nws-tech.fr\/de\/produit\/a1030077-bofa-filter-ad-base-c180\/","og_locale":"de_DE","og_type":"article","og_title":"A1030077 BOFA-Filter AD Base C180","og_description":"A1030077 ist ein Ersatzfilter f\u00fcr BOFA-Absaugsysteme f\u00fcr Rauch und Partikel f\u00fcr den Absauger AD Base C180.","og_url":"https:\/\/nws-tech.fr\/de\/produit\/a1030077-bofa-filter-ad-base-c180\/","og_site_name":"NWS-TECH \u2022 NWS Laser","article_publisher":"https:\/\/fr-fr.facebook.com\/nwstechfr\/","og_image":[{"width":300,"height":288,"url":"https:\/\/nws-tech.fr\/wp-content\/uploads\/2023\/11\/A1030077-filtre-bofa-AD.webp","type":"image\/webp"}],"twitter_card":"summary_large_image","twitter_misc":{"Gesch\u00e4tzte Lesezeit":"1\u00a0Minute"},"schema":{"@context":"https:\/\/schema.org","@graph":[{"@type":"WebPage","@id":"https:\/\/nws-tech.fr\/de\/produit\/a1030077-bofa-filter-ad-base-c180\/","url":"https:\/\/nws-tech.fr\/de\/produit\/a1030077-bofa-filter-ad-base-c180\/","name":"A1030077 BOFA-Filter AD Base C180 - NWS-TECH \u2022 NWS Laser","isPartOf":{"@id":"https:\/\/nws-tech.fr\/de\/#website"},"primaryImageOfPage":{"@id":"https:\/\/nws-tech.fr\/de\/produit\/a1030077-bofa-filter-ad-base-c180\/#primaryimage"},"image":{"@id":"https:\/\/nws-tech.fr\/de\/produit\/a1030077-bofa-filter-ad-base-c180\/#primaryimage"},"thumbnailUrl":"https:\/\/nws-tech.fr\/wp-content\/uploads\/2023\/11\/A1030077-filtre-bofa-AD.webp","datePublished":"2023-11-23T14:20:31+00:00","description":"A1030077 ist ein Ersatzfilter f\u00fcr BOFA-Absaugsysteme f\u00fcr Rauch und Partikel f\u00fcr den Absauger AD Base C180.","breadcrumb":{"@id":"https:\/\/nws-tech.fr\/de\/produit\/a1030077-bofa-filter-ad-base-c180\/#breadcrumb"},"inLanguage":"de","potentialAction":[{"@type":"ReadAction","target":["https:\/\/nws-tech.fr\/de\/produit\/a1030077-bofa-filter-ad-base-c180\/"]}]},{"@type":"ImageObject","inLanguage":"de","@id":"https:\/\/nws-tech.fr\/de\/produit\/a1030077-bofa-filter-ad-base-c180\/#primaryimage","url":"https:\/\/nws-tech.fr\/wp-content\/uploads\/2023\/11\/A1030077-filtre-bofa-AD.webp","contentUrl":"https:\/\/nws-tech.fr\/wp-content\/uploads\/2023\/11\/A1030077-filtre-bofa-AD.webp","width":300,"height":288},{"@type":"BreadcrumbList","@id":"https:\/\/nws-tech.fr\/de\/produit\/a1030077-bofa-filter-ad-base-c180\/#breadcrumb","itemListElement":[{"@type":"ListItem","position":1,"name":"Accueil","item":"https:\/\/nws-tech.fr\/de\/"},{"@type":"ListItem","position":2,"name":"Shop","item":"https:\/\/nws-tech.fr\/de\/shop\/"},{"@type":"ListItem","position":3,"name":"A1030077 BOFA-Filter AD Base C180"}]},{"@type":"WebSite","@id":"https:\/\/nws-tech.fr\/de\/#website","url":"https:\/\/nws-tech.fr\/de\/","name":"NWS LASER - Marque l'avenir","description":"Fabricant fran\u00e7ais de Lasers de marquage, gravure et d\u00e9coupe","publisher":{"@id":"https:\/\/nws-tech.fr\/de\/#organization"},"alternateName":"NWS LASER","potentialAction":[{"@type":"SearchAction","target":{"@type":"EntryPoint","urlTemplate":"https:\/\/nws-tech.fr\/de\/?s={search_term_string}"},"query-input":{"@type":"PropertyValueSpecification","valueRequired":true,"valueName":"search_term_string"}}],"inLanguage":"de"},{"@type":"Organization","@id":"https:\/\/nws-tech.fr\/de\/#organization","name":"NWS Laser - Marque l'avenir","alternateName":"NWS Laser","url":"https:\/\/nws-tech.fr\/de\/","logo":{"@type":"ImageObject","inLanguage":"de","@id":"https:\/\/nws-tech.fr\/de\/#\/schema\/logo\/image\/","url":"https:\/\/nws-tech.fr\/wp-content\/uploads\/2023\/06\/nws_laser_tr.png","contentUrl":"https:\/\/nws-tech.fr\/wp-content\/uploads\/2023\/06\/nws_laser_tr.png","width":655,"height":790,"caption":"NWS Laser - Marque l'avenir"},"image":{"@id":"https:\/\/nws-tech.fr\/de\/#\/schema\/logo\/image\/"},"sameAs":["https:\/\/fr-fr.facebook.com\/nwstechfr\/","https:\/\/www.linkedin.com\/company\/nws-tech\/"],"description":"Depuis 20 ans, NWS Laser con\u00e7oit et fabrique diff\u00e9rentes machines laser de marquage, gravure et de d\u00e9coupe. Nous fabriquons des machines laser standards ou personnalis\u00e9es, en mettant l'accent sur la s\u00e9curit\u00e9, la pr\u00e9cision et l'\u00e9coute des besoins sp\u00e9cifiques de chaque client. Nos machines sont fabriqu\u00e9es en France. Nos 2 sites de production se situent en C\u00f4te-d'Or.","email":"info@nws-tech.fr","telephone":"+33 4 81 68 04 04","legalName":"NWS","foundingDate":"1998-05-02","vatID":"FR04 493 113 336","numberOfEmployees":{"@type":"QuantitativeValue","minValue":"11","maxValue":"50"},"publishingPrinciples":"https:\/\/nws-tech.fr\/fr\/legal\/mentions-legales\/","ownershipFundingInfo":"https:\/\/nws-tech.fr\/fr\/a-propos\/nws-laser_histoire\/","actionableFeedbackPolicy":"https:\/\/nws-tech.fr\/fr\/legal\/mentions-legales\/","correctionsPolicy":"https:\/\/nws-tech.fr\/fr\/a-propos\/nws-laser-rse-developpement-durable\/","ethicsPolicy":"https:\/\/nws-tech.fr\/fr\/a-propos\/nws-laser-rse-developpement-durable\/","diversityPolicy":"https:\/\/nws-tech.fr\/fr\/a-propos\/nws-laser-rse-developpement-durable\/","diversityStaffingReport":"https:\/\/nws-tech.fr\/fr\/a-propos\/nws-laser-rse-developpement-durable\/"}]}},"_links":{"self":[{"href":"https:\/\/nws-tech.fr\/de\/wp-json\/wp\/v2\/product\/15074","targetHints":{"allow":["GET"]}}],"collection":[{"href":"https:\/\/nws-tech.fr\/de\/wp-json\/wp\/v2\/product"}],"about":[{"href":"https:\/\/nws-tech.fr\/de\/wp-json\/wp\/v2\/types\/product"}],"replies":[{"embeddable":true,"href":"https:\/\/nws-tech.fr\/de\/wp-json\/wp\/v2\/comments?post=15074"}],"wp:featuredmedia":[{"embeddable":true,"href":"https:\/\/nws-tech.fr\/de\/wp-json\/wp\/v2\/media\/12255"}],"wp:attachment":[{"href":"https:\/\/nws-tech.fr\/de\/wp-json\/wp\/v2\/media?parent=15074"}],"wp:term":[{"taxonomy":"product_brand","embeddable":true,"href":"https:\/\/nws-tech.fr\/de\/wp-json\/wp\/v2\/product_brand?post=15074"},{"taxonomy":"product_cat","embeddable":true,"href":"https:\/\/nws-tech.fr\/de\/wp-json\/wp\/v2\/product_cat?post=15074"},{"taxonomy":"product_tag","embeddable":true,"href":"https:\/\/nws-tech.fr\/de\/wp-json\/wp\/v2\/product_tag?post=15074"}],"curies":[{"name":"wp","href":"https:\/\/api.w.org\/{rel}","templated":true}]}}