{"id":15070,"date":"2023-11-23T15:20:24","date_gmt":"2023-11-23T14:20:24","guid":{"rendered":"https:\/\/nws-tech.fr\/produit\/a1030083-bofa-ad-pvc-iq-filter\/"},"modified":"2023-11-23T15:20:24","modified_gmt":"2023-11-23T14:20:24","slug":"a1030083-bofa-ad-pvc-iq-filter","status":"publish","type":"product","link":"https:\/\/nws-tech.fr\/de\/produit\/a1030083-bofa-ad-pvc-iq-filter\/","title":{"rendered":"A1030083 BOFA AD PVC IQ Filter"},"content":{"rendered":"<p>Der BOFA-Filter A1030083 ist ein Ersatz-Vorfilter f\u00fcr das Absaugger\u00e4t AD PVC IQ. Er dient dazu, Staubpartikel und R\u00fcckst\u00e4nde aufzufangen, bevor sie den Hauptfilter des Systems erreichen. Dies verl\u00e4ngert die Lebensdauer des Hauptfilters, senkt die Wartungskosten und steigert die Effizienz des Absaugger\u00e4ts.   <\/p>\n<p>Der BOFA-Filter A1030083 ist einfach zu installieren und auszutauschen. Er wird einfach in den vorgesehenen Steckplatz am Absaugger\u00e4t geschoben. Es wird empfohlen, den Vorfilter je nach Nutzung alle 3 bis 6 Monate zu ersetzen. Zudem ist es wichtig, den passenden Vorfilter f\u00fcr Ihr Ger\u00e4t zu verwenden, um eine optimale Leistung und maximale Filterlebensdauer zu gew\u00e4hrleisten. Dieser Vorfilter ist f\u00fcr den Einsatz mit dem AD PVC IQ konzipiert.     <\/p>\n<p>Der BOFA AD Filter A1030083 wurde entwickelt, um sch\u00e4dliche D\u00e4mpfe und Partikel effizient zu entfernen, die bei verschiedenen Laseranwendungen entstehen. Dazu geh\u00f6ren L\u00f6ten, Lasermarkieren, Gravieren, Schneiden und \u00e4hnliche Laserprozesse. BOFA-Filter werden nach strengen Qualit\u00e4ts- und Sicherheitsstandards gefertigt, um eine zuverl\u00e4ssige Leistung und lange Lebensdauer zu garantieren.  <\/p>\n<h2>Technische Daten<\/h2>\n<p>&nbsp;<\/p>\n<table style=\"height: 208px; width: 545px;\" border=\"1\" width=\"498\">\n<tbody>\n<tr style=\"height: 23px;\">\n<td style=\"width: 175.625px; height: 23px;\">Filtertyp<\/td>\n<td style=\"width: 353.375px; height: 23px;\">Vorfilter<\/td>\n<\/tr>\n<tr style=\"height: 23px;\">\n<td style=\"width: 175.625px; height: 23px;\">Filtermedium 1<\/td>\n<td style=\"width: 353.375px; height: 23px;\">Filterpad<\/td>\n<\/tr>\n<tr style=\"height: 23px;\">\n<td style=\"height: 23px; width: 175.625px;\">Filtermedium 2<\/td>\n<td style=\"height: 23px; width: 353.375px;\">N\/A<\/td>\n<\/tr>\n<tr style=\"height: 23px;\">\n<td style=\"width: 175.625px; height: 23px;\">Effizienz<\/td>\n<td style=\"width: 353.375px; height: 23px;\">75 % Abscheidung von Partikeln kleiner als 10 \u00b5m<\/td>\n<\/tr>\n<tr style=\"height: 47px;\">\n<td style=\"width: 175.625px; height: 47px;\">Herstellung<\/td>\n<td style=\"width: 353.375px; height: 47px;\">N\/V<\/td>\n<\/tr>\n<tr style=\"height: 23px;\">\n<td style=\"width: 175.625px; height: 23px;\">Abmessungen (mm)<\/td>\n<td style=\"width: 353.375px; height: 23px;\">3 x 450 x 450<\/td>\n<\/tr>\n<tr style=\"height: 23px;\">\n<td style=\"height: 23px; width: 175.625px;\">Filtergewicht (kg)<\/td>\n<td style=\"height: 23px; width: 353.375px;\">1,7<\/td>\n<\/tr>\n<\/tbody>\n<\/table>\n","protected":false},"excerpt":{"rendered":"<p>Spezifischer Ersatz-Vorfilter f\u00fcr das AD PVC IQ Filtersystem von BOFA.<\/p>\n","protected":false},"featured_media":12309,"comment_status":"open","ping_status":"closed","template":"","meta":{"_et_pb_use_builder":"","_et_pb_old_content":"","_et_gb_content_width":""},"product_brand":[],"product_cat":[797,815],"product_tag":[],"class_list":{"0":"post-15070","1":"product","2":"type-product","3":"status-publish","4":"has-post-thumbnail","6":"product_cat-bofa-filter","7":"product_cat-vorfilter","8":"product_shipping_class-mono-karton-express","10":"first","11":"instock","12":"shipping-taxable","13":"product-type-simple"},"yoast_head":"<!-- This site is optimized with the Yoast SEO Premium plugin v26.9 (Yoast SEO v27.5) - https:\/\/yoast.com\/product\/yoast-seo-premium-wordpress\/ -->\n<title>A1030083 BOFA AD PVC IQ Filter - NWS-TECH \u2022 NWS Laser<\/title>\n<meta name=\"description\" content=\"Der A1030083 ist ein spezifischer Ersatzfilter f\u00fcr die BOFA AD PVC IQ Rauch- und Partikelabsaugsysteme.\" \/>\n<meta name=\"robots\" content=\"index, follow, max-snippet:-1, max-image-preview:large, max-video-preview:-1\" \/>\n<link rel=\"canonical\" href=\"https:\/\/nws-tech.fr\/de\/produit\/a1030083-bofa-ad-pvc-iq-filter\/\" \/>\n<meta property=\"og:locale\" content=\"de_DE\" \/>\n<meta property=\"og:type\" content=\"article\" \/>\n<meta property=\"og:title\" content=\"A1030083 BOFA AD PVC IQ Filter\" \/>\n<meta property=\"og:description\" content=\"Der A1030083 ist ein spezifischer Ersatzfilter f\u00fcr die BOFA AD PVC IQ Rauch- und Partikelabsaugsysteme.\" \/>\n<meta property=\"og:url\" content=\"https:\/\/nws-tech.fr\/de\/produit\/a1030083-bofa-ad-pvc-iq-filter\/\" \/>\n<meta property=\"og:site_name\" content=\"NWS-TECH \u2022 NWS Laser\" \/>\n<meta property=\"article:publisher\" content=\"https:\/\/fr-fr.facebook.com\/nwstechfr\/\" \/>\n<meta property=\"og:image\" content=\"https:\/\/nws-tech.fr\/wp-content\/uploads\/2023\/11\/a1030083-filtre-bofa-ad.webp\" \/>\n\t<meta property=\"og:image:width\" content=\"300\" \/>\n\t<meta property=\"og:image:height\" content=\"253\" \/>\n\t<meta property=\"og:image:type\" content=\"image\/webp\" \/>\n<meta name=\"twitter:card\" content=\"summary_large_image\" \/>\n<meta name=\"twitter:label1\" content=\"Gesch\u00e4tzte Lesezeit\" \/>\n\t<meta name=\"twitter:data1\" content=\"1\u00a0Minute\" \/>\n<script type=\"application\/ld+json\" class=\"yoast-schema-graph\">{\"@context\":\"https:\\\/\\\/schema.org\",\"@graph\":[{\"@type\":\"WebPage\",\"@id\":\"https:\\\/\\\/nws-tech.fr\\\/de\\\/produit\\\/a1030083-bofa-ad-pvc-iq-filter\\\/\",\"url\":\"https:\\\/\\\/nws-tech.fr\\\/de\\\/produit\\\/a1030083-bofa-ad-pvc-iq-filter\\\/\",\"name\":\"A1030083 BOFA AD PVC IQ Filter - NWS-TECH \u2022 NWS Laser\",\"isPartOf\":{\"@id\":\"https:\\\/\\\/nws-tech.fr\\\/de\\\/#website\"},\"primaryImageOfPage\":{\"@id\":\"https:\\\/\\\/nws-tech.fr\\\/de\\\/produit\\\/a1030083-bofa-ad-pvc-iq-filter\\\/#primaryimage\"},\"image\":{\"@id\":\"https:\\\/\\\/nws-tech.fr\\\/de\\\/produit\\\/a1030083-bofa-ad-pvc-iq-filter\\\/#primaryimage\"},\"thumbnailUrl\":\"https:\\\/\\\/nws-tech.fr\\\/wp-content\\\/uploads\\\/2023\\\/11\\\/a1030083-filtre-bofa-ad.webp\",\"datePublished\":\"2023-11-23T14:20:24+00:00\",\"description\":\"Der A1030083 ist ein spezifischer Ersatzfilter f\u00fcr die BOFA AD PVC IQ Rauch- und Partikelabsaugsysteme.\",\"breadcrumb\":{\"@id\":\"https:\\\/\\\/nws-tech.fr\\\/de\\\/produit\\\/a1030083-bofa-ad-pvc-iq-filter\\\/#breadcrumb\"},\"inLanguage\":\"de\",\"potentialAction\":[{\"@type\":\"ReadAction\",\"target\":[\"https:\\\/\\\/nws-tech.fr\\\/de\\\/produit\\\/a1030083-bofa-ad-pvc-iq-filter\\\/\"]}]},{\"@type\":\"ImageObject\",\"inLanguage\":\"de\",\"@id\":\"https:\\\/\\\/nws-tech.fr\\\/de\\\/produit\\\/a1030083-bofa-ad-pvc-iq-filter\\\/#primaryimage\",\"url\":\"https:\\\/\\\/nws-tech.fr\\\/wp-content\\\/uploads\\\/2023\\\/11\\\/a1030083-filtre-bofa-ad.webp\",\"contentUrl\":\"https:\\\/\\\/nws-tech.fr\\\/wp-content\\\/uploads\\\/2023\\\/11\\\/a1030083-filtre-bofa-ad.webp\",\"width\":300,\"height\":253},{\"@type\":\"BreadcrumbList\",\"@id\":\"https:\\\/\\\/nws-tech.fr\\\/de\\\/produit\\\/a1030083-bofa-ad-pvc-iq-filter\\\/#breadcrumb\",\"itemListElement\":[{\"@type\":\"ListItem\",\"position\":1,\"name\":\"Accueil\",\"item\":\"https:\\\/\\\/nws-tech.fr\\\/de\\\/\"},{\"@type\":\"ListItem\",\"position\":2,\"name\":\"Shop\",\"item\":\"https:\\\/\\\/nws-tech.fr\\\/de\\\/shop\\\/\"},{\"@type\":\"ListItem\",\"position\":3,\"name\":\"A1030083 BOFA AD PVC IQ Filter\"}]},{\"@type\":\"WebSite\",\"@id\":\"https:\\\/\\\/nws-tech.fr\\\/de\\\/#website\",\"url\":\"https:\\\/\\\/nws-tech.fr\\\/de\\\/\",\"name\":\"NWS LASER - Marque l'avenir\",\"description\":\"Fabricant fran\u00e7ais de Lasers de marquage, gravure et d\u00e9coupe\",\"publisher\":{\"@id\":\"https:\\\/\\\/nws-tech.fr\\\/de\\\/#organization\"},\"alternateName\":\"NWS LASER\",\"potentialAction\":[{\"@type\":\"SearchAction\",\"target\":{\"@type\":\"EntryPoint\",\"urlTemplate\":\"https:\\\/\\\/nws-tech.fr\\\/de\\\/?s={search_term_string}\"},\"query-input\":{\"@type\":\"PropertyValueSpecification\",\"valueRequired\":true,\"valueName\":\"search_term_string\"}}],\"inLanguage\":\"de\"},{\"@type\":\"Organization\",\"@id\":\"https:\\\/\\\/nws-tech.fr\\\/de\\\/#organization\",\"name\":\"NWS Laser - Marque l'avenir\",\"alternateName\":\"NWS Laser\",\"url\":\"https:\\\/\\\/nws-tech.fr\\\/de\\\/\",\"logo\":{\"@type\":\"ImageObject\",\"inLanguage\":\"de\",\"@id\":\"https:\\\/\\\/nws-tech.fr\\\/de\\\/#\\\/schema\\\/logo\\\/image\\\/\",\"url\":\"https:\\\/\\\/nws-tech.fr\\\/wp-content\\\/uploads\\\/2023\\\/06\\\/nws_laser_tr.png\",\"contentUrl\":\"https:\\\/\\\/nws-tech.fr\\\/wp-content\\\/uploads\\\/2023\\\/06\\\/nws_laser_tr.png\",\"width\":655,\"height\":790,\"caption\":\"NWS Laser - Marque l'avenir\"},\"image\":{\"@id\":\"https:\\\/\\\/nws-tech.fr\\\/de\\\/#\\\/schema\\\/logo\\\/image\\\/\"},\"sameAs\":[\"https:\\\/\\\/fr-fr.facebook.com\\\/nwstechfr\\\/\",\"https:\\\/\\\/www.linkedin.com\\\/company\\\/nws-tech\\\/\"],\"description\":\"Depuis 20 ans, NWS Laser con\u00e7oit et fabrique diff\u00e9rentes machines laser de marquage, gravure et de d\u00e9coupe. Nous fabriquons des machines laser standards ou personnalis\u00e9es, en mettant l'accent sur la s\u00e9curit\u00e9, la pr\u00e9cision et l'\u00e9coute des besoins sp\u00e9cifiques de chaque client. Nos machines sont fabriqu\u00e9es en France. Nos 2 sites de production se situent en C\u00f4te-d'Or.\",\"email\":\"info@nws-tech.fr\",\"telephone\":\"+33 4 81 68 04 04\",\"legalName\":\"NWS\",\"foundingDate\":\"1998-05-02\",\"vatID\":\"FR04 493 113 336\",\"numberOfEmployees\":{\"@type\":\"QuantitativeValue\",\"minValue\":\"11\",\"maxValue\":\"50\"},\"publishingPrinciples\":\"https:\\\/\\\/nws-tech.fr\\\/fr\\\/legal\\\/mentions-legales\\\/\",\"ownershipFundingInfo\":\"https:\\\/\\\/nws-tech.fr\\\/fr\\\/a-propos\\\/nws-laser_histoire\\\/\",\"actionableFeedbackPolicy\":\"https:\\\/\\\/nws-tech.fr\\\/fr\\\/legal\\\/mentions-legales\\\/\",\"correctionsPolicy\":\"https:\\\/\\\/nws-tech.fr\\\/fr\\\/a-propos\\\/nws-laser-rse-developpement-durable\\\/\",\"ethicsPolicy\":\"https:\\\/\\\/nws-tech.fr\\\/fr\\\/a-propos\\\/nws-laser-rse-developpement-durable\\\/\",\"diversityPolicy\":\"https:\\\/\\\/nws-tech.fr\\\/fr\\\/a-propos\\\/nws-laser-rse-developpement-durable\\\/\",\"diversityStaffingReport\":\"https:\\\/\\\/nws-tech.fr\\\/fr\\\/a-propos\\\/nws-laser-rse-developpement-durable\\\/\"}]}<\/script>\n<!-- \/ Yoast SEO Premium plugin. -->","yoast_head_json":{"title":"A1030083 BOFA AD PVC IQ Filter - NWS-TECH \u2022 NWS Laser","description":"Der A1030083 ist ein spezifischer Ersatzfilter f\u00fcr die BOFA AD PVC IQ Rauch- und Partikelabsaugsysteme.","robots":{"index":"index","follow":"follow","max-snippet":"max-snippet:-1","max-image-preview":"max-image-preview:large","max-video-preview":"max-video-preview:-1"},"canonical":"https:\/\/nws-tech.fr\/de\/produit\/a1030083-bofa-ad-pvc-iq-filter\/","og_locale":"de_DE","og_type":"article","og_title":"A1030083 BOFA AD PVC IQ Filter","og_description":"Der A1030083 ist ein spezifischer Ersatzfilter f\u00fcr die BOFA AD PVC IQ Rauch- und Partikelabsaugsysteme.","og_url":"https:\/\/nws-tech.fr\/de\/produit\/a1030083-bofa-ad-pvc-iq-filter\/","og_site_name":"NWS-TECH \u2022 NWS Laser","article_publisher":"https:\/\/fr-fr.facebook.com\/nwstechfr\/","og_image":[{"width":300,"height":253,"url":"https:\/\/nws-tech.fr\/wp-content\/uploads\/2023\/11\/a1030083-filtre-bofa-ad.webp","type":"image\/webp"}],"twitter_card":"summary_large_image","twitter_misc":{"Gesch\u00e4tzte Lesezeit":"1\u00a0Minute"},"schema":{"@context":"https:\/\/schema.org","@graph":[{"@type":"WebPage","@id":"https:\/\/nws-tech.fr\/de\/produit\/a1030083-bofa-ad-pvc-iq-filter\/","url":"https:\/\/nws-tech.fr\/de\/produit\/a1030083-bofa-ad-pvc-iq-filter\/","name":"A1030083 BOFA AD PVC IQ Filter - NWS-TECH \u2022 NWS Laser","isPartOf":{"@id":"https:\/\/nws-tech.fr\/de\/#website"},"primaryImageOfPage":{"@id":"https:\/\/nws-tech.fr\/de\/produit\/a1030083-bofa-ad-pvc-iq-filter\/#primaryimage"},"image":{"@id":"https:\/\/nws-tech.fr\/de\/produit\/a1030083-bofa-ad-pvc-iq-filter\/#primaryimage"},"thumbnailUrl":"https:\/\/nws-tech.fr\/wp-content\/uploads\/2023\/11\/a1030083-filtre-bofa-ad.webp","datePublished":"2023-11-23T14:20:24+00:00","description":"Der A1030083 ist ein spezifischer Ersatzfilter f\u00fcr die BOFA AD PVC IQ Rauch- und Partikelabsaugsysteme.","breadcrumb":{"@id":"https:\/\/nws-tech.fr\/de\/produit\/a1030083-bofa-ad-pvc-iq-filter\/#breadcrumb"},"inLanguage":"de","potentialAction":[{"@type":"ReadAction","target":["https:\/\/nws-tech.fr\/de\/produit\/a1030083-bofa-ad-pvc-iq-filter\/"]}]},{"@type":"ImageObject","inLanguage":"de","@id":"https:\/\/nws-tech.fr\/de\/produit\/a1030083-bofa-ad-pvc-iq-filter\/#primaryimage","url":"https:\/\/nws-tech.fr\/wp-content\/uploads\/2023\/11\/a1030083-filtre-bofa-ad.webp","contentUrl":"https:\/\/nws-tech.fr\/wp-content\/uploads\/2023\/11\/a1030083-filtre-bofa-ad.webp","width":300,"height":253},{"@type":"BreadcrumbList","@id":"https:\/\/nws-tech.fr\/de\/produit\/a1030083-bofa-ad-pvc-iq-filter\/#breadcrumb","itemListElement":[{"@type":"ListItem","position":1,"name":"Accueil","item":"https:\/\/nws-tech.fr\/de\/"},{"@type":"ListItem","position":2,"name":"Shop","item":"https:\/\/nws-tech.fr\/de\/shop\/"},{"@type":"ListItem","position":3,"name":"A1030083 BOFA AD PVC IQ Filter"}]},{"@type":"WebSite","@id":"https:\/\/nws-tech.fr\/de\/#website","url":"https:\/\/nws-tech.fr\/de\/","name":"NWS LASER - Marque l'avenir","description":"Fabricant fran\u00e7ais de Lasers de marquage, gravure et d\u00e9coupe","publisher":{"@id":"https:\/\/nws-tech.fr\/de\/#organization"},"alternateName":"NWS LASER","potentialAction":[{"@type":"SearchAction","target":{"@type":"EntryPoint","urlTemplate":"https:\/\/nws-tech.fr\/de\/?s={search_term_string}"},"query-input":{"@type":"PropertyValueSpecification","valueRequired":true,"valueName":"search_term_string"}}],"inLanguage":"de"},{"@type":"Organization","@id":"https:\/\/nws-tech.fr\/de\/#organization","name":"NWS Laser - Marque l'avenir","alternateName":"NWS Laser","url":"https:\/\/nws-tech.fr\/de\/","logo":{"@type":"ImageObject","inLanguage":"de","@id":"https:\/\/nws-tech.fr\/de\/#\/schema\/logo\/image\/","url":"https:\/\/nws-tech.fr\/wp-content\/uploads\/2023\/06\/nws_laser_tr.png","contentUrl":"https:\/\/nws-tech.fr\/wp-content\/uploads\/2023\/06\/nws_laser_tr.png","width":655,"height":790,"caption":"NWS Laser - Marque l'avenir"},"image":{"@id":"https:\/\/nws-tech.fr\/de\/#\/schema\/logo\/image\/"},"sameAs":["https:\/\/fr-fr.facebook.com\/nwstechfr\/","https:\/\/www.linkedin.com\/company\/nws-tech\/"],"description":"Depuis 20 ans, NWS Laser con\u00e7oit et fabrique diff\u00e9rentes machines laser de marquage, gravure et de d\u00e9coupe. Nous fabriquons des machines laser standards ou personnalis\u00e9es, en mettant l'accent sur la s\u00e9curit\u00e9, la pr\u00e9cision et l'\u00e9coute des besoins sp\u00e9cifiques de chaque client. Nos machines sont fabriqu\u00e9es en France. Nos 2 sites de production se situent en C\u00f4te-d'Or.","email":"info@nws-tech.fr","telephone":"+33 4 81 68 04 04","legalName":"NWS","foundingDate":"1998-05-02","vatID":"FR04 493 113 336","numberOfEmployees":{"@type":"QuantitativeValue","minValue":"11","maxValue":"50"},"publishingPrinciples":"https:\/\/nws-tech.fr\/fr\/legal\/mentions-legales\/","ownershipFundingInfo":"https:\/\/nws-tech.fr\/fr\/a-propos\/nws-laser_histoire\/","actionableFeedbackPolicy":"https:\/\/nws-tech.fr\/fr\/legal\/mentions-legales\/","correctionsPolicy":"https:\/\/nws-tech.fr\/fr\/a-propos\/nws-laser-rse-developpement-durable\/","ethicsPolicy":"https:\/\/nws-tech.fr\/fr\/a-propos\/nws-laser-rse-developpement-durable\/","diversityPolicy":"https:\/\/nws-tech.fr\/fr\/a-propos\/nws-laser-rse-developpement-durable\/","diversityStaffingReport":"https:\/\/nws-tech.fr\/fr\/a-propos\/nws-laser-rse-developpement-durable\/"}]}},"_links":{"self":[{"href":"https:\/\/nws-tech.fr\/de\/wp-json\/wp\/v2\/product\/15070","targetHints":{"allow":["GET"]}}],"collection":[{"href":"https:\/\/nws-tech.fr\/de\/wp-json\/wp\/v2\/product"}],"about":[{"href":"https:\/\/nws-tech.fr\/de\/wp-json\/wp\/v2\/types\/product"}],"replies":[{"embeddable":true,"href":"https:\/\/nws-tech.fr\/de\/wp-json\/wp\/v2\/comments?post=15070"}],"wp:featuredmedia":[{"embeddable":true,"href":"https:\/\/nws-tech.fr\/de\/wp-json\/wp\/v2\/media\/12309"}],"wp:attachment":[{"href":"https:\/\/nws-tech.fr\/de\/wp-json\/wp\/v2\/media?parent=15070"}],"wp:term":[{"taxonomy":"product_brand","embeddable":true,"href":"https:\/\/nws-tech.fr\/de\/wp-json\/wp\/v2\/product_brand?post=15070"},{"taxonomy":"product_cat","embeddable":true,"href":"https:\/\/nws-tech.fr\/de\/wp-json\/wp\/v2\/product_cat?post=15070"},{"taxonomy":"product_tag","embeddable":true,"href":"https:\/\/nws-tech.fr\/de\/wp-json\/wp\/v2\/product_tag?post=15070"}],"curies":[{"name":"wp","href":"https:\/\/api.w.org\/{rel}","templated":true}]}}