{"id":15060,"date":"2023-11-23T15:20:26","date_gmt":"2023-11-23T14:20:26","guid":{"rendered":"https:\/\/nws-tech.fr\/produit\/a1030184-bofa-filter-ad-4000-printpro-4000-v-4000\/"},"modified":"2023-11-23T15:20:26","modified_gmt":"2023-11-23T14:20:26","slug":"a1030184-bofa-filter-ad-4000-printpro-4000-v-4000","status":"publish","type":"product","link":"https:\/\/nws-tech.fr\/de\/produit\/a1030184-bofa-filter-ad-4000-printpro-4000-v-4000\/","title":{"rendered":"A1030184 BOFA Filter AD 4000\/PrintPro 4000\/V 4000"},"content":{"rendered":"<p>Der Filter A1030184 von BOFA ist ein Kombi-Ersatzluftfilter f\u00fcr die Absaugger\u00e4te BOFA AD 4000\/PrintPro 4000 und V 4000. Dieser Hauptfilter nutzt ein HEPA-Filtermedium, um feine Partikel aus der Luft zu entfernen sowie sch\u00e4dliche D\u00e4mpfe, Gase und Rauch zu eliminieren, die bei L\u00f6tvorg\u00e4ngen entstehen. L\u00f6ten ist ein F\u00fcgeverfahren, bei dem eine Lotlegierung geschmolzen wird, um verschiedene Metalle zu verbinden. Dieser Prozess kann gesundheitssch\u00e4dliche D\u00e4mpfe und Gase erzeugen, die gefiltert werden m\u00fcssen, bevor sie von den Mitarbeitern eingeatmet werden.    <\/p>\n<p>Der Filter A1030184 ist einfach zu installieren und zu ersetzen; er wird einfach in den daf\u00fcr vorgesehenen Steckplatz im Absaugger\u00e4t geschoben. Es wird empfohlen, den Filter je nach Nutzung alle 3 bis 6 Monate auszutauschen. Achten Sie zudem darauf, den passenden Filter f\u00fcr das jeweilige Absaugger\u00e4t zu verwenden, um eine optimale Leistung und eine maximale Lebensdauer der Filter zu gew\u00e4hrleisten.    <\/p>\n<p>Der BOFA Filter A1030184 verwendet ein HEPA-Filtermedium aus Glasfaser und hochwertige Aktivkohle, um Feinstaub aus der Luft zu entfernen. HEPA-Filter sind f\u00fcr ihre hohe Effizienz bekannt und k\u00f6nnen bis zu 99,95 % der Partikel mit einer Gr\u00f6\u00dfe von 0,3 Mikrometern oder mehr abscheiden. Die Konstruktion mit einem Geh\u00e4use aus verzinktem Stahl, das mit Polyurethan-Dichtmasse versiegelt ist, garantiert eine optimale Filtration.   <\/p>\n<p>Verkauf im 2er-Pack.<\/p>\n<h2>Technische Daten<\/h2>\n<p>&nbsp;<\/p>\n<table style=\"height: 184px; width: 545px;\" border=\"1\" width=\"498\">\n<tbody>\n<tr style=\"height: 23px;\">\n<td style=\"width: 175.625px; height: 23px;\">Filtertyp<\/td>\n<td style=\"width: 353.375px; height: 23px;\">HEPA-Filter<\/td>\n<\/tr>\n<tr style=\"height: 23px;\">\n<td style=\"width: 175.625px; height: 23px;\">Filtermedium 1<\/td>\n<td style=\"width: 353.375px; height: 23px;\">Plissiertes Glasfasermaterial<\/td>\n<\/tr>\n<tr style=\"height: 23px;\">\n<td style=\"height: 23px; width: 175.625px;\">Filtermedium 2<\/td>\n<td style=\"height: 23px; width: 353.375px;\">N\/A<\/td>\n<\/tr>\n<tr style=\"height: 23px;\">\n<td style=\"width: 175.625px; height: 23px;\">Effizienz<\/td>\n<td style=\"width: 353.375px; height: 23px;\">99,95 % Abscheidung von Partikeln bis 0,3 \u00b5m<\/td>\n<\/tr>\n<tr style=\"height: 23px;\">\n<td style=\"width: 175.625px; height: 23px;\">Fertigung<\/td>\n<td style=\"width: 353.375px; height: 23px;\">Glasfaser-Plissee in Aluminiumgeh\u00e4use eingeklebt<\/td>\n<\/tr>\n<tr style=\"height: 23px;\">\n<td style=\"width: 175.625px; height: 23px;\">Abmessungen (mm)<\/td>\n<td style=\"width: 353.375px; height: 23px;\">150 x 1220 x 610<\/td>\n<\/tr>\n<tr style=\"height: 23px;\">\n<td style=\"height: 23px; width: 175.625px;\">Filtergewicht (kg)<\/td>\n<td style=\"height: 23px; width: 353.375px;\">7<\/td>\n<\/tr>\n<\/tbody>\n<\/table>\n","protected":false},"excerpt":{"rendered":"<p>Ersatz-HEPA-Filter f\u00fcr die BOFA Filtersysteme AD 4000, PrintPro 4000 und V 4000 (Verkauf im 2er-Pack). <\/p>\n","protected":false},"featured_media":12230,"comment_status":"open","ping_status":"closed","template":"","meta":{"_et_pb_use_builder":"","_et_pb_old_content":"","_et_gb_content_width":""},"product_brand":[],"product_cat":[797,798],"product_tag":[],"class_list":{"0":"post-15060","1":"product","2":"type-product","3":"status-publish","4":"has-post-thumbnail","6":"product_cat-bofa-filter","7":"product_cat-hepa-kombifilter","8":"product_shipping_class-mono-karton-express","10":"first","11":"instock","12":"shipping-taxable","13":"product-type-simple"},"yoast_head":"<!-- This site is optimized with the Yoast SEO Premium plugin v26.9 (Yoast SEO v27.5) - https:\/\/yoast.com\/product\/yoast-seo-premium-wordpress\/ -->\n<title>A1030184 BOFA Filter AD 4000\/PrintPro 4000\/V 4000 - NWS-TECH \u2022 NWS Laser<\/title>\n<meta name=\"description\" content=\"Der A1030184 ist ein Ersatz-HEPA-Filter f\u00fcr die BOFA Rauch- und Partikelabsaugsysteme \u2013 Modelle AD 4000\/PrintPro 4000 und V 4000.\" \/>\n<meta name=\"robots\" content=\"index, follow, max-snippet:-1, max-image-preview:large, max-video-preview:-1\" \/>\n<link rel=\"canonical\" href=\"https:\/\/nws-tech.fr\/de\/produit\/a1030184-bofa-filter-ad-4000-printpro-4000-v-4000\/\" \/>\n<meta property=\"og:locale\" content=\"de_DE\" \/>\n<meta property=\"og:type\" content=\"article\" \/>\n<meta property=\"og:title\" content=\"A1030184 BOFA Filter AD 4000\/PrintPro 4000\/V 4000\" \/>\n<meta property=\"og:description\" content=\"Der A1030184 ist ein Ersatz-HEPA-Filter f\u00fcr die BOFA Rauch- und Partikelabsaugsysteme \u2013 Modelle AD 4000\/PrintPro 4000 und V 4000.\" \/>\n<meta property=\"og:url\" content=\"https:\/\/nws-tech.fr\/de\/produit\/a1030184-bofa-filter-ad-4000-printpro-4000-v-4000\/\" \/>\n<meta property=\"og:site_name\" content=\"NWS-TECH \u2022 NWS Laser\" \/>\n<meta property=\"article:publisher\" content=\"https:\/\/fr-fr.facebook.com\/nwstechfr\/\" \/>\n<meta property=\"og:image\" content=\"https:\/\/nws-tech.fr\/wp-content\/uploads\/2023\/11\/a1030184-filtre-bofa.jpg\" \/>\n\t<meta property=\"og:image:width\" content=\"339\" \/>\n\t<meta property=\"og:image:height\" content=\"210\" \/>\n\t<meta property=\"og:image:type\" content=\"image\/jpeg\" \/>\n<meta name=\"twitter:card\" content=\"summary_large_image\" \/>\n<meta name=\"twitter:label1\" content=\"Gesch\u00e4tzte Lesezeit\" \/>\n\t<meta name=\"twitter:data1\" content=\"1\u00a0Minute\" \/>\n<script type=\"application\/ld+json\" class=\"yoast-schema-graph\">{\"@context\":\"https:\\\/\\\/schema.org\",\"@graph\":[{\"@type\":\"WebPage\",\"@id\":\"https:\\\/\\\/nws-tech.fr\\\/de\\\/produit\\\/a1030184-bofa-filter-ad-4000-printpro-4000-v-4000\\\/\",\"url\":\"https:\\\/\\\/nws-tech.fr\\\/de\\\/produit\\\/a1030184-bofa-filter-ad-4000-printpro-4000-v-4000\\\/\",\"name\":\"A1030184 BOFA Filter AD 4000\\\/PrintPro 4000\\\/V 4000 - NWS-TECH \u2022 NWS Laser\",\"isPartOf\":{\"@id\":\"https:\\\/\\\/nws-tech.fr\\\/de\\\/#website\"},\"primaryImageOfPage\":{\"@id\":\"https:\\\/\\\/nws-tech.fr\\\/de\\\/produit\\\/a1030184-bofa-filter-ad-4000-printpro-4000-v-4000\\\/#primaryimage\"},\"image\":{\"@id\":\"https:\\\/\\\/nws-tech.fr\\\/de\\\/produit\\\/a1030184-bofa-filter-ad-4000-printpro-4000-v-4000\\\/#primaryimage\"},\"thumbnailUrl\":\"https:\\\/\\\/nws-tech.fr\\\/wp-content\\\/uploads\\\/2023\\\/11\\\/a1030184-filtre-bofa.jpg\",\"datePublished\":\"2023-11-23T14:20:26+00:00\",\"description\":\"Der A1030184 ist ein Ersatz-HEPA-Filter f\u00fcr die BOFA Rauch- und Partikelabsaugsysteme \u2013 Modelle AD 4000\\\/PrintPro 4000 und V 4000.\",\"breadcrumb\":{\"@id\":\"https:\\\/\\\/nws-tech.fr\\\/de\\\/produit\\\/a1030184-bofa-filter-ad-4000-printpro-4000-v-4000\\\/#breadcrumb\"},\"inLanguage\":\"de\",\"potentialAction\":[{\"@type\":\"ReadAction\",\"target\":[\"https:\\\/\\\/nws-tech.fr\\\/de\\\/produit\\\/a1030184-bofa-filter-ad-4000-printpro-4000-v-4000\\\/\"]}]},{\"@type\":\"ImageObject\",\"inLanguage\":\"de\",\"@id\":\"https:\\\/\\\/nws-tech.fr\\\/de\\\/produit\\\/a1030184-bofa-filter-ad-4000-printpro-4000-v-4000\\\/#primaryimage\",\"url\":\"https:\\\/\\\/nws-tech.fr\\\/wp-content\\\/uploads\\\/2023\\\/11\\\/a1030184-filtre-bofa.jpg\",\"contentUrl\":\"https:\\\/\\\/nws-tech.fr\\\/wp-content\\\/uploads\\\/2023\\\/11\\\/a1030184-filtre-bofa.jpg\",\"width\":339,\"height\":210},{\"@type\":\"BreadcrumbList\",\"@id\":\"https:\\\/\\\/nws-tech.fr\\\/de\\\/produit\\\/a1030184-bofa-filter-ad-4000-printpro-4000-v-4000\\\/#breadcrumb\",\"itemListElement\":[{\"@type\":\"ListItem\",\"position\":1,\"name\":\"Accueil\",\"item\":\"https:\\\/\\\/nws-tech.fr\\\/de\\\/\"},{\"@type\":\"ListItem\",\"position\":2,\"name\":\"Shop\",\"item\":\"https:\\\/\\\/nws-tech.fr\\\/de\\\/shop\\\/\"},{\"@type\":\"ListItem\",\"position\":3,\"name\":\"A1030184 BOFA Filter AD 4000\\\/PrintPro 4000\\\/V 4000\"}]},{\"@type\":\"WebSite\",\"@id\":\"https:\\\/\\\/nws-tech.fr\\\/de\\\/#website\",\"url\":\"https:\\\/\\\/nws-tech.fr\\\/de\\\/\",\"name\":\"NWS LASER - Marque l'avenir\",\"description\":\"Fabricant fran\u00e7ais de Lasers de marquage, gravure et d\u00e9coupe\",\"publisher\":{\"@id\":\"https:\\\/\\\/nws-tech.fr\\\/de\\\/#organization\"},\"alternateName\":\"NWS LASER\",\"potentialAction\":[{\"@type\":\"SearchAction\",\"target\":{\"@type\":\"EntryPoint\",\"urlTemplate\":\"https:\\\/\\\/nws-tech.fr\\\/de\\\/?s={search_term_string}\"},\"query-input\":{\"@type\":\"PropertyValueSpecification\",\"valueRequired\":true,\"valueName\":\"search_term_string\"}}],\"inLanguage\":\"de\"},{\"@type\":\"Organization\",\"@id\":\"https:\\\/\\\/nws-tech.fr\\\/de\\\/#organization\",\"name\":\"NWS Laser - Marque l'avenir\",\"alternateName\":\"NWS Laser\",\"url\":\"https:\\\/\\\/nws-tech.fr\\\/de\\\/\",\"logo\":{\"@type\":\"ImageObject\",\"inLanguage\":\"de\",\"@id\":\"https:\\\/\\\/nws-tech.fr\\\/de\\\/#\\\/schema\\\/logo\\\/image\\\/\",\"url\":\"https:\\\/\\\/nws-tech.fr\\\/wp-content\\\/uploads\\\/2023\\\/06\\\/nws_laser_tr.png\",\"contentUrl\":\"https:\\\/\\\/nws-tech.fr\\\/wp-content\\\/uploads\\\/2023\\\/06\\\/nws_laser_tr.png\",\"width\":655,\"height\":790,\"caption\":\"NWS Laser - Marque l'avenir\"},\"image\":{\"@id\":\"https:\\\/\\\/nws-tech.fr\\\/de\\\/#\\\/schema\\\/logo\\\/image\\\/\"},\"sameAs\":[\"https:\\\/\\\/fr-fr.facebook.com\\\/nwstechfr\\\/\",\"https:\\\/\\\/www.linkedin.com\\\/company\\\/nws-tech\\\/\"],\"description\":\"Depuis 20 ans, NWS Laser con\u00e7oit et fabrique diff\u00e9rentes machines laser de marquage, gravure et de d\u00e9coupe. Nous fabriquons des machines laser standards ou personnalis\u00e9es, en mettant l'accent sur la s\u00e9curit\u00e9, la pr\u00e9cision et l'\u00e9coute des besoins sp\u00e9cifiques de chaque client. Nos machines sont fabriqu\u00e9es en France. Nos 2 sites de production se situent en C\u00f4te-d'Or.\",\"email\":\"info@nws-tech.fr\",\"telephone\":\"+33 4 81 68 04 04\",\"legalName\":\"NWS\",\"foundingDate\":\"1998-05-02\",\"vatID\":\"FR04 493 113 336\",\"numberOfEmployees\":{\"@type\":\"QuantitativeValue\",\"minValue\":\"11\",\"maxValue\":\"50\"},\"publishingPrinciples\":\"https:\\\/\\\/nws-tech.fr\\\/fr\\\/legal\\\/mentions-legales\\\/\",\"ownershipFundingInfo\":\"https:\\\/\\\/nws-tech.fr\\\/fr\\\/a-propos\\\/nws-laser_histoire\\\/\",\"actionableFeedbackPolicy\":\"https:\\\/\\\/nws-tech.fr\\\/fr\\\/legal\\\/mentions-legales\\\/\",\"correctionsPolicy\":\"https:\\\/\\\/nws-tech.fr\\\/fr\\\/a-propos\\\/nws-laser-rse-developpement-durable\\\/\",\"ethicsPolicy\":\"https:\\\/\\\/nws-tech.fr\\\/fr\\\/a-propos\\\/nws-laser-rse-developpement-durable\\\/\",\"diversityPolicy\":\"https:\\\/\\\/nws-tech.fr\\\/fr\\\/a-propos\\\/nws-laser-rse-developpement-durable\\\/\",\"diversityStaffingReport\":\"https:\\\/\\\/nws-tech.fr\\\/fr\\\/a-propos\\\/nws-laser-rse-developpement-durable\\\/\"}]}<\/script>\n<!-- \/ Yoast SEO Premium plugin. -->","yoast_head_json":{"title":"A1030184 BOFA Filter AD 4000\/PrintPro 4000\/V 4000 - NWS-TECH \u2022 NWS Laser","description":"Der A1030184 ist ein Ersatz-HEPA-Filter f\u00fcr die BOFA Rauch- und Partikelabsaugsysteme \u2013 Modelle AD 4000\/PrintPro 4000 und V 4000.","robots":{"index":"index","follow":"follow","max-snippet":"max-snippet:-1","max-image-preview":"max-image-preview:large","max-video-preview":"max-video-preview:-1"},"canonical":"https:\/\/nws-tech.fr\/de\/produit\/a1030184-bofa-filter-ad-4000-printpro-4000-v-4000\/","og_locale":"de_DE","og_type":"article","og_title":"A1030184 BOFA Filter AD 4000\/PrintPro 4000\/V 4000","og_description":"Der A1030184 ist ein Ersatz-HEPA-Filter f\u00fcr die BOFA Rauch- und Partikelabsaugsysteme \u2013 Modelle AD 4000\/PrintPro 4000 und V 4000.","og_url":"https:\/\/nws-tech.fr\/de\/produit\/a1030184-bofa-filter-ad-4000-printpro-4000-v-4000\/","og_site_name":"NWS-TECH \u2022 NWS Laser","article_publisher":"https:\/\/fr-fr.facebook.com\/nwstechfr\/","og_image":[{"width":339,"height":210,"url":"https:\/\/nws-tech.fr\/wp-content\/uploads\/2023\/11\/a1030184-filtre-bofa.jpg","type":"image\/jpeg"}],"twitter_card":"summary_large_image","twitter_misc":{"Gesch\u00e4tzte Lesezeit":"1\u00a0Minute"},"schema":{"@context":"https:\/\/schema.org","@graph":[{"@type":"WebPage","@id":"https:\/\/nws-tech.fr\/de\/produit\/a1030184-bofa-filter-ad-4000-printpro-4000-v-4000\/","url":"https:\/\/nws-tech.fr\/de\/produit\/a1030184-bofa-filter-ad-4000-printpro-4000-v-4000\/","name":"A1030184 BOFA Filter AD 4000\/PrintPro 4000\/V 4000 - NWS-TECH \u2022 NWS Laser","isPartOf":{"@id":"https:\/\/nws-tech.fr\/de\/#website"},"primaryImageOfPage":{"@id":"https:\/\/nws-tech.fr\/de\/produit\/a1030184-bofa-filter-ad-4000-printpro-4000-v-4000\/#primaryimage"},"image":{"@id":"https:\/\/nws-tech.fr\/de\/produit\/a1030184-bofa-filter-ad-4000-printpro-4000-v-4000\/#primaryimage"},"thumbnailUrl":"https:\/\/nws-tech.fr\/wp-content\/uploads\/2023\/11\/a1030184-filtre-bofa.jpg","datePublished":"2023-11-23T14:20:26+00:00","description":"Der A1030184 ist ein Ersatz-HEPA-Filter f\u00fcr die BOFA Rauch- und Partikelabsaugsysteme \u2013 Modelle AD 4000\/PrintPro 4000 und V 4000.","breadcrumb":{"@id":"https:\/\/nws-tech.fr\/de\/produit\/a1030184-bofa-filter-ad-4000-printpro-4000-v-4000\/#breadcrumb"},"inLanguage":"de","potentialAction":[{"@type":"ReadAction","target":["https:\/\/nws-tech.fr\/de\/produit\/a1030184-bofa-filter-ad-4000-printpro-4000-v-4000\/"]}]},{"@type":"ImageObject","inLanguage":"de","@id":"https:\/\/nws-tech.fr\/de\/produit\/a1030184-bofa-filter-ad-4000-printpro-4000-v-4000\/#primaryimage","url":"https:\/\/nws-tech.fr\/wp-content\/uploads\/2023\/11\/a1030184-filtre-bofa.jpg","contentUrl":"https:\/\/nws-tech.fr\/wp-content\/uploads\/2023\/11\/a1030184-filtre-bofa.jpg","width":339,"height":210},{"@type":"BreadcrumbList","@id":"https:\/\/nws-tech.fr\/de\/produit\/a1030184-bofa-filter-ad-4000-printpro-4000-v-4000\/#breadcrumb","itemListElement":[{"@type":"ListItem","position":1,"name":"Accueil","item":"https:\/\/nws-tech.fr\/de\/"},{"@type":"ListItem","position":2,"name":"Shop","item":"https:\/\/nws-tech.fr\/de\/shop\/"},{"@type":"ListItem","position":3,"name":"A1030184 BOFA Filter AD 4000\/PrintPro 4000\/V 4000"}]},{"@type":"WebSite","@id":"https:\/\/nws-tech.fr\/de\/#website","url":"https:\/\/nws-tech.fr\/de\/","name":"NWS LASER - Marque l'avenir","description":"Fabricant fran\u00e7ais de Lasers de marquage, gravure et d\u00e9coupe","publisher":{"@id":"https:\/\/nws-tech.fr\/de\/#organization"},"alternateName":"NWS LASER","potentialAction":[{"@type":"SearchAction","target":{"@type":"EntryPoint","urlTemplate":"https:\/\/nws-tech.fr\/de\/?s={search_term_string}"},"query-input":{"@type":"PropertyValueSpecification","valueRequired":true,"valueName":"search_term_string"}}],"inLanguage":"de"},{"@type":"Organization","@id":"https:\/\/nws-tech.fr\/de\/#organization","name":"NWS Laser - Marque l'avenir","alternateName":"NWS Laser","url":"https:\/\/nws-tech.fr\/de\/","logo":{"@type":"ImageObject","inLanguage":"de","@id":"https:\/\/nws-tech.fr\/de\/#\/schema\/logo\/image\/","url":"https:\/\/nws-tech.fr\/wp-content\/uploads\/2023\/06\/nws_laser_tr.png","contentUrl":"https:\/\/nws-tech.fr\/wp-content\/uploads\/2023\/06\/nws_laser_tr.png","width":655,"height":790,"caption":"NWS Laser - Marque l'avenir"},"image":{"@id":"https:\/\/nws-tech.fr\/de\/#\/schema\/logo\/image\/"},"sameAs":["https:\/\/fr-fr.facebook.com\/nwstechfr\/","https:\/\/www.linkedin.com\/company\/nws-tech\/"],"description":"Depuis 20 ans, NWS Laser con\u00e7oit et fabrique diff\u00e9rentes machines laser de marquage, gravure et de d\u00e9coupe. Nous fabriquons des machines laser standards ou personnalis\u00e9es, en mettant l'accent sur la s\u00e9curit\u00e9, la pr\u00e9cision et l'\u00e9coute des besoins sp\u00e9cifiques de chaque client. Nos machines sont fabriqu\u00e9es en France. Nos 2 sites de production se situent en C\u00f4te-d'Or.","email":"info@nws-tech.fr","telephone":"+33 4 81 68 04 04","legalName":"NWS","foundingDate":"1998-05-02","vatID":"FR04 493 113 336","numberOfEmployees":{"@type":"QuantitativeValue","minValue":"11","maxValue":"50"},"publishingPrinciples":"https:\/\/nws-tech.fr\/fr\/legal\/mentions-legales\/","ownershipFundingInfo":"https:\/\/nws-tech.fr\/fr\/a-propos\/nws-laser_histoire\/","actionableFeedbackPolicy":"https:\/\/nws-tech.fr\/fr\/legal\/mentions-legales\/","correctionsPolicy":"https:\/\/nws-tech.fr\/fr\/a-propos\/nws-laser-rse-developpement-durable\/","ethicsPolicy":"https:\/\/nws-tech.fr\/fr\/a-propos\/nws-laser-rse-developpement-durable\/","diversityPolicy":"https:\/\/nws-tech.fr\/fr\/a-propos\/nws-laser-rse-developpement-durable\/","diversityStaffingReport":"https:\/\/nws-tech.fr\/fr\/a-propos\/nws-laser-rse-developpement-durable\/"}]}},"_links":{"self":[{"href":"https:\/\/nws-tech.fr\/de\/wp-json\/wp\/v2\/product\/15060","targetHints":{"allow":["GET"]}}],"collection":[{"href":"https:\/\/nws-tech.fr\/de\/wp-json\/wp\/v2\/product"}],"about":[{"href":"https:\/\/nws-tech.fr\/de\/wp-json\/wp\/v2\/types\/product"}],"replies":[{"embeddable":true,"href":"https:\/\/nws-tech.fr\/de\/wp-json\/wp\/v2\/comments?post=15060"}],"wp:featuredmedia":[{"embeddable":true,"href":"https:\/\/nws-tech.fr\/de\/wp-json\/wp\/v2\/media\/12230"}],"wp:attachment":[{"href":"https:\/\/nws-tech.fr\/de\/wp-json\/wp\/v2\/media?parent=15060"}],"wp:term":[{"taxonomy":"product_brand","embeddable":true,"href":"https:\/\/nws-tech.fr\/de\/wp-json\/wp\/v2\/product_brand?post=15060"},{"taxonomy":"product_cat","embeddable":true,"href":"https:\/\/nws-tech.fr\/de\/wp-json\/wp\/v2\/product_cat?post=15060"},{"taxonomy":"product_tag","embeddable":true,"href":"https:\/\/nws-tech.fr\/de\/wp-json\/wp\/v2\/product_tag?post=15060"}],"curies":[{"name":"wp","href":"https:\/\/api.w.org\/{rel}","templated":true}]}}