{"id":15056,"date":"2023-11-23T15:20:26","date_gmt":"2023-11-23T14:20:26","guid":{"rendered":"https:\/\/nws-tech.fr\/produit\/a1030406-bofa-ad-4000-iq-filter-3er-pack\/"},"modified":"2023-11-23T15:20:26","modified_gmt":"2023-11-23T14:20:26","slug":"a1030406-bofa-ad-4000-iq-filter-3er-pack","status":"publish","type":"product","link":"https:\/\/nws-tech.fr\/de\/produit\/a1030406-bofa-ad-4000-iq-filter-3er-pack\/","title":{"rendered":"A1030406 BOFA AD 4000 iQ Filter (3er-Pack)"},"content":{"rendered":"<p>Der BOFA-Filter A1030406 ist ein Ersatz-Kombiluftfilter f\u00fcr das Absaugger\u00e4t BOFA AD 4000 iQ. Dieser Hauptfilter nutzt ein HEPA-Filtermedium zur Entfernung von Feinstaub aus der Luft sowie zur Beseitigung von sch\u00e4dlichem Rauch, Gasen und D\u00e4mpfen, die bei Laserprozessen wie Laserschneiden, Markieren und Gravieren entstehen.  <\/p>\n<p>Der BOFA AD Filter A1030406 ist einfach zu installieren und zu ersetzen. Er wird einfach in den vorgesehenen Steckplatz im Absaugger\u00e4t geschoben. Es wird empfohlen, den Filter je nach Nutzung alle 3 bis 6 Monate auszutauschen. Achten Sie zudem darauf, den passenden Filter f\u00fcr das jeweilige Absaugger\u00e4t zu verwenden, um eine optimale Leistung des Ger\u00e4ts und eine maximale Lebensdauer der Filter zu gew\u00e4hrleisten.    <\/p>\n<p>Der BOFA-Filter A1030406 verwendet ein hochwertiges HEPA-Filtermedium und Aktivkohle. Diese Komponenten dienen dazu, Feinstaub aus der Luft zu entfernen. HEPA-Filter sind f\u00fcr ihre hohe Filtrationseffizienz bekannt und k\u00f6nnen bis zu 99,997 % der Partikel ab einer Gr\u00f6\u00dfe von 0,3 Mikron abscheiden. Die Konstruktion mit einem Geh\u00e4use aus verzinktem Stahl, das mit einer Polyurethan-Dichtmasse versiegelt ist, garantiert eine optimale Filtration.   <\/p>\n<p>Verkauf im 3er-Pack.<\/p>\n<p>&nbsp;<\/p>\n<h2>Technische Daten<\/h2>\n<p>&nbsp;<\/p>\n<table style=\"height: 138px; width: 593px;\" border=\"1\" width=\"498\">\n<tbody>\n<tr style=\"height: 23px;\">\n<td style=\"width: 171.281px; height: 23px;\">Filtertyp<\/td>\n<td style=\"width: 405.719px; height: 23px;\">Kombifilter<\/td>\n<\/tr>\n<tr style=\"height: 23px;\">\n<td style=\"width: 171.281px; height: 23px;\">Filtermedium 1<\/td>\n<td style=\"width: 405.719px; height: 23px;\">Plissiertes Glasfasermaterial<\/td>\n<\/tr>\n<tr style=\"height: 23px;\">\n<td style=\"height: 23px; width: 171.281px;\">Filtermedium 2<\/td>\n<td style=\"height: 23px; width: 405.719px;\">Impr\u00e4gnierte Aktivkohlemischung<\/td>\n<\/tr>\n<tr style=\"height: 23px;\">\n<td style=\"width: 171.281px; height: 23px;\">Effizienz<\/td>\n<td style=\"width: 405.719px; height: 23px;\">99,997% Abscheidung von Partikeln mit 0,3 \u00b5m<\/td>\n<\/tr>\n<tr>\n<td style=\"width: 171.281px;\">Ausf\u00fchrung<\/td>\n<td style=\"width: 405.719px;\">Geh\u00e4use aus verzinktem Stahl, abgedichtet mit Polyurethan-Dichtmasse<\/td>\n<\/tr>\n<tr>\n<td style=\"width: 171.281px;\">Abmessungen (mm)<\/td>\n<td style=\"width: 405.719px;\">243 x 493 x 596<\/td>\n<\/tr>\n<tr style=\"height: 23px;\">\n<td style=\"width: 171.281px; height: 23px;\">Gewicht der Aktivkohle (kg)<\/td>\n<td style=\"width: 405.719px; height: 23px;\">34<\/td>\n<\/tr>\n<tr style=\"height: 23px;\">\n<td style=\"height: 23px; width: 171.281px;\">Filtergewicht (kg)<\/td>\n<td style=\"height: 23px; width: 405.719px;\">110<\/td>\n<\/tr>\n<\/tbody>\n<\/table>\n","protected":false},"excerpt":{"rendered":"<p>Ersatz-Kombifilter f\u00fcr das BOFA AD 4000 iQ Filtersystem.<\/p>\n<p>&nbsp;<\/p>\n","protected":false},"featured_media":12251,"comment_status":"open","ping_status":"closed","template":"","meta":{"_et_pb_use_builder":"","_et_pb_old_content":"","_et_gb_content_width":""},"product_brand":[],"product_cat":[797,798],"product_tag":[],"class_list":{"0":"post-15056","1":"product","2":"type-product","3":"status-publish","4":"has-post-thumbnail","6":"product_cat-bofa-filter","7":"product_cat-hepa-kombifilter","8":"product_shipping_class-mono-palette-messaging","10":"first","11":"instock","12":"shipping-taxable","13":"product-type-simple"},"yoast_head":"<!-- This site is optimized with the Yoast SEO Premium plugin v26.9 (Yoast SEO v27.5) - https:\/\/yoast.com\/product\/yoast-seo-premium-wordpress\/ -->\n<title>A1030406 BOFA AD 4000 iQ Filter (3er-Pack) - NWS-TECH \u2022 NWS Laser<\/title>\n<meta name=\"description\" content=\"Der A1030406 ist ein BOFA-Ersatzkombifilter f\u00fcr die BOFA AD 4000 iQ Absaugsysteme f\u00fcr Rauch und Schadpartikel.\" \/>\n<meta name=\"robots\" content=\"index, follow, max-snippet:-1, max-image-preview:large, max-video-preview:-1\" \/>\n<link rel=\"canonical\" href=\"https:\/\/nws-tech.fr\/de\/produit\/a1030406-bofa-ad-4000-iq-filter-3er-pack\/\" \/>\n<meta property=\"og:locale\" content=\"de_DE\" \/>\n<meta property=\"og:type\" content=\"article\" \/>\n<meta property=\"og:title\" content=\"A1030406 BOFA AD 4000 iQ Filter (3er-Pack)\" \/>\n<meta property=\"og:description\" content=\"Der A1030406 ist ein BOFA-Ersatzkombifilter f\u00fcr die BOFA AD 4000 iQ Absaugsysteme f\u00fcr Rauch und Schadpartikel.\" \/>\n<meta property=\"og:url\" content=\"https:\/\/nws-tech.fr\/de\/produit\/a1030406-bofa-ad-4000-iq-filter-3er-pack\/\" \/>\n<meta property=\"og:site_name\" content=\"NWS-TECH \u2022 NWS Laser\" \/>\n<meta property=\"article:publisher\" content=\"https:\/\/fr-fr.facebook.com\/nwstechfr\/\" \/>\n<meta property=\"og:image\" content=\"https:\/\/nws-tech.fr\/wp-content\/uploads\/2023\/11\/A1030406-filtre-bofa-AD.webp\" \/>\n\t<meta property=\"og:image:width\" content=\"300\" \/>\n\t<meta property=\"og:image:height\" content=\"233\" \/>\n\t<meta property=\"og:image:type\" content=\"image\/webp\" \/>\n<meta name=\"twitter:card\" content=\"summary_large_image\" \/>\n<meta name=\"twitter:label1\" content=\"Gesch\u00e4tzte Lesezeit\" \/>\n\t<meta name=\"twitter:data1\" content=\"1\u00a0Minute\" \/>\n<script type=\"application\/ld+json\" class=\"yoast-schema-graph\">{\"@context\":\"https:\\\/\\\/schema.org\",\"@graph\":[{\"@type\":\"WebPage\",\"@id\":\"https:\\\/\\\/nws-tech.fr\\\/de\\\/produit\\\/a1030406-bofa-ad-4000-iq-filter-3er-pack\\\/\",\"url\":\"https:\\\/\\\/nws-tech.fr\\\/de\\\/produit\\\/a1030406-bofa-ad-4000-iq-filter-3er-pack\\\/\",\"name\":\"A1030406 BOFA AD 4000 iQ Filter (3er-Pack) - NWS-TECH \u2022 NWS Laser\",\"isPartOf\":{\"@id\":\"https:\\\/\\\/nws-tech.fr\\\/de\\\/#website\"},\"primaryImageOfPage\":{\"@id\":\"https:\\\/\\\/nws-tech.fr\\\/de\\\/produit\\\/a1030406-bofa-ad-4000-iq-filter-3er-pack\\\/#primaryimage\"},\"image\":{\"@id\":\"https:\\\/\\\/nws-tech.fr\\\/de\\\/produit\\\/a1030406-bofa-ad-4000-iq-filter-3er-pack\\\/#primaryimage\"},\"thumbnailUrl\":\"https:\\\/\\\/nws-tech.fr\\\/wp-content\\\/uploads\\\/2023\\\/11\\\/A1030406-filtre-bofa-AD.webp\",\"datePublished\":\"2023-11-23T14:20:26+00:00\",\"description\":\"Der A1030406 ist ein BOFA-Ersatzkombifilter f\u00fcr die BOFA AD 4000 iQ Absaugsysteme f\u00fcr Rauch und Schadpartikel.\",\"breadcrumb\":{\"@id\":\"https:\\\/\\\/nws-tech.fr\\\/de\\\/produit\\\/a1030406-bofa-ad-4000-iq-filter-3er-pack\\\/#breadcrumb\"},\"inLanguage\":\"de\",\"potentialAction\":[{\"@type\":\"ReadAction\",\"target\":[\"https:\\\/\\\/nws-tech.fr\\\/de\\\/produit\\\/a1030406-bofa-ad-4000-iq-filter-3er-pack\\\/\"]}]},{\"@type\":\"ImageObject\",\"inLanguage\":\"de\",\"@id\":\"https:\\\/\\\/nws-tech.fr\\\/de\\\/produit\\\/a1030406-bofa-ad-4000-iq-filter-3er-pack\\\/#primaryimage\",\"url\":\"https:\\\/\\\/nws-tech.fr\\\/wp-content\\\/uploads\\\/2023\\\/11\\\/A1030406-filtre-bofa-AD.webp\",\"contentUrl\":\"https:\\\/\\\/nws-tech.fr\\\/wp-content\\\/uploads\\\/2023\\\/11\\\/A1030406-filtre-bofa-AD.webp\",\"width\":300,\"height\":233},{\"@type\":\"BreadcrumbList\",\"@id\":\"https:\\\/\\\/nws-tech.fr\\\/de\\\/produit\\\/a1030406-bofa-ad-4000-iq-filter-3er-pack\\\/#breadcrumb\",\"itemListElement\":[{\"@type\":\"ListItem\",\"position\":1,\"name\":\"Accueil\",\"item\":\"https:\\\/\\\/nws-tech.fr\\\/de\\\/\"},{\"@type\":\"ListItem\",\"position\":2,\"name\":\"Shop\",\"item\":\"https:\\\/\\\/nws-tech.fr\\\/de\\\/shop\\\/\"},{\"@type\":\"ListItem\",\"position\":3,\"name\":\"A1030406 BOFA AD 4000 iQ Filter (3er-Pack)\"}]},{\"@type\":\"WebSite\",\"@id\":\"https:\\\/\\\/nws-tech.fr\\\/de\\\/#website\",\"url\":\"https:\\\/\\\/nws-tech.fr\\\/de\\\/\",\"name\":\"NWS LASER - Marque l'avenir\",\"description\":\"Fabricant fran\u00e7ais de Lasers de marquage, gravure et d\u00e9coupe\",\"publisher\":{\"@id\":\"https:\\\/\\\/nws-tech.fr\\\/de\\\/#organization\"},\"alternateName\":\"NWS LASER\",\"potentialAction\":[{\"@type\":\"SearchAction\",\"target\":{\"@type\":\"EntryPoint\",\"urlTemplate\":\"https:\\\/\\\/nws-tech.fr\\\/de\\\/?s={search_term_string}\"},\"query-input\":{\"@type\":\"PropertyValueSpecification\",\"valueRequired\":true,\"valueName\":\"search_term_string\"}}],\"inLanguage\":\"de\"},{\"@type\":\"Organization\",\"@id\":\"https:\\\/\\\/nws-tech.fr\\\/de\\\/#organization\",\"name\":\"NWS Laser - Marque l'avenir\",\"alternateName\":\"NWS Laser\",\"url\":\"https:\\\/\\\/nws-tech.fr\\\/de\\\/\",\"logo\":{\"@type\":\"ImageObject\",\"inLanguage\":\"de\",\"@id\":\"https:\\\/\\\/nws-tech.fr\\\/de\\\/#\\\/schema\\\/logo\\\/image\\\/\",\"url\":\"https:\\\/\\\/nws-tech.fr\\\/wp-content\\\/uploads\\\/2023\\\/06\\\/nws_laser_tr.png\",\"contentUrl\":\"https:\\\/\\\/nws-tech.fr\\\/wp-content\\\/uploads\\\/2023\\\/06\\\/nws_laser_tr.png\",\"width\":655,\"height\":790,\"caption\":\"NWS Laser - Marque l'avenir\"},\"image\":{\"@id\":\"https:\\\/\\\/nws-tech.fr\\\/de\\\/#\\\/schema\\\/logo\\\/image\\\/\"},\"sameAs\":[\"https:\\\/\\\/fr-fr.facebook.com\\\/nwstechfr\\\/\",\"https:\\\/\\\/www.linkedin.com\\\/company\\\/nws-tech\\\/\"],\"description\":\"Depuis 20 ans, NWS Laser con\u00e7oit et fabrique diff\u00e9rentes machines laser de marquage, gravure et de d\u00e9coupe. Nous fabriquons des machines laser standards ou personnalis\u00e9es, en mettant l'accent sur la s\u00e9curit\u00e9, la pr\u00e9cision et l'\u00e9coute des besoins sp\u00e9cifiques de chaque client. Nos machines sont fabriqu\u00e9es en France. Nos 2 sites de production se situent en C\u00f4te-d'Or.\",\"email\":\"info@nws-tech.fr\",\"telephone\":\"+33 4 81 68 04 04\",\"legalName\":\"NWS\",\"foundingDate\":\"1998-05-02\",\"vatID\":\"FR04 493 113 336\",\"numberOfEmployees\":{\"@type\":\"QuantitativeValue\",\"minValue\":\"11\",\"maxValue\":\"50\"},\"publishingPrinciples\":\"https:\\\/\\\/nws-tech.fr\\\/fr\\\/legal\\\/mentions-legales\\\/\",\"ownershipFundingInfo\":\"https:\\\/\\\/nws-tech.fr\\\/fr\\\/a-propos\\\/nws-laser_histoire\\\/\",\"actionableFeedbackPolicy\":\"https:\\\/\\\/nws-tech.fr\\\/fr\\\/legal\\\/mentions-legales\\\/\",\"correctionsPolicy\":\"https:\\\/\\\/nws-tech.fr\\\/fr\\\/a-propos\\\/nws-laser-rse-developpement-durable\\\/\",\"ethicsPolicy\":\"https:\\\/\\\/nws-tech.fr\\\/fr\\\/a-propos\\\/nws-laser-rse-developpement-durable\\\/\",\"diversityPolicy\":\"https:\\\/\\\/nws-tech.fr\\\/fr\\\/a-propos\\\/nws-laser-rse-developpement-durable\\\/\",\"diversityStaffingReport\":\"https:\\\/\\\/nws-tech.fr\\\/fr\\\/a-propos\\\/nws-laser-rse-developpement-durable\\\/\"}]}<\/script>\n<!-- \/ Yoast SEO Premium plugin. -->","yoast_head_json":{"title":"A1030406 BOFA AD 4000 iQ Filter (3er-Pack) - NWS-TECH \u2022 NWS Laser","description":"Der A1030406 ist ein BOFA-Ersatzkombifilter f\u00fcr die BOFA AD 4000 iQ Absaugsysteme f\u00fcr Rauch und Schadpartikel.","robots":{"index":"index","follow":"follow","max-snippet":"max-snippet:-1","max-image-preview":"max-image-preview:large","max-video-preview":"max-video-preview:-1"},"canonical":"https:\/\/nws-tech.fr\/de\/produit\/a1030406-bofa-ad-4000-iq-filter-3er-pack\/","og_locale":"de_DE","og_type":"article","og_title":"A1030406 BOFA AD 4000 iQ Filter (3er-Pack)","og_description":"Der A1030406 ist ein BOFA-Ersatzkombifilter f\u00fcr die BOFA AD 4000 iQ Absaugsysteme f\u00fcr Rauch und Schadpartikel.","og_url":"https:\/\/nws-tech.fr\/de\/produit\/a1030406-bofa-ad-4000-iq-filter-3er-pack\/","og_site_name":"NWS-TECH \u2022 NWS Laser","article_publisher":"https:\/\/fr-fr.facebook.com\/nwstechfr\/","og_image":[{"width":300,"height":233,"url":"https:\/\/nws-tech.fr\/wp-content\/uploads\/2023\/11\/A1030406-filtre-bofa-AD.webp","type":"image\/webp"}],"twitter_card":"summary_large_image","twitter_misc":{"Gesch\u00e4tzte Lesezeit":"1\u00a0Minute"},"schema":{"@context":"https:\/\/schema.org","@graph":[{"@type":"WebPage","@id":"https:\/\/nws-tech.fr\/de\/produit\/a1030406-bofa-ad-4000-iq-filter-3er-pack\/","url":"https:\/\/nws-tech.fr\/de\/produit\/a1030406-bofa-ad-4000-iq-filter-3er-pack\/","name":"A1030406 BOFA AD 4000 iQ Filter (3er-Pack) - NWS-TECH \u2022 NWS Laser","isPartOf":{"@id":"https:\/\/nws-tech.fr\/de\/#website"},"primaryImageOfPage":{"@id":"https:\/\/nws-tech.fr\/de\/produit\/a1030406-bofa-ad-4000-iq-filter-3er-pack\/#primaryimage"},"image":{"@id":"https:\/\/nws-tech.fr\/de\/produit\/a1030406-bofa-ad-4000-iq-filter-3er-pack\/#primaryimage"},"thumbnailUrl":"https:\/\/nws-tech.fr\/wp-content\/uploads\/2023\/11\/A1030406-filtre-bofa-AD.webp","datePublished":"2023-11-23T14:20:26+00:00","description":"Der A1030406 ist ein BOFA-Ersatzkombifilter f\u00fcr die BOFA AD 4000 iQ Absaugsysteme f\u00fcr Rauch und Schadpartikel.","breadcrumb":{"@id":"https:\/\/nws-tech.fr\/de\/produit\/a1030406-bofa-ad-4000-iq-filter-3er-pack\/#breadcrumb"},"inLanguage":"de","potentialAction":[{"@type":"ReadAction","target":["https:\/\/nws-tech.fr\/de\/produit\/a1030406-bofa-ad-4000-iq-filter-3er-pack\/"]}]},{"@type":"ImageObject","inLanguage":"de","@id":"https:\/\/nws-tech.fr\/de\/produit\/a1030406-bofa-ad-4000-iq-filter-3er-pack\/#primaryimage","url":"https:\/\/nws-tech.fr\/wp-content\/uploads\/2023\/11\/A1030406-filtre-bofa-AD.webp","contentUrl":"https:\/\/nws-tech.fr\/wp-content\/uploads\/2023\/11\/A1030406-filtre-bofa-AD.webp","width":300,"height":233},{"@type":"BreadcrumbList","@id":"https:\/\/nws-tech.fr\/de\/produit\/a1030406-bofa-ad-4000-iq-filter-3er-pack\/#breadcrumb","itemListElement":[{"@type":"ListItem","position":1,"name":"Accueil","item":"https:\/\/nws-tech.fr\/de\/"},{"@type":"ListItem","position":2,"name":"Shop","item":"https:\/\/nws-tech.fr\/de\/shop\/"},{"@type":"ListItem","position":3,"name":"A1030406 BOFA AD 4000 iQ Filter (3er-Pack)"}]},{"@type":"WebSite","@id":"https:\/\/nws-tech.fr\/de\/#website","url":"https:\/\/nws-tech.fr\/de\/","name":"NWS LASER - Marque l'avenir","description":"Fabricant fran\u00e7ais de Lasers de marquage, gravure et d\u00e9coupe","publisher":{"@id":"https:\/\/nws-tech.fr\/de\/#organization"},"alternateName":"NWS LASER","potentialAction":[{"@type":"SearchAction","target":{"@type":"EntryPoint","urlTemplate":"https:\/\/nws-tech.fr\/de\/?s={search_term_string}"},"query-input":{"@type":"PropertyValueSpecification","valueRequired":true,"valueName":"search_term_string"}}],"inLanguage":"de"},{"@type":"Organization","@id":"https:\/\/nws-tech.fr\/de\/#organization","name":"NWS Laser - Marque l'avenir","alternateName":"NWS Laser","url":"https:\/\/nws-tech.fr\/de\/","logo":{"@type":"ImageObject","inLanguage":"de","@id":"https:\/\/nws-tech.fr\/de\/#\/schema\/logo\/image\/","url":"https:\/\/nws-tech.fr\/wp-content\/uploads\/2023\/06\/nws_laser_tr.png","contentUrl":"https:\/\/nws-tech.fr\/wp-content\/uploads\/2023\/06\/nws_laser_tr.png","width":655,"height":790,"caption":"NWS Laser - Marque l'avenir"},"image":{"@id":"https:\/\/nws-tech.fr\/de\/#\/schema\/logo\/image\/"},"sameAs":["https:\/\/fr-fr.facebook.com\/nwstechfr\/","https:\/\/www.linkedin.com\/company\/nws-tech\/"],"description":"Depuis 20 ans, NWS Laser con\u00e7oit et fabrique diff\u00e9rentes machines laser de marquage, gravure et de d\u00e9coupe. Nous fabriquons des machines laser standards ou personnalis\u00e9es, en mettant l'accent sur la s\u00e9curit\u00e9, la pr\u00e9cision et l'\u00e9coute des besoins sp\u00e9cifiques de chaque client. Nos machines sont fabriqu\u00e9es en France. Nos 2 sites de production se situent en C\u00f4te-d'Or.","email":"info@nws-tech.fr","telephone":"+33 4 81 68 04 04","legalName":"NWS","foundingDate":"1998-05-02","vatID":"FR04 493 113 336","numberOfEmployees":{"@type":"QuantitativeValue","minValue":"11","maxValue":"50"},"publishingPrinciples":"https:\/\/nws-tech.fr\/fr\/legal\/mentions-legales\/","ownershipFundingInfo":"https:\/\/nws-tech.fr\/fr\/a-propos\/nws-laser_histoire\/","actionableFeedbackPolicy":"https:\/\/nws-tech.fr\/fr\/legal\/mentions-legales\/","correctionsPolicy":"https:\/\/nws-tech.fr\/fr\/a-propos\/nws-laser-rse-developpement-durable\/","ethicsPolicy":"https:\/\/nws-tech.fr\/fr\/a-propos\/nws-laser-rse-developpement-durable\/","diversityPolicy":"https:\/\/nws-tech.fr\/fr\/a-propos\/nws-laser-rse-developpement-durable\/","diversityStaffingReport":"https:\/\/nws-tech.fr\/fr\/a-propos\/nws-laser-rse-developpement-durable\/"}]}},"_links":{"self":[{"href":"https:\/\/nws-tech.fr\/de\/wp-json\/wp\/v2\/product\/15056","targetHints":{"allow":["GET"]}}],"collection":[{"href":"https:\/\/nws-tech.fr\/de\/wp-json\/wp\/v2\/product"}],"about":[{"href":"https:\/\/nws-tech.fr\/de\/wp-json\/wp\/v2\/types\/product"}],"replies":[{"embeddable":true,"href":"https:\/\/nws-tech.fr\/de\/wp-json\/wp\/v2\/comments?post=15056"}],"wp:featuredmedia":[{"embeddable":true,"href":"https:\/\/nws-tech.fr\/de\/wp-json\/wp\/v2\/media\/12251"}],"wp:attachment":[{"href":"https:\/\/nws-tech.fr\/de\/wp-json\/wp\/v2\/media?parent=15056"}],"wp:term":[{"taxonomy":"product_brand","embeddable":true,"href":"https:\/\/nws-tech.fr\/de\/wp-json\/wp\/v2\/product_brand?post=15056"},{"taxonomy":"product_cat","embeddable":true,"href":"https:\/\/nws-tech.fr\/de\/wp-json\/wp\/v2\/product_cat?post=15056"},{"taxonomy":"product_tag","embeddable":true,"href":"https:\/\/nws-tech.fr\/de\/wp-json\/wp\/v2\/product_tag?post=15056"}],"curies":[{"name":"wp","href":"https:\/\/api.w.org\/{rel}","templated":true}]}}