{"id":15052,"date":"2023-11-23T15:20:23","date_gmt":"2023-11-23T14:20:23","guid":{"rendered":"https:\/\/nws-tech.fr\/produit\/a1030082-bofa-filter-ad-pvc-iq\/"},"modified":"2023-11-23T15:20:23","modified_gmt":"2023-11-23T14:20:23","slug":"a1030082-bofa-filter-ad-pvc-iq","status":"publish","type":"product","link":"https:\/\/nws-tech.fr\/de\/produit\/a1030082-bofa-filter-ad-pvc-iq\/","title":{"rendered":"A1030082 BOFA-Filter AD PVC iQ"},"content":{"rendered":"<p>Der BOFA-Filter A1030082 ist ein kombinierter Ersatz-Luftfilter f\u00fcr den BOFA-Absauger AD PVC iQ. Dieser Filter ist ein Hauptfilter, der ein HEPA-Filtermedium verwendet, um feine Partikel aus der Luft zu entfernen, sowie sch\u00e4dliche Rauchgase, Gase und D\u00e4mpfe zu reduzieren, die bei Laserprozessen wie Schneiden, Markieren und Lasergravieren entstehen.  <\/p>\n<p>Der BOFA AD-Filter A1030082 ist einfach zu installieren und zu ersetzen. Schieben Sie ihn einfach in den daf\u00fcr vorgesehenen Einschub im Absauger. Zudem wird empfohlen, den Filter je nach Nutzung alle 3 bis 6 Monate zu wechseln. Achten Sie au\u00dferdem darauf, den passenden Filter f\u00fcr den richtigen Absauger zu verwenden, um eine optimale Leistung des Absaugers und eine maximale Filterlebensdauer sicherzustellen.    <\/p>\n<p>Der BOFA-Filter A1030082 verwendet ein HEPA-Filtermedium und hochwertige Aktivkohle. Diese Komponenten entfernen feine Partikel aus der Luft. HEPA-Filter sind f\u00fcr ihre hohe Filtereffizienz bekannt und k\u00f6nnen bis zu 99,997 % der Partikel mit 0,3 Mikron oder gr\u00f6\u00dfer zur\u00fcckhalten. Die Konstruktion mit einem verzinkten Stahlgeh\u00e4use, abgedichtet mit einem Polyurethan-Dichtstoff, gew\u00e4hrleistet eine optimale Filtration.   <\/p>\n<h2>Technische Daten<\/h2>\n<p>&nbsp;<\/p>\n<table style=\"height: 208px; width: 648px;\" border=\"1\" width=\"498\">\n<tbody>\n<tr style=\"height: 23px;\">\n<td style=\"width: 171.688px; height: 23px;\">Filtertyp<\/td>\n<td style=\"width: 460.312px; height: 23px;\">Kombifilter<\/td>\n<\/tr>\n<tr style=\"height: 23px;\">\n<td style=\"width: 171.688px; height: 23px;\">Filtermedium 1<\/td>\n<td style=\"width: 460.312px; height: 23px;\">Plissiertes Glasfasermaterial<\/td>\n<\/tr>\n<tr style=\"height: 23px;\">\n<td style=\"height: 23px; width: 171.688px;\">Filtermedium 2<\/td>\n<td style=\"height: 23px; width: 460.312px;\">Impr\u00e4gnierte Aktivkohlemischung<\/td>\n<\/tr>\n<tr style=\"height: 23px;\">\n<td style=\"width: 171.688px; height: 23px;\">Effizienz<\/td>\n<td style=\"width: 460.312px; height: 23px;\">99,997% Abscheidung von Partikeln mit 0,3 \u00b5m<\/td>\n<\/tr>\n<tr style=\"height: 47px;\">\n<td style=\"width: 171.688px; height: 47px;\">Fertigung<\/td>\n<td style=\"width: 460.312px; height: 47px;\">Korrosionsbest\u00e4ndige Beschichtung; Edelstahlgeh\u00e4use, abgedichtet mit einem Polyurethan-Dichtstoff<\/td>\n<\/tr>\n<tr style=\"height: 23px;\">\n<td style=\"width: 171.688px; height: 23px;\">Abmessungen (mm)<\/td>\n<td style=\"width: 460.312px; height: 23px;\">280 x 412 x 399<\/td>\n<\/tr>\n<tr style=\"height: 23px;\">\n<td style=\"width: 171.688px; height: 23px;\">Gewicht der Aktivkohle (kg)<\/td>\n<td style=\"width: 460.312px; height: 23px;\">20<\/td>\n<\/tr>\n<tr style=\"height: 23px;\">\n<td style=\"height: 23px; width: 171.688px;\">Filtergewicht (kg)<\/td>\n<td style=\"height: 23px; width: 460.312px;\">30,3<\/td>\n<\/tr>\n<\/tbody>\n<\/table>\n<p>&nbsp;<\/p>\n","protected":false},"excerpt":{"rendered":"<p>Kombinierter Ersatzfilter f\u00fcr das Filtersystem AD PVC iQ von BOFA.<\/p>\n<p>&nbsp;<\/p>\n","protected":false},"featured_media":12227,"comment_status":"open","ping_status":"closed","template":"","meta":{"_et_pb_use_builder":"","_et_pb_old_content":"","_et_gb_content_width":""},"product_brand":[],"product_cat":[797,798],"product_tag":[],"class_list":{"0":"post-15052","1":"product","2":"type-product","3":"status-publish","4":"has-post-thumbnail","6":"product_cat-bofa-filter","7":"product_cat-hepa-kombifilter","8":"product_shipping_class-mono-karton-express","10":"first","11":"instock","12":"shipping-taxable","13":"product-type-simple"},"yoast_head":"<!-- This site is optimized with the Yoast SEO Premium plugin v26.9 (Yoast SEO v27.5) - https:\/\/yoast.com\/product\/yoast-seo-premium-wordpress\/ -->\n<title>A1030082 BOFA-Filter AD PVC iQ - NWS-TECH \u2022 NWS Laser<\/title>\n<meta name=\"description\" content=\"A1030082 ist ein kombinierter BOFA-Ersatzfilter f\u00fcr BOFA-Absaugsysteme f\u00fcr Rauch und sch\u00e4dliche Partikel \u2013 AD PVC iQ.\" \/>\n<meta name=\"robots\" content=\"index, follow, max-snippet:-1, max-image-preview:large, max-video-preview:-1\" \/>\n<link rel=\"canonical\" href=\"https:\/\/nws-tech.fr\/de\/produit\/a1030082-bofa-filter-ad-pvc-iq\/\" \/>\n<meta property=\"og:locale\" content=\"de_DE\" \/>\n<meta property=\"og:type\" content=\"article\" \/>\n<meta property=\"og:title\" content=\"A1030082 BOFA-Filter AD PVC iQ\" \/>\n<meta property=\"og:description\" content=\"A1030082 ist ein kombinierter BOFA-Ersatzfilter f\u00fcr BOFA-Absaugsysteme f\u00fcr Rauch und sch\u00e4dliche Partikel \u2013 AD PVC iQ.\" \/>\n<meta property=\"og:url\" content=\"https:\/\/nws-tech.fr\/de\/produit\/a1030082-bofa-filter-ad-pvc-iq\/\" \/>\n<meta property=\"og:site_name\" content=\"NWS-TECH \u2022 NWS Laser\" \/>\n<meta property=\"article:publisher\" content=\"https:\/\/fr-fr.facebook.com\/nwstechfr\/\" \/>\n<meta property=\"og:image\" content=\"https:\/\/nws-tech.fr\/wp-content\/uploads\/2023\/11\/A1030082-filtre-bofa-AD.webp\" \/>\n\t<meta property=\"og:image:width\" content=\"300\" \/>\n\t<meta property=\"og:image:height\" content=\"266\" \/>\n\t<meta property=\"og:image:type\" content=\"image\/webp\" \/>\n<meta name=\"twitter:card\" content=\"summary_large_image\" \/>\n<meta name=\"twitter:label1\" content=\"Gesch\u00e4tzte Lesezeit\" \/>\n\t<meta name=\"twitter:data1\" content=\"1\u00a0Minute\" \/>\n<script type=\"application\/ld+json\" class=\"yoast-schema-graph\">{\"@context\":\"https:\\\/\\\/schema.org\",\"@graph\":[{\"@type\":\"WebPage\",\"@id\":\"https:\\\/\\\/nws-tech.fr\\\/de\\\/produit\\\/a1030082-bofa-filter-ad-pvc-iq\\\/\",\"url\":\"https:\\\/\\\/nws-tech.fr\\\/de\\\/produit\\\/a1030082-bofa-filter-ad-pvc-iq\\\/\",\"name\":\"A1030082 BOFA-Filter AD PVC iQ - NWS-TECH \u2022 NWS Laser\",\"isPartOf\":{\"@id\":\"https:\\\/\\\/nws-tech.fr\\\/de\\\/#website\"},\"primaryImageOfPage\":{\"@id\":\"https:\\\/\\\/nws-tech.fr\\\/de\\\/produit\\\/a1030082-bofa-filter-ad-pvc-iq\\\/#primaryimage\"},\"image\":{\"@id\":\"https:\\\/\\\/nws-tech.fr\\\/de\\\/produit\\\/a1030082-bofa-filter-ad-pvc-iq\\\/#primaryimage\"},\"thumbnailUrl\":\"https:\\\/\\\/nws-tech.fr\\\/wp-content\\\/uploads\\\/2023\\\/11\\\/A1030082-filtre-bofa-AD.webp\",\"datePublished\":\"2023-11-23T14:20:23+00:00\",\"description\":\"A1030082 ist ein kombinierter BOFA-Ersatzfilter f\u00fcr BOFA-Absaugsysteme f\u00fcr Rauch und sch\u00e4dliche Partikel \u2013 AD PVC iQ.\",\"breadcrumb\":{\"@id\":\"https:\\\/\\\/nws-tech.fr\\\/de\\\/produit\\\/a1030082-bofa-filter-ad-pvc-iq\\\/#breadcrumb\"},\"inLanguage\":\"de\",\"potentialAction\":[{\"@type\":\"ReadAction\",\"target\":[\"https:\\\/\\\/nws-tech.fr\\\/de\\\/produit\\\/a1030082-bofa-filter-ad-pvc-iq\\\/\"]}]},{\"@type\":\"ImageObject\",\"inLanguage\":\"de\",\"@id\":\"https:\\\/\\\/nws-tech.fr\\\/de\\\/produit\\\/a1030082-bofa-filter-ad-pvc-iq\\\/#primaryimage\",\"url\":\"https:\\\/\\\/nws-tech.fr\\\/wp-content\\\/uploads\\\/2023\\\/11\\\/A1030082-filtre-bofa-AD.webp\",\"contentUrl\":\"https:\\\/\\\/nws-tech.fr\\\/wp-content\\\/uploads\\\/2023\\\/11\\\/A1030082-filtre-bofa-AD.webp\",\"width\":300,\"height\":266},{\"@type\":\"BreadcrumbList\",\"@id\":\"https:\\\/\\\/nws-tech.fr\\\/de\\\/produit\\\/a1030082-bofa-filter-ad-pvc-iq\\\/#breadcrumb\",\"itemListElement\":[{\"@type\":\"ListItem\",\"position\":1,\"name\":\"Accueil\",\"item\":\"https:\\\/\\\/nws-tech.fr\\\/de\\\/\"},{\"@type\":\"ListItem\",\"position\":2,\"name\":\"Shop\",\"item\":\"https:\\\/\\\/nws-tech.fr\\\/de\\\/shop\\\/\"},{\"@type\":\"ListItem\",\"position\":3,\"name\":\"A1030082 BOFA-Filter AD PVC iQ\"}]},{\"@type\":\"WebSite\",\"@id\":\"https:\\\/\\\/nws-tech.fr\\\/de\\\/#website\",\"url\":\"https:\\\/\\\/nws-tech.fr\\\/de\\\/\",\"name\":\"NWS LASER - Marque l'avenir\",\"description\":\"Fabricant fran\u00e7ais de Lasers de marquage, gravure et d\u00e9coupe\",\"publisher\":{\"@id\":\"https:\\\/\\\/nws-tech.fr\\\/de\\\/#organization\"},\"alternateName\":\"NWS LASER\",\"potentialAction\":[{\"@type\":\"SearchAction\",\"target\":{\"@type\":\"EntryPoint\",\"urlTemplate\":\"https:\\\/\\\/nws-tech.fr\\\/de\\\/?s={search_term_string}\"},\"query-input\":{\"@type\":\"PropertyValueSpecification\",\"valueRequired\":true,\"valueName\":\"search_term_string\"}}],\"inLanguage\":\"de\"},{\"@type\":\"Organization\",\"@id\":\"https:\\\/\\\/nws-tech.fr\\\/de\\\/#organization\",\"name\":\"NWS Laser - Marque l'avenir\",\"alternateName\":\"NWS Laser\",\"url\":\"https:\\\/\\\/nws-tech.fr\\\/de\\\/\",\"logo\":{\"@type\":\"ImageObject\",\"inLanguage\":\"de\",\"@id\":\"https:\\\/\\\/nws-tech.fr\\\/de\\\/#\\\/schema\\\/logo\\\/image\\\/\",\"url\":\"https:\\\/\\\/nws-tech.fr\\\/wp-content\\\/uploads\\\/2023\\\/06\\\/nws_laser_tr.png\",\"contentUrl\":\"https:\\\/\\\/nws-tech.fr\\\/wp-content\\\/uploads\\\/2023\\\/06\\\/nws_laser_tr.png\",\"width\":655,\"height\":790,\"caption\":\"NWS Laser - Marque l'avenir\"},\"image\":{\"@id\":\"https:\\\/\\\/nws-tech.fr\\\/de\\\/#\\\/schema\\\/logo\\\/image\\\/\"},\"sameAs\":[\"https:\\\/\\\/fr-fr.facebook.com\\\/nwstechfr\\\/\",\"https:\\\/\\\/www.linkedin.com\\\/company\\\/nws-tech\\\/\"],\"description\":\"Depuis 20 ans, NWS Laser con\u00e7oit et fabrique diff\u00e9rentes machines laser de marquage, gravure et de d\u00e9coupe. Nous fabriquons des machines laser standards ou personnalis\u00e9es, en mettant l'accent sur la s\u00e9curit\u00e9, la pr\u00e9cision et l'\u00e9coute des besoins sp\u00e9cifiques de chaque client. Nos machines sont fabriqu\u00e9es en France. Nos 2 sites de production se situent en C\u00f4te-d'Or.\",\"email\":\"info@nws-tech.fr\",\"telephone\":\"+33 4 81 68 04 04\",\"legalName\":\"NWS\",\"foundingDate\":\"1998-05-02\",\"vatID\":\"FR04 493 113 336\",\"numberOfEmployees\":{\"@type\":\"QuantitativeValue\",\"minValue\":\"11\",\"maxValue\":\"50\"},\"publishingPrinciples\":\"https:\\\/\\\/nws-tech.fr\\\/fr\\\/legal\\\/mentions-legales\\\/\",\"ownershipFundingInfo\":\"https:\\\/\\\/nws-tech.fr\\\/fr\\\/a-propos\\\/nws-laser_histoire\\\/\",\"actionableFeedbackPolicy\":\"https:\\\/\\\/nws-tech.fr\\\/fr\\\/legal\\\/mentions-legales\\\/\",\"correctionsPolicy\":\"https:\\\/\\\/nws-tech.fr\\\/fr\\\/a-propos\\\/nws-laser-rse-developpement-durable\\\/\",\"ethicsPolicy\":\"https:\\\/\\\/nws-tech.fr\\\/fr\\\/a-propos\\\/nws-laser-rse-developpement-durable\\\/\",\"diversityPolicy\":\"https:\\\/\\\/nws-tech.fr\\\/fr\\\/a-propos\\\/nws-laser-rse-developpement-durable\\\/\",\"diversityStaffingReport\":\"https:\\\/\\\/nws-tech.fr\\\/fr\\\/a-propos\\\/nws-laser-rse-developpement-durable\\\/\"}]}<\/script>\n<!-- \/ Yoast SEO Premium plugin. -->","yoast_head_json":{"title":"A1030082 BOFA-Filter AD PVC iQ - NWS-TECH \u2022 NWS Laser","description":"A1030082 ist ein kombinierter BOFA-Ersatzfilter f\u00fcr BOFA-Absaugsysteme f\u00fcr Rauch und sch\u00e4dliche Partikel \u2013 AD PVC iQ.","robots":{"index":"index","follow":"follow","max-snippet":"max-snippet:-1","max-image-preview":"max-image-preview:large","max-video-preview":"max-video-preview:-1"},"canonical":"https:\/\/nws-tech.fr\/de\/produit\/a1030082-bofa-filter-ad-pvc-iq\/","og_locale":"de_DE","og_type":"article","og_title":"A1030082 BOFA-Filter AD PVC iQ","og_description":"A1030082 ist ein kombinierter BOFA-Ersatzfilter f\u00fcr BOFA-Absaugsysteme f\u00fcr Rauch und sch\u00e4dliche Partikel \u2013 AD PVC iQ.","og_url":"https:\/\/nws-tech.fr\/de\/produit\/a1030082-bofa-filter-ad-pvc-iq\/","og_site_name":"NWS-TECH \u2022 NWS Laser","article_publisher":"https:\/\/fr-fr.facebook.com\/nwstechfr\/","og_image":[{"width":300,"height":266,"url":"https:\/\/nws-tech.fr\/wp-content\/uploads\/2023\/11\/A1030082-filtre-bofa-AD.webp","type":"image\/webp"}],"twitter_card":"summary_large_image","twitter_misc":{"Gesch\u00e4tzte Lesezeit":"1\u00a0Minute"},"schema":{"@context":"https:\/\/schema.org","@graph":[{"@type":"WebPage","@id":"https:\/\/nws-tech.fr\/de\/produit\/a1030082-bofa-filter-ad-pvc-iq\/","url":"https:\/\/nws-tech.fr\/de\/produit\/a1030082-bofa-filter-ad-pvc-iq\/","name":"A1030082 BOFA-Filter AD PVC iQ - NWS-TECH \u2022 NWS Laser","isPartOf":{"@id":"https:\/\/nws-tech.fr\/de\/#website"},"primaryImageOfPage":{"@id":"https:\/\/nws-tech.fr\/de\/produit\/a1030082-bofa-filter-ad-pvc-iq\/#primaryimage"},"image":{"@id":"https:\/\/nws-tech.fr\/de\/produit\/a1030082-bofa-filter-ad-pvc-iq\/#primaryimage"},"thumbnailUrl":"https:\/\/nws-tech.fr\/wp-content\/uploads\/2023\/11\/A1030082-filtre-bofa-AD.webp","datePublished":"2023-11-23T14:20:23+00:00","description":"A1030082 ist ein kombinierter BOFA-Ersatzfilter f\u00fcr BOFA-Absaugsysteme f\u00fcr Rauch und sch\u00e4dliche Partikel \u2013 AD PVC iQ.","breadcrumb":{"@id":"https:\/\/nws-tech.fr\/de\/produit\/a1030082-bofa-filter-ad-pvc-iq\/#breadcrumb"},"inLanguage":"de","potentialAction":[{"@type":"ReadAction","target":["https:\/\/nws-tech.fr\/de\/produit\/a1030082-bofa-filter-ad-pvc-iq\/"]}]},{"@type":"ImageObject","inLanguage":"de","@id":"https:\/\/nws-tech.fr\/de\/produit\/a1030082-bofa-filter-ad-pvc-iq\/#primaryimage","url":"https:\/\/nws-tech.fr\/wp-content\/uploads\/2023\/11\/A1030082-filtre-bofa-AD.webp","contentUrl":"https:\/\/nws-tech.fr\/wp-content\/uploads\/2023\/11\/A1030082-filtre-bofa-AD.webp","width":300,"height":266},{"@type":"BreadcrumbList","@id":"https:\/\/nws-tech.fr\/de\/produit\/a1030082-bofa-filter-ad-pvc-iq\/#breadcrumb","itemListElement":[{"@type":"ListItem","position":1,"name":"Accueil","item":"https:\/\/nws-tech.fr\/de\/"},{"@type":"ListItem","position":2,"name":"Shop","item":"https:\/\/nws-tech.fr\/de\/shop\/"},{"@type":"ListItem","position":3,"name":"A1030082 BOFA-Filter AD PVC iQ"}]},{"@type":"WebSite","@id":"https:\/\/nws-tech.fr\/de\/#website","url":"https:\/\/nws-tech.fr\/de\/","name":"NWS LASER - Marque l'avenir","description":"Fabricant fran\u00e7ais de Lasers de marquage, gravure et d\u00e9coupe","publisher":{"@id":"https:\/\/nws-tech.fr\/de\/#organization"},"alternateName":"NWS LASER","potentialAction":[{"@type":"SearchAction","target":{"@type":"EntryPoint","urlTemplate":"https:\/\/nws-tech.fr\/de\/?s={search_term_string}"},"query-input":{"@type":"PropertyValueSpecification","valueRequired":true,"valueName":"search_term_string"}}],"inLanguage":"de"},{"@type":"Organization","@id":"https:\/\/nws-tech.fr\/de\/#organization","name":"NWS Laser - Marque l'avenir","alternateName":"NWS Laser","url":"https:\/\/nws-tech.fr\/de\/","logo":{"@type":"ImageObject","inLanguage":"de","@id":"https:\/\/nws-tech.fr\/de\/#\/schema\/logo\/image\/","url":"https:\/\/nws-tech.fr\/wp-content\/uploads\/2023\/06\/nws_laser_tr.png","contentUrl":"https:\/\/nws-tech.fr\/wp-content\/uploads\/2023\/06\/nws_laser_tr.png","width":655,"height":790,"caption":"NWS Laser - Marque l'avenir"},"image":{"@id":"https:\/\/nws-tech.fr\/de\/#\/schema\/logo\/image\/"},"sameAs":["https:\/\/fr-fr.facebook.com\/nwstechfr\/","https:\/\/www.linkedin.com\/company\/nws-tech\/"],"description":"Depuis 20 ans, NWS Laser con\u00e7oit et fabrique diff\u00e9rentes machines laser de marquage, gravure et de d\u00e9coupe. Nous fabriquons des machines laser standards ou personnalis\u00e9es, en mettant l'accent sur la s\u00e9curit\u00e9, la pr\u00e9cision et l'\u00e9coute des besoins sp\u00e9cifiques de chaque client. Nos machines sont fabriqu\u00e9es en France. Nos 2 sites de production se situent en C\u00f4te-d'Or.","email":"info@nws-tech.fr","telephone":"+33 4 81 68 04 04","legalName":"NWS","foundingDate":"1998-05-02","vatID":"FR04 493 113 336","numberOfEmployees":{"@type":"QuantitativeValue","minValue":"11","maxValue":"50"},"publishingPrinciples":"https:\/\/nws-tech.fr\/fr\/legal\/mentions-legales\/","ownershipFundingInfo":"https:\/\/nws-tech.fr\/fr\/a-propos\/nws-laser_histoire\/","actionableFeedbackPolicy":"https:\/\/nws-tech.fr\/fr\/legal\/mentions-legales\/","correctionsPolicy":"https:\/\/nws-tech.fr\/fr\/a-propos\/nws-laser-rse-developpement-durable\/","ethicsPolicy":"https:\/\/nws-tech.fr\/fr\/a-propos\/nws-laser-rse-developpement-durable\/","diversityPolicy":"https:\/\/nws-tech.fr\/fr\/a-propos\/nws-laser-rse-developpement-durable\/","diversityStaffingReport":"https:\/\/nws-tech.fr\/fr\/a-propos\/nws-laser-rse-developpement-durable\/"}]}},"_links":{"self":[{"href":"https:\/\/nws-tech.fr\/de\/wp-json\/wp\/v2\/product\/15052","targetHints":{"allow":["GET"]}}],"collection":[{"href":"https:\/\/nws-tech.fr\/de\/wp-json\/wp\/v2\/product"}],"about":[{"href":"https:\/\/nws-tech.fr\/de\/wp-json\/wp\/v2\/types\/product"}],"replies":[{"embeddable":true,"href":"https:\/\/nws-tech.fr\/de\/wp-json\/wp\/v2\/comments?post=15052"}],"wp:featuredmedia":[{"embeddable":true,"href":"https:\/\/nws-tech.fr\/de\/wp-json\/wp\/v2\/media\/12227"}],"wp:attachment":[{"href":"https:\/\/nws-tech.fr\/de\/wp-json\/wp\/v2\/media?parent=15052"}],"wp:term":[{"taxonomy":"product_brand","embeddable":true,"href":"https:\/\/nws-tech.fr\/de\/wp-json\/wp\/v2\/product_brand?post=15052"},{"taxonomy":"product_cat","embeddable":true,"href":"https:\/\/nws-tech.fr\/de\/wp-json\/wp\/v2\/product_cat?post=15052"},{"taxonomy":"product_tag","embeddable":true,"href":"https:\/\/nws-tech.fr\/de\/wp-json\/wp\/v2\/product_tag?post=15052"}],"curies":[{"name":"wp","href":"https:\/\/api.w.org\/{rel}","templated":true}]}}