{"id":15045,"date":"2023-11-23T15:20:03","date_gmt":"2023-11-23T14:20:03","guid":{"rendered":"https:\/\/nws-tech.fr\/produit\/a1030154-bofa-filter-fuer-ad-access-absauggeraet\/"},"modified":"2023-11-23T15:20:03","modified_gmt":"2023-11-23T14:20:03","slug":"a1030154-bofa-filter-fuer-ad-access-absauggeraet","status":"publish","type":"product","link":"https:\/\/nws-tech.fr\/de\/produit\/a1030154-bofa-filter-fuer-ad-access-absauggeraet\/","title":{"rendered":"A1030154 BOFA-Filter f\u00fcr AD Access-Absaugger\u00e4t"},"content":{"rendered":"<p>Der A1030154 BOFA-Filter ist ein Ersatzluftfilter f\u00fcr den BOFA AD Access-Absauger. Dieser Filter ist ein Hauptfilter, der ein HEPA-Filtermedium verwendet, um Feinstaubpartikel aus der Luft zu entfernen. Der Filter ist f\u00fcr den Einsatz mit dem BOFA AD Access-Absauger ausgelegt, um D\u00e4mpfe, Gase und sch\u00e4dliche D\u00e4mpfe zu entfernen, die beim Laserschneiden sowie bei anderen Prozessen entstehen.   <\/p>\n<p>Der A1030154 BOFA-Filter ist einfach zu installieren und auszutauschen. Schieben Sie ihn einfach in den daf\u00fcr vorgesehenen Steckplatz im Absauger. Au\u00dferdem ist der Filter mit einer S\u00e4ttigungsanzeige ausgestattet, die Sie warnt, wenn es Zeit f\u00fcr den Austausch ist. Es wird empfohlen, den Filter je nach Nutzung alle 3 bis 6 Monate zu ersetzen. Au\u00dferdem ist es wichtig, sicherzustellen, dass Sie den passenden Filter f\u00fcr den richtigen Absauger verwenden, um eine optimale Leistung des Absaugers und eine maximale Lebensdauer der Filter zu gew\u00e4hrleisten.     <\/p>\n<p>Der A1030154 BOFA-Filter verwendet ein HEPA-Filtermedium und hochwertige Aktivkohle. Diese Elemente dienen dazu, Feinstaubpartikel aus der Luft zu entfernen. HEPA-Filter sind f\u00fcr ihre hohe Filtereffizienz bekannt und k\u00f6nnen bis zu 99,97 % der Partikel mit 0,3 Mikrometern oder gr\u00f6\u00dfer zur\u00fcckhalten. Diese Filtertechnologien sind n\u00fctzlich, um Allergene, Bakterien, Viren und andere Luftverunreinigungen zu filtern.   <\/p>\n<h2>Technische Daten<\/h2>\n<p>&nbsp;<\/p>\n<table style=\"height: 138px; width: 604px;\" border=\"1\" width=\"498\">\n<tbody>\n<tr style=\"height: 23px;\">\n<td style=\"width: 171.375px; height: 23px;\">Filtertyp<\/td>\n<td style=\"width: 416.625px; height: 23px;\">Kombifilter<\/td>\n<\/tr>\n<tr style=\"height: 23px;\">\n<td style=\"width: 171.375px; height: 23px;\">Filtermedium 1<\/td>\n<td style=\"width: 416.625px; height: 23px;\">Plissiertes Glasfasermaterial<\/td>\n<\/tr>\n<tr style=\"height: 23px;\">\n<td style=\"height: 23px; width: 171.375px;\">Filtermedium 2<\/td>\n<td style=\"height: 23px; width: 416.625px;\">Impr\u00e4gnierte Aktivkohlemischung<\/td>\n<\/tr>\n<tr style=\"height: 23px;\">\n<td style=\"width: 171.375px; height: 23px;\">Effizienz<\/td>\n<td style=\"width: 416.625px; height: 23px;\">99,997% Abscheidung von Partikeln mit 0,3 \u00b5m<\/td>\n<\/tr>\n<tr>\n<td style=\"width: 171.375px;\">Ausf\u00fchrung<\/td>\n<td style=\"width: 416.625px;\">Geh\u00e4use aus verzinktem Stahl, abgedichtet mit Polyurethan-Dichtmasse<\/td>\n<\/tr>\n<tr>\n<td style=\"width: 171.375px;\">Abmessungen (mm)<\/td>\n<td style=\"width: 416.625px;\">290 x 290 x 290<\/td>\n<\/tr>\n<tr style=\"height: 23px;\">\n<td style=\"width: 171.375px; height: 23px;\">Gewicht der Aktivkohle (kg)<\/td>\n<td style=\"width: 416.625px; height: 23px;\">7<\/td>\n<\/tr>\n<tr style=\"height: 23px;\">\n<td style=\"height: 23px; width: 171.375px;\">Filtergewicht (Kg)<\/td>\n<td style=\"height: 23px; width: 416.625px;\">10<\/td>\n<\/tr>\n<\/tbody>\n<\/table>\n","protected":false},"excerpt":{"rendered":"<p>Kombinations-Ersatzfilter f\u00fcr BOFA Rauchabsauger \u2013 AD Access<\/p>\n<p>&nbsp;<\/p>\n","protected":false},"featured_media":12213,"comment_status":"open","ping_status":"closed","template":"","meta":{"_et_pb_use_builder":"","_et_pb_old_content":"","_et_gb_content_width":""},"product_brand":[],"product_cat":[797,798],"product_tag":[],"class_list":{"0":"post-15045","1":"product","2":"type-product","3":"status-publish","4":"has-post-thumbnail","6":"product_cat-bofa-filter","7":"product_cat-hepa-kombifilter","8":"product_shipping_class-mono-karton-express","10":"first","11":"instock","12":"shipping-taxable","13":"product-type-simple"},"yoast_head":"<!-- This site is optimized with the Yoast SEO Premium plugin v26.9 (Yoast SEO v27.5) - https:\/\/yoast.com\/product\/yoast-seo-premium-wordpress\/ -->\n<title>A1030154 BOFA-Filter f\u00fcr AD Access-Absaugger\u00e4t - NWS-TECH \u2022 NWS Laser<\/title>\n<meta name=\"description\" content=\"A1030154 ist ein BOFA-Ersatzfilter aus Aktivkohle f\u00fcr BOFA Rauch- und Partikelabsauger \u2013 AD Access.\" \/>\n<meta name=\"robots\" content=\"index, follow, max-snippet:-1, max-image-preview:large, max-video-preview:-1\" \/>\n<link rel=\"canonical\" href=\"https:\/\/nws-tech.fr\/de\/produit\/a1030154-bofa-filter-fuer-ad-access-absauggeraet\/\" \/>\n<meta property=\"og:locale\" content=\"de_DE\" \/>\n<meta property=\"og:type\" content=\"article\" \/>\n<meta property=\"og:title\" content=\"A1030154 BOFA-Filter f\u00fcr AD Access-Absaugger\u00e4t\" \/>\n<meta property=\"og:description\" content=\"A1030154 ist ein BOFA-Ersatzfilter aus Aktivkohle f\u00fcr BOFA Rauch- und Partikelabsauger \u2013 AD Access.\" \/>\n<meta property=\"og:url\" content=\"https:\/\/nws-tech.fr\/de\/produit\/a1030154-bofa-filter-fuer-ad-access-absauggeraet\/\" \/>\n<meta property=\"og:site_name\" content=\"NWS-TECH \u2022 NWS Laser\" \/>\n<meta property=\"article:publisher\" content=\"https:\/\/fr-fr.facebook.com\/nwstechfr\/\" \/>\n<meta property=\"og:image\" content=\"https:\/\/nws-tech.fr\/wp-content\/uploads\/2023\/11\/A1030154-filtre-Bofa.webp\" \/>\n\t<meta property=\"og:image:width\" content=\"300\" \/>\n\t<meta property=\"og:image:height\" content=\"300\" \/>\n\t<meta property=\"og:image:type\" content=\"image\/webp\" \/>\n<meta name=\"twitter:card\" content=\"summary_large_image\" \/>\n<meta name=\"twitter:label1\" content=\"Gesch\u00e4tzte Lesezeit\" \/>\n\t<meta name=\"twitter:data1\" content=\"1\u00a0Minute\" \/>\n<script type=\"application\/ld+json\" class=\"yoast-schema-graph\">{\"@context\":\"https:\\\/\\\/schema.org\",\"@graph\":[{\"@type\":\"WebPage\",\"@id\":\"https:\\\/\\\/nws-tech.fr\\\/de\\\/produit\\\/a1030154-bofa-filter-fuer-ad-access-absauggeraet\\\/\",\"url\":\"https:\\\/\\\/nws-tech.fr\\\/de\\\/produit\\\/a1030154-bofa-filter-fuer-ad-access-absauggeraet\\\/\",\"name\":\"A1030154 BOFA-Filter f\u00fcr AD Access-Absaugger\u00e4t - NWS-TECH \u2022 NWS Laser\",\"isPartOf\":{\"@id\":\"https:\\\/\\\/nws-tech.fr\\\/de\\\/#website\"},\"primaryImageOfPage\":{\"@id\":\"https:\\\/\\\/nws-tech.fr\\\/de\\\/produit\\\/a1030154-bofa-filter-fuer-ad-access-absauggeraet\\\/#primaryimage\"},\"image\":{\"@id\":\"https:\\\/\\\/nws-tech.fr\\\/de\\\/produit\\\/a1030154-bofa-filter-fuer-ad-access-absauggeraet\\\/#primaryimage\"},\"thumbnailUrl\":\"https:\\\/\\\/nws-tech.fr\\\/wp-content\\\/uploads\\\/2023\\\/11\\\/A1030154-filtre-Bofa.webp\",\"datePublished\":\"2023-11-23T14:20:03+00:00\",\"description\":\"A1030154 ist ein BOFA-Ersatzfilter aus Aktivkohle f\u00fcr BOFA Rauch- und Partikelabsauger \u2013 AD Access.\",\"breadcrumb\":{\"@id\":\"https:\\\/\\\/nws-tech.fr\\\/de\\\/produit\\\/a1030154-bofa-filter-fuer-ad-access-absauggeraet\\\/#breadcrumb\"},\"inLanguage\":\"de\",\"potentialAction\":[{\"@type\":\"ReadAction\",\"target\":[\"https:\\\/\\\/nws-tech.fr\\\/de\\\/produit\\\/a1030154-bofa-filter-fuer-ad-access-absauggeraet\\\/\"]}]},{\"@type\":\"ImageObject\",\"inLanguage\":\"de\",\"@id\":\"https:\\\/\\\/nws-tech.fr\\\/de\\\/produit\\\/a1030154-bofa-filter-fuer-ad-access-absauggeraet\\\/#primaryimage\",\"url\":\"https:\\\/\\\/nws-tech.fr\\\/wp-content\\\/uploads\\\/2023\\\/11\\\/A1030154-filtre-Bofa.webp\",\"contentUrl\":\"https:\\\/\\\/nws-tech.fr\\\/wp-content\\\/uploads\\\/2023\\\/11\\\/A1030154-filtre-Bofa.webp\",\"width\":300,\"height\":300},{\"@type\":\"BreadcrumbList\",\"@id\":\"https:\\\/\\\/nws-tech.fr\\\/de\\\/produit\\\/a1030154-bofa-filter-fuer-ad-access-absauggeraet\\\/#breadcrumb\",\"itemListElement\":[{\"@type\":\"ListItem\",\"position\":1,\"name\":\"Accueil\",\"item\":\"https:\\\/\\\/nws-tech.fr\\\/de\\\/\"},{\"@type\":\"ListItem\",\"position\":2,\"name\":\"Shop\",\"item\":\"https:\\\/\\\/nws-tech.fr\\\/de\\\/shop\\\/\"},{\"@type\":\"ListItem\",\"position\":3,\"name\":\"A1030154 BOFA-Filter f\u00fcr AD Access-Absaugger\u00e4t\"}]},{\"@type\":\"WebSite\",\"@id\":\"https:\\\/\\\/nws-tech.fr\\\/de\\\/#website\",\"url\":\"https:\\\/\\\/nws-tech.fr\\\/de\\\/\",\"name\":\"NWS LASER - Marque l'avenir\",\"description\":\"Fabricant fran\u00e7ais de Lasers de marquage, gravure et d\u00e9coupe\",\"publisher\":{\"@id\":\"https:\\\/\\\/nws-tech.fr\\\/de\\\/#organization\"},\"alternateName\":\"NWS LASER\",\"potentialAction\":[{\"@type\":\"SearchAction\",\"target\":{\"@type\":\"EntryPoint\",\"urlTemplate\":\"https:\\\/\\\/nws-tech.fr\\\/de\\\/?s={search_term_string}\"},\"query-input\":{\"@type\":\"PropertyValueSpecification\",\"valueRequired\":true,\"valueName\":\"search_term_string\"}}],\"inLanguage\":\"de\"},{\"@type\":\"Organization\",\"@id\":\"https:\\\/\\\/nws-tech.fr\\\/de\\\/#organization\",\"name\":\"NWS Laser - Marque l'avenir\",\"alternateName\":\"NWS Laser\",\"url\":\"https:\\\/\\\/nws-tech.fr\\\/de\\\/\",\"logo\":{\"@type\":\"ImageObject\",\"inLanguage\":\"de\",\"@id\":\"https:\\\/\\\/nws-tech.fr\\\/de\\\/#\\\/schema\\\/logo\\\/image\\\/\",\"url\":\"https:\\\/\\\/nws-tech.fr\\\/wp-content\\\/uploads\\\/2023\\\/06\\\/nws_laser_tr.png\",\"contentUrl\":\"https:\\\/\\\/nws-tech.fr\\\/wp-content\\\/uploads\\\/2023\\\/06\\\/nws_laser_tr.png\",\"width\":655,\"height\":790,\"caption\":\"NWS Laser - Marque l'avenir\"},\"image\":{\"@id\":\"https:\\\/\\\/nws-tech.fr\\\/de\\\/#\\\/schema\\\/logo\\\/image\\\/\"},\"sameAs\":[\"https:\\\/\\\/fr-fr.facebook.com\\\/nwstechfr\\\/\",\"https:\\\/\\\/www.linkedin.com\\\/company\\\/nws-tech\\\/\"],\"description\":\"Depuis 20 ans, NWS Laser con\u00e7oit et fabrique diff\u00e9rentes machines laser de marquage, gravure et de d\u00e9coupe. Nous fabriquons des machines laser standards ou personnalis\u00e9es, en mettant l'accent sur la s\u00e9curit\u00e9, la pr\u00e9cision et l'\u00e9coute des besoins sp\u00e9cifiques de chaque client. Nos machines sont fabriqu\u00e9es en France. Nos 2 sites de production se situent en C\u00f4te-d'Or.\",\"email\":\"info@nws-tech.fr\",\"telephone\":\"+33 4 81 68 04 04\",\"legalName\":\"NWS\",\"foundingDate\":\"1998-05-02\",\"vatID\":\"FR04 493 113 336\",\"numberOfEmployees\":{\"@type\":\"QuantitativeValue\",\"minValue\":\"11\",\"maxValue\":\"50\"},\"publishingPrinciples\":\"https:\\\/\\\/nws-tech.fr\\\/fr\\\/legal\\\/mentions-legales\\\/\",\"ownershipFundingInfo\":\"https:\\\/\\\/nws-tech.fr\\\/fr\\\/a-propos\\\/nws-laser_histoire\\\/\",\"actionableFeedbackPolicy\":\"https:\\\/\\\/nws-tech.fr\\\/fr\\\/legal\\\/mentions-legales\\\/\",\"correctionsPolicy\":\"https:\\\/\\\/nws-tech.fr\\\/fr\\\/a-propos\\\/nws-laser-rse-developpement-durable\\\/\",\"ethicsPolicy\":\"https:\\\/\\\/nws-tech.fr\\\/fr\\\/a-propos\\\/nws-laser-rse-developpement-durable\\\/\",\"diversityPolicy\":\"https:\\\/\\\/nws-tech.fr\\\/fr\\\/a-propos\\\/nws-laser-rse-developpement-durable\\\/\",\"diversityStaffingReport\":\"https:\\\/\\\/nws-tech.fr\\\/fr\\\/a-propos\\\/nws-laser-rse-developpement-durable\\\/\"}]}<\/script>\n<!-- \/ Yoast SEO Premium plugin. -->","yoast_head_json":{"title":"A1030154 BOFA-Filter f\u00fcr AD Access-Absaugger\u00e4t - NWS-TECH \u2022 NWS Laser","description":"A1030154 ist ein BOFA-Ersatzfilter aus Aktivkohle f\u00fcr BOFA Rauch- und Partikelabsauger \u2013 AD Access.","robots":{"index":"index","follow":"follow","max-snippet":"max-snippet:-1","max-image-preview":"max-image-preview:large","max-video-preview":"max-video-preview:-1"},"canonical":"https:\/\/nws-tech.fr\/de\/produit\/a1030154-bofa-filter-fuer-ad-access-absauggeraet\/","og_locale":"de_DE","og_type":"article","og_title":"A1030154 BOFA-Filter f\u00fcr AD Access-Absaugger\u00e4t","og_description":"A1030154 ist ein BOFA-Ersatzfilter aus Aktivkohle f\u00fcr BOFA Rauch- und Partikelabsauger \u2013 AD Access.","og_url":"https:\/\/nws-tech.fr\/de\/produit\/a1030154-bofa-filter-fuer-ad-access-absauggeraet\/","og_site_name":"NWS-TECH \u2022 NWS Laser","article_publisher":"https:\/\/fr-fr.facebook.com\/nwstechfr\/","og_image":[{"width":300,"height":300,"url":"https:\/\/nws-tech.fr\/wp-content\/uploads\/2023\/11\/A1030154-filtre-Bofa.webp","type":"image\/webp"}],"twitter_card":"summary_large_image","twitter_misc":{"Gesch\u00e4tzte Lesezeit":"1\u00a0Minute"},"schema":{"@context":"https:\/\/schema.org","@graph":[{"@type":"WebPage","@id":"https:\/\/nws-tech.fr\/de\/produit\/a1030154-bofa-filter-fuer-ad-access-absauggeraet\/","url":"https:\/\/nws-tech.fr\/de\/produit\/a1030154-bofa-filter-fuer-ad-access-absauggeraet\/","name":"A1030154 BOFA-Filter f\u00fcr AD Access-Absaugger\u00e4t - NWS-TECH \u2022 NWS Laser","isPartOf":{"@id":"https:\/\/nws-tech.fr\/de\/#website"},"primaryImageOfPage":{"@id":"https:\/\/nws-tech.fr\/de\/produit\/a1030154-bofa-filter-fuer-ad-access-absauggeraet\/#primaryimage"},"image":{"@id":"https:\/\/nws-tech.fr\/de\/produit\/a1030154-bofa-filter-fuer-ad-access-absauggeraet\/#primaryimage"},"thumbnailUrl":"https:\/\/nws-tech.fr\/wp-content\/uploads\/2023\/11\/A1030154-filtre-Bofa.webp","datePublished":"2023-11-23T14:20:03+00:00","description":"A1030154 ist ein BOFA-Ersatzfilter aus Aktivkohle f\u00fcr BOFA Rauch- und Partikelabsauger \u2013 AD Access.","breadcrumb":{"@id":"https:\/\/nws-tech.fr\/de\/produit\/a1030154-bofa-filter-fuer-ad-access-absauggeraet\/#breadcrumb"},"inLanguage":"de","potentialAction":[{"@type":"ReadAction","target":["https:\/\/nws-tech.fr\/de\/produit\/a1030154-bofa-filter-fuer-ad-access-absauggeraet\/"]}]},{"@type":"ImageObject","inLanguage":"de","@id":"https:\/\/nws-tech.fr\/de\/produit\/a1030154-bofa-filter-fuer-ad-access-absauggeraet\/#primaryimage","url":"https:\/\/nws-tech.fr\/wp-content\/uploads\/2023\/11\/A1030154-filtre-Bofa.webp","contentUrl":"https:\/\/nws-tech.fr\/wp-content\/uploads\/2023\/11\/A1030154-filtre-Bofa.webp","width":300,"height":300},{"@type":"BreadcrumbList","@id":"https:\/\/nws-tech.fr\/de\/produit\/a1030154-bofa-filter-fuer-ad-access-absauggeraet\/#breadcrumb","itemListElement":[{"@type":"ListItem","position":1,"name":"Accueil","item":"https:\/\/nws-tech.fr\/de\/"},{"@type":"ListItem","position":2,"name":"Shop","item":"https:\/\/nws-tech.fr\/de\/shop\/"},{"@type":"ListItem","position":3,"name":"A1030154 BOFA-Filter f\u00fcr AD Access-Absaugger\u00e4t"}]},{"@type":"WebSite","@id":"https:\/\/nws-tech.fr\/de\/#website","url":"https:\/\/nws-tech.fr\/de\/","name":"NWS LASER - Marque l'avenir","description":"Fabricant fran\u00e7ais de Lasers de marquage, gravure et d\u00e9coupe","publisher":{"@id":"https:\/\/nws-tech.fr\/de\/#organization"},"alternateName":"NWS LASER","potentialAction":[{"@type":"SearchAction","target":{"@type":"EntryPoint","urlTemplate":"https:\/\/nws-tech.fr\/de\/?s={search_term_string}"},"query-input":{"@type":"PropertyValueSpecification","valueRequired":true,"valueName":"search_term_string"}}],"inLanguage":"de"},{"@type":"Organization","@id":"https:\/\/nws-tech.fr\/de\/#organization","name":"NWS Laser - Marque l'avenir","alternateName":"NWS Laser","url":"https:\/\/nws-tech.fr\/de\/","logo":{"@type":"ImageObject","inLanguage":"de","@id":"https:\/\/nws-tech.fr\/de\/#\/schema\/logo\/image\/","url":"https:\/\/nws-tech.fr\/wp-content\/uploads\/2023\/06\/nws_laser_tr.png","contentUrl":"https:\/\/nws-tech.fr\/wp-content\/uploads\/2023\/06\/nws_laser_tr.png","width":655,"height":790,"caption":"NWS Laser - Marque l'avenir"},"image":{"@id":"https:\/\/nws-tech.fr\/de\/#\/schema\/logo\/image\/"},"sameAs":["https:\/\/fr-fr.facebook.com\/nwstechfr\/","https:\/\/www.linkedin.com\/company\/nws-tech\/"],"description":"Depuis 20 ans, NWS Laser con\u00e7oit et fabrique diff\u00e9rentes machines laser de marquage, gravure et de d\u00e9coupe. Nous fabriquons des machines laser standards ou personnalis\u00e9es, en mettant l'accent sur la s\u00e9curit\u00e9, la pr\u00e9cision et l'\u00e9coute des besoins sp\u00e9cifiques de chaque client. Nos machines sont fabriqu\u00e9es en France. Nos 2 sites de production se situent en C\u00f4te-d'Or.","email":"info@nws-tech.fr","telephone":"+33 4 81 68 04 04","legalName":"NWS","foundingDate":"1998-05-02","vatID":"FR04 493 113 336","numberOfEmployees":{"@type":"QuantitativeValue","minValue":"11","maxValue":"50"},"publishingPrinciples":"https:\/\/nws-tech.fr\/fr\/legal\/mentions-legales\/","ownershipFundingInfo":"https:\/\/nws-tech.fr\/fr\/a-propos\/nws-laser_histoire\/","actionableFeedbackPolicy":"https:\/\/nws-tech.fr\/fr\/legal\/mentions-legales\/","correctionsPolicy":"https:\/\/nws-tech.fr\/fr\/a-propos\/nws-laser-rse-developpement-durable\/","ethicsPolicy":"https:\/\/nws-tech.fr\/fr\/a-propos\/nws-laser-rse-developpement-durable\/","diversityPolicy":"https:\/\/nws-tech.fr\/fr\/a-propos\/nws-laser-rse-developpement-durable\/","diversityStaffingReport":"https:\/\/nws-tech.fr\/fr\/a-propos\/nws-laser-rse-developpement-durable\/"}]}},"_links":{"self":[{"href":"https:\/\/nws-tech.fr\/de\/wp-json\/wp\/v2\/product\/15045","targetHints":{"allow":["GET"]}}],"collection":[{"href":"https:\/\/nws-tech.fr\/de\/wp-json\/wp\/v2\/product"}],"about":[{"href":"https:\/\/nws-tech.fr\/de\/wp-json\/wp\/v2\/types\/product"}],"replies":[{"embeddable":true,"href":"https:\/\/nws-tech.fr\/de\/wp-json\/wp\/v2\/comments?post=15045"}],"wp:featuredmedia":[{"embeddable":true,"href":"https:\/\/nws-tech.fr\/de\/wp-json\/wp\/v2\/media\/12213"}],"wp:attachment":[{"href":"https:\/\/nws-tech.fr\/de\/wp-json\/wp\/v2\/media?parent=15045"}],"wp:term":[{"taxonomy":"product_brand","embeddable":true,"href":"https:\/\/nws-tech.fr\/de\/wp-json\/wp\/v2\/product_brand?post=15045"},{"taxonomy":"product_cat","embeddable":true,"href":"https:\/\/nws-tech.fr\/de\/wp-json\/wp\/v2\/product_cat?post=15045"},{"taxonomy":"product_tag","embeddable":true,"href":"https:\/\/nws-tech.fr\/de\/wp-json\/wp\/v2\/product_tag?post=15045"}],"curies":[{"name":"wp","href":"https:\/\/api.w.org\/{rel}","templated":true}]}}