{"id":15042,"date":"2023-11-23T15:20:05","date_gmt":"2023-11-23T14:20:05","guid":{"rendered":"https:\/\/nws-tech.fr\/produit\/ad-350-bofa-absauganlage\/"},"modified":"2026-02-15T12:15:34","modified_gmt":"2026-02-15T11:15:34","slug":"ad-350-bofa-absauganlage","status":"publish","type":"product","link":"https:\/\/nws-tech.fr\/de\/produit\/ad-350-bofa-absauganlage\/","title":{"rendered":"AD 350 \u2013 BOFA Absauganlage"},"content":{"rendered":"<p>[et_pb_section fb_built=&#8220;1&#8243; _builder_version=&#8220;4.16&#8243; custom_padding=&#8220;0px||||false|false&#8220; global_colors_info=&#8220;{}&#8220;][et_pb_row _builder_version=&#8220;4.16&#8243; background_size=&#8220;initial&#8220; background_position=&#8220;top_left&#8220; background_repeat=&#8220;repeat&#8220; width=&#8220;100%&#8220; custom_padding=&#8220;0px||0px||false|false&#8220; global_colors_info=&#8220;{}&#8220;][et_pb_column type=&#8220;4_4&#8243; _builder_version=&#8220;4.16&#8243; custom_padding=&#8220;|||&#8220; global_colors_info=&#8220;{}&#8220; custom_padding__hover=&#8220;|||&#8220;][et_pb_wc_breadcrumb _builder_version=&#8220;4.16&#8243; global_colors_info=&#8220;{}&#8220;][\/et_pb_wc_breadcrumb][et_pb_wc_cart_notice _builder_version=&#8220;4.16&#8243; global_colors_info=&#8220;{}&#8220;][\/et_pb_wc_cart_notice][\/et_pb_column][\/et_pb_row][et_pb_row column_structure=&#8220;1_2,1_2&#8243; _builder_version=&#8220;4.16&#8243; background_size=&#8220;initial&#8220; background_position=&#8220;top_left&#8220; background_repeat=&#8220;repeat&#8220; width=&#8220;100%&#8220; custom_padding=&#8220;0px||||false|false&#8220; global_colors_info=&#8220;{}&#8220;][et_pb_column type=&#8220;1_2&#8243; _builder_version=&#8220;4.16&#8243; custom_padding=&#8220;|||&#8220; global_colors_info=&#8220;{}&#8220; custom_padding__hover=&#8220;|||&#8220;][et_pb_wc_images _builder_version=&#8220;4.16&#8243; global_colors_info=&#8220;{}&#8220;][\/et_pb_wc_images][\/et_pb_column][et_pb_column type=&#8220;1_2&#8243; _builder_version=&#8220;4.16&#8243; custom_padding=&#8220;|||&#8220; global_colors_info=&#8220;{}&#8220; custom_padding__hover=&#8220;|||&#8220;][et_pb_wc_title _builder_version=&#8220;4.16&#8243; global_colors_info=&#8220;{}&#8220;][\/et_pb_wc_title][et_pb_wc_rating _builder_version=&#8220;4.16&#8243; global_colors_info=&#8220;{}&#8220;][\/et_pb_wc_rating][et_pb_wc_price _builder_version=&#8220;4.16&#8243; global_colors_info=&#8220;{}&#8220;][\/et_pb_wc_price][et_pb_wc_description _builder_version=&#8220;4.16&#8243; global_colors_info=&#8220;{}&#8220;][\/et_pb_wc_description][et_pb_wc_add_to_cart _builder_version=&#8220;4.16&#8243; global_colors_info=&#8220;{}&#8220;][\/et_pb_wc_add_to_cart][et_pb_wc_meta _builder_version=&#8220;4.16&#8243; global_colors_info=&#8220;{}&#8220;][\/et_pb_wc_meta][\/et_pb_column][\/et_pb_row][et_pb_row _builder_version=&#8220;4.16&#8243; background_size=&#8220;initial&#8220; background_position=&#8220;top_left&#8220; background_repeat=&#8220;repeat&#8220; width=&#8220;100%&#8220; global_colors_info=&#8220;{}&#8220;][et_pb_column type=&#8220;4_4&#8243; _builder_version=&#8220;4.16&#8243; custom_padding=&#8220;|||&#8220; global_colors_info=&#8220;{}&#8220; custom_padding__hover=&#8220;|||&#8220;][et_pb_wc_tabs _builder_version=&#8220;4.16&#8243; global_colors_info=&#8220;{}&#8220;]\t\t\t\t\t[\/et_pb_wc_tabs][et_pb_wc_upsells _builder_version=&#8220;4.16&#8243; global_colors_info=&#8220;{}&#8220;][\/et_pb_wc_upsells][\/et_pb_column][\/et_pb_row][\/et_pb_section]<\/p>\n","protected":false},"excerpt":{"rendered":"<p>Rauchabsaugsystem f\u00fcr leichte Lasermarkier-, Codier- und Gravuranwendungen.<\/p>\n","protected":false},"featured_media":12188,"comment_status":"open","ping_status":"closed","template":"","meta":{"_et_pb_use_builder":"on","_et_pb_old_content":"Die AD 350 von BOFA ist eine Absauganlage zur Beseitigung von Rauch und Partikeln, die bei Laserprozessen wie Codierung, Markierung und Lasergravur entstehen. Sie verf\u00fcgt \u00fcber ein hocheffizientes Filtersystem, bestehend aus einem Vorfilter und einem HEPA-Filter. Die AD 350 entfernt effektiv potenziell sch\u00e4dliche D\u00e4mpfe und Partikel. So wird sichergestellt, dass die Abluft gr\u00fcndlich gereinigt wird, bevor sie in die Arbeitsumgebung zur\u00fcckgef\u00fchrt wird.     \n\nDie AD 350 bietet zudem Sicherheitsfunktionen wie Filter\u00fcberwachung und eine automatische Abschaltung bei Filterverstopfung. Dank ihrer kompakten Bauweise l\u00e4sst sie sich leicht in verschiedenste Industrieumgebungen integrieren. Zudem ist sie ger\u00e4uscharm und betriebskosteng\u00fcnstig, was sie zu einer zuverl\u00e4ssigen und wirtschaftlichen L\u00f6sung f\u00fcr kleine Lasermarkier- und Gravuranwendungen macht.     \n\nDie BOFA AD 350 Absauganlage sorgt f\u00fcr einen staubfreien Arbeitsbereich. Das System sch\u00fctzt wertvolle Ger\u00e4te und reduziert den Schadstoffaussto\u00df. Zusammenfassend ist die AD 350 ideal f\u00fcr den Einsatz in Schulen, Werbetechnik-Werkst\u00e4tten und kleineren Industrieumgebungen.  \n<p style=\"color: blue\"><b><a href=\"https:\/\/airpropre.fr\/wp-content\/uploads\/2023\/03\/AD350-User-Manual-French-V3.pdf\" target=\"_blank\" rel=\"noopener\">Bedienungsanleitung \u2013 AD 350<\/a><\/b><\/p>\n\n<h2>Technische Daten<\/h2>\n<table style=\"height: 138px\" border=\"1\" width=\"498\">\n<tbody>\n<tr style=\"height: 23px\">\n<td style=\"width: 180.047px;height: 23px\">Filtertyp<\/td>\n<td style=\"width: 301.953px;height: 23px\">Vorfilter; Kombifilter; HEPA-Filter<\/td>\n<\/tr>\n<tr style=\"height: 23px\">\n<td style=\"width: 180.047px;height: 23px\">Filtermedium 1<\/td>\n<td style=\"width: 301.953px;height: 23px\">Glasfaser<\/td>\n<\/tr>\n<tr style=\"height: 23px\">\n<td style=\"height: 23px;width: 180.047px\">Filtermedium 2<\/td>\n<td style=\"height: 23px;width: 301.953px\">Glasfaser<\/td>\n<\/tr>\n<tr>\n<td style=\"width: 180.047px\">Aktivkohlegewicht (kg)<\/td>\n<td style=\"width: 301.953px\">9<\/td>\n<\/tr>\n<tr style=\"height: 23px\">\n<td style=\"height: 23px;width: 180.047px\">Luftstrom (m3\/h)<\/td>\n<td style=\"height: 23px;width: 301.953px\">380<\/td>\n<\/tr>\n<tr>\n<td style=\"width: 180.047px\">Einlassdurchmesser (mm)<\/td>\n<td style=\"width: 301.953px\">100<\/td>\n<\/tr>\n<tr style=\"height: 23px\">\n<td style=\"height: 23px;width: 180.047px\">Vorfilterfl\u00e4che (m2)<\/td>\n<td style=\"height: 23px;width: 301.953px\">6<\/td>\n<\/tr>\n<tr>\n<td style=\"width: 180.047px\">Ger\u00e4uschpegel (db)<\/td>\n<td style=\"width: 301.953px\">62<\/td>\n<\/tr>\n<tr>\n<td style=\"width: 180.047px\">Anwendungstyp<\/td>\n<td style=\"width: 301.953px\">Laser<\/td>\n<\/tr>\n<tr style=\"height: 23px\">\n<td style=\"height: 23px;width: 180.047px\">Gewicht (Kg)<\/td>\n<td style=\"height: 23px;width: 301.953px\">35<\/td>\n<\/tr>\n<\/tbody>\n<\/table>\n\u00a0","_et_gb_content_width":""},"product_brand":[],"product_cat":[806,805,807],"product_tag":[],"class_list":{"0":"post-15042","1":"product","2":"type-product","3":"status-publish","4":"has-post-thumbnail","6":"product_cat-bofa-absauggerate","7":"product_cat-donaldson-bofa","8":"product_cat-laser","9":"product_shipping_class-mono-karton-express","11":"first","12":"instock","13":"shipping-taxable","14":"product-type-simple"},"yoast_head":"<!-- This site is optimized with the Yoast SEO Premium plugin v26.9 (Yoast SEO v27.5) - https:\/\/yoast.com\/product\/yoast-seo-premium-wordpress\/ -->\n<title>AD 350 \u2013 BOFA Absauganlage - NWS-TECH \u2022 NWS Laser<\/title>\n<meta name=\"description\" content=\"Die BOFA AD 350 Absauganlage filtert und eliminiert effizient Rauch, Partikel und andere potenziell sch\u00e4dliche Molek\u00fcle.\" \/>\n<meta name=\"robots\" content=\"index, follow, max-snippet:-1, max-image-preview:large, max-video-preview:-1\" \/>\n<link rel=\"canonical\" href=\"https:\/\/nws-tech.fr\/de\/produit\/ad-350-bofa-absauganlage\/\" \/>\n<meta property=\"og:locale\" content=\"de_DE\" \/>\n<meta property=\"og:type\" content=\"article\" \/>\n<meta property=\"og:title\" content=\"AD 350 \u2013 BOFA Absauganlage\" \/>\n<meta property=\"og:description\" content=\"Die BOFA AD 350 Absauganlage filtert und eliminiert effizient Rauch, Partikel und andere potenziell sch\u00e4dliche Molek\u00fcle.\" \/>\n<meta property=\"og:url\" content=\"https:\/\/nws-tech.fr\/de\/produit\/ad-350-bofa-absauganlage\/\" \/>\n<meta property=\"og:site_name\" content=\"NWS-TECH \u2022 NWS Laser\" \/>\n<meta property=\"article:publisher\" content=\"https:\/\/fr-fr.facebook.com\/nwstechfr\/\" \/>\n<meta property=\"article:modified_time\" content=\"2026-02-15T11:15:34+00:00\" \/>\n<meta property=\"og:image\" content=\"https:\/\/nws-tech.fr\/wp-content\/uploads\/2023\/11\/AD-350-extracteur-BOFA.webp\" \/>\n\t<meta property=\"og:image:width\" content=\"300\" \/>\n\t<meta property=\"og:image:height\" content=\"300\" \/>\n\t<meta property=\"og:image:type\" content=\"image\/webp\" \/>\n<meta name=\"twitter:card\" content=\"summary_large_image\" \/>\n<meta name=\"twitter:label1\" content=\"Gesch\u00e4tzte Lesezeit\" \/>\n\t<meta name=\"twitter:data1\" content=\"2\u00a0Minuten\" \/>\n<script type=\"application\/ld+json\" class=\"yoast-schema-graph\">{\"@context\":\"https:\\\/\\\/schema.org\",\"@graph\":[{\"@type\":\"WebPage\",\"@id\":\"https:\\\/\\\/nws-tech.fr\\\/de\\\/produit\\\/ad-350-bofa-absauganlage\\\/\",\"url\":\"https:\\\/\\\/nws-tech.fr\\\/de\\\/produit\\\/ad-350-bofa-absauganlage\\\/\",\"name\":\"AD 350 \u2013 BOFA Absauganlage - NWS-TECH \u2022 NWS Laser\",\"isPartOf\":{\"@id\":\"https:\\\/\\\/nws-tech.fr\\\/de\\\/#website\"},\"primaryImageOfPage\":{\"@id\":\"https:\\\/\\\/nws-tech.fr\\\/de\\\/produit\\\/ad-350-bofa-absauganlage\\\/#primaryimage\"},\"image\":{\"@id\":\"https:\\\/\\\/nws-tech.fr\\\/de\\\/produit\\\/ad-350-bofa-absauganlage\\\/#primaryimage\"},\"thumbnailUrl\":\"https:\\\/\\\/nws-tech.fr\\\/wp-content\\\/uploads\\\/2023\\\/11\\\/AD-350-extracteur-BOFA.webp\",\"datePublished\":\"2023-11-23T14:20:05+00:00\",\"dateModified\":\"2026-02-15T11:15:34+00:00\",\"description\":\"Die BOFA AD 350 Absauganlage filtert und eliminiert effizient Rauch, Partikel und andere potenziell sch\u00e4dliche Molek\u00fcle.\",\"breadcrumb\":{\"@id\":\"https:\\\/\\\/nws-tech.fr\\\/de\\\/produit\\\/ad-350-bofa-absauganlage\\\/#breadcrumb\"},\"inLanguage\":\"de\",\"potentialAction\":[{\"@type\":\"ReadAction\",\"target\":[\"https:\\\/\\\/nws-tech.fr\\\/de\\\/produit\\\/ad-350-bofa-absauganlage\\\/\"]}]},{\"@type\":\"ImageObject\",\"inLanguage\":\"de\",\"@id\":\"https:\\\/\\\/nws-tech.fr\\\/de\\\/produit\\\/ad-350-bofa-absauganlage\\\/#primaryimage\",\"url\":\"https:\\\/\\\/nws-tech.fr\\\/wp-content\\\/uploads\\\/2023\\\/11\\\/AD-350-extracteur-BOFA.webp\",\"contentUrl\":\"https:\\\/\\\/nws-tech.fr\\\/wp-content\\\/uploads\\\/2023\\\/11\\\/AD-350-extracteur-BOFA.webp\",\"width\":300,\"height\":300},{\"@type\":\"BreadcrumbList\",\"@id\":\"https:\\\/\\\/nws-tech.fr\\\/de\\\/produit\\\/ad-350-bofa-absauganlage\\\/#breadcrumb\",\"itemListElement\":[{\"@type\":\"ListItem\",\"position\":1,\"name\":\"Accueil\",\"item\":\"https:\\\/\\\/nws-tech.fr\\\/de\\\/\"},{\"@type\":\"ListItem\",\"position\":2,\"name\":\"Shop\",\"item\":\"https:\\\/\\\/nws-tech.fr\\\/de\\\/shop\\\/\"},{\"@type\":\"ListItem\",\"position\":3,\"name\":\"AD 350 \u2013 BOFA Absauganlage\"}]},{\"@type\":\"WebSite\",\"@id\":\"https:\\\/\\\/nws-tech.fr\\\/de\\\/#website\",\"url\":\"https:\\\/\\\/nws-tech.fr\\\/de\\\/\",\"name\":\"NWS LASER - Marque l'avenir\",\"description\":\"Fabricant fran\u00e7ais de Lasers de marquage, gravure et d\u00e9coupe\",\"publisher\":{\"@id\":\"https:\\\/\\\/nws-tech.fr\\\/de\\\/#organization\"},\"alternateName\":\"NWS LASER\",\"potentialAction\":[{\"@type\":\"SearchAction\",\"target\":{\"@type\":\"EntryPoint\",\"urlTemplate\":\"https:\\\/\\\/nws-tech.fr\\\/de\\\/?s={search_term_string}\"},\"query-input\":{\"@type\":\"PropertyValueSpecification\",\"valueRequired\":true,\"valueName\":\"search_term_string\"}}],\"inLanguage\":\"de\"},{\"@type\":\"Organization\",\"@id\":\"https:\\\/\\\/nws-tech.fr\\\/de\\\/#organization\",\"name\":\"NWS Laser - Marque l'avenir\",\"alternateName\":\"NWS Laser\",\"url\":\"https:\\\/\\\/nws-tech.fr\\\/de\\\/\",\"logo\":{\"@type\":\"ImageObject\",\"inLanguage\":\"de\",\"@id\":\"https:\\\/\\\/nws-tech.fr\\\/de\\\/#\\\/schema\\\/logo\\\/image\\\/\",\"url\":\"https:\\\/\\\/nws-tech.fr\\\/wp-content\\\/uploads\\\/2023\\\/06\\\/nws_laser_tr.png\",\"contentUrl\":\"https:\\\/\\\/nws-tech.fr\\\/wp-content\\\/uploads\\\/2023\\\/06\\\/nws_laser_tr.png\",\"width\":655,\"height\":790,\"caption\":\"NWS Laser - Marque l'avenir\"},\"image\":{\"@id\":\"https:\\\/\\\/nws-tech.fr\\\/de\\\/#\\\/schema\\\/logo\\\/image\\\/\"},\"sameAs\":[\"https:\\\/\\\/fr-fr.facebook.com\\\/nwstechfr\\\/\",\"https:\\\/\\\/www.linkedin.com\\\/company\\\/nws-tech\\\/\"],\"description\":\"Depuis 20 ans, NWS Laser con\u00e7oit et fabrique diff\u00e9rentes machines laser de marquage, gravure et de d\u00e9coupe. Nous fabriquons des machines laser standards ou personnalis\u00e9es, en mettant l'accent sur la s\u00e9curit\u00e9, la pr\u00e9cision et l'\u00e9coute des besoins sp\u00e9cifiques de chaque client. Nos machines sont fabriqu\u00e9es en France. Nos 2 sites de production se situent en C\u00f4te-d'Or.\",\"email\":\"info@nws-tech.fr\",\"telephone\":\"+33 4 81 68 04 04\",\"legalName\":\"NWS\",\"foundingDate\":\"1998-05-02\",\"vatID\":\"FR04 493 113 336\",\"numberOfEmployees\":{\"@type\":\"QuantitativeValue\",\"minValue\":\"11\",\"maxValue\":\"50\"},\"publishingPrinciples\":\"https:\\\/\\\/nws-tech.fr\\\/fr\\\/legal\\\/mentions-legales\\\/\",\"ownershipFundingInfo\":\"https:\\\/\\\/nws-tech.fr\\\/fr\\\/a-propos\\\/nws-laser_histoire\\\/\",\"actionableFeedbackPolicy\":\"https:\\\/\\\/nws-tech.fr\\\/fr\\\/legal\\\/mentions-legales\\\/\",\"correctionsPolicy\":\"https:\\\/\\\/nws-tech.fr\\\/fr\\\/a-propos\\\/nws-laser-rse-developpement-durable\\\/\",\"ethicsPolicy\":\"https:\\\/\\\/nws-tech.fr\\\/fr\\\/a-propos\\\/nws-laser-rse-developpement-durable\\\/\",\"diversityPolicy\":\"https:\\\/\\\/nws-tech.fr\\\/fr\\\/a-propos\\\/nws-laser-rse-developpement-durable\\\/\",\"diversityStaffingReport\":\"https:\\\/\\\/nws-tech.fr\\\/fr\\\/a-propos\\\/nws-laser-rse-developpement-durable\\\/\"}]}<\/script>\n<!-- \/ Yoast SEO Premium plugin. -->","yoast_head_json":{"title":"AD 350 \u2013 BOFA Absauganlage - NWS-TECH \u2022 NWS Laser","description":"Die BOFA AD 350 Absauganlage filtert und eliminiert effizient Rauch, Partikel und andere potenziell sch\u00e4dliche Molek\u00fcle.","robots":{"index":"index","follow":"follow","max-snippet":"max-snippet:-1","max-image-preview":"max-image-preview:large","max-video-preview":"max-video-preview:-1"},"canonical":"https:\/\/nws-tech.fr\/de\/produit\/ad-350-bofa-absauganlage\/","og_locale":"de_DE","og_type":"article","og_title":"AD 350 \u2013 BOFA Absauganlage","og_description":"Die BOFA AD 350 Absauganlage filtert und eliminiert effizient Rauch, Partikel und andere potenziell sch\u00e4dliche Molek\u00fcle.","og_url":"https:\/\/nws-tech.fr\/de\/produit\/ad-350-bofa-absauganlage\/","og_site_name":"NWS-TECH \u2022 NWS Laser","article_publisher":"https:\/\/fr-fr.facebook.com\/nwstechfr\/","article_modified_time":"2026-02-15T11:15:34+00:00","og_image":[{"width":300,"height":300,"url":"https:\/\/nws-tech.fr\/wp-content\/uploads\/2023\/11\/AD-350-extracteur-BOFA.webp","type":"image\/webp"}],"twitter_card":"summary_large_image","twitter_misc":{"Gesch\u00e4tzte Lesezeit":"2\u00a0Minuten"},"schema":{"@context":"https:\/\/schema.org","@graph":[{"@type":"WebPage","@id":"https:\/\/nws-tech.fr\/de\/produit\/ad-350-bofa-absauganlage\/","url":"https:\/\/nws-tech.fr\/de\/produit\/ad-350-bofa-absauganlage\/","name":"AD 350 \u2013 BOFA Absauganlage - NWS-TECH \u2022 NWS Laser","isPartOf":{"@id":"https:\/\/nws-tech.fr\/de\/#website"},"primaryImageOfPage":{"@id":"https:\/\/nws-tech.fr\/de\/produit\/ad-350-bofa-absauganlage\/#primaryimage"},"image":{"@id":"https:\/\/nws-tech.fr\/de\/produit\/ad-350-bofa-absauganlage\/#primaryimage"},"thumbnailUrl":"https:\/\/nws-tech.fr\/wp-content\/uploads\/2023\/11\/AD-350-extracteur-BOFA.webp","datePublished":"2023-11-23T14:20:05+00:00","dateModified":"2026-02-15T11:15:34+00:00","description":"Die BOFA AD 350 Absauganlage filtert und eliminiert effizient Rauch, Partikel und andere potenziell sch\u00e4dliche Molek\u00fcle.","breadcrumb":{"@id":"https:\/\/nws-tech.fr\/de\/produit\/ad-350-bofa-absauganlage\/#breadcrumb"},"inLanguage":"de","potentialAction":[{"@type":"ReadAction","target":["https:\/\/nws-tech.fr\/de\/produit\/ad-350-bofa-absauganlage\/"]}]},{"@type":"ImageObject","inLanguage":"de","@id":"https:\/\/nws-tech.fr\/de\/produit\/ad-350-bofa-absauganlage\/#primaryimage","url":"https:\/\/nws-tech.fr\/wp-content\/uploads\/2023\/11\/AD-350-extracteur-BOFA.webp","contentUrl":"https:\/\/nws-tech.fr\/wp-content\/uploads\/2023\/11\/AD-350-extracteur-BOFA.webp","width":300,"height":300},{"@type":"BreadcrumbList","@id":"https:\/\/nws-tech.fr\/de\/produit\/ad-350-bofa-absauganlage\/#breadcrumb","itemListElement":[{"@type":"ListItem","position":1,"name":"Accueil","item":"https:\/\/nws-tech.fr\/de\/"},{"@type":"ListItem","position":2,"name":"Shop","item":"https:\/\/nws-tech.fr\/de\/shop\/"},{"@type":"ListItem","position":3,"name":"AD 350 \u2013 BOFA Absauganlage"}]},{"@type":"WebSite","@id":"https:\/\/nws-tech.fr\/de\/#website","url":"https:\/\/nws-tech.fr\/de\/","name":"NWS LASER - Marque l'avenir","description":"Fabricant fran\u00e7ais de Lasers de marquage, gravure et d\u00e9coupe","publisher":{"@id":"https:\/\/nws-tech.fr\/de\/#organization"},"alternateName":"NWS LASER","potentialAction":[{"@type":"SearchAction","target":{"@type":"EntryPoint","urlTemplate":"https:\/\/nws-tech.fr\/de\/?s={search_term_string}"},"query-input":{"@type":"PropertyValueSpecification","valueRequired":true,"valueName":"search_term_string"}}],"inLanguage":"de"},{"@type":"Organization","@id":"https:\/\/nws-tech.fr\/de\/#organization","name":"NWS Laser - Marque l'avenir","alternateName":"NWS Laser","url":"https:\/\/nws-tech.fr\/de\/","logo":{"@type":"ImageObject","inLanguage":"de","@id":"https:\/\/nws-tech.fr\/de\/#\/schema\/logo\/image\/","url":"https:\/\/nws-tech.fr\/wp-content\/uploads\/2023\/06\/nws_laser_tr.png","contentUrl":"https:\/\/nws-tech.fr\/wp-content\/uploads\/2023\/06\/nws_laser_tr.png","width":655,"height":790,"caption":"NWS Laser - Marque l'avenir"},"image":{"@id":"https:\/\/nws-tech.fr\/de\/#\/schema\/logo\/image\/"},"sameAs":["https:\/\/fr-fr.facebook.com\/nwstechfr\/","https:\/\/www.linkedin.com\/company\/nws-tech\/"],"description":"Depuis 20 ans, NWS Laser con\u00e7oit et fabrique diff\u00e9rentes machines laser de marquage, gravure et de d\u00e9coupe. Nous fabriquons des machines laser standards ou personnalis\u00e9es, en mettant l'accent sur la s\u00e9curit\u00e9, la pr\u00e9cision et l'\u00e9coute des besoins sp\u00e9cifiques de chaque client. Nos machines sont fabriqu\u00e9es en France. Nos 2 sites de production se situent en C\u00f4te-d'Or.","email":"info@nws-tech.fr","telephone":"+33 4 81 68 04 04","legalName":"NWS","foundingDate":"1998-05-02","vatID":"FR04 493 113 336","numberOfEmployees":{"@type":"QuantitativeValue","minValue":"11","maxValue":"50"},"publishingPrinciples":"https:\/\/nws-tech.fr\/fr\/legal\/mentions-legales\/","ownershipFundingInfo":"https:\/\/nws-tech.fr\/fr\/a-propos\/nws-laser_histoire\/","actionableFeedbackPolicy":"https:\/\/nws-tech.fr\/fr\/legal\/mentions-legales\/","correctionsPolicy":"https:\/\/nws-tech.fr\/fr\/a-propos\/nws-laser-rse-developpement-durable\/","ethicsPolicy":"https:\/\/nws-tech.fr\/fr\/a-propos\/nws-laser-rse-developpement-durable\/","diversityPolicy":"https:\/\/nws-tech.fr\/fr\/a-propos\/nws-laser-rse-developpement-durable\/","diversityStaffingReport":"https:\/\/nws-tech.fr\/fr\/a-propos\/nws-laser-rse-developpement-durable\/"}]}},"_links":{"self":[{"href":"https:\/\/nws-tech.fr\/de\/wp-json\/wp\/v2\/product\/15042","targetHints":{"allow":["GET"]}}],"collection":[{"href":"https:\/\/nws-tech.fr\/de\/wp-json\/wp\/v2\/product"}],"about":[{"href":"https:\/\/nws-tech.fr\/de\/wp-json\/wp\/v2\/types\/product"}],"replies":[{"embeddable":true,"href":"https:\/\/nws-tech.fr\/de\/wp-json\/wp\/v2\/comments?post=15042"}],"wp:featuredmedia":[{"embeddable":true,"href":"https:\/\/nws-tech.fr\/de\/wp-json\/wp\/v2\/media\/12188"}],"wp:attachment":[{"href":"https:\/\/nws-tech.fr\/de\/wp-json\/wp\/v2\/media?parent=15042"}],"wp:term":[{"taxonomy":"product_brand","embeddable":true,"href":"https:\/\/nws-tech.fr\/de\/wp-json\/wp\/v2\/product_brand?post=15042"},{"taxonomy":"product_cat","embeddable":true,"href":"https:\/\/nws-tech.fr\/de\/wp-json\/wp\/v2\/product_cat?post=15042"},{"taxonomy":"product_tag","embeddable":true,"href":"https:\/\/nws-tech.fr\/de\/wp-json\/wp\/v2\/product_tag?post=15042"}],"curies":[{"name":"wp","href":"https:\/\/api.w.org\/{rel}","templated":true}]}}