{"id":15001,"date":"2023-11-23T15:19:56","date_gmt":"2023-11-23T14:19:56","guid":{"rendered":"https:\/\/nws-tech.fr\/produit\/ad-250-bofa-absauggeraet\/"},"modified":"2023-11-23T15:19:56","modified_gmt":"2023-11-23T14:19:56","slug":"ad-250-bofa-absauggeraet","status":"publish","type":"product","link":"https:\/\/nws-tech.fr\/de\/produit\/ad-250-bofa-absauggeraet\/","title":{"rendered":"AD 250 \u2013 BOFA-Absaugger\u00e4t"},"content":{"rendered":"<p>Kompakt und extrem leise. Das BOFA-Absaugger\u00e4t AD 250 ist ideal f\u00fcr den Einsatz in Schulen, Fertigungswerkst\u00e4tten, kleinen industriellen Umgebungen sowie f\u00fcr leichte Laseranwendungen. <\/p>\n<p>Das BOFA-Absaugger\u00e4t AD 250 ist ein Luftfiltersystem f\u00fcr verschiedene Anwendungen, z. B. Laserschwei\u00dfen, Schleifen, Laser-Mikrobearbeitung, Lasergravur und -schneiden, Laserf\u00fcgen sowie Laserreinigung. <\/p>\n<p>Das System ist mit einem Kartuschenfilter ausgestattet, der die entstehenden Rauchgase und St\u00e4ube erfasst. Dazu verwendet der Kartuschenfilter ein hocheffizientes Filtermedium, um Feinstaubpartikel und toxische Gase zu binden. Der Kartuschenfilter ist leicht zug\u00e4nglich und l\u00e4sst sich schnell und einfach austauschen.  <\/p>\n<p>Das Absaugger\u00e4t verf\u00fcgt au\u00dferdem \u00fcber eine automatische Luftstromregelung. So h\u00e4lt es einen konstanten Luftstrom aufrecht \u2013 selbst wenn der Widerstand des Kartuschenfilters steigt. Diese Funktion sorgt f\u00fcr gleichbleibende Filtrationsleistung und verl\u00e4ngert die Lebensdauer des Filters.   <\/p>\n<p>Der BOFA AD 250 ist zudem ger\u00e4uscharm konstruiert, um die Betriebsger\u00e4usche zu reduzieren.<\/p>\n<p>Das System ist einfach zu installieren und kann f\u00fcr eine Vielzahl von Anwendungen konfiguriert werden. Es verf\u00fcgt \u00fcber ein benutzerfreundliches Bedienfeld f\u00fcr einfache Bedienung und \u00dcberwachung. <\/p>\n<p style=\"color: blue;\"><b><a href=\"https:\/\/airpropre.fr\/wp-content\/uploads\/2023\/03\/AD-250-350-Instruction-Manual.pdf\" target=\"_blank\" rel=\"noopener\">Bedienungsanleitung \u2013 AD 250<\/a><\/b><\/p>\n<h2>Technische Daten<\/h2>\n<table style=\"height: 138px;\" border=\"1\" width=\"498\">\n<tbody>\n<tr style=\"height: 23px;\">\n<td style=\"width: 180.047px; height: 23px;\">Filtertyp<\/td>\n<td style=\"width: 301.953px; height: 23px;\">Vorfilter; Kombifilter; HEPA-Filter<\/td>\n<\/tr>\n<tr style=\"height: 23px;\">\n<td style=\"width: 180.047px; height: 23px;\">Filtermedium 1<\/td>\n<td style=\"width: 301.953px; height: 23px;\">Glasfaser<\/td>\n<\/tr>\n<tr style=\"height: 23px;\">\n<td style=\"height: 23px; width: 180.047px;\">Filtermedium 2<\/td>\n<td style=\"height: 23px; width: 301.953px;\">Glasfaser<\/td>\n<\/tr>\n<tr>\n<td style=\"width: 180.047px;\">Aktivkohlegewicht (kg)<\/td>\n<td style=\"width: 301.953px;\">8.5<\/td>\n<\/tr>\n<tr style=\"height: 23px;\">\n<td style=\"height: 23px; width: 180.047px;\">Luftdurchsatz (m3\/h)<\/td>\n<td style=\"height: 23px; width: 301.953px;\">180<\/td>\n<\/tr>\n<tr>\n<td style=\"width: 180.047px;\">Einlassdurchmesser (mm)<\/td>\n<td style=\"width: 301.953px;\">50<\/td>\n<\/tr>\n<tr style=\"height: 23px;\">\n<td style=\"height: 23px; width: 180.047px;\">Vorfilterfl\u00e4che (m2)<\/td>\n<td style=\"height: 23px; width: 301.953px;\">6<\/td>\n<\/tr>\n<tr>\n<td style=\"width: 180.047px;\">Ger\u00e4uschpegel (db)<\/td>\n<td style=\"width: 301.953px;\">55<\/td>\n<\/tr>\n<tr>\n<td style=\"width: 180.047px;\">Anwendungstyp<\/td>\n<td style=\"width: 301.953px;\">Laser<\/td>\n<\/tr>\n<tr style=\"height: 23px;\">\n<td style=\"height: 23px; width: 180.047px;\">Gewicht (Kg)<\/td>\n<td style=\"height: 23px; width: 301.953px;\">35<\/td>\n<\/tr>\n<\/tbody>\n<\/table>\n","protected":false},"excerpt":{"rendered":"<p>AD-250 Rauchgas- und Filtrationssystem f\u00fcr leichte Anwendungen in Laserkennzeichnung, -codierung und -gravur.<\/p>\n","protected":false},"featured_media":12185,"comment_status":"open","ping_status":"closed","template":"","meta":{"_et_pb_use_builder":"","_et_pb_old_content":"","_et_gb_content_width":""},"product_brand":[],"product_cat":[806,805,807],"product_tag":[],"class_list":{"0":"post-15001","1":"product","2":"type-product","3":"status-publish","4":"has-post-thumbnail","6":"product_cat-bofa-absauggerate","7":"product_cat-donaldson-bofa","8":"product_cat-laser","9":"product_shipping_class-mono-karton-express","11":"first","12":"instock","13":"shipping-taxable","14":"product-type-simple"},"yoast_head":"<!-- This site is optimized with the Yoast SEO Premium plugin v26.9 (Yoast SEO v27.5) - https:\/\/yoast.com\/product\/yoast-seo-premium-wordpress\/ -->\n<title>AD 250 \u2013 BOFA-Absaugger\u00e4t - NWS-TECH \u2022 NWS Laser<\/title>\n<meta name=\"description\" content=\"BOFA AD 250 Rauch- und Partikelabsaugung, ideal f\u00fcr den Einsatz in Schulen, kleinen industriellen Umgebungen oder f\u00fcr leichtes Lasercodieren\" \/>\n<meta name=\"robots\" content=\"index, follow, max-snippet:-1, max-image-preview:large, max-video-preview:-1\" \/>\n<link rel=\"canonical\" href=\"https:\/\/nws-tech.fr\/de\/produit\/ad-250-bofa-absauggeraet\/\" \/>\n<meta property=\"og:locale\" content=\"de_DE\" \/>\n<meta property=\"og:type\" content=\"article\" \/>\n<meta property=\"og:title\" content=\"AD 250 \u2013 BOFA-Absaugger\u00e4t\" \/>\n<meta property=\"og:description\" content=\"BOFA AD 250 Rauch- und Partikelabsaugung, ideal f\u00fcr den Einsatz in Schulen, kleinen industriellen Umgebungen oder f\u00fcr leichtes Lasercodieren\" \/>\n<meta property=\"og:url\" content=\"https:\/\/nws-tech.fr\/de\/produit\/ad-250-bofa-absauggeraet\/\" \/>\n<meta property=\"og:site_name\" content=\"NWS-TECH \u2022 NWS Laser\" \/>\n<meta property=\"article:publisher\" content=\"https:\/\/fr-fr.facebook.com\/nwstechfr\/\" \/>\n<meta property=\"og:image\" content=\"https:\/\/nws-tech.fr\/wp-content\/uploads\/2023\/11\/AD-250.webp\" \/>\n\t<meta property=\"og:image:width\" content=\"960\" \/>\n\t<meta property=\"og:image:height\" content=\"750\" \/>\n\t<meta property=\"og:image:type\" content=\"image\/webp\" \/>\n<meta name=\"twitter:card\" content=\"summary_large_image\" \/>\n<meta name=\"twitter:label1\" content=\"Gesch\u00e4tzte Lesezeit\" \/>\n\t<meta name=\"twitter:data1\" content=\"1\u00a0Minute\" \/>\n<script type=\"application\/ld+json\" class=\"yoast-schema-graph\">{\"@context\":\"https:\\\/\\\/schema.org\",\"@graph\":[{\"@type\":\"WebPage\",\"@id\":\"https:\\\/\\\/nws-tech.fr\\\/de\\\/produit\\\/ad-250-bofa-absauggeraet\\\/\",\"url\":\"https:\\\/\\\/nws-tech.fr\\\/de\\\/produit\\\/ad-250-bofa-absauggeraet\\\/\",\"name\":\"AD 250 \u2013 BOFA-Absaugger\u00e4t - NWS-TECH \u2022 NWS Laser\",\"isPartOf\":{\"@id\":\"https:\\\/\\\/nws-tech.fr\\\/de\\\/#website\"},\"primaryImageOfPage\":{\"@id\":\"https:\\\/\\\/nws-tech.fr\\\/de\\\/produit\\\/ad-250-bofa-absauggeraet\\\/#primaryimage\"},\"image\":{\"@id\":\"https:\\\/\\\/nws-tech.fr\\\/de\\\/produit\\\/ad-250-bofa-absauggeraet\\\/#primaryimage\"},\"thumbnailUrl\":\"https:\\\/\\\/nws-tech.fr\\\/wp-content\\\/uploads\\\/2023\\\/11\\\/AD-250.webp\",\"datePublished\":\"2023-11-23T14:19:56+00:00\",\"description\":\"BOFA AD 250 Rauch- und Partikelabsaugung, ideal f\u00fcr den Einsatz in Schulen, kleinen industriellen Umgebungen oder f\u00fcr leichtes Lasercodieren\",\"breadcrumb\":{\"@id\":\"https:\\\/\\\/nws-tech.fr\\\/de\\\/produit\\\/ad-250-bofa-absauggeraet\\\/#breadcrumb\"},\"inLanguage\":\"de\",\"potentialAction\":[{\"@type\":\"ReadAction\",\"target\":[\"https:\\\/\\\/nws-tech.fr\\\/de\\\/produit\\\/ad-250-bofa-absauggeraet\\\/\"]}]},{\"@type\":\"ImageObject\",\"inLanguage\":\"de\",\"@id\":\"https:\\\/\\\/nws-tech.fr\\\/de\\\/produit\\\/ad-250-bofa-absauggeraet\\\/#primaryimage\",\"url\":\"https:\\\/\\\/nws-tech.fr\\\/wp-content\\\/uploads\\\/2023\\\/11\\\/AD-250.webp\",\"contentUrl\":\"https:\\\/\\\/nws-tech.fr\\\/wp-content\\\/uploads\\\/2023\\\/11\\\/AD-250.webp\",\"width\":960,\"height\":750},{\"@type\":\"BreadcrumbList\",\"@id\":\"https:\\\/\\\/nws-tech.fr\\\/de\\\/produit\\\/ad-250-bofa-absauggeraet\\\/#breadcrumb\",\"itemListElement\":[{\"@type\":\"ListItem\",\"position\":1,\"name\":\"Accueil\",\"item\":\"https:\\\/\\\/nws-tech.fr\\\/de\\\/\"},{\"@type\":\"ListItem\",\"position\":2,\"name\":\"Shop\",\"item\":\"https:\\\/\\\/nws-tech.fr\\\/de\\\/shop\\\/\"},{\"@type\":\"ListItem\",\"position\":3,\"name\":\"AD 250 \u2013 BOFA-Absaugger\u00e4t\"}]},{\"@type\":\"WebSite\",\"@id\":\"https:\\\/\\\/nws-tech.fr\\\/de\\\/#website\",\"url\":\"https:\\\/\\\/nws-tech.fr\\\/de\\\/\",\"name\":\"NWS LASER - Marque l'avenir\",\"description\":\"Fabricant fran\u00e7ais de Lasers de marquage, gravure et d\u00e9coupe\",\"publisher\":{\"@id\":\"https:\\\/\\\/nws-tech.fr\\\/de\\\/#organization\"},\"alternateName\":\"NWS LASER\",\"potentialAction\":[{\"@type\":\"SearchAction\",\"target\":{\"@type\":\"EntryPoint\",\"urlTemplate\":\"https:\\\/\\\/nws-tech.fr\\\/de\\\/?s={search_term_string}\"},\"query-input\":{\"@type\":\"PropertyValueSpecification\",\"valueRequired\":true,\"valueName\":\"search_term_string\"}}],\"inLanguage\":\"de\"},{\"@type\":\"Organization\",\"@id\":\"https:\\\/\\\/nws-tech.fr\\\/de\\\/#organization\",\"name\":\"NWS Laser - Marque l'avenir\",\"alternateName\":\"NWS Laser\",\"url\":\"https:\\\/\\\/nws-tech.fr\\\/de\\\/\",\"logo\":{\"@type\":\"ImageObject\",\"inLanguage\":\"de\",\"@id\":\"https:\\\/\\\/nws-tech.fr\\\/de\\\/#\\\/schema\\\/logo\\\/image\\\/\",\"url\":\"https:\\\/\\\/nws-tech.fr\\\/wp-content\\\/uploads\\\/2023\\\/06\\\/nws_laser_tr.png\",\"contentUrl\":\"https:\\\/\\\/nws-tech.fr\\\/wp-content\\\/uploads\\\/2023\\\/06\\\/nws_laser_tr.png\",\"width\":655,\"height\":790,\"caption\":\"NWS Laser - Marque l'avenir\"},\"image\":{\"@id\":\"https:\\\/\\\/nws-tech.fr\\\/de\\\/#\\\/schema\\\/logo\\\/image\\\/\"},\"sameAs\":[\"https:\\\/\\\/fr-fr.facebook.com\\\/nwstechfr\\\/\",\"https:\\\/\\\/www.linkedin.com\\\/company\\\/nws-tech\\\/\"],\"description\":\"Depuis 20 ans, NWS Laser con\u00e7oit et fabrique diff\u00e9rentes machines laser de marquage, gravure et de d\u00e9coupe. Nous fabriquons des machines laser standards ou personnalis\u00e9es, en mettant l'accent sur la s\u00e9curit\u00e9, la pr\u00e9cision et l'\u00e9coute des besoins sp\u00e9cifiques de chaque client. Nos machines sont fabriqu\u00e9es en France. Nos 2 sites de production se situent en C\u00f4te-d'Or.\",\"email\":\"info@nws-tech.fr\",\"telephone\":\"+33 4 81 68 04 04\",\"legalName\":\"NWS\",\"foundingDate\":\"1998-05-02\",\"vatID\":\"FR04 493 113 336\",\"numberOfEmployees\":{\"@type\":\"QuantitativeValue\",\"minValue\":\"11\",\"maxValue\":\"50\"},\"publishingPrinciples\":\"https:\\\/\\\/nws-tech.fr\\\/fr\\\/legal\\\/mentions-legales\\\/\",\"ownershipFundingInfo\":\"https:\\\/\\\/nws-tech.fr\\\/fr\\\/a-propos\\\/nws-laser_histoire\\\/\",\"actionableFeedbackPolicy\":\"https:\\\/\\\/nws-tech.fr\\\/fr\\\/legal\\\/mentions-legales\\\/\",\"correctionsPolicy\":\"https:\\\/\\\/nws-tech.fr\\\/fr\\\/a-propos\\\/nws-laser-rse-developpement-durable\\\/\",\"ethicsPolicy\":\"https:\\\/\\\/nws-tech.fr\\\/fr\\\/a-propos\\\/nws-laser-rse-developpement-durable\\\/\",\"diversityPolicy\":\"https:\\\/\\\/nws-tech.fr\\\/fr\\\/a-propos\\\/nws-laser-rse-developpement-durable\\\/\",\"diversityStaffingReport\":\"https:\\\/\\\/nws-tech.fr\\\/fr\\\/a-propos\\\/nws-laser-rse-developpement-durable\\\/\"}]}<\/script>\n<!-- \/ Yoast SEO Premium plugin. -->","yoast_head_json":{"title":"AD 250 \u2013 BOFA-Absaugger\u00e4t - NWS-TECH \u2022 NWS Laser","description":"BOFA AD 250 Rauch- und Partikelabsaugung, ideal f\u00fcr den Einsatz in Schulen, kleinen industriellen Umgebungen oder f\u00fcr leichtes Lasercodieren","robots":{"index":"index","follow":"follow","max-snippet":"max-snippet:-1","max-image-preview":"max-image-preview:large","max-video-preview":"max-video-preview:-1"},"canonical":"https:\/\/nws-tech.fr\/de\/produit\/ad-250-bofa-absauggeraet\/","og_locale":"de_DE","og_type":"article","og_title":"AD 250 \u2013 BOFA-Absaugger\u00e4t","og_description":"BOFA AD 250 Rauch- und Partikelabsaugung, ideal f\u00fcr den Einsatz in Schulen, kleinen industriellen Umgebungen oder f\u00fcr leichtes Lasercodieren","og_url":"https:\/\/nws-tech.fr\/de\/produit\/ad-250-bofa-absauggeraet\/","og_site_name":"NWS-TECH \u2022 NWS Laser","article_publisher":"https:\/\/fr-fr.facebook.com\/nwstechfr\/","og_image":[{"width":960,"height":750,"url":"https:\/\/nws-tech.fr\/wp-content\/uploads\/2023\/11\/AD-250.webp","type":"image\/webp"}],"twitter_card":"summary_large_image","twitter_misc":{"Gesch\u00e4tzte Lesezeit":"1\u00a0Minute"},"schema":{"@context":"https:\/\/schema.org","@graph":[{"@type":"WebPage","@id":"https:\/\/nws-tech.fr\/de\/produit\/ad-250-bofa-absauggeraet\/","url":"https:\/\/nws-tech.fr\/de\/produit\/ad-250-bofa-absauggeraet\/","name":"AD 250 \u2013 BOFA-Absaugger\u00e4t - NWS-TECH \u2022 NWS Laser","isPartOf":{"@id":"https:\/\/nws-tech.fr\/de\/#website"},"primaryImageOfPage":{"@id":"https:\/\/nws-tech.fr\/de\/produit\/ad-250-bofa-absauggeraet\/#primaryimage"},"image":{"@id":"https:\/\/nws-tech.fr\/de\/produit\/ad-250-bofa-absauggeraet\/#primaryimage"},"thumbnailUrl":"https:\/\/nws-tech.fr\/wp-content\/uploads\/2023\/11\/AD-250.webp","datePublished":"2023-11-23T14:19:56+00:00","description":"BOFA AD 250 Rauch- und Partikelabsaugung, ideal f\u00fcr den Einsatz in Schulen, kleinen industriellen Umgebungen oder f\u00fcr leichtes Lasercodieren","breadcrumb":{"@id":"https:\/\/nws-tech.fr\/de\/produit\/ad-250-bofa-absauggeraet\/#breadcrumb"},"inLanguage":"de","potentialAction":[{"@type":"ReadAction","target":["https:\/\/nws-tech.fr\/de\/produit\/ad-250-bofa-absauggeraet\/"]}]},{"@type":"ImageObject","inLanguage":"de","@id":"https:\/\/nws-tech.fr\/de\/produit\/ad-250-bofa-absauggeraet\/#primaryimage","url":"https:\/\/nws-tech.fr\/wp-content\/uploads\/2023\/11\/AD-250.webp","contentUrl":"https:\/\/nws-tech.fr\/wp-content\/uploads\/2023\/11\/AD-250.webp","width":960,"height":750},{"@type":"BreadcrumbList","@id":"https:\/\/nws-tech.fr\/de\/produit\/ad-250-bofa-absauggeraet\/#breadcrumb","itemListElement":[{"@type":"ListItem","position":1,"name":"Accueil","item":"https:\/\/nws-tech.fr\/de\/"},{"@type":"ListItem","position":2,"name":"Shop","item":"https:\/\/nws-tech.fr\/de\/shop\/"},{"@type":"ListItem","position":3,"name":"AD 250 \u2013 BOFA-Absaugger\u00e4t"}]},{"@type":"WebSite","@id":"https:\/\/nws-tech.fr\/de\/#website","url":"https:\/\/nws-tech.fr\/de\/","name":"NWS LASER - Marque l'avenir","description":"Fabricant fran\u00e7ais de Lasers de marquage, gravure et d\u00e9coupe","publisher":{"@id":"https:\/\/nws-tech.fr\/de\/#organization"},"alternateName":"NWS LASER","potentialAction":[{"@type":"SearchAction","target":{"@type":"EntryPoint","urlTemplate":"https:\/\/nws-tech.fr\/de\/?s={search_term_string}"},"query-input":{"@type":"PropertyValueSpecification","valueRequired":true,"valueName":"search_term_string"}}],"inLanguage":"de"},{"@type":"Organization","@id":"https:\/\/nws-tech.fr\/de\/#organization","name":"NWS Laser - Marque l'avenir","alternateName":"NWS Laser","url":"https:\/\/nws-tech.fr\/de\/","logo":{"@type":"ImageObject","inLanguage":"de","@id":"https:\/\/nws-tech.fr\/de\/#\/schema\/logo\/image\/","url":"https:\/\/nws-tech.fr\/wp-content\/uploads\/2023\/06\/nws_laser_tr.png","contentUrl":"https:\/\/nws-tech.fr\/wp-content\/uploads\/2023\/06\/nws_laser_tr.png","width":655,"height":790,"caption":"NWS Laser - Marque l'avenir"},"image":{"@id":"https:\/\/nws-tech.fr\/de\/#\/schema\/logo\/image\/"},"sameAs":["https:\/\/fr-fr.facebook.com\/nwstechfr\/","https:\/\/www.linkedin.com\/company\/nws-tech\/"],"description":"Depuis 20 ans, NWS Laser con\u00e7oit et fabrique diff\u00e9rentes machines laser de marquage, gravure et de d\u00e9coupe. Nous fabriquons des machines laser standards ou personnalis\u00e9es, en mettant l'accent sur la s\u00e9curit\u00e9, la pr\u00e9cision et l'\u00e9coute des besoins sp\u00e9cifiques de chaque client. Nos machines sont fabriqu\u00e9es en France. Nos 2 sites de production se situent en C\u00f4te-d'Or.","email":"info@nws-tech.fr","telephone":"+33 4 81 68 04 04","legalName":"NWS","foundingDate":"1998-05-02","vatID":"FR04 493 113 336","numberOfEmployees":{"@type":"QuantitativeValue","minValue":"11","maxValue":"50"},"publishingPrinciples":"https:\/\/nws-tech.fr\/fr\/legal\/mentions-legales\/","ownershipFundingInfo":"https:\/\/nws-tech.fr\/fr\/a-propos\/nws-laser_histoire\/","actionableFeedbackPolicy":"https:\/\/nws-tech.fr\/fr\/legal\/mentions-legales\/","correctionsPolicy":"https:\/\/nws-tech.fr\/fr\/a-propos\/nws-laser-rse-developpement-durable\/","ethicsPolicy":"https:\/\/nws-tech.fr\/fr\/a-propos\/nws-laser-rse-developpement-durable\/","diversityPolicy":"https:\/\/nws-tech.fr\/fr\/a-propos\/nws-laser-rse-developpement-durable\/","diversityStaffingReport":"https:\/\/nws-tech.fr\/fr\/a-propos\/nws-laser-rse-developpement-durable\/"}]}},"_links":{"self":[{"href":"https:\/\/nws-tech.fr\/de\/wp-json\/wp\/v2\/product\/15001","targetHints":{"allow":["GET"]}}],"collection":[{"href":"https:\/\/nws-tech.fr\/de\/wp-json\/wp\/v2\/product"}],"about":[{"href":"https:\/\/nws-tech.fr\/de\/wp-json\/wp\/v2\/types\/product"}],"replies":[{"embeddable":true,"href":"https:\/\/nws-tech.fr\/de\/wp-json\/wp\/v2\/comments?post=15001"}],"wp:featuredmedia":[{"embeddable":true,"href":"https:\/\/nws-tech.fr\/de\/wp-json\/wp\/v2\/media\/12185"}],"wp:attachment":[{"href":"https:\/\/nws-tech.fr\/de\/wp-json\/wp\/v2\/media?parent=15001"}],"wp:term":[{"taxonomy":"product_brand","embeddable":true,"href":"https:\/\/nws-tech.fr\/de\/wp-json\/wp\/v2\/product_brand?post=15001"},{"taxonomy":"product_cat","embeddable":true,"href":"https:\/\/nws-tech.fr\/de\/wp-json\/wp\/v2\/product_cat?post=15001"},{"taxonomy":"product_tag","embeddable":true,"href":"https:\/\/nws-tech.fr\/de\/wp-json\/wp\/v2\/product_tag?post=15001"}],"curies":[{"name":"wp","href":"https:\/\/api.w.org\/{rel}","templated":true}]}}