{"id":14997,"date":"2026-02-15T11:43:45","date_gmt":"2026-02-15T10:43:45","guid":{"rendered":"https:\/\/nws-tech.fr\/rueckerstattungs-und-rueckgaberichtlinien\/"},"modified":"2026-02-15T11:45:26","modified_gmt":"2026-02-15T10:45:26","slug":"rueckerstattungs-und-rueckgaberichtlinien","status":"publish","type":"page","link":"https:\/\/nws-tech.fr\/de\/rueckerstattungs-und-rueckgaberichtlinien\/","title":{"rendered":"R\u00fcckerstattungs- und R\u00fcckgaberichtlinien"},"content":{"rendered":"\n<p><b>Dies ist eine Musterseite.<\/b><\/p>\n\n<h2 class=\"wp-block-heading\">\u00dcbersicht<\/h2>\n\n<p>Unsere R\u00fcckerstattungs- und R\u00fcckgaberichtlinien gelten f\u00fcr 30 Tage. Sind seit Ihrem Kauf 30 Tage vergangen, k\u00f6nnen wir Ihnen keine vollst\u00e4ndige R\u00fcckerstattung oder Umtausch anbieten. <\/p>\n\n<p>Um f\u00fcr eine R\u00fccksendung berechtigt zu sein, muss Ihr Artikel unbenutzt und in demselben Zustand sein, in dem Sie ihn erhalten haben. Er muss sich auch in der Originalverpackung befinden. <\/p>\n\n<p>Mehrere Arten von Waren sind von der R\u00fccksendung ausgeschlossen. Verderbliche Waren wie Lebensmittel, Blumen, Zeitungen oder Zeitschriften k\u00f6nnen nicht zur\u00fcckgegeben werden. Wir akzeptieren auch keine Produkte, die Intim- oder Hygieneartikel, Gefahrstoffe oder brennbare Fl\u00fcssigkeiten oder Gase sind.  <\/p>\n\n<p>Zus\u00e4tzliche Artikel, die nicht zur\u00fcckgegeben werden k\u00f6nnen:<\/p>\n\n<ul class=\"wp-block-list\">\n<li>Geschenkkarten<\/li>\n<li>Herunterladbare Softwareprodukte<\/li>\n<li>Einige Gesundheits- und K\u00f6rperpflegeartikel<\/li>\n<\/ul>\n\n<p>Um Ihre R\u00fccksendung abzuschlie\u00dfen, ben\u00f6tigen wir einen Kassenbon oder einen Kaufbeleg.<\/p>\n\n<p>Bitte senden Sie Ihren Kauf nicht an den Hersteller zur\u00fcck.<\/p>\n\n<p>Es gibt bestimmte Situationen, in denen nur Teilerstattungen gew\u00e4hrt werden:<\/p>\n\n<ul class=\"wp-block-list\">\n<li>B\u00fccher mit offensichtlichen Gebrauchsspuren<\/li>\n<li>Ge\u00f6ffnete CDs, DVDs, VHS-Kassetten, Software, Videospiele, Musikkassetten oder Schallplatten.<\/li>\n<li>Jeder Artikel, der sich nicht im Originalzustand befindet, besch\u00e4digt ist oder Teile fehlen, aus Gr\u00fcnden, die nicht auf unseren Fehler zur\u00fcckzuf\u00fchren sind.<\/li>\n<li>Jeder Artikel, der mehr als 30 Tage nach der Lieferung zur\u00fcckgesendet wird<\/li>\n<\/ul>\n\n<h2 class=\"wp-block-heading\">R\u00fcckerstattungen<\/h2>\n\n<p>Sobald Ihre R\u00fccksendung eingegangen und gepr\u00fcft wurde, senden wir Ihnen eine E-Mail, um Sie dar\u00fcber zu informieren, dass wir Ihren zur\u00fcckgesendeten Artikel erhalten haben. Wir werden Sie auch \u00fcber die Genehmigung oder Ablehnung Ihrer R\u00fcckerstattung informieren. <\/p>\n\n<p>Wenn Ihre R\u00fcckerstattung genehmigt wird, wird sie bearbeitet und ein Guthaben wird innerhalb einer bestimmten Anzahl von Tagen automatisch Ihrer Kreditkarte oder der urspr\u00fcnglichen Zahlungsmethode gutgeschrieben.<\/p>\n\n<h3 class=\"wp-block-heading\">Versp\u00e4tete oder fehlende R\u00fcckerstattungen<\/h3>\n\n<p>Wenn Sie noch keine R\u00fcckerstattung erhalten haben, \u00fcberpr\u00fcfen Sie zuerst erneut Ihr Bankkonto.<\/p>\n\n<p>Kontaktieren Sie dann Ihr Kreditkartenunternehmen; es kann einige Zeit dauern, bis Ihre R\u00fcckerstattung offiziell verbucht wird.<\/p>\n\n<p>Als N\u00e4chstes kontaktieren Sie Ihre Bank. Es gibt oft eine Bearbeitungszeit, bevor eine R\u00fcckerstattung verbucht wird. <\/p>\n\n<p>Wenn Sie all dies getan haben und Ihre R\u00fcckerstattung immer noch nicht erhalten haben, kontaktieren Sie uns bitte unter {email address}.<\/p>\n\n<h3 class=\"wp-block-heading\">Sale-Artikel<\/h3>\n\n<p>Nur Artikel zum regul\u00e4ren Preis k\u00f6nnen erstattet werden. Sale-Artikel k\u00f6nnen nicht erstattet werden. <\/p>\n\n<h2 class=\"wp-block-heading\">Umtausch<\/h2>\n\n<p>Wir ersetzen Artikel nur, wenn sie defekt oder besch\u00e4digt sind. Wenn Sie ihn gegen denselben Artikel umtauschen m\u00f6chten, senden Sie uns eine E-Mail an {email address} und senden Sie Ihren Artikel an: {physical address}. <\/p>\n\n<h2 class=\"wp-block-heading\">Geschenke<\/h2>\n\n<p>Wenn der Artikel beim Kauf als Geschenk gekennzeichnet und direkt an Sie versandt wurde, erhalten Sie eine Gutschrift f\u00fcr den Wert Ihrer R\u00fccksendung. Sobald der zur\u00fcckgesendete Artikel eingegangen ist, wird Ihnen ein Geschenkgutschein zugesandt. <\/p>\n\n<p>Wenn der Artikel beim Kauf nicht als Geschenk gekennzeichnet war oder der Schenkende die Bestellung an sich selbst versenden lie\u00df, um sie Ihnen sp\u00e4ter zu \u00fcberreichen, senden wir eine R\u00fcckerstattung an den Schenkenden, und dieser wird \u00fcber Ihre R\u00fccksendung informiert.<\/p>\n\n<h2 class=\"wp-block-heading\">R\u00fccksendung von Artikeln<\/h2>\n\n<p>Um Ihr Produkt zur\u00fcckzusenden, sollten Sie es an folgende Adresse senden: {physical address}.<\/p>\n\n<p>Sie sind f\u00fcr die Kosten der R\u00fccksendung Ihres Artikels verantwortlich. Versandkosten sind nicht erstattungsf\u00e4hig. Wenn Sie eine R\u00fcckerstattung erhalten, werden die Kosten f\u00fcr den R\u00fcckversand von Ihrer R\u00fcckerstattung abgezogen.  <\/p>\n\n<p>Je nachdem, wo Sie wohnen, kann die Zeit, die Ihr umgetauschtes Produkt ben\u00f6tigt, um Sie zu erreichen, variieren.<\/p>\n\n<p>Wenn Sie teurere Artikel zur\u00fccksenden, sollten Sie einen verfolgbaren Versanddienst nutzen oder eine Versandversicherung abschlie\u00dfen. Wir garantieren nicht, dass wir Ihren zur\u00fcckgesendeten Artikel erhalten. <\/p>\n\n<h2 class=\"wp-block-heading\">Ben\u00f6tigen Sie Hilfe?<\/h2>\n\n<p>Kontaktieren Sie uns unter {email} f\u00fcr Fragen zu R\u00fcckerstattungen und R\u00fccksendungen.<\/p>\n","protected":false},"excerpt":{"rendered":"<p>Dies ist eine Musterseite. \u00dcbersicht Unsere R\u00fcckerstattungs- und R\u00fcckgaberichtlinien gelten f\u00fcr 30 Tage. Sind seit Ihrem Kauf 30 Tage vergangen, k\u00f6nnen wir Ihnen keine vollst\u00e4ndige R\u00fcckerstattung oder Umtausch anbieten. Um f\u00fcr eine R\u00fccksendung berechtigt zu sein, muss Ihr Artikel unbenutzt und in demselben Zustand sein, in dem Sie ihn erhalten haben. Er muss sich auch [&hellip;]<\/p>\n","protected":false},"author":1,"featured_media":0,"parent":0,"menu_order":0,"comment_status":"closed","ping_status":"closed","template":"","meta":{"_et_pb_use_builder":"","_et_pb_old_content":"","_et_gb_content_width":"","footnotes":""},"class_list":["post-14997","page","type-page","status-publish","hentry"],"yoast_head":"<!-- This site is optimized with the Yoast SEO Premium plugin v26.9 (Yoast SEO v27.1.1) - https:\/\/yoast.com\/product\/yoast-seo-premium-wordpress\/ -->\n<title>R\u00fcckerstattungs- und R\u00fcckgaberichtlinien - NWS-TECH \u2022 NWS Laser<\/title>\n<meta name=\"robots\" content=\"index, follow, max-snippet:-1, max-image-preview:large, max-video-preview:-1\" \/>\n<link rel=\"canonical\" href=\"https:\/\/nws-tech.fr\/de\/rueckerstattungs-und-rueckgaberichtlinien\/\" \/>\n<meta property=\"og:locale\" content=\"de_DE\" \/>\n<meta property=\"og:type\" content=\"article\" \/>\n<meta property=\"og:title\" content=\"R\u00fcckerstattungs- und R\u00fcckgaberichtlinien\" \/>\n<meta property=\"og:description\" content=\"Dies ist eine Musterseite. \u00dcbersicht Unsere R\u00fcckerstattungs- und R\u00fcckgaberichtlinien gelten f\u00fcr 30 Tage. Sind seit Ihrem Kauf 30 Tage vergangen, k\u00f6nnen wir Ihnen keine vollst\u00e4ndige R\u00fcckerstattung oder Umtausch anbieten. Um f\u00fcr eine R\u00fccksendung berechtigt zu sein, muss Ihr Artikel unbenutzt und in demselben Zustand sein, in dem Sie ihn erhalten haben. Er muss sich auch [&hellip;]\" \/>\n<meta property=\"og:url\" content=\"https:\/\/nws-tech.fr\/de\/rueckerstattungs-und-rueckgaberichtlinien\/\" \/>\n<meta property=\"og:site_name\" content=\"NWS-TECH \u2022 NWS Laser\" \/>\n<meta property=\"article:publisher\" content=\"https:\/\/fr-fr.facebook.com\/nwstechfr\/\" \/>\n<meta property=\"article:modified_time\" content=\"2026-02-15T10:45:26+00:00\" \/>\n<meta property=\"og:image\" content=\"https:\/\/nws-tech.fr\/wp-content\/uploads\/2023\/06\/cropped-nws_laser_tr.png\" \/>\n\t<meta property=\"og:image:width\" content=\"512\" \/>\n\t<meta property=\"og:image:height\" content=\"512\" \/>\n\t<meta property=\"og:image:type\" content=\"image\/png\" \/>\n<meta name=\"twitter:card\" content=\"summary_large_image\" \/>\n<meta name=\"twitter:label1\" content=\"Gesch\u00e4tzte Lesezeit\" \/>\n\t<meta name=\"twitter:data1\" content=\"3\u00a0Minuten\" \/>\n<script type=\"application\/ld+json\" class=\"yoast-schema-graph\">{\"@context\":\"https:\/\/schema.org\",\"@graph\":[{\"@type\":\"WebPage\",\"@id\":\"https:\/\/nws-tech.fr\/de\/rueckerstattungs-und-rueckgaberichtlinien\/\",\"url\":\"https:\/\/nws-tech.fr\/de\/rueckerstattungs-und-rueckgaberichtlinien\/\",\"name\":\"R\u00fcckerstattungs- und R\u00fcckgaberichtlinien - NWS-TECH \u2022 NWS Laser\",\"isPartOf\":{\"@id\":\"https:\/\/nws-tech.fr\/de\/#website\"},\"datePublished\":\"2026-02-15T10:43:45+00:00\",\"dateModified\":\"2026-02-15T10:45:26+00:00\",\"breadcrumb\":{\"@id\":\"https:\/\/nws-tech.fr\/de\/rueckerstattungs-und-rueckgaberichtlinien\/#breadcrumb\"},\"inLanguage\":\"de\",\"potentialAction\":[{\"@type\":\"ReadAction\",\"target\":[\"https:\/\/nws-tech.fr\/de\/rueckerstattungs-und-rueckgaberichtlinien\/\"]}]},{\"@type\":\"BreadcrumbList\",\"@id\":\"https:\/\/nws-tech.fr\/de\/rueckerstattungs-und-rueckgaberichtlinien\/#breadcrumb\",\"itemListElement\":[{\"@type\":\"ListItem\",\"position\":1,\"name\":\"Accueil\",\"item\":\"https:\/\/nws-tech.fr\/de\/\"},{\"@type\":\"ListItem\",\"position\":2,\"name\":\"R\u00fcckerstattungs- und R\u00fcckgaberichtlinien\"}]},{\"@type\":\"WebSite\",\"@id\":\"https:\/\/nws-tech.fr\/de\/#website\",\"url\":\"https:\/\/nws-tech.fr\/de\/\",\"name\":\"NWS LASER - Marque l'avenir\",\"description\":\"Fabricant fran\u00e7ais de Lasers de marquage, gravure et d\u00e9coupe\",\"publisher\":{\"@id\":\"https:\/\/nws-tech.fr\/de\/#organization\"},\"alternateName\":\"NWS LASER\",\"potentialAction\":[{\"@type\":\"SearchAction\",\"target\":{\"@type\":\"EntryPoint\",\"urlTemplate\":\"https:\/\/nws-tech.fr\/de\/?s={search_term_string}\"},\"query-input\":{\"@type\":\"PropertyValueSpecification\",\"valueRequired\":true,\"valueName\":\"search_term_string\"}}],\"inLanguage\":\"de\"},{\"@type\":\"Organization\",\"@id\":\"https:\/\/nws-tech.fr\/de\/#organization\",\"name\":\"NWS Laser - Marque l'avenir\",\"alternateName\":\"NWS Laser\",\"url\":\"https:\/\/nws-tech.fr\/de\/\",\"logo\":{\"@type\":\"ImageObject\",\"inLanguage\":\"de\",\"@id\":\"https:\/\/nws-tech.fr\/de\/#\/schema\/logo\/image\/\",\"url\":\"https:\/\/nws-tech.fr\/wp-content\/uploads\/2023\/06\/nws_laser_tr.png\",\"contentUrl\":\"https:\/\/nws-tech.fr\/wp-content\/uploads\/2023\/06\/nws_laser_tr.png\",\"width\":655,\"height\":790,\"caption\":\"NWS Laser - Marque l'avenir\"},\"image\":{\"@id\":\"https:\/\/nws-tech.fr\/de\/#\/schema\/logo\/image\/\"},\"sameAs\":[\"https:\/\/fr-fr.facebook.com\/nwstechfr\/\",\"https:\/\/www.linkedin.com\/company\/nws-tech\/\"],\"description\":\"Depuis 20 ans, NWS Laser con\u00e7oit et fabrique diff\u00e9rentes machines laser de marquage, gravure et de d\u00e9coupe. Nous fabriquons des machines laser standards ou personnalis\u00e9es, en mettant l'accent sur la s\u00e9curit\u00e9, la pr\u00e9cision et l'\u00e9coute des besoins sp\u00e9cifiques de chaque client. Nos machines sont fabriqu\u00e9es en France. Nos 2 sites de production se situent en C\u00f4te-d'Or.\",\"email\":\"info@nws-tech.fr\",\"telephone\":\"+33 4 81 68 04 04\",\"legalName\":\"NWS\",\"foundingDate\":\"1998-05-02\",\"vatID\":\"FR04 493 113 336\",\"numberOfEmployees\":{\"@type\":\"QuantitativeValue\",\"minValue\":\"11\",\"maxValue\":\"50\"},\"publishingPrinciples\":\"https:\/\/nws-tech.fr\/fr\/legal\/mentions-legales\/\",\"ownershipFundingInfo\":\"https:\/\/nws-tech.fr\/fr\/a-propos\/nws-laser_histoire\/\",\"actionableFeedbackPolicy\":\"https:\/\/nws-tech.fr\/fr\/legal\/mentions-legales\/\",\"correctionsPolicy\":\"https:\/\/nws-tech.fr\/fr\/a-propos\/nws-laser-rse-developpement-durable\/\",\"ethicsPolicy\":\"https:\/\/nws-tech.fr\/fr\/a-propos\/nws-laser-rse-developpement-durable\/\",\"diversityPolicy\":\"https:\/\/nws-tech.fr\/fr\/a-propos\/nws-laser-rse-developpement-durable\/\",\"diversityStaffingReport\":\"https:\/\/nws-tech.fr\/fr\/a-propos\/nws-laser-rse-developpement-durable\/\"}]}<\/script>\n<!-- \/ Yoast SEO Premium plugin. -->","yoast_head_json":{"title":"R\u00fcckerstattungs- und R\u00fcckgaberichtlinien - NWS-TECH \u2022 NWS Laser","robots":{"index":"index","follow":"follow","max-snippet":"max-snippet:-1","max-image-preview":"max-image-preview:large","max-video-preview":"max-video-preview:-1"},"canonical":"https:\/\/nws-tech.fr\/de\/rueckerstattungs-und-rueckgaberichtlinien\/","og_locale":"de_DE","og_type":"article","og_title":"R\u00fcckerstattungs- und R\u00fcckgaberichtlinien","og_description":"Dies ist eine Musterseite. \u00dcbersicht Unsere R\u00fcckerstattungs- und R\u00fcckgaberichtlinien gelten f\u00fcr 30 Tage. Sind seit Ihrem Kauf 30 Tage vergangen, k\u00f6nnen wir Ihnen keine vollst\u00e4ndige R\u00fcckerstattung oder Umtausch anbieten. Um f\u00fcr eine R\u00fccksendung berechtigt zu sein, muss Ihr Artikel unbenutzt und in demselben Zustand sein, in dem Sie ihn erhalten haben. Er muss sich auch [&hellip;]","og_url":"https:\/\/nws-tech.fr\/de\/rueckerstattungs-und-rueckgaberichtlinien\/","og_site_name":"NWS-TECH \u2022 NWS Laser","article_publisher":"https:\/\/fr-fr.facebook.com\/nwstechfr\/","article_modified_time":"2026-02-15T10:45:26+00:00","og_image":[{"width":512,"height":512,"url":"https:\/\/nws-tech.fr\/wp-content\/uploads\/2023\/06\/cropped-nws_laser_tr.png","type":"image\/png"}],"twitter_card":"summary_large_image","twitter_misc":{"Gesch\u00e4tzte Lesezeit":"3\u00a0Minuten"},"schema":{"@context":"https:\/\/schema.org","@graph":[{"@type":"WebPage","@id":"https:\/\/nws-tech.fr\/de\/rueckerstattungs-und-rueckgaberichtlinien\/","url":"https:\/\/nws-tech.fr\/de\/rueckerstattungs-und-rueckgaberichtlinien\/","name":"R\u00fcckerstattungs- und R\u00fcckgaberichtlinien - NWS-TECH \u2022 NWS Laser","isPartOf":{"@id":"https:\/\/nws-tech.fr\/de\/#website"},"datePublished":"2026-02-15T10:43:45+00:00","dateModified":"2026-02-15T10:45:26+00:00","breadcrumb":{"@id":"https:\/\/nws-tech.fr\/de\/rueckerstattungs-und-rueckgaberichtlinien\/#breadcrumb"},"inLanguage":"de","potentialAction":[{"@type":"ReadAction","target":["https:\/\/nws-tech.fr\/de\/rueckerstattungs-und-rueckgaberichtlinien\/"]}]},{"@type":"BreadcrumbList","@id":"https:\/\/nws-tech.fr\/de\/rueckerstattungs-und-rueckgaberichtlinien\/#breadcrumb","itemListElement":[{"@type":"ListItem","position":1,"name":"Accueil","item":"https:\/\/nws-tech.fr\/de\/"},{"@type":"ListItem","position":2,"name":"R\u00fcckerstattungs- und R\u00fcckgaberichtlinien"}]},{"@type":"WebSite","@id":"https:\/\/nws-tech.fr\/de\/#website","url":"https:\/\/nws-tech.fr\/de\/","name":"NWS LASER - Marque l'avenir","description":"Fabricant fran\u00e7ais de Lasers de marquage, gravure et d\u00e9coupe","publisher":{"@id":"https:\/\/nws-tech.fr\/de\/#organization"},"alternateName":"NWS LASER","potentialAction":[{"@type":"SearchAction","target":{"@type":"EntryPoint","urlTemplate":"https:\/\/nws-tech.fr\/de\/?s={search_term_string}"},"query-input":{"@type":"PropertyValueSpecification","valueRequired":true,"valueName":"search_term_string"}}],"inLanguage":"de"},{"@type":"Organization","@id":"https:\/\/nws-tech.fr\/de\/#organization","name":"NWS Laser - Marque l'avenir","alternateName":"NWS Laser","url":"https:\/\/nws-tech.fr\/de\/","logo":{"@type":"ImageObject","inLanguage":"de","@id":"https:\/\/nws-tech.fr\/de\/#\/schema\/logo\/image\/","url":"https:\/\/nws-tech.fr\/wp-content\/uploads\/2023\/06\/nws_laser_tr.png","contentUrl":"https:\/\/nws-tech.fr\/wp-content\/uploads\/2023\/06\/nws_laser_tr.png","width":655,"height":790,"caption":"NWS Laser - Marque l'avenir"},"image":{"@id":"https:\/\/nws-tech.fr\/de\/#\/schema\/logo\/image\/"},"sameAs":["https:\/\/fr-fr.facebook.com\/nwstechfr\/","https:\/\/www.linkedin.com\/company\/nws-tech\/"],"description":"Depuis 20 ans, NWS Laser con\u00e7oit et fabrique diff\u00e9rentes machines laser de marquage, gravure et de d\u00e9coupe. Nous fabriquons des machines laser standards ou personnalis\u00e9es, en mettant l'accent sur la s\u00e9curit\u00e9, la pr\u00e9cision et l'\u00e9coute des besoins sp\u00e9cifiques de chaque client. Nos machines sont fabriqu\u00e9es en France. Nos 2 sites de production se situent en C\u00f4te-d'Or.","email":"info@nws-tech.fr","telephone":"+33 4 81 68 04 04","legalName":"NWS","foundingDate":"1998-05-02","vatID":"FR04 493 113 336","numberOfEmployees":{"@type":"QuantitativeValue","minValue":"11","maxValue":"50"},"publishingPrinciples":"https:\/\/nws-tech.fr\/fr\/legal\/mentions-legales\/","ownershipFundingInfo":"https:\/\/nws-tech.fr\/fr\/a-propos\/nws-laser_histoire\/","actionableFeedbackPolicy":"https:\/\/nws-tech.fr\/fr\/legal\/mentions-legales\/","correctionsPolicy":"https:\/\/nws-tech.fr\/fr\/a-propos\/nws-laser-rse-developpement-durable\/","ethicsPolicy":"https:\/\/nws-tech.fr\/fr\/a-propos\/nws-laser-rse-developpement-durable\/","diversityPolicy":"https:\/\/nws-tech.fr\/fr\/a-propos\/nws-laser-rse-developpement-durable\/","diversityStaffingReport":"https:\/\/nws-tech.fr\/fr\/a-propos\/nws-laser-rse-developpement-durable\/"}]}},"_links":{"self":[{"href":"https:\/\/nws-tech.fr\/de\/wp-json\/wp\/v2\/pages\/14997","targetHints":{"allow":["GET"]}}],"collection":[{"href":"https:\/\/nws-tech.fr\/de\/wp-json\/wp\/v2\/pages"}],"about":[{"href":"https:\/\/nws-tech.fr\/de\/wp-json\/wp\/v2\/types\/page"}],"author":[{"embeddable":true,"href":"https:\/\/nws-tech.fr\/de\/wp-json\/wp\/v2\/users\/1"}],"replies":[{"embeddable":true,"href":"https:\/\/nws-tech.fr\/de\/wp-json\/wp\/v2\/comments?post=14997"}],"version-history":[{"count":1,"href":"https:\/\/nws-tech.fr\/de\/wp-json\/wp\/v2\/pages\/14997\/revisions"}],"predecessor-version":[{"id":14998,"href":"https:\/\/nws-tech.fr\/de\/wp-json\/wp\/v2\/pages\/14997\/revisions\/14998"}],"wp:attachment":[{"href":"https:\/\/nws-tech.fr\/de\/wp-json\/wp\/v2\/media?parent=14997"}],"curies":[{"name":"wp","href":"https:\/\/api.w.org\/{rel}","templated":true}]}}