{"id":14969,"date":"2025-01-15T14:22:00","date_gmt":"2025-01-15T13:22:00","guid":{"rendered":"https:\/\/nws-tech.fr\/luftbehandlung\/nws-laser-offizieller-haendler-fuer-bofa-donaldson-absauganlagen-ersatzfilter\/"},"modified":"2025-01-15T14:22:00","modified_gmt":"2025-01-15T13:22:00","slug":"nws-laser-offizieller-haendler-fuer-bofa-donaldson-absauganlagen-ersatzfilter","status":"publish","type":"page","link":"https:\/\/nws-tech.fr\/de\/luftbehandlung\/nws-laser-offizieller-haendler-fuer-bofa-donaldson-absauganlagen-ersatzfilter\/","title":{"rendered":"NWS LASER \u2013 Offizieller H\u00e4ndler f\u00fcr BOFA Donaldson Absauganlagen-Ersatzfilter"},"content":{"rendered":"","protected":false},"excerpt":{"rendered":"","protected":false},"author":20,"featured_media":14930,"parent":14967,"menu_order":0,"comment_status":"closed","ping_status":"closed","template":"","meta":{"_et_pb_use_builder":"on","_et_pb_old_content":"","_et_gb_content_width":"","footnotes":""},"class_list":["post-14969","page","type-page","status-publish","has-post-thumbnail","hentry"],"yoast_head":"<!-- This site is optimized with the Yoast SEO Premium plugin v26.9 (Yoast SEO v27.5) - https:\/\/yoast.com\/product\/yoast-seo-premium-wordpress\/ -->\n<title>Ersatzfilter f\u00fcr BOFA Donaldson Absauganlagen | NWS Laser<\/title>\n<meta name=\"description\" content=\"NWS LASER ist offizieller H\u00e4ndler f\u00fcr BOFA Donaldson Rauchabsaugungen und Filter. Sch\u00fctzen Sie Ihre Arbeitsumgebung!\" \/>\n<meta name=\"robots\" content=\"index, follow, max-snippet:-1, max-image-preview:large, max-video-preview:-1\" \/>\n<link rel=\"canonical\" href=\"https:\/\/nws-tech.fr\/de\/luftbehandlung\/nws-laser-offizieller-haendler-fuer-bofa-donaldson-absauganlagen-ersatzfilter\/\" \/>\n<meta property=\"og:locale\" content=\"de_DE\" \/>\n<meta property=\"og:type\" content=\"article\" \/>\n<meta property=\"og:title\" content=\"NWS LASER \u2013 Offizieller H\u00e4ndler f\u00fcr BOFA Donaldson Absauganlagen-Ersatzfilter\" \/>\n<meta property=\"og:description\" content=\"NWS LASER ist offizieller H\u00e4ndler f\u00fcr BOFA Donaldson Rauchabsaugungen und Filter. Sch\u00fctzen Sie Ihre Arbeitsumgebung!\" \/>\n<meta property=\"og:url\" content=\"https:\/\/nws-tech.fr\/de\/luftbehandlung\/nws-laser-offizieller-haendler-fuer-bofa-donaldson-absauganlagen-ersatzfilter\/\" \/>\n<meta property=\"og:site_name\" content=\"NWS-TECH \u2022 NWS Laser\" \/>\n<meta property=\"article:publisher\" content=\"https:\/\/fr-fr.facebook.com\/nwstechfr\/\" \/>\n<meta property=\"og:image\" content=\"https:\/\/nws-tech.fr\/wp-content\/uploads\/2024\/06\/Extracteur-BOFA-1.png\" \/>\n\t<meta property=\"og:image:width\" content=\"700\" \/>\n\t<meta property=\"og:image:height\" content=\"500\" \/>\n\t<meta property=\"og:image:type\" content=\"image\/png\" \/>\n<meta name=\"twitter:card\" content=\"summary_large_image\" \/>\n<script type=\"application\/ld+json\" class=\"yoast-schema-graph\">{\"@context\":\"https:\\\/\\\/schema.org\",\"@graph\":[{\"@type\":\"WebPage\",\"@id\":\"https:\\\/\\\/nws-tech.fr\\\/de\\\/luftbehandlung\\\/nws-laser-offizieller-haendler-fuer-bofa-donaldson-absauganlagen-ersatzfilter\\\/\",\"url\":\"https:\\\/\\\/nws-tech.fr\\\/de\\\/luftbehandlung\\\/nws-laser-offizieller-haendler-fuer-bofa-donaldson-absauganlagen-ersatzfilter\\\/\",\"name\":\"Ersatzfilter f\u00fcr BOFA Donaldson Absauganlagen | NWS Laser\",\"isPartOf\":{\"@id\":\"https:\\\/\\\/nws-tech.fr\\\/de\\\/#website\"},\"primaryImageOfPage\":{\"@id\":\"https:\\\/\\\/nws-tech.fr\\\/de\\\/luftbehandlung\\\/nws-laser-offizieller-haendler-fuer-bofa-donaldson-absauganlagen-ersatzfilter\\\/#primaryimage\"},\"image\":{\"@id\":\"https:\\\/\\\/nws-tech.fr\\\/de\\\/luftbehandlung\\\/nws-laser-offizieller-haendler-fuer-bofa-donaldson-absauganlagen-ersatzfilter\\\/#primaryimage\"},\"thumbnailUrl\":\"https:\\\/\\\/nws-tech.fr\\\/wp-content\\\/uploads\\\/2024\\\/06\\\/Extracteur-BOFA-1.png\",\"datePublished\":\"2025-01-15T13:22:00+00:00\",\"description\":\"NWS LASER ist offizieller H\u00e4ndler f\u00fcr BOFA Donaldson Rauchabsaugungen und Filter. Sch\u00fctzen Sie Ihre Arbeitsumgebung!\",\"breadcrumb\":{\"@id\":\"https:\\\/\\\/nws-tech.fr\\\/de\\\/luftbehandlung\\\/nws-laser-offizieller-haendler-fuer-bofa-donaldson-absauganlagen-ersatzfilter\\\/#breadcrumb\"},\"inLanguage\":\"de\",\"potentialAction\":[{\"@type\":\"ReadAction\",\"target\":[\"https:\\\/\\\/nws-tech.fr\\\/de\\\/luftbehandlung\\\/nws-laser-offizieller-haendler-fuer-bofa-donaldson-absauganlagen-ersatzfilter\\\/\"]}]},{\"@type\":\"ImageObject\",\"inLanguage\":\"de\",\"@id\":\"https:\\\/\\\/nws-tech.fr\\\/de\\\/luftbehandlung\\\/nws-laser-offizieller-haendler-fuer-bofa-donaldson-absauganlagen-ersatzfilter\\\/#primaryimage\",\"url\":\"https:\\\/\\\/nws-tech.fr\\\/wp-content\\\/uploads\\\/2024\\\/06\\\/Extracteur-BOFA-1.png\",\"contentUrl\":\"https:\\\/\\\/nws-tech.fr\\\/wp-content\\\/uploads\\\/2024\\\/06\\\/Extracteur-BOFA-1.png\",\"width\":700,\"height\":500,\"caption\":\"NWS Laser offizieller BOFA-H\u00e4ndler \u2013 Absaugger\u00e4te und Filter\"},{\"@type\":\"BreadcrumbList\",\"@id\":\"https:\\\/\\\/nws-tech.fr\\\/de\\\/luftbehandlung\\\/nws-laser-offizieller-haendler-fuer-bofa-donaldson-absauganlagen-ersatzfilter\\\/#breadcrumb\",\"itemListElement\":[{\"@type\":\"ListItem\",\"position\":1,\"name\":\"Accueil\",\"item\":\"https:\\\/\\\/nws-tech.fr\\\/de\\\/\"},{\"@type\":\"ListItem\",\"position\":2,\"name\":\"Luftbehandlung\",\"item\":\"https:\\\/\\\/nws-tech.fr\\\/de\\\/luftbehandlung\\\/\"},{\"@type\":\"ListItem\",\"position\":3,\"name\":\"NWS LASER \u2013 Offizieller H\u00e4ndler f\u00fcr BOFA Donaldson Absauganlagen-Ersatzfilter\"}]},{\"@type\":\"WebSite\",\"@id\":\"https:\\\/\\\/nws-tech.fr\\\/de\\\/#website\",\"url\":\"https:\\\/\\\/nws-tech.fr\\\/de\\\/\",\"name\":\"NWS LASER - Marque l'avenir\",\"description\":\"Fabricant fran\u00e7ais de Lasers de marquage, gravure et d\u00e9coupe\",\"publisher\":{\"@id\":\"https:\\\/\\\/nws-tech.fr\\\/de\\\/#organization\"},\"alternateName\":\"NWS LASER\",\"potentialAction\":[{\"@type\":\"SearchAction\",\"target\":{\"@type\":\"EntryPoint\",\"urlTemplate\":\"https:\\\/\\\/nws-tech.fr\\\/de\\\/?s={search_term_string}\"},\"query-input\":{\"@type\":\"PropertyValueSpecification\",\"valueRequired\":true,\"valueName\":\"search_term_string\"}}],\"inLanguage\":\"de\"},{\"@type\":\"Organization\",\"@id\":\"https:\\\/\\\/nws-tech.fr\\\/de\\\/#organization\",\"name\":\"NWS Laser - Marque l'avenir\",\"alternateName\":\"NWS Laser\",\"url\":\"https:\\\/\\\/nws-tech.fr\\\/de\\\/\",\"logo\":{\"@type\":\"ImageObject\",\"inLanguage\":\"de\",\"@id\":\"https:\\\/\\\/nws-tech.fr\\\/de\\\/#\\\/schema\\\/logo\\\/image\\\/\",\"url\":\"https:\\\/\\\/nws-tech.fr\\\/wp-content\\\/uploads\\\/2023\\\/06\\\/nws_laser_tr.png\",\"contentUrl\":\"https:\\\/\\\/nws-tech.fr\\\/wp-content\\\/uploads\\\/2023\\\/06\\\/nws_laser_tr.png\",\"width\":655,\"height\":790,\"caption\":\"NWS Laser - Marque l'avenir\"},\"image\":{\"@id\":\"https:\\\/\\\/nws-tech.fr\\\/de\\\/#\\\/schema\\\/logo\\\/image\\\/\"},\"sameAs\":[\"https:\\\/\\\/fr-fr.facebook.com\\\/nwstechfr\\\/\",\"https:\\\/\\\/www.linkedin.com\\\/company\\\/nws-tech\\\/\"],\"description\":\"Depuis 20 ans, NWS Laser con\u00e7oit et fabrique diff\u00e9rentes machines laser de marquage, gravure et de d\u00e9coupe. Nous fabriquons des machines laser standards ou personnalis\u00e9es, en mettant l'accent sur la s\u00e9curit\u00e9, la pr\u00e9cision et l'\u00e9coute des besoins sp\u00e9cifiques de chaque client. Nos machines sont fabriqu\u00e9es en France. Nos 2 sites de production se situent en C\u00f4te-d'Or.\",\"email\":\"info@nws-tech.fr\",\"telephone\":\"+33 4 81 68 04 04\",\"legalName\":\"NWS\",\"foundingDate\":\"1998-05-02\",\"vatID\":\"FR04 493 113 336\",\"numberOfEmployees\":{\"@type\":\"QuantitativeValue\",\"minValue\":\"11\",\"maxValue\":\"50\"},\"publishingPrinciples\":\"https:\\\/\\\/nws-tech.fr\\\/fr\\\/legal\\\/mentions-legales\\\/\",\"ownershipFundingInfo\":\"https:\\\/\\\/nws-tech.fr\\\/fr\\\/a-propos\\\/nws-laser_histoire\\\/\",\"actionableFeedbackPolicy\":\"https:\\\/\\\/nws-tech.fr\\\/fr\\\/legal\\\/mentions-legales\\\/\",\"correctionsPolicy\":\"https:\\\/\\\/nws-tech.fr\\\/fr\\\/a-propos\\\/nws-laser-rse-developpement-durable\\\/\",\"ethicsPolicy\":\"https:\\\/\\\/nws-tech.fr\\\/fr\\\/a-propos\\\/nws-laser-rse-developpement-durable\\\/\",\"diversityPolicy\":\"https:\\\/\\\/nws-tech.fr\\\/fr\\\/a-propos\\\/nws-laser-rse-developpement-durable\\\/\",\"diversityStaffingReport\":\"https:\\\/\\\/nws-tech.fr\\\/fr\\\/a-propos\\\/nws-laser-rse-developpement-durable\\\/\"}]}<\/script>\n<!-- \/ Yoast SEO Premium plugin. -->","yoast_head_json":{"title":"Ersatzfilter f\u00fcr BOFA Donaldson Absauganlagen | NWS Laser","description":"NWS LASER ist offizieller H\u00e4ndler f\u00fcr BOFA Donaldson Rauchabsaugungen und Filter. Sch\u00fctzen Sie Ihre Arbeitsumgebung!","robots":{"index":"index","follow":"follow","max-snippet":"max-snippet:-1","max-image-preview":"max-image-preview:large","max-video-preview":"max-video-preview:-1"},"canonical":"https:\/\/nws-tech.fr\/de\/luftbehandlung\/nws-laser-offizieller-haendler-fuer-bofa-donaldson-absauganlagen-ersatzfilter\/","og_locale":"de_DE","og_type":"article","og_title":"NWS LASER \u2013 Offizieller H\u00e4ndler f\u00fcr BOFA Donaldson Absauganlagen-Ersatzfilter","og_description":"NWS LASER ist offizieller H\u00e4ndler f\u00fcr BOFA Donaldson Rauchabsaugungen und Filter. Sch\u00fctzen Sie Ihre Arbeitsumgebung!","og_url":"https:\/\/nws-tech.fr\/de\/luftbehandlung\/nws-laser-offizieller-haendler-fuer-bofa-donaldson-absauganlagen-ersatzfilter\/","og_site_name":"NWS-TECH \u2022 NWS Laser","article_publisher":"https:\/\/fr-fr.facebook.com\/nwstechfr\/","og_image":[{"width":700,"height":500,"url":"https:\/\/nws-tech.fr\/wp-content\/uploads\/2024\/06\/Extracteur-BOFA-1.png","type":"image\/png"}],"twitter_card":"summary_large_image","schema":{"@context":"https:\/\/schema.org","@graph":[{"@type":"WebPage","@id":"https:\/\/nws-tech.fr\/de\/luftbehandlung\/nws-laser-offizieller-haendler-fuer-bofa-donaldson-absauganlagen-ersatzfilter\/","url":"https:\/\/nws-tech.fr\/de\/luftbehandlung\/nws-laser-offizieller-haendler-fuer-bofa-donaldson-absauganlagen-ersatzfilter\/","name":"Ersatzfilter f\u00fcr BOFA Donaldson Absauganlagen | NWS Laser","isPartOf":{"@id":"https:\/\/nws-tech.fr\/de\/#website"},"primaryImageOfPage":{"@id":"https:\/\/nws-tech.fr\/de\/luftbehandlung\/nws-laser-offizieller-haendler-fuer-bofa-donaldson-absauganlagen-ersatzfilter\/#primaryimage"},"image":{"@id":"https:\/\/nws-tech.fr\/de\/luftbehandlung\/nws-laser-offizieller-haendler-fuer-bofa-donaldson-absauganlagen-ersatzfilter\/#primaryimage"},"thumbnailUrl":"https:\/\/nws-tech.fr\/wp-content\/uploads\/2024\/06\/Extracteur-BOFA-1.png","datePublished":"2025-01-15T13:22:00+00:00","description":"NWS LASER ist offizieller H\u00e4ndler f\u00fcr BOFA Donaldson Rauchabsaugungen und Filter. Sch\u00fctzen Sie Ihre Arbeitsumgebung!","breadcrumb":{"@id":"https:\/\/nws-tech.fr\/de\/luftbehandlung\/nws-laser-offizieller-haendler-fuer-bofa-donaldson-absauganlagen-ersatzfilter\/#breadcrumb"},"inLanguage":"de","potentialAction":[{"@type":"ReadAction","target":["https:\/\/nws-tech.fr\/de\/luftbehandlung\/nws-laser-offizieller-haendler-fuer-bofa-donaldson-absauganlagen-ersatzfilter\/"]}]},{"@type":"ImageObject","inLanguage":"de","@id":"https:\/\/nws-tech.fr\/de\/luftbehandlung\/nws-laser-offizieller-haendler-fuer-bofa-donaldson-absauganlagen-ersatzfilter\/#primaryimage","url":"https:\/\/nws-tech.fr\/wp-content\/uploads\/2024\/06\/Extracteur-BOFA-1.png","contentUrl":"https:\/\/nws-tech.fr\/wp-content\/uploads\/2024\/06\/Extracteur-BOFA-1.png","width":700,"height":500,"caption":"NWS Laser offizieller BOFA-H\u00e4ndler \u2013 Absaugger\u00e4te und Filter"},{"@type":"BreadcrumbList","@id":"https:\/\/nws-tech.fr\/de\/luftbehandlung\/nws-laser-offizieller-haendler-fuer-bofa-donaldson-absauganlagen-ersatzfilter\/#breadcrumb","itemListElement":[{"@type":"ListItem","position":1,"name":"Accueil","item":"https:\/\/nws-tech.fr\/de\/"},{"@type":"ListItem","position":2,"name":"Luftbehandlung","item":"https:\/\/nws-tech.fr\/de\/luftbehandlung\/"},{"@type":"ListItem","position":3,"name":"NWS LASER \u2013 Offizieller H\u00e4ndler f\u00fcr BOFA Donaldson Absauganlagen-Ersatzfilter"}]},{"@type":"WebSite","@id":"https:\/\/nws-tech.fr\/de\/#website","url":"https:\/\/nws-tech.fr\/de\/","name":"NWS LASER - Marque l'avenir","description":"Fabricant fran\u00e7ais de Lasers de marquage, gravure et d\u00e9coupe","publisher":{"@id":"https:\/\/nws-tech.fr\/de\/#organization"},"alternateName":"NWS LASER","potentialAction":[{"@type":"SearchAction","target":{"@type":"EntryPoint","urlTemplate":"https:\/\/nws-tech.fr\/de\/?s={search_term_string}"},"query-input":{"@type":"PropertyValueSpecification","valueRequired":true,"valueName":"search_term_string"}}],"inLanguage":"de"},{"@type":"Organization","@id":"https:\/\/nws-tech.fr\/de\/#organization","name":"NWS Laser - Marque l'avenir","alternateName":"NWS Laser","url":"https:\/\/nws-tech.fr\/de\/","logo":{"@type":"ImageObject","inLanguage":"de","@id":"https:\/\/nws-tech.fr\/de\/#\/schema\/logo\/image\/","url":"https:\/\/nws-tech.fr\/wp-content\/uploads\/2023\/06\/nws_laser_tr.png","contentUrl":"https:\/\/nws-tech.fr\/wp-content\/uploads\/2023\/06\/nws_laser_tr.png","width":655,"height":790,"caption":"NWS Laser - Marque l'avenir"},"image":{"@id":"https:\/\/nws-tech.fr\/de\/#\/schema\/logo\/image\/"},"sameAs":["https:\/\/fr-fr.facebook.com\/nwstechfr\/","https:\/\/www.linkedin.com\/company\/nws-tech\/"],"description":"Depuis 20 ans, NWS Laser con\u00e7oit et fabrique diff\u00e9rentes machines laser de marquage, gravure et de d\u00e9coupe. Nous fabriquons des machines laser standards ou personnalis\u00e9es, en mettant l'accent sur la s\u00e9curit\u00e9, la pr\u00e9cision et l'\u00e9coute des besoins sp\u00e9cifiques de chaque client. Nos machines sont fabriqu\u00e9es en France. Nos 2 sites de production se situent en C\u00f4te-d'Or.","email":"info@nws-tech.fr","telephone":"+33 4 81 68 04 04","legalName":"NWS","foundingDate":"1998-05-02","vatID":"FR04 493 113 336","numberOfEmployees":{"@type":"QuantitativeValue","minValue":"11","maxValue":"50"},"publishingPrinciples":"https:\/\/nws-tech.fr\/fr\/legal\/mentions-legales\/","ownershipFundingInfo":"https:\/\/nws-tech.fr\/fr\/a-propos\/nws-laser_histoire\/","actionableFeedbackPolicy":"https:\/\/nws-tech.fr\/fr\/legal\/mentions-legales\/","correctionsPolicy":"https:\/\/nws-tech.fr\/fr\/a-propos\/nws-laser-rse-developpement-durable\/","ethicsPolicy":"https:\/\/nws-tech.fr\/fr\/a-propos\/nws-laser-rse-developpement-durable\/","diversityPolicy":"https:\/\/nws-tech.fr\/fr\/a-propos\/nws-laser-rse-developpement-durable\/","diversityStaffingReport":"https:\/\/nws-tech.fr\/fr\/a-propos\/nws-laser-rse-developpement-durable\/"}]}},"_links":{"self":[{"href":"https:\/\/nws-tech.fr\/de\/wp-json\/wp\/v2\/pages\/14969","targetHints":{"allow":["GET"]}}],"collection":[{"href":"https:\/\/nws-tech.fr\/de\/wp-json\/wp\/v2\/pages"}],"about":[{"href":"https:\/\/nws-tech.fr\/de\/wp-json\/wp\/v2\/types\/page"}],"author":[{"embeddable":true,"href":"https:\/\/nws-tech.fr\/de\/wp-json\/wp\/v2\/users\/20"}],"replies":[{"embeddable":true,"href":"https:\/\/nws-tech.fr\/de\/wp-json\/wp\/v2\/comments?post=14969"}],"version-history":[{"count":0,"href":"https:\/\/nws-tech.fr\/de\/wp-json\/wp\/v2\/pages\/14969\/revisions"}],"up":[{"embeddable":true,"href":"https:\/\/nws-tech.fr\/de\/wp-json\/wp\/v2\/pages\/14967"}],"wp:featuredmedia":[{"embeddable":true,"href":"https:\/\/nws-tech.fr\/de\/wp-json\/wp\/v2\/media\/14930"}],"wp:attachment":[{"href":"https:\/\/nws-tech.fr\/de\/wp-json\/wp\/v2\/media?parent=14969"}],"curies":[{"name":"wp","href":"https:\/\/api.w.org\/{rel}","templated":true}]}}