{"id":14934,"date":"2023-06-19T09:38:54","date_gmt":"2023-06-19T07:38:54","guid":{"rendered":"https:\/\/nws-tech.fr\/kundenstimmen\/"},"modified":"2026-02-15T10:43:25","modified_gmt":"2026-02-15T09:43:25","slug":"kundenstimmen","status":"publish","type":"page","link":"https:\/\/nws-tech.fr\/de\/kundenstimmen\/","title":{"rendered":"Kundenstimmen"},"content":{"rendered":"<p>[et_pb_section fb_built=&#8220;1&#8243; admin_label=&#8220;Header&#8220; _builder_version=&#8220;4.27.4&#8243; _module_preset=&#8220;default&#8220; background_color=&#8220;gcid-9ae412ef-a7ae-42a5-ab5b-f691fccab059&#8243; use_background_color_gradient=&#8220;on&#8220; background_color_gradient_stops=&#8220;rgba(9,9,21,0) 0%|gcid-9ae412ef-a7ae-42a5-ab5b-f691fccab059 100%&#8220; background_color_gradient_overlays_image=&#8220;on&#8220; background_image=&#8220;https:\/\/nws-tech.fr\/wp-content\/uploads\/2023\/06\/financial-technology-29f-scaled.jpg&#8220; background_enable_pattern_style=&#8220;on&#8220; background_pattern_style=&#8220;scallops&#8220; background_pattern_color=&#8220;rgba(0,0,0,0.6)&#8220; background_pattern_size=&#8220;custom&#8220; background_pattern_width=&#8220;8px&#8220; hover_enabled=&#8220;0&#8243; locked=&#8220;off&#8220; collapsed=&#8220;on&#8220; global_colors_info=&#8220;{%22gcid-9ae412ef-a7ae-42a5-ab5b-f691fccab059%22:%91%22background_color%22,%22background_color_gradient_stops%22,%22background_color%22,%22background_color_gradient_stops%22%93}&#8220; custom_padding=&#8220;5%||5%||true|false&#8220; custom_padding_last_edited=&#8220;on|phone&#8220; sticky_enabled=&#8220;0&#8243; custom_padding_tablet=&#8220;8%||8%||true|false&#8220; custom_padding_phone=&#8220;13%||13%||true|false&#8220;][et_pb_row _builder_version=&#8220;4.27.4&#8243; _module_preset=&#8220;default&#8220; max_width=&#8220;700px&#8220; hover_enabled=&#8220;0&#8243; global_colors_info=&#8220;{}&#8220; custom_margin=&#8220;0px||40px||false|false&#8220; custom_padding=&#8220;0px||0px||false|false&#8220; sticky_enabled=&#8220;0&#8243;][et_pb_column type=&#8220;4_4&#8243; _builder_version=&#8220;4.19.2&#8243; _module_preset=&#8220;default&#8220; global_colors_info=&#8220;{}&#8220;][et_pb_image src=&#8220;https:\/\/nws-tech.fr\/wp-content\/uploads\/2023\/06\/financial-technology-40.png&#8220; title_text=&#8220;financial-technology-40&#8243; _builder_version=&#8220;4.27.4&#8243; _module_preset=&#8220;default&#8220; transform_translate=&#8220;-90%|0px&#8220; transform_translate_linked=&#8220;off&#8220; positioning=&#8220;absolute&#8220; width=&#8220;90%&#8220; hover_enabled=&#8220;0&#8243; locked=&#8220;off&#8220; global_colors_info=&#8220;{}&#8220; sticky_enabled=&#8220;0&#8243; horizontal_offset=&#8220;30px&#8220; vertical_offset=&#8220;1px&#8220;][\/et_pb_image][et_pb_text _builder_version=&#8220;4.27.4&#8243; _module_preset=&#8220;38cdc672-6d19-4c34-89bc-9450f54816e2&#8243; text_orientation=&#8220;center&#8220; custom_margin=&#8220;50px||0px||false|false&#8220; hover_enabled=&#8220;0&#8243; header_font_size_phone=&#8220;30px&#8220; global_colors_info=&#8220;{}&#8220; header_font_size=&#8220;45px&#8220; header_font_size_last_edited=&#8220;on|phone&#8220; sticky_enabled=&#8220;0&#8243; header_font_size_tablet=&#8220;35px&#8220; custom_margin_last_edited=&#8220;on|phone&#8220; custom_margin_phone=&#8220;25px||||false|false&#8220; custom_margin_tablet=&#8220;50px||0px||false|false&#8220;]<\/p>\n<h1>Kundenstimmen<\/h1>\n<p>[\/et_pb_text][\/et_pb_column][\/et_pb_row][et_pb_row column_structure=&#8220;1_3,1_3,1_3&#8243; _builder_version=&#8220;4.19.2&#8243; _module_preset=&#8220;default&#8220; saved_tabs=&#8220;all&#8220; locked=&#8220;off&#8220; global_colors_info=&#8220;{}&#8220;][et_pb_column type=&#8220;1_3&#8243; _builder_version=&#8220;4.19.2&#8243; _module_preset=&#8220;default&#8220; use_background_color_gradient=&#8220;on&#8220; background_color_gradient_direction=&#8220;210deg&#8220; background_color_gradient_stops=&#8220;rgba(255,255,255,0.1) 20%|rgba(255,255,255,0) 70%&#8220; custom_padding=&#8220;30px|30px|30px|30px|true|true&#8220; custom_padding_tablet=&#8220;30px|30px|30px|30px|true|true&#8220; custom_padding_phone=&#8220;20px|20px|20px|20px|true|true&#8220; custom_padding_last_edited=&#8220;on|desktop&#8220; border_radii=&#8220;on|30px|30px|30px|30px&#8220; box_shadow_style=&#8220;preset4&#8243; box_shadow_horizontal=&#8220;50px&#8220; box_shadow_vertical=&#8220;-50px&#8220; box_shadow_blur=&#8220;80px&#8220; box_shadow_color=&#8220;rgba(9,9,21,0.35)&#8220; global_colors_info=&#8220;{}&#8220;][et_pb_blurb image=&#8220;https:\/\/nws-tech.fr\/wp-content\/uploads\/2023\/06\/25184.jpg&#8220; image_icon_width=&#8220;69%&#8220; _builder_version=&#8220;4.21.0&#8243; _module_preset=&#8220;d7d1a833-bf83-4ead-84b7-3d96f8482dbe&#8220; custom_margin=&#8220;||0px||false|false&#8220; locked=&#8220;off&#8220; global_colors_info=&#8220;{}&#8220;][\/et_pb_blurb][et_pb_text _builder_version=&#8220;4.21.0&#8243; _module_preset=&#8220;a6119b41-ee18-4a19-bf92-f0953966d249&#8243; global_colors_info=&#8220;{}&#8220;]<\/p>\n<p>\u201e<span>Ich m\u00f6chte mich beim gesamten <\/span><strong>Team von NWS Laser<span> <\/span><\/strong><span>und insbesondere bei unserem Projektleiter bedanken, der mit <\/span><strong>seiner Professionalit\u00e4t<\/strong><span> alle unsere Erwartungen erf\u00fcllt und <\/span><strong>gro\u00dfe Effizienz bewiesen hat. <span>\u201c<\/span><\/strong><\/p>\n<p>[\/et_pb_text][et_pb_text _builder_version=&#8220;4.21.0&#8243; _module_preset=&#8220;4f7cc545-1056-4e81-9496-8f81922244d2&#8243; header_4_text_color=&#8220;#FFFFFF&#8220; header_4_font_size=&#8220;16px&#8220; global_colors_info=&#8220;{}&#8220;]<\/p>\n<div class=\"et_pb_module et_pb_text et_pb_text_17 et_pb_text_align_left et_pb_bg_layout_light\">\n<div class=\"et_pb_text_inner\">\n<h4><strong class=\"et_pb_testimonial_author et-fb-editable-element\" data-shortcode-id=\"6.1.0.0-1687244568719\" data-quickaccess-id=\"author\" data-quickaccess-order=\"1\" contenteditable=\"false\">FABIO L\u00c9ONARDI<\/strong><\/h4>\n<\/div>\n<\/div>\n<div class=\"et_pb_module et_pb_text et_pb_text_18 et_pb_text_align_left et_pb_bg_layout_light\">\n<div class=\"et_pb_text_inner\">\n<p>Qualit\u00e4tstechniker, LM CADRAN SA<\/p>\n<\/div>\n<\/div>\n<p>[\/et_pb_text][\/et_pb_column][et_pb_column type=&#8220;1_3&#8243; _builder_version=&#8220;4.19.2&#8243; _module_preset=&#8220;default&#8220; use_background_color_gradient=&#8220;on&#8220; background_color_gradient_direction=&#8220;210deg&#8220; background_color_gradient_stops=&#8220;rgba(255,255,255,0.1) 20%|rgba(255,255,255,0) 70%&#8220; custom_padding=&#8220;30px|30px|30px|30px|true|true&#8220; custom_padding_tablet=&#8220;30px|30px|30px|30px|true|true&#8220; custom_padding_phone=&#8220;20px|20px|20px|20px|true|true&#8220; custom_padding_last_edited=&#8220;on|desktop&#8220; border_radii=&#8220;on|30px|30px|30px|30px&#8220; box_shadow_style=&#8220;preset4&#8243; box_shadow_horizontal=&#8220;50px&#8220; box_shadow_vertical=&#8220;-50px&#8220; box_shadow_blur=&#8220;80px&#8220; box_shadow_color=&#8220;rgba(9,9,21,0.35)&#8220; global_colors_info=&#8220;{}&#8220;][et_pb_blurb image=&#8220;https:\/\/nws-tech.fr\/wp-content\/uploads\/2023\/06\/1200px-Saint-Gobain_logo.svg_.png&#8220; image_icon_width=&#8220;64%&#8220; _builder_version=&#8220;4.21.0&#8243; _module_preset=&#8220;d7d1a833-bf83-4ead-84b7-3d96f8482dbe&#8220; custom_margin=&#8220;||0px||false|false&#8220; locked=&#8220;off&#8220; global_colors_info=&#8220;{}&#8220;][\/et_pb_blurb][et_pb_text _builder_version=&#8220;4.21.0&#8243; _module_preset=&#8220;a6119b41-ee18-4a19-bf92-f0953966d249&#8243; locked=&#8220;off&#8220; global_colors_info=&#8220;{}&#8220;]<\/p>\n<p><span>\u00ab <\/span><span>Nach mehreren Eins\u00e4tzen von <\/span><b>NWS Laser<span> <\/span><\/b><span>an unserem Standort sind wir mit der geleisteten Arbeit sehr zufrieden. Sie sind<\/span><b><span> <\/span>professionell, erfahren, sehr reaktionsschnell<span> <\/span><\/b><span>und konnten sich an unsere Bed\u00fcrfnisse anpassen. <\/span><b>Sie h\u00f6ren gut zu und geben gute Ratschl\u00e4ge<\/b><span>, wir werden NWS Laser gerne wieder beauftragen. <\/span><span>\u00bb<\/span><\/p>\n<p>[\/et_pb_text][et_pb_text _builder_version=&#8220;4.21.0&#8243; _module_preset=&#8220;4f7cc545-1056-4e81-9496-8f81922244d2&#8243; header_4_text_color=&#8220;#FFFFFF&#8220; header_4_font_size=&#8220;16px&#8220; global_colors_info=&#8220;{}&#8220;]<\/p>\n<div class=\"et_pb_module et_pb_text et_pb_text_17 et_pb_text_align_left et_pb_bg_layout_light\">\n<div class=\"et_pb_text_inner\">\n<h4><strong class=\"et_pb_testimonial_author et-fb-editable-element et-fb-editable-element__editing\" data-shortcode-id=\"6.1.1.0-1687244568741\" data-quickaccess-id=\"author\" data-quickaccess-order=\"1\" contenteditable=\"true\">CHRISTOPHE DEMOULIN<\/strong><\/h4>\n<\/div>\n<\/div>\n<div class=\"et_pb_module et_pb_text et_pb_text_18 et_pb_text_align_left et_pb_bg_layout_light\">\n<div class=\"et_pb_text_inner\">\n<p><span>Werkstattleiter, SAINT GOBAIN<\/span><\/p>\n<\/div>\n<\/div>\n<p>[\/et_pb_text][\/et_pb_column][et_pb_column type=&#8220;1_3&#8243; _builder_version=&#8220;4.19.2&#8243; _module_preset=&#8220;default&#8220; use_background_color_gradient=&#8220;on&#8220; background_color_gradient_direction=&#8220;210deg&#8220; background_color_gradient_stops=&#8220;rgba(255,255,255,0.1) 20%|rgba(255,255,255,0) 70%&#8220; custom_padding=&#8220;30px|30px|30px|30px|true|true&#8220; custom_padding_tablet=&#8220;30px|30px|30px|30px|true|true&#8220; custom_padding_phone=&#8220;20px|20px|20px|20px|true|true&#8220; custom_padding_last_edited=&#8220;on|desktop&#8220; border_radii=&#8220;on|30px|30px|30px|30px&#8220; box_shadow_style=&#8220;preset4&#8243; box_shadow_horizontal=&#8220;50px&#8220; box_shadow_vertical=&#8220;-50px&#8220; box_shadow_blur=&#8220;80px&#8220; box_shadow_color=&#8220;rgba(9,9,21,0.35)&#8220; global_colors_info=&#8220;{}&#8220;][et_pb_blurb image=&#8220;https:\/\/nws-tech.fr\/wp-content\/uploads\/2023\/06\/Design-sans-titre-27-1.png&#8220; image_icon_width=&#8220;49%&#8220; _builder_version=&#8220;4.21.0&#8243; _module_preset=&#8220;d7d1a833-bf83-4ead-84b7-3d96f8482dbe&#8220; custom_margin=&#8220;||0px||false|false&#8220; locked=&#8220;off&#8220; global_colors_info=&#8220;{}&#8220;][\/et_pb_blurb][et_pb_text _builder_version=&#8220;4.21.0&#8243; _module_preset=&#8220;a6119b41-ee18-4a19-bf92-f0953966d249&#8243; locked=&#8220;off&#8220; global_colors_info=&#8220;{}&#8220;]<\/p>\n<div class=\"et_pb_module et_pb_text et_pb_text_22 et_pb_text_align_left et_pb_bg_layout_light\">\n<div class=\"et_pb_text_inner\">\n<p><span>\u00ab <\/span>NWS Laser hat uns<strong><span> <\/span>wertvolle Ratschl\u00e4ge<span> <\/span><\/strong>f\u00fcr die Installation eines IK-Markierungslasers gegeben. Wir sind<strong><span> <\/span>sehr zufrieden<span> <\/span><\/strong>mit der in unserer Werkstatt installierten Ausr\u00fcstung sowie mit dem erbrachten Service.<span>\u00bb<\/span> <\/p>\n<\/div>\n<\/div>\n<div class=\"et_pb_module et_pb_text et_pb_text_23 et_pb_text_align_left et_pb_bg_layout_light\">\n<div class=\"et_pb_text_inner\">\n<h4><\/h4>\n<\/div>\n<\/div>\n<p>[\/et_pb_text][et_pb_text _builder_version=&#8220;4.21.0&#8243; _module_preset=&#8220;4f7cc545-1056-4e81-9496-8f81922244d2&#8243; header_4_text_color=&#8220;#FFFFFF&#8220; header_4_font_size=&#8220;16px&#8220; global_colors_info=&#8220;{}&#8220;]<\/p>\n<div class=\"et_pb_module et_pb_text et_pb_text_17 et_pb_text_align_left et_pb_bg_layout_light\">\n<div class=\"et_pb_text_inner\">\n<h4><strong class=\"et_pb_testimonial_author et-fb-editable-element et-fb-editable-element__editing\" data-shortcode-id=\"6.1.2.0-1687244568761\" data-quickaccess-id=\"author\" data-quickaccess-order=\"1\" contenteditable=\"true\">DAMIEN TABAR<\/strong><\/h4>\n<\/div>\n<\/div>\n<div class=\"et_pb_module et_pb_text et_pb_text_18 et_pb_text_align_left et_pb_bg_layout_light\">\n<div class=\"et_pb_text_inner\">\n<p><span>Methodenabteilung, RENAULT<\/span><\/p>\n<\/div>\n<\/div>\n<p>[\/et_pb_text][\/et_pb_column][\/et_pb_row][et_pb_row _builder_version=&#8220;4.27.4&#8243; _module_preset=&#8220;default&#8220; hover_enabled=&#8220;0&#8243; global_colors_info=&#8220;{}&#8220; custom_margin=&#8220;40px||0px||false|false&#8220; custom_padding=&#8220;0px||0px||false|false&#8220; sticky_enabled=&#8220;0&#8243;][et_pb_column type=&#8220;4_4&#8243; _builder_version=&#8220;4.21.0&#8243; _module_preset=&#8220;default&#8220; global_colors_info=&#8220;{}&#8220;][et_pb_button button_url=&#8220;https:\/\/nws-tech.fr\/contact&#8220; button_text=&#8220;Kontaktieren Sie uns&#8220; button_alignment=&#8220;center&#8220; _builder_version=&#8220;4.27.4&#8243; _module_preset=&#8220;d91534c2-d223-4bed-a652-055831f94e2f&#8220; button_icon=&#8220;&#x3d;||divi||400&#8243; hover_enabled=&#8220;0&#8243; locked=&#8220;off&#8220; global_colors_info=&#8220;{}&#8220; button_text_size=&#8220;18px&#8220; button_on_hover=&#8220;on&#8220; custom_padding=&#8220;12px|32px|12px|30px|true|false&#8220; sticky_enabled=&#8220;0&#8243; custom_margin=&#8220;0px||0px||false|false&#8220;][\/et_pb_button][\/et_pb_column][\/et_pb_row][\/et_pb_section]<\/p>\n","protected":false},"excerpt":{"rendered":"<p>Kundenstimmen\u201eIch m\u00f6chte mich beim gesamten Team von NWS Laser und insbesondere bei unserem Projektleiter bedanken, der mit seiner Professionalit\u00e4t alle unsere Erwartungen erf\u00fcllt und gro\u00dfe Effizienz bewiesen hat. \u201c FABIO L\u00c9ONARDI Qualit\u00e4tstechniker, LM CADRAN SA \u00ab Nach mehreren Eins\u00e4tzen von NWS Laser an unserem Standort sind wir mit der geleisteten Arbeit sehr zufrieden. Sie sind [&hellip;]<\/p>\n","protected":false},"author":20,"featured_media":0,"parent":0,"menu_order":0,"comment_status":"closed","ping_status":"closed","template":"","meta":{"_et_pb_use_builder":"on","_et_pb_old_content":"","_et_gb_content_width":"","footnotes":""},"class_list":["post-14934","page","type-page","status-publish","hentry"],"yoast_head":"<!-- This site is optimized with the Yoast SEO Premium plugin v26.9 (Yoast SEO v27.5) - https:\/\/yoast.com\/product\/yoast-seo-premium-wordpress\/ -->\n<title>Kundenstimmen - NWS-TECH \u2022 NWS Laser<\/title>\n<meta name=\"robots\" content=\"index, follow, max-snippet:-1, max-image-preview:large, max-video-preview:-1\" \/>\n<link rel=\"canonical\" href=\"https:\/\/nws-tech.fr\/de\/kundenstimmen\/\" \/>\n<meta property=\"og:locale\" content=\"de_DE\" \/>\n<meta property=\"og:type\" content=\"article\" \/>\n<meta property=\"og:title\" content=\"Kundenstimmen\" \/>\n<meta property=\"og:description\" content=\"Kundenstimmen\u201eIch m\u00f6chte mich beim gesamten Team von NWS Laser und insbesondere bei unserem Projektleiter bedanken, der mit seiner Professionalit\u00e4t alle unsere Erwartungen erf\u00fcllt und gro\u00dfe Effizienz bewiesen hat. \u201c FABIO L\u00c9ONARDI Qualit\u00e4tstechniker, LM CADRAN SA \u00ab Nach mehreren Eins\u00e4tzen von NWS Laser an unserem Standort sind wir mit der geleisteten Arbeit sehr zufrieden. Sie sind [&hellip;]\" \/>\n<meta property=\"og:url\" content=\"https:\/\/nws-tech.fr\/de\/kundenstimmen\/\" \/>\n<meta property=\"og:site_name\" content=\"NWS-TECH \u2022 NWS Laser\" \/>\n<meta property=\"article:publisher\" content=\"https:\/\/fr-fr.facebook.com\/nwstechfr\/\" \/>\n<meta property=\"article:modified_time\" content=\"2026-02-15T09:43:25+00:00\" \/>\n<meta property=\"og:image\" content=\"https:\/\/nws-tech.fr\/wp-content\/uploads\/2023\/06\/cropped-nws_laser_tr.png\" \/>\n\t<meta property=\"og:image:width\" content=\"512\" \/>\n\t<meta property=\"og:image:height\" content=\"512\" \/>\n\t<meta property=\"og:image:type\" content=\"image\/png\" \/>\n<meta name=\"twitter:card\" content=\"summary_large_image\" \/>\n<meta name=\"twitter:label1\" content=\"Gesch\u00e4tzte Lesezeit\" \/>\n\t<meta name=\"twitter:data1\" content=\"6\u00a0Minuten\" \/>\n<script type=\"application\/ld+json\" class=\"yoast-schema-graph\">{\"@context\":\"https:\\\/\\\/schema.org\",\"@graph\":[{\"@type\":\"WebPage\",\"@id\":\"https:\\\/\\\/nws-tech.fr\\\/de\\\/kundenstimmen\\\/\",\"url\":\"https:\\\/\\\/nws-tech.fr\\\/de\\\/kundenstimmen\\\/\",\"name\":\"Kundenstimmen - NWS-TECH \u2022 NWS Laser\",\"isPartOf\":{\"@id\":\"https:\\\/\\\/nws-tech.fr\\\/de\\\/#website\"},\"datePublished\":\"2023-06-19T07:38:54+00:00\",\"dateModified\":\"2026-02-15T09:43:25+00:00\",\"breadcrumb\":{\"@id\":\"https:\\\/\\\/nws-tech.fr\\\/de\\\/kundenstimmen\\\/#breadcrumb\"},\"inLanguage\":\"de\",\"potentialAction\":[{\"@type\":\"ReadAction\",\"target\":[\"https:\\\/\\\/nws-tech.fr\\\/de\\\/kundenstimmen\\\/\"]}]},{\"@type\":\"BreadcrumbList\",\"@id\":\"https:\\\/\\\/nws-tech.fr\\\/de\\\/kundenstimmen\\\/#breadcrumb\",\"itemListElement\":[{\"@type\":\"ListItem\",\"position\":1,\"name\":\"Accueil\",\"item\":\"https:\\\/\\\/nws-tech.fr\\\/de\\\/\"},{\"@type\":\"ListItem\",\"position\":2,\"name\":\"Kundenstimmen\"}]},{\"@type\":\"WebSite\",\"@id\":\"https:\\\/\\\/nws-tech.fr\\\/de\\\/#website\",\"url\":\"https:\\\/\\\/nws-tech.fr\\\/de\\\/\",\"name\":\"NWS LASER - Marque l'avenir\",\"description\":\"Fabricant fran\u00e7ais de Lasers de marquage, gravure et d\u00e9coupe\",\"publisher\":{\"@id\":\"https:\\\/\\\/nws-tech.fr\\\/de\\\/#organization\"},\"alternateName\":\"NWS LASER\",\"potentialAction\":[{\"@type\":\"SearchAction\",\"target\":{\"@type\":\"EntryPoint\",\"urlTemplate\":\"https:\\\/\\\/nws-tech.fr\\\/de\\\/?s={search_term_string}\"},\"query-input\":{\"@type\":\"PropertyValueSpecification\",\"valueRequired\":true,\"valueName\":\"search_term_string\"}}],\"inLanguage\":\"de\"},{\"@type\":\"Organization\",\"@id\":\"https:\\\/\\\/nws-tech.fr\\\/de\\\/#organization\",\"name\":\"NWS Laser - Marque l'avenir\",\"alternateName\":\"NWS Laser\",\"url\":\"https:\\\/\\\/nws-tech.fr\\\/de\\\/\",\"logo\":{\"@type\":\"ImageObject\",\"inLanguage\":\"de\",\"@id\":\"https:\\\/\\\/nws-tech.fr\\\/de\\\/#\\\/schema\\\/logo\\\/image\\\/\",\"url\":\"https:\\\/\\\/nws-tech.fr\\\/wp-content\\\/uploads\\\/2023\\\/06\\\/nws_laser_tr.png\",\"contentUrl\":\"https:\\\/\\\/nws-tech.fr\\\/wp-content\\\/uploads\\\/2023\\\/06\\\/nws_laser_tr.png\",\"width\":655,\"height\":790,\"caption\":\"NWS Laser - Marque l'avenir\"},\"image\":{\"@id\":\"https:\\\/\\\/nws-tech.fr\\\/de\\\/#\\\/schema\\\/logo\\\/image\\\/\"},\"sameAs\":[\"https:\\\/\\\/fr-fr.facebook.com\\\/nwstechfr\\\/\",\"https:\\\/\\\/www.linkedin.com\\\/company\\\/nws-tech\\\/\"],\"description\":\"Depuis 20 ans, NWS Laser con\u00e7oit et fabrique diff\u00e9rentes machines laser de marquage, gravure et de d\u00e9coupe. Nous fabriquons des machines laser standards ou personnalis\u00e9es, en mettant l'accent sur la s\u00e9curit\u00e9, la pr\u00e9cision et l'\u00e9coute des besoins sp\u00e9cifiques de chaque client. Nos machines sont fabriqu\u00e9es en France. Nos 2 sites de production se situent en C\u00f4te-d'Or.\",\"email\":\"info@nws-tech.fr\",\"telephone\":\"+33 4 81 68 04 04\",\"legalName\":\"NWS\",\"foundingDate\":\"1998-05-02\",\"vatID\":\"FR04 493 113 336\",\"numberOfEmployees\":{\"@type\":\"QuantitativeValue\",\"minValue\":\"11\",\"maxValue\":\"50\"},\"publishingPrinciples\":\"https:\\\/\\\/nws-tech.fr\\\/fr\\\/legal\\\/mentions-legales\\\/\",\"ownershipFundingInfo\":\"https:\\\/\\\/nws-tech.fr\\\/fr\\\/a-propos\\\/nws-laser_histoire\\\/\",\"actionableFeedbackPolicy\":\"https:\\\/\\\/nws-tech.fr\\\/fr\\\/legal\\\/mentions-legales\\\/\",\"correctionsPolicy\":\"https:\\\/\\\/nws-tech.fr\\\/fr\\\/a-propos\\\/nws-laser-rse-developpement-durable\\\/\",\"ethicsPolicy\":\"https:\\\/\\\/nws-tech.fr\\\/fr\\\/a-propos\\\/nws-laser-rse-developpement-durable\\\/\",\"diversityPolicy\":\"https:\\\/\\\/nws-tech.fr\\\/fr\\\/a-propos\\\/nws-laser-rse-developpement-durable\\\/\",\"diversityStaffingReport\":\"https:\\\/\\\/nws-tech.fr\\\/fr\\\/a-propos\\\/nws-laser-rse-developpement-durable\\\/\"}]}<\/script>\n<!-- \/ Yoast SEO Premium plugin. -->","yoast_head_json":{"title":"Kundenstimmen - NWS-TECH \u2022 NWS Laser","robots":{"index":"index","follow":"follow","max-snippet":"max-snippet:-1","max-image-preview":"max-image-preview:large","max-video-preview":"max-video-preview:-1"},"canonical":"https:\/\/nws-tech.fr\/de\/kundenstimmen\/","og_locale":"de_DE","og_type":"article","og_title":"Kundenstimmen","og_description":"Kundenstimmen\u201eIch m\u00f6chte mich beim gesamten Team von NWS Laser und insbesondere bei unserem Projektleiter bedanken, der mit seiner Professionalit\u00e4t alle unsere Erwartungen erf\u00fcllt und gro\u00dfe Effizienz bewiesen hat. \u201c FABIO L\u00c9ONARDI Qualit\u00e4tstechniker, LM CADRAN SA \u00ab Nach mehreren Eins\u00e4tzen von NWS Laser an unserem Standort sind wir mit der geleisteten Arbeit sehr zufrieden. Sie sind [&hellip;]","og_url":"https:\/\/nws-tech.fr\/de\/kundenstimmen\/","og_site_name":"NWS-TECH \u2022 NWS Laser","article_publisher":"https:\/\/fr-fr.facebook.com\/nwstechfr\/","article_modified_time":"2026-02-15T09:43:25+00:00","og_image":[{"width":512,"height":512,"url":"https:\/\/nws-tech.fr\/wp-content\/uploads\/2023\/06\/cropped-nws_laser_tr.png","type":"image\/png"}],"twitter_card":"summary_large_image","twitter_misc":{"Gesch\u00e4tzte Lesezeit":"6\u00a0Minuten"},"schema":{"@context":"https:\/\/schema.org","@graph":[{"@type":"WebPage","@id":"https:\/\/nws-tech.fr\/de\/kundenstimmen\/","url":"https:\/\/nws-tech.fr\/de\/kundenstimmen\/","name":"Kundenstimmen - NWS-TECH \u2022 NWS Laser","isPartOf":{"@id":"https:\/\/nws-tech.fr\/de\/#website"},"datePublished":"2023-06-19T07:38:54+00:00","dateModified":"2026-02-15T09:43:25+00:00","breadcrumb":{"@id":"https:\/\/nws-tech.fr\/de\/kundenstimmen\/#breadcrumb"},"inLanguage":"de","potentialAction":[{"@type":"ReadAction","target":["https:\/\/nws-tech.fr\/de\/kundenstimmen\/"]}]},{"@type":"BreadcrumbList","@id":"https:\/\/nws-tech.fr\/de\/kundenstimmen\/#breadcrumb","itemListElement":[{"@type":"ListItem","position":1,"name":"Accueil","item":"https:\/\/nws-tech.fr\/de\/"},{"@type":"ListItem","position":2,"name":"Kundenstimmen"}]},{"@type":"WebSite","@id":"https:\/\/nws-tech.fr\/de\/#website","url":"https:\/\/nws-tech.fr\/de\/","name":"NWS LASER - Marque l'avenir","description":"Fabricant fran\u00e7ais de Lasers de marquage, gravure et d\u00e9coupe","publisher":{"@id":"https:\/\/nws-tech.fr\/de\/#organization"},"alternateName":"NWS LASER","potentialAction":[{"@type":"SearchAction","target":{"@type":"EntryPoint","urlTemplate":"https:\/\/nws-tech.fr\/de\/?s={search_term_string}"},"query-input":{"@type":"PropertyValueSpecification","valueRequired":true,"valueName":"search_term_string"}}],"inLanguage":"de"},{"@type":"Organization","@id":"https:\/\/nws-tech.fr\/de\/#organization","name":"NWS Laser - Marque l'avenir","alternateName":"NWS Laser","url":"https:\/\/nws-tech.fr\/de\/","logo":{"@type":"ImageObject","inLanguage":"de","@id":"https:\/\/nws-tech.fr\/de\/#\/schema\/logo\/image\/","url":"https:\/\/nws-tech.fr\/wp-content\/uploads\/2023\/06\/nws_laser_tr.png","contentUrl":"https:\/\/nws-tech.fr\/wp-content\/uploads\/2023\/06\/nws_laser_tr.png","width":655,"height":790,"caption":"NWS Laser - Marque l'avenir"},"image":{"@id":"https:\/\/nws-tech.fr\/de\/#\/schema\/logo\/image\/"},"sameAs":["https:\/\/fr-fr.facebook.com\/nwstechfr\/","https:\/\/www.linkedin.com\/company\/nws-tech\/"],"description":"Depuis 20 ans, NWS Laser con\u00e7oit et fabrique diff\u00e9rentes machines laser de marquage, gravure et de d\u00e9coupe. Nous fabriquons des machines laser standards ou personnalis\u00e9es, en mettant l'accent sur la s\u00e9curit\u00e9, la pr\u00e9cision et l'\u00e9coute des besoins sp\u00e9cifiques de chaque client. Nos machines sont fabriqu\u00e9es en France. Nos 2 sites de production se situent en C\u00f4te-d'Or.","email":"info@nws-tech.fr","telephone":"+33 4 81 68 04 04","legalName":"NWS","foundingDate":"1998-05-02","vatID":"FR04 493 113 336","numberOfEmployees":{"@type":"QuantitativeValue","minValue":"11","maxValue":"50"},"publishingPrinciples":"https:\/\/nws-tech.fr\/fr\/legal\/mentions-legales\/","ownershipFundingInfo":"https:\/\/nws-tech.fr\/fr\/a-propos\/nws-laser_histoire\/","actionableFeedbackPolicy":"https:\/\/nws-tech.fr\/fr\/legal\/mentions-legales\/","correctionsPolicy":"https:\/\/nws-tech.fr\/fr\/a-propos\/nws-laser-rse-developpement-durable\/","ethicsPolicy":"https:\/\/nws-tech.fr\/fr\/a-propos\/nws-laser-rse-developpement-durable\/","diversityPolicy":"https:\/\/nws-tech.fr\/fr\/a-propos\/nws-laser-rse-developpement-durable\/","diversityStaffingReport":"https:\/\/nws-tech.fr\/fr\/a-propos\/nws-laser-rse-developpement-durable\/"}]}},"_links":{"self":[{"href":"https:\/\/nws-tech.fr\/de\/wp-json\/wp\/v2\/pages\/14934","targetHints":{"allow":["GET"]}}],"collection":[{"href":"https:\/\/nws-tech.fr\/de\/wp-json\/wp\/v2\/pages"}],"about":[{"href":"https:\/\/nws-tech.fr\/de\/wp-json\/wp\/v2\/types\/page"}],"author":[{"embeddable":true,"href":"https:\/\/nws-tech.fr\/de\/wp-json\/wp\/v2\/users\/20"}],"replies":[{"embeddable":true,"href":"https:\/\/nws-tech.fr\/de\/wp-json\/wp\/v2\/comments?post=14934"}],"version-history":[{"count":2,"href":"https:\/\/nws-tech.fr\/de\/wp-json\/wp\/v2\/pages\/14934\/revisions"}],"predecessor-version":[{"id":14944,"href":"https:\/\/nws-tech.fr\/de\/wp-json\/wp\/v2\/pages\/14934\/revisions\/14944"}],"wp:attachment":[{"href":"https:\/\/nws-tech.fr\/de\/wp-json\/wp\/v2\/media?parent=14934"}],"curies":[{"name":"wp","href":"https:\/\/api.w.org\/{rel}","templated":true}]}}