{"id":14778,"date":"2023-11-24T09:15:57","date_gmt":"2023-11-24T08:15:57","guid":{"rendered":"https:\/\/nws-tech.fr\/nws-laser-unser-csr-engagement-fuer-eine-nachhaltige-entwicklung\/"},"modified":"2023-11-24T09:15:57","modified_gmt":"2023-11-24T08:15:57","slug":"nws-laser-unser-csr-engagement-fuer-eine-nachhaltige-entwicklung","status":"publish","type":"page","link":"https:\/\/nws-tech.fr\/de\/nws-laser-unser-csr-engagement-fuer-eine-nachhaltige-entwicklung\/","title":{"rendered":"NWS Laser: Unser CSR-Engagement f\u00fcr eine nachhaltige Entwicklung"},"content":{"rendered":"","protected":false},"excerpt":{"rendered":"","protected":false},"author":20,"featured_media":0,"parent":0,"menu_order":0,"comment_status":"closed","ping_status":"closed","template":"","meta":{"_et_pb_use_builder":"on","_et_pb_old_content":"","_et_gb_content_width":"","footnotes":""},"class_list":["post-14778","page","type-page","status-publish","hentry"],"yoast_head":"<!-- This site is optimized with the Yoast SEO Premium plugin v26.9 (Yoast SEO v27.5) - https:\/\/yoast.com\/product\/yoast-seo-premium-wordpress\/ -->\n<title>NWS Laser: Unser CSR-Engagement f\u00fcr eine nachhaltige Entwicklung<\/title>\n<meta name=\"description\" content=\"Entdecken Sie die CSR-Verpflichtungen von NWS Laser: konkrete Ma\u00dfnahmen zum Schutz der Umwelt, zur Reduzierung des CO\u2082-Fu\u00dfabdrucks, f\u00fcr ein nachhaltiges Wassermanagement und zur Achtung der Menschenrechte.\" \/>\n<meta name=\"robots\" content=\"index, follow, max-snippet:-1, max-image-preview:large, max-video-preview:-1\" \/>\n<link rel=\"canonical\" href=\"https:\/\/nws-tech.fr\/de\/nws-laser-unser-csr-engagement-fuer-eine-nachhaltige-entwicklung\/\" \/>\n<meta property=\"og:locale\" content=\"de_DE\" \/>\n<meta property=\"og:type\" content=\"article\" \/>\n<meta property=\"og:title\" content=\"NWS Laser: Unser CSR-Engagement f\u00fcr eine nachhaltige Entwicklung\" \/>\n<meta property=\"og:description\" content=\"Entdecken Sie die CSR-Verpflichtungen von NWS Laser: konkrete Ma\u00dfnahmen zum Schutz der Umwelt, zur Reduzierung des CO\u2082-Fu\u00dfabdrucks, f\u00fcr ein nachhaltiges Wassermanagement und zur Achtung der Menschenrechte.\" \/>\n<meta property=\"og:url\" content=\"https:\/\/nws-tech.fr\/de\/nws-laser-unser-csr-engagement-fuer-eine-nachhaltige-entwicklung\/\" \/>\n<meta property=\"og:site_name\" content=\"NWS-TECH \u2022 NWS Laser\" \/>\n<meta property=\"article:publisher\" content=\"https:\/\/fr-fr.facebook.com\/nwstechfr\/\" \/>\n<meta property=\"og:image\" content=\"https:\/\/nws-tech.fr\/wp-content\/uploads\/2023\/06\/cropped-nws_laser_tr.png\" \/>\n\t<meta property=\"og:image:width\" content=\"512\" \/>\n\t<meta property=\"og:image:height\" content=\"512\" \/>\n\t<meta property=\"og:image:type\" content=\"image\/png\" \/>\n<meta name=\"twitter:card\" content=\"summary_large_image\" \/>\n<script type=\"application\/ld+json\" class=\"yoast-schema-graph\">{\"@context\":\"https:\\\/\\\/schema.org\",\"@graph\":[{\"@type\":\"WebPage\",\"@id\":\"https:\\\/\\\/nws-tech.fr\\\/de\\\/nws-laser-unser-csr-engagement-fuer-eine-nachhaltige-entwicklung\\\/\",\"url\":\"https:\\\/\\\/nws-tech.fr\\\/de\\\/nws-laser-unser-csr-engagement-fuer-eine-nachhaltige-entwicklung\\\/\",\"name\":\"NWS Laser: Unser CSR-Engagement f\u00fcr eine nachhaltige Entwicklung\",\"isPartOf\":{\"@id\":\"https:\\\/\\\/nws-tech.fr\\\/de\\\/#website\"},\"datePublished\":\"2023-11-24T08:15:57+00:00\",\"description\":\"Entdecken Sie die CSR-Verpflichtungen von NWS Laser: konkrete Ma\u00dfnahmen zum Schutz der Umwelt, zur Reduzierung des CO\u2082-Fu\u00dfabdrucks, f\u00fcr ein nachhaltiges Wassermanagement und zur Achtung der Menschenrechte.\",\"breadcrumb\":{\"@id\":\"https:\\\/\\\/nws-tech.fr\\\/de\\\/nws-laser-unser-csr-engagement-fuer-eine-nachhaltige-entwicklung\\\/#breadcrumb\"},\"inLanguage\":\"de\",\"potentialAction\":[{\"@type\":\"ReadAction\",\"target\":[\"https:\\\/\\\/nws-tech.fr\\\/de\\\/nws-laser-unser-csr-engagement-fuer-eine-nachhaltige-entwicklung\\\/\"]}]},{\"@type\":\"BreadcrumbList\",\"@id\":\"https:\\\/\\\/nws-tech.fr\\\/de\\\/nws-laser-unser-csr-engagement-fuer-eine-nachhaltige-entwicklung\\\/#breadcrumb\",\"itemListElement\":[{\"@type\":\"ListItem\",\"position\":1,\"name\":\"Accueil\",\"item\":\"https:\\\/\\\/nws-tech.fr\\\/de\\\/\"},{\"@type\":\"ListItem\",\"position\":2,\"name\":\"NWS Laser: Unser CSR-Engagement f\u00fcr eine nachhaltige Entwicklung\"}]},{\"@type\":\"WebSite\",\"@id\":\"https:\\\/\\\/nws-tech.fr\\\/de\\\/#website\",\"url\":\"https:\\\/\\\/nws-tech.fr\\\/de\\\/\",\"name\":\"NWS LASER - Marque l'avenir\",\"description\":\"Fabricant fran\u00e7ais de Lasers de marquage, gravure et d\u00e9coupe\",\"publisher\":{\"@id\":\"https:\\\/\\\/nws-tech.fr\\\/de\\\/#organization\"},\"alternateName\":\"NWS LASER\",\"potentialAction\":[{\"@type\":\"SearchAction\",\"target\":{\"@type\":\"EntryPoint\",\"urlTemplate\":\"https:\\\/\\\/nws-tech.fr\\\/de\\\/?s={search_term_string}\"},\"query-input\":{\"@type\":\"PropertyValueSpecification\",\"valueRequired\":true,\"valueName\":\"search_term_string\"}}],\"inLanguage\":\"de\"},{\"@type\":\"Organization\",\"@id\":\"https:\\\/\\\/nws-tech.fr\\\/de\\\/#organization\",\"name\":\"NWS Laser - Marque l'avenir\",\"alternateName\":\"NWS Laser\",\"url\":\"https:\\\/\\\/nws-tech.fr\\\/de\\\/\",\"logo\":{\"@type\":\"ImageObject\",\"inLanguage\":\"de\",\"@id\":\"https:\\\/\\\/nws-tech.fr\\\/de\\\/#\\\/schema\\\/logo\\\/image\\\/\",\"url\":\"https:\\\/\\\/nws-tech.fr\\\/wp-content\\\/uploads\\\/2023\\\/06\\\/nws_laser_tr.png\",\"contentUrl\":\"https:\\\/\\\/nws-tech.fr\\\/wp-content\\\/uploads\\\/2023\\\/06\\\/nws_laser_tr.png\",\"width\":655,\"height\":790,\"caption\":\"NWS Laser - Marque l'avenir\"},\"image\":{\"@id\":\"https:\\\/\\\/nws-tech.fr\\\/de\\\/#\\\/schema\\\/logo\\\/image\\\/\"},\"sameAs\":[\"https:\\\/\\\/fr-fr.facebook.com\\\/nwstechfr\\\/\",\"https:\\\/\\\/www.linkedin.com\\\/company\\\/nws-tech\\\/\"],\"description\":\"Depuis 20 ans, NWS Laser con\u00e7oit et fabrique diff\u00e9rentes machines laser de marquage, gravure et de d\u00e9coupe. Nous fabriquons des machines laser standards ou personnalis\u00e9es, en mettant l'accent sur la s\u00e9curit\u00e9, la pr\u00e9cision et l'\u00e9coute des besoins sp\u00e9cifiques de chaque client. Nos machines sont fabriqu\u00e9es en France. Nos 2 sites de production se situent en C\u00f4te-d'Or.\",\"email\":\"info@nws-tech.fr\",\"telephone\":\"+33 4 81 68 04 04\",\"legalName\":\"NWS\",\"foundingDate\":\"1998-05-02\",\"vatID\":\"FR04 493 113 336\",\"numberOfEmployees\":{\"@type\":\"QuantitativeValue\",\"minValue\":\"11\",\"maxValue\":\"50\"},\"publishingPrinciples\":\"https:\\\/\\\/nws-tech.fr\\\/fr\\\/legal\\\/mentions-legales\\\/\",\"ownershipFundingInfo\":\"https:\\\/\\\/nws-tech.fr\\\/fr\\\/a-propos\\\/nws-laser_histoire\\\/\",\"actionableFeedbackPolicy\":\"https:\\\/\\\/nws-tech.fr\\\/fr\\\/legal\\\/mentions-legales\\\/\",\"correctionsPolicy\":\"https:\\\/\\\/nws-tech.fr\\\/fr\\\/a-propos\\\/nws-laser-rse-developpement-durable\\\/\",\"ethicsPolicy\":\"https:\\\/\\\/nws-tech.fr\\\/fr\\\/a-propos\\\/nws-laser-rse-developpement-durable\\\/\",\"diversityPolicy\":\"https:\\\/\\\/nws-tech.fr\\\/fr\\\/a-propos\\\/nws-laser-rse-developpement-durable\\\/\",\"diversityStaffingReport\":\"https:\\\/\\\/nws-tech.fr\\\/fr\\\/a-propos\\\/nws-laser-rse-developpement-durable\\\/\"}]}<\/script>\n<!-- \/ Yoast SEO Premium plugin. -->","yoast_head_json":{"title":"NWS Laser: Unser CSR-Engagement f\u00fcr eine nachhaltige Entwicklung","description":"Entdecken Sie die CSR-Verpflichtungen von NWS Laser: konkrete Ma\u00dfnahmen zum Schutz der Umwelt, zur Reduzierung des CO\u2082-Fu\u00dfabdrucks, f\u00fcr ein nachhaltiges Wassermanagement und zur Achtung der Menschenrechte.","robots":{"index":"index","follow":"follow","max-snippet":"max-snippet:-1","max-image-preview":"max-image-preview:large","max-video-preview":"max-video-preview:-1"},"canonical":"https:\/\/nws-tech.fr\/de\/nws-laser-unser-csr-engagement-fuer-eine-nachhaltige-entwicklung\/","og_locale":"de_DE","og_type":"article","og_title":"NWS Laser: Unser CSR-Engagement f\u00fcr eine nachhaltige Entwicklung","og_description":"Entdecken Sie die CSR-Verpflichtungen von NWS Laser: konkrete Ma\u00dfnahmen zum Schutz der Umwelt, zur Reduzierung des CO\u2082-Fu\u00dfabdrucks, f\u00fcr ein nachhaltiges Wassermanagement und zur Achtung der Menschenrechte.","og_url":"https:\/\/nws-tech.fr\/de\/nws-laser-unser-csr-engagement-fuer-eine-nachhaltige-entwicklung\/","og_site_name":"NWS-TECH \u2022 NWS Laser","article_publisher":"https:\/\/fr-fr.facebook.com\/nwstechfr\/","og_image":[{"width":512,"height":512,"url":"https:\/\/nws-tech.fr\/wp-content\/uploads\/2023\/06\/cropped-nws_laser_tr.png","type":"image\/png"}],"twitter_card":"summary_large_image","schema":{"@context":"https:\/\/schema.org","@graph":[{"@type":"WebPage","@id":"https:\/\/nws-tech.fr\/de\/nws-laser-unser-csr-engagement-fuer-eine-nachhaltige-entwicklung\/","url":"https:\/\/nws-tech.fr\/de\/nws-laser-unser-csr-engagement-fuer-eine-nachhaltige-entwicklung\/","name":"NWS Laser: Unser CSR-Engagement f\u00fcr eine nachhaltige Entwicklung","isPartOf":{"@id":"https:\/\/nws-tech.fr\/de\/#website"},"datePublished":"2023-11-24T08:15:57+00:00","description":"Entdecken Sie die CSR-Verpflichtungen von NWS Laser: konkrete Ma\u00dfnahmen zum Schutz der Umwelt, zur Reduzierung des CO\u2082-Fu\u00dfabdrucks, f\u00fcr ein nachhaltiges Wassermanagement und zur Achtung der Menschenrechte.","breadcrumb":{"@id":"https:\/\/nws-tech.fr\/de\/nws-laser-unser-csr-engagement-fuer-eine-nachhaltige-entwicklung\/#breadcrumb"},"inLanguage":"de","potentialAction":[{"@type":"ReadAction","target":["https:\/\/nws-tech.fr\/de\/nws-laser-unser-csr-engagement-fuer-eine-nachhaltige-entwicklung\/"]}]},{"@type":"BreadcrumbList","@id":"https:\/\/nws-tech.fr\/de\/nws-laser-unser-csr-engagement-fuer-eine-nachhaltige-entwicklung\/#breadcrumb","itemListElement":[{"@type":"ListItem","position":1,"name":"Accueil","item":"https:\/\/nws-tech.fr\/de\/"},{"@type":"ListItem","position":2,"name":"NWS Laser: Unser CSR-Engagement f\u00fcr eine nachhaltige Entwicklung"}]},{"@type":"WebSite","@id":"https:\/\/nws-tech.fr\/de\/#website","url":"https:\/\/nws-tech.fr\/de\/","name":"NWS LASER - Marque l'avenir","description":"Fabricant fran\u00e7ais de Lasers de marquage, gravure et d\u00e9coupe","publisher":{"@id":"https:\/\/nws-tech.fr\/de\/#organization"},"alternateName":"NWS LASER","potentialAction":[{"@type":"SearchAction","target":{"@type":"EntryPoint","urlTemplate":"https:\/\/nws-tech.fr\/de\/?s={search_term_string}"},"query-input":{"@type":"PropertyValueSpecification","valueRequired":true,"valueName":"search_term_string"}}],"inLanguage":"de"},{"@type":"Organization","@id":"https:\/\/nws-tech.fr\/de\/#organization","name":"NWS Laser - Marque l'avenir","alternateName":"NWS Laser","url":"https:\/\/nws-tech.fr\/de\/","logo":{"@type":"ImageObject","inLanguage":"de","@id":"https:\/\/nws-tech.fr\/de\/#\/schema\/logo\/image\/","url":"https:\/\/nws-tech.fr\/wp-content\/uploads\/2023\/06\/nws_laser_tr.png","contentUrl":"https:\/\/nws-tech.fr\/wp-content\/uploads\/2023\/06\/nws_laser_tr.png","width":655,"height":790,"caption":"NWS Laser - Marque l'avenir"},"image":{"@id":"https:\/\/nws-tech.fr\/de\/#\/schema\/logo\/image\/"},"sameAs":["https:\/\/fr-fr.facebook.com\/nwstechfr\/","https:\/\/www.linkedin.com\/company\/nws-tech\/"],"description":"Depuis 20 ans, NWS Laser con\u00e7oit et fabrique diff\u00e9rentes machines laser de marquage, gravure et de d\u00e9coupe. Nous fabriquons des machines laser standards ou personnalis\u00e9es, en mettant l'accent sur la s\u00e9curit\u00e9, la pr\u00e9cision et l'\u00e9coute des besoins sp\u00e9cifiques de chaque client. Nos machines sont fabriqu\u00e9es en France. Nos 2 sites de production se situent en C\u00f4te-d'Or.","email":"info@nws-tech.fr","telephone":"+33 4 81 68 04 04","legalName":"NWS","foundingDate":"1998-05-02","vatID":"FR04 493 113 336","numberOfEmployees":{"@type":"QuantitativeValue","minValue":"11","maxValue":"50"},"publishingPrinciples":"https:\/\/nws-tech.fr\/fr\/legal\/mentions-legales\/","ownershipFundingInfo":"https:\/\/nws-tech.fr\/fr\/a-propos\/nws-laser_histoire\/","actionableFeedbackPolicy":"https:\/\/nws-tech.fr\/fr\/legal\/mentions-legales\/","correctionsPolicy":"https:\/\/nws-tech.fr\/fr\/a-propos\/nws-laser-rse-developpement-durable\/","ethicsPolicy":"https:\/\/nws-tech.fr\/fr\/a-propos\/nws-laser-rse-developpement-durable\/","diversityPolicy":"https:\/\/nws-tech.fr\/fr\/a-propos\/nws-laser-rse-developpement-durable\/","diversityStaffingReport":"https:\/\/nws-tech.fr\/fr\/a-propos\/nws-laser-rse-developpement-durable\/"}]}},"_links":{"self":[{"href":"https:\/\/nws-tech.fr\/de\/wp-json\/wp\/v2\/pages\/14778","targetHints":{"allow":["GET"]}}],"collection":[{"href":"https:\/\/nws-tech.fr\/de\/wp-json\/wp\/v2\/pages"}],"about":[{"href":"https:\/\/nws-tech.fr\/de\/wp-json\/wp\/v2\/types\/page"}],"author":[{"embeddable":true,"href":"https:\/\/nws-tech.fr\/de\/wp-json\/wp\/v2\/users\/20"}],"replies":[{"embeddable":true,"href":"https:\/\/nws-tech.fr\/de\/wp-json\/wp\/v2\/comments?post=14778"}],"version-history":[{"count":0,"href":"https:\/\/nws-tech.fr\/de\/wp-json\/wp\/v2\/pages\/14778\/revisions"}],"wp:attachment":[{"href":"https:\/\/nws-tech.fr\/de\/wp-json\/wp\/v2\/media?parent=14778"}],"curies":[{"name":"wp","href":"https:\/\/api.w.org\/{rel}","templated":true}]}}