{"id":14643,"date":"2020-03-20T15:25:50","date_gmt":"2020-03-20T14:25:50","guid":{"rendered":"https:\/\/nws-tech.fr\/bofa-ad-1000-iq-rauchabsauger\/"},"modified":"2026-02-15T10:43:25","modified_gmt":"2026-02-15T09:43:25","slug":"bofa-ad-1000-iq-rauchabsauger","status":"publish","type":"page","link":"https:\/\/nws-tech.fr\/de\/luftbehandlung\/nws-laser-offizieller-haendler-fuer-bofa-donaldson-absauggeraete-und-filter\/bofa-ad-1000-iq-rauchabsauger\/","title":{"rendered":"BOFA AD 1000 IQ Rauchabsauger"},"content":{"rendered":"\n[et_pb_section][et_pb_row][et_pb_column type=&#8220;4_4&#8243;][et_pb_text][vc_row ct_row_stretch=&#8220;&#8220;][vc_column][vc_row_inner][vc_column_inner][rev_slider alias=&#8220;fondikbox&#8220;][\/vc_column_inner][\/vc_row_inner][ultimate_spacer height=&#8220;40&#8243; height_on_tabs=&#8220;20&#8243; height_on_tabs_portrait=&#8220;20&#8243; height_on_mob_landscape=&#8220;20&#8243; height_on_mob=&#8220;20&#8243;][\/vc_column][\/vc_row][vc_row ct_row_stretch=&#8220;stretch_row_content_no_spaces&#8220; css=&#8220;.vc_custom_1539192649271{margin-right: 30px !important;margin-left: 30px !important;}&#8220;][vc_column width=&#8220;1\/2&#8243;][ult_animation_block animation=&#8220;bounceIn&#8220; animation_duration=&#8220;1&#8243; animation_delay=&#8220;1.5&#8243; animation_iteration_count=&#8220;1&#8243;][ultimate_spacer height=&#8220;40&#8243;][rev_slider alias=&#8220;IKBOXSlider&#8220;][\/ult_animation_block][\/vc_column][vc_column width=&#8220;1\/2&#8243;][ult_animation_block animation=&#8220;bounceInLeft&#8220; animation_duration=&#8220;1&#8243; animation_delay=&#8220;1.5&#8243; animation_iteration_count=&#8220;1&#8243;][ultimate_spacer height=&#8220;30&#8243;][ultimate_heading main_heading=&#8220;Werkstatt-Faserlaser&#8220; heading_tag=&#8220;h1&#8243; main_heading_font_family=&#8220;font_family:Montserrat|font_call:Montserrat|variant:700&#8243; main_heading_font_size=&#8220;desktop:30px;&#8220; sub_heading_font_family=&#8220;font_family:Montserrat|font_call:Montserrat&#8220; sub_heading_font_size=&#8220;desktop:20px;&#8220; main_heading_margin=&#8220;margin-bottom:30px;&#8220; main_heading_style=&#8220;font-weight:700;&#8220;]\n<p style=\"text-align: justify;\"><strong>Wirtschaftlich und leistungsstark<\/strong>: IK-BOX profitiert von den neuesten technologischen Entwicklungen bei Faserlasern. Ein attraktiver Preis, geringe Wartungskosten und der Verzicht auf Verbrauchsmaterialien erm\u00f6glichen echte Einsparungen \u2013 selbst im Vergleich zu deutlich weniger leistungsf\u00e4higen Markiersystemen. <\/p>\n<p style=\"text-align: justify;\"><strong>Kompakt und einfach zu bedienen<\/strong>: Stellen Sie IK-BOX auf einen Tisch oder eine Werkbank, schlie\u00dfen Sie sie an das Stromnetz an und beginnen Sie ganz einfach mit der Nutzung Ihres Lasers. Die (mitgelieferte) intuitive Software l\u00e4sst Ihrer Fantasie freien Lauf, um alle Arten von Schriftzeichen, 1D- oder 2D-Codes, Logos, Seriennummern \u2026 zu markieren. <\/p>\n[\/ultimate_heading][ultimate_spacer height=&#8220;30&#8243;][\/ult_animation_block][ultimate_spacer height=&#8220;60&#8243;][ult_animation_block animation=&#8220;bounceIn&#8220; animation_duration=&#8220;1&#8243; animation_delay=&#8220;1.5&#8243; animation_iteration_count=&#8220;1&#8243;][vc_row_inner][vc_column_inner width=&#8220;1\/2&#8243;][ult_buttons btn_title=&#8220;Demande de prix&#8220; btn_link=&#8220;url:https%3A%2F%2Fnws-tech.fr%2Fcontact%2F|title:Contact||&#8220; btn_align=&#8220;ubtn-center&#8220; btn_size=&#8220;ubtn-custom&#8220; btn_width=&#8220;200&#8243; btn_height=&#8220;55&#8243; btn_title_color=&#8220;#ffffff&#8220; btn_bg_color=&#8220;#f2af57&#8243; btn_hover=&#8220;ubtn-fade-bg&#8220; btn_bg_color_hover=&#8220;#23dddd&#8220; icon=&#8220;Defaults-eur euro&#8220; icon_size=&#8220;35&#8243; btn_icon_pos=&#8220;ubtn-sep-icon-top-push&#8220; btn_shadow=&#8220;shd-bottom&#8220; btn_shadow_size=&#8220;5&#8243; enable_tooltip=&#8220;yes&#8220; tooltip_text=&#8220;Remplissez notre formulaire, nous vous contacterons tr\u00e8s vite.&#8220; tooltip_pos=&#8220;bottom&#8220; btn_font_family=&#8220;font_family:Montserrat|font_call:Montserrat&#8220; btn_font_size=&#8220;desktop:14px;&#8220;][ultimate_spacer height=&#8220;&#8220; height_on_tabs_portrait=&#8220;20&#8243; height_on_mob=&#8220;20&#8243;][\/vc_column_inner][vc_column_inner width=&#8220;1\/2&#8243;][ult_buttons btn_title=&#8220;Documentation&#8220; btn_link=&#8220;url:https%3A%2F%2Fnws-tech.fr%2Fwp-content%2Fuploads%2F2018%2F10%2FIK-BOX_L.pdf|title:IK-BOX|target:%20_blank|rel:nofollow&#8220; btn_align=&#8220;ubtn-center&#8220; btn_size=&#8220;ubtn-custom&#8220; btn_width=&#8220;200&#8243; btn_height=&#8220;55&#8243; btn_title_color=&#8220;#ffffff&#8220; btn_bg_color=&#8220;#007aff&#8220; btn_hover=&#8220;ubtn-fade-bg&#8220; btn_bg_color_hover=&#8220;#23dddd&#8220; icon=&#8220;Defaults-file-pdf-o&#8220; icon_size=&#8220;35&#8243; btn_icon_pos=&#8220;ubtn-sep-icon-top-push&#8220; btn_shadow=&#8220;shd-bottom&#8220; btn_shadow_size=&#8220;5&#8243; enable_tooltip=&#8220;yes&#8220; tooltip_text=&#8220;T\u00e9l\u00e9chargez ou imprimez la documentation.&#8220; tooltip_pos=&#8220;bottom&#8220; ult_btn_custom_onclick=&#8220;true&#8220; btn_font_family=&#8220;font_family:Montserrat|font_call:Montserrat&#8220; btn_font_size=&#8220;desktop:14px;&#8220;][\/vc_column_inner][\/vc_row_inner][\/ult_animation_block][\/vc_column][vc_column][ultimate_spacer height=&#8220;100&#8243;][\/vc_column][\/vc_row][vc_row ct_row_stretch=&#8220;stretch_row&#8220; bg_type=&#8220;bg_color&#8220; bg_color_value=&#8220;#dce3eb&#8220;][vc_column][ultimate_spacer height=&#8220;30&#8243;][\/vc_column][vc_column width=&#8220;1\/3&#8243;][ult_animation_block animation=&#8220;fadeIn&#8220; animation_duration=&#8220;0.3&#8243; animation_delay=&#8220;0&#8243; animation_iteration_count=&#8220;1&#8243; opacity_start_effect=&#8220;70&#8243;][vc_single_image image=&#8220;1215&#8243; img_size=&#8220;full&#8220; alignment=&#8220;center&#8220;][\/ult_animation_block][ultimate_heading main_heading=&#8220;Gravieren Sie sicher&#8220; main_heading_font_family=&#8220;font_family:Montserrat|font_call:Montserrat|variant:700&#8243; main_heading_style=&#8220;font-weight:700;&#8220; main_heading_font_size=&#8220;desktop:30px;&#8220; main_heading_margin=&#8220;margin-top:30px;margin-bottom:18px;&#8220; sub_heading_font_family=&#8220;font_family:Montserrat|font_call:Montserrat&#8220; sub_heading_font_size=&#8220;desktop:19px;&#8220;]\n<p style=\"text-align: justify;\">IK-BOX ist eine vollst\u00e4ndig <strong>eingehauste und gesicherte<\/strong> Maschine. Kein Risiko eines Laseraustritts w\u00e4hrend der Markierung dank des beweglichen Schutzes mit einem <strong>Sil3-Sicherheits<\/strong>schalter.\nJe nach gew\u00e4hlter Option kann die Zugangst\u00fcr zum Arbeitsbereich elektrisch oder manuell sein. <\/p>\n[\/ultimate_heading][ultimate_spacer height=&#8220;10&#8243;][\/vc_column][vc_column width=&#8220;1\/3&#8243;][ult_animation_block animation=&#8220;fadeIn&#8220; animation_duration=&#8220;0.3&#8243; animation_delay=&#8220;0&#8243; animation_iteration_count=&#8220;1&#8243; opacity_start_effect=&#8220;70&#8243;][vc_single_image image=&#8220;1214&#8243; img_size=&#8220;full&#8220; alignment=&#8220;center&#8220;][\/ult_animation_block][ultimate_heading main_heading=&#8220;Ultraschneller Kopf&#8220; main_heading_font_family=&#8220;font_family:Montserrat|font_call:Montserrat|variant:700&#8243; main_heading_style=&#8220;font-weight:700;&#8220; main_heading_font_size=&#8220;desktop:30px;&#8220; main_heading_margin=&#8220;margin-top:30px;margin-bottom:18px;&#8220; sub_heading_font_family=&#8220;font_family:Montserrat|font_call:Montserrat&#8220; sub_heading_font_size=&#8220;desktop:19px;&#8220;]\n<p style=\"text-align: justify;\">Der galvanometrische Kopf der IK-BOX erm\u00f6glicht <strong>ultraschnelle und pr\u00e4zise<\/strong> Gravuren.\nMarkieren Sie bis zu 800 Zeichen pro Sekunde, gravieren Sie DataMatrix in Windeseile!<\/p>\n[\/ultimate_heading][ultimate_spacer height=&#8220;10&#8243;][\/vc_column][vc_column width=&#8220;1\/3&#8243;][ult_animation_block animation=&#8220;fadeIn&#8220; animation_duration=&#8220;0.3&#8243; animation_delay=&#8220;0&#8243; animation_iteration_count=&#8220;1&#8243; opacity_start_effect=&#8220;70&#8243;][vc_single_image image=&#8220;1213&#8243; img_size=&#8220;full&#8220; alignment=&#8220;center&#8220;][\/ult_animation_block][ultimate_heading main_heading=&#8220;Ein echter Faserlaser&#8220; main_heading_font_family=&#8220;font_family:Montserrat|font_call:Montserrat|variant:700&#8243; main_heading_style=&#8220;font-weight:700;&#8220; main_heading_font_size=&#8220;desktop:30px;&#8220; main_heading_margin=&#8220;margin-top:30px;margin-bottom:18px;&#8220; sub_heading_font_family=&#8220;font_family:Montserrat|font_call:Montserrat&#8220; sub_heading_font_size=&#8220;desktop:19px;&#8220;]\n<p style=\"text-align: justify;\">Profitieren Sie von allen Vorteilen einer Faserlaserquelle: hohe Strahlpr\u00e4zision, geringer Wartungsaufwand und lange Lebensdauer.\nDie IK-BOX-Maschine <strong>ist in wenigen Sekunden einsatzbereit<\/strong>, um all Ihre Markierungen ohne aufwendige Kalibrierung durchzuf\u00fchren \u2013 selbst bei gro\u00dfen Temperaturschwankungen.<\/p>\n[\/ultimate_heading][ultimate_spacer height=&#8220;10&#8243;][\/vc_column][vc_column][ultimate_spacer height=&#8220;50&#8243; height_on_tabs=&#8220;40&#8243; height_on_tabs_portrait=&#8220;40&#8243; height_on_mob_landscape=&#8220;40&#8243; height_on_mob=&#8220;40&#8243;][\/vc_column][\/vc_row][\/et_pb_text][\/et_pb_column][\/et_pb_row][\/et_pb_section]\n","protected":false},"excerpt":{"rendered":"<p><div class=\"et_pb_section et_pb_section_0 et_pb_section_parallax et_section_regular\" >\n\t\t\t\t\n\t\t\t\t\n\t\t\t\t\n\t\t\t\t\n\t\t\t\t\n\t\t\t\t\n\t\t\t\t\n\t\t\t\t\n\t\t\t\t\n\t\t\t<\/div><div class=\"et_pb_row et_pb_row_0 et_pb_row_empty\">\n\t\t\t\t\n\t\t\t\t\n\t\t\t\t\n\t\t\t\t\n\t\t\t\t\n\t\t\t<\/div><div class=\"et_pb_module et_pb_text et_pb_text_0  et_pb_text_align_left et_pb_bg_layout_light\">\n\t\t\t\t\n\t\t\t\t\n\t\t\t\t\n\t\t\t\t\n\t\t\t\t\n\t\t\t<\/div>[vc_row ct_row_stretch=&#8220;&#8220;][vc_column][vc_row_inner][vc_column_inner][rev_slider alias=&#8220;fondikbox&#8220;][\/vc_column_inner][\/vc_row_inner][ultimate_spacer height=&#8220;40&#8243; height_on_tabs=&#8220;20&#8243; height_on_tabs_portrait=&#8220;20&#8243; height_on_mob_landscape=&#8220;20&#8243; height_on_mob=&#8220;20&#8243;][\/vc_column][\/vc_row][vc_row ct_row_stretch=&#8220;stretch_row_content_no_spaces&#8220; css=&#8220;.vc_custom_1539192649271{margin-right: 30px !important;margin-left: 30px !important;}&#8220;][vc_column width=&#8220;1\/2&#8243;][ult_animation_block animation=&#8220;bounceIn&#8220; animation_duration=&#8220;1&#8243; animation_delay=&#8220;1.5&#8243; animation_iteration_count=&#8220;1&#8243;][ultimate_spacer height=&#8220;40&#8243;][rev_slider alias=&#8220;IKBOXSlider&#8220;][\/ult_animation_block][\/vc_column][vc_column width=&#8220;1\/2&#8243;][ult_animation_block animation=&#8220;bounceInLeft&#8220; animation_duration=&#8220;1&#8243; animation_delay=&#8220;1.5&#8243; animation_iteration_count=&#8220;1&#8243;][ultimate_spacer height=&#8220;30&#8243;][ultimate_heading main_heading=&#8220;Werkstatt-Faserlaser&#8220; heading_tag=&#8220;h1&#8243; main_heading_font_family=&#8220;font_family:Montserrat|font_call:Montserrat|variant:700&#8243; main_heading_font_size=&#8220;desktop:30px;&#8220; sub_heading_font_family=&#8220;font_family:Montserrat|font_call:Montserrat&#8220; sub_heading_font_size=&#8220;desktop:20px;&#8220; main_heading_margin=&#8220;margin-bottom:30px;&#8220; main_heading_style=&#8220;font-weight:700;&#8220;] Wirtschaftlich und leistungsstark: IK-BOX profitiert von den neuesten technologischen Entwicklungen bei Faserlasern. Ein attraktiver Preis, geringe Wartungskosten und der Verzicht [&hellip;]<\/p>\n","protected":false},"author":1,"featured_media":0,"parent":14929,"menu_order":0,"comment_status":"closed","ping_status":"closed","template":"","meta":{"_et_pb_use_builder":"on","_et_pb_old_content":"","_et_gb_content_width":"","footnotes":""},"class_list":["post-14643","page","type-page","status-publish","hentry"],"yoast_head":"<!-- This site is optimized with the Yoast SEO Premium plugin v26.9 (Yoast SEO v27.1.1) - https:\/\/yoast.com\/product\/yoast-seo-premium-wordpress\/ -->\n<title>AD 1000 IQ Rauchabsauger mit hoher Filterkapazit\u00e4t<\/title>\n<meta name=\"description\" content=\"Der AD 1000 IQ Laserprozess-Rauchabsauger verf\u00fcgt \u00fcber eine hohe Filterkapazit\u00e4t sowie einen hohen Druck und Luftdurchsatz.\" \/>\n<meta name=\"robots\" content=\"index, follow, max-snippet:-1, max-image-preview:large, max-video-preview:-1\" \/>\n<link rel=\"canonical\" href=\"https:\/\/nws-tech.fr\/de\/luftbehandlung\/nws-laser-offizieller-haendler-fuer-bofa-donaldson-absauggeraete-und-filter\/bofa-ad-1000-iq-rauchabsauger\/\" \/>\n<meta property=\"og:locale\" content=\"de_DE\" \/>\n<meta property=\"og:type\" content=\"article\" \/>\n<meta property=\"og:title\" content=\"BOFA AD 1000 IQ Rauchabsauger\" \/>\n<meta property=\"og:description\" content=\"Der AD 1000 IQ Laserprozess-Rauchabsauger verf\u00fcgt \u00fcber eine hohe Filterkapazit\u00e4t sowie einen hohen Druck und Luftdurchsatz.\" \/>\n<meta property=\"og:url\" content=\"https:\/\/nws-tech.fr\/de\/luftbehandlung\/nws-laser-offizieller-haendler-fuer-bofa-donaldson-absauggeraete-und-filter\/bofa-ad-1000-iq-rauchabsauger\/\" \/>\n<meta property=\"og:site_name\" content=\"NWS-TECH \u2022 NWS Laser\" \/>\n<meta property=\"article:publisher\" content=\"https:\/\/fr-fr.facebook.com\/nwstechfr\/\" \/>\n<meta property=\"article:modified_time\" content=\"2026-02-15T09:43:25+00:00\" \/>\n<meta property=\"og:image\" content=\"https:\/\/nws-tech.fr\/wp-content\/uploads\/2023\/06\/cropped-nws_laser_tr.png\" \/>\n\t<meta property=\"og:image:width\" content=\"512\" \/>\n\t<meta property=\"og:image:height\" content=\"512\" \/>\n\t<meta property=\"og:image:type\" content=\"image\/png\" \/>\n<meta name=\"twitter:card\" content=\"summary_large_image\" \/>\n<meta name=\"twitter:label1\" content=\"Gesch\u00e4tzte Lesezeit\" \/>\n\t<meta name=\"twitter:data1\" content=\"5\u00a0Minuten\" \/>\n<script type=\"application\/ld+json\" class=\"yoast-schema-graph\">{\"@context\":\"https:\/\/schema.org\",\"@graph\":[{\"@type\":\"WebPage\",\"@id\":\"https:\/\/nws-tech.fr\/de\/luftbehandlung\/nws-laser-offizieller-haendler-fuer-bofa-donaldson-absauggeraete-und-filter\/bofa-ad-1000-iq-rauchabsauger\/\",\"url\":\"https:\/\/nws-tech.fr\/de\/luftbehandlung\/nws-laser-offizieller-haendler-fuer-bofa-donaldson-absauggeraete-und-filter\/bofa-ad-1000-iq-rauchabsauger\/\",\"name\":\"AD 1000 IQ Rauchabsauger mit hoher Filterkapazit\u00e4t\",\"isPartOf\":{\"@id\":\"https:\/\/nws-tech.fr\/de\/#website\"},\"datePublished\":\"2020-03-20T14:25:50+00:00\",\"dateModified\":\"2026-02-15T09:43:25+00:00\",\"description\":\"Der AD 1000 IQ Laserprozess-Rauchabsauger verf\u00fcgt \u00fcber eine hohe Filterkapazit\u00e4t sowie einen hohen Druck und Luftdurchsatz.\",\"breadcrumb\":{\"@id\":\"https:\/\/nws-tech.fr\/de\/luftbehandlung\/nws-laser-offizieller-haendler-fuer-bofa-donaldson-absauggeraete-und-filter\/bofa-ad-1000-iq-rauchabsauger\/#breadcrumb\"},\"inLanguage\":\"de\",\"potentialAction\":[{\"@type\":\"ReadAction\",\"target\":[\"https:\/\/nws-tech.fr\/de\/luftbehandlung\/nws-laser-offizieller-haendler-fuer-bofa-donaldson-absauggeraete-und-filter\/bofa-ad-1000-iq-rauchabsauger\/\"]}]},{\"@type\":\"BreadcrumbList\",\"@id\":\"https:\/\/nws-tech.fr\/de\/luftbehandlung\/nws-laser-offizieller-haendler-fuer-bofa-donaldson-absauggeraete-und-filter\/bofa-ad-1000-iq-rauchabsauger\/#breadcrumb\",\"itemListElement\":[{\"@type\":\"ListItem\",\"position\":1,\"name\":\"Accueil\",\"item\":\"https:\/\/nws-tech.fr\/de\/\"},{\"@type\":\"ListItem\",\"position\":2,\"name\":\"Luftbehandlung\",\"item\":\"https:\/\/nws-tech.fr\/de\/luftbehandlung\/\"},{\"@type\":\"ListItem\",\"position\":3,\"name\":\"NWS LASER offizieller H\u00e4ndler f\u00fcr BOFA Donaldson-Absaugger\u00e4te und -Filter\",\"item\":\"https:\/\/nws-tech.fr\/de\/luftbehandlung\/nws-laser-offizieller-haendler-fuer-bofa-donaldson-absauggeraete-und-filter\/\"},{\"@type\":\"ListItem\",\"position\":4,\"name\":\"BOFA AD 1000 IQ Rauchabsauger\"}]},{\"@type\":\"WebSite\",\"@id\":\"https:\/\/nws-tech.fr\/de\/#website\",\"url\":\"https:\/\/nws-tech.fr\/de\/\",\"name\":\"NWS LASER - Marque l'avenir\",\"description\":\"Fabricant fran\u00e7ais de Lasers de marquage, gravure et d\u00e9coupe\",\"publisher\":{\"@id\":\"https:\/\/nws-tech.fr\/de\/#organization\"},\"alternateName\":\"NWS LASER\",\"potentialAction\":[{\"@type\":\"SearchAction\",\"target\":{\"@type\":\"EntryPoint\",\"urlTemplate\":\"https:\/\/nws-tech.fr\/de\/?s={search_term_string}\"},\"query-input\":{\"@type\":\"PropertyValueSpecification\",\"valueRequired\":true,\"valueName\":\"search_term_string\"}}],\"inLanguage\":\"de\"},{\"@type\":\"Organization\",\"@id\":\"https:\/\/nws-tech.fr\/de\/#organization\",\"name\":\"NWS Laser - Marque l'avenir\",\"alternateName\":\"NWS Laser\",\"url\":\"https:\/\/nws-tech.fr\/de\/\",\"logo\":{\"@type\":\"ImageObject\",\"inLanguage\":\"de\",\"@id\":\"https:\/\/nws-tech.fr\/de\/#\/schema\/logo\/image\/\",\"url\":\"https:\/\/nws-tech.fr\/wp-content\/uploads\/2023\/06\/nws_laser_tr.png\",\"contentUrl\":\"https:\/\/nws-tech.fr\/wp-content\/uploads\/2023\/06\/nws_laser_tr.png\",\"width\":655,\"height\":790,\"caption\":\"NWS Laser - Marque l'avenir\"},\"image\":{\"@id\":\"https:\/\/nws-tech.fr\/de\/#\/schema\/logo\/image\/\"},\"sameAs\":[\"https:\/\/fr-fr.facebook.com\/nwstechfr\/\",\"https:\/\/www.linkedin.com\/company\/nws-tech\/\"],\"description\":\"Depuis 20 ans, NWS Laser con\u00e7oit et fabrique diff\u00e9rentes machines laser de marquage, gravure et de d\u00e9coupe. Nous fabriquons des machines laser standards ou personnalis\u00e9es, en mettant l'accent sur la s\u00e9curit\u00e9, la pr\u00e9cision et l'\u00e9coute des besoins sp\u00e9cifiques de chaque client. Nos machines sont fabriqu\u00e9es en France. Nos 2 sites de production se situent en C\u00f4te-d'Or.\",\"email\":\"info@nws-tech.fr\",\"telephone\":\"+33 4 81 68 04 04\",\"legalName\":\"NWS\",\"foundingDate\":\"1998-05-02\",\"vatID\":\"FR04 493 113 336\",\"numberOfEmployees\":{\"@type\":\"QuantitativeValue\",\"minValue\":\"11\",\"maxValue\":\"50\"},\"publishingPrinciples\":\"https:\/\/nws-tech.fr\/fr\/legal\/mentions-legales\/\",\"ownershipFundingInfo\":\"https:\/\/nws-tech.fr\/fr\/a-propos\/nws-laser_histoire\/\",\"actionableFeedbackPolicy\":\"https:\/\/nws-tech.fr\/fr\/legal\/mentions-legales\/\",\"correctionsPolicy\":\"https:\/\/nws-tech.fr\/fr\/a-propos\/nws-laser-rse-developpement-durable\/\",\"ethicsPolicy\":\"https:\/\/nws-tech.fr\/fr\/a-propos\/nws-laser-rse-developpement-durable\/\",\"diversityPolicy\":\"https:\/\/nws-tech.fr\/fr\/a-propos\/nws-laser-rse-developpement-durable\/\",\"diversityStaffingReport\":\"https:\/\/nws-tech.fr\/fr\/a-propos\/nws-laser-rse-developpement-durable\/\"}]}<\/script>\n<!-- \/ Yoast SEO Premium plugin. -->","yoast_head_json":{"title":"AD 1000 IQ Rauchabsauger mit hoher Filterkapazit\u00e4t","description":"Der AD 1000 IQ Laserprozess-Rauchabsauger verf\u00fcgt \u00fcber eine hohe Filterkapazit\u00e4t sowie einen hohen Druck und Luftdurchsatz.","robots":{"index":"index","follow":"follow","max-snippet":"max-snippet:-1","max-image-preview":"max-image-preview:large","max-video-preview":"max-video-preview:-1"},"canonical":"https:\/\/nws-tech.fr\/de\/luftbehandlung\/nws-laser-offizieller-haendler-fuer-bofa-donaldson-absauggeraete-und-filter\/bofa-ad-1000-iq-rauchabsauger\/","og_locale":"de_DE","og_type":"article","og_title":"BOFA AD 1000 IQ Rauchabsauger","og_description":"Der AD 1000 IQ Laserprozess-Rauchabsauger verf\u00fcgt \u00fcber eine hohe Filterkapazit\u00e4t sowie einen hohen Druck und Luftdurchsatz.","og_url":"https:\/\/nws-tech.fr\/de\/luftbehandlung\/nws-laser-offizieller-haendler-fuer-bofa-donaldson-absauggeraete-und-filter\/bofa-ad-1000-iq-rauchabsauger\/","og_site_name":"NWS-TECH \u2022 NWS Laser","article_publisher":"https:\/\/fr-fr.facebook.com\/nwstechfr\/","article_modified_time":"2026-02-15T09:43:25+00:00","og_image":[{"width":512,"height":512,"url":"https:\/\/nws-tech.fr\/wp-content\/uploads\/2023\/06\/cropped-nws_laser_tr.png","type":"image\/png"}],"twitter_card":"summary_large_image","twitter_misc":{"Gesch\u00e4tzte Lesezeit":"5\u00a0Minuten"},"schema":{"@context":"https:\/\/schema.org","@graph":[{"@type":"WebPage","@id":"https:\/\/nws-tech.fr\/de\/luftbehandlung\/nws-laser-offizieller-haendler-fuer-bofa-donaldson-absauggeraete-und-filter\/bofa-ad-1000-iq-rauchabsauger\/","url":"https:\/\/nws-tech.fr\/de\/luftbehandlung\/nws-laser-offizieller-haendler-fuer-bofa-donaldson-absauggeraete-und-filter\/bofa-ad-1000-iq-rauchabsauger\/","name":"AD 1000 IQ Rauchabsauger mit hoher Filterkapazit\u00e4t","isPartOf":{"@id":"https:\/\/nws-tech.fr\/de\/#website"},"datePublished":"2020-03-20T14:25:50+00:00","dateModified":"2026-02-15T09:43:25+00:00","description":"Der AD 1000 IQ Laserprozess-Rauchabsauger verf\u00fcgt \u00fcber eine hohe Filterkapazit\u00e4t sowie einen hohen Druck und Luftdurchsatz.","breadcrumb":{"@id":"https:\/\/nws-tech.fr\/de\/luftbehandlung\/nws-laser-offizieller-haendler-fuer-bofa-donaldson-absauggeraete-und-filter\/bofa-ad-1000-iq-rauchabsauger\/#breadcrumb"},"inLanguage":"de","potentialAction":[{"@type":"ReadAction","target":["https:\/\/nws-tech.fr\/de\/luftbehandlung\/nws-laser-offizieller-haendler-fuer-bofa-donaldson-absauggeraete-und-filter\/bofa-ad-1000-iq-rauchabsauger\/"]}]},{"@type":"BreadcrumbList","@id":"https:\/\/nws-tech.fr\/de\/luftbehandlung\/nws-laser-offizieller-haendler-fuer-bofa-donaldson-absauggeraete-und-filter\/bofa-ad-1000-iq-rauchabsauger\/#breadcrumb","itemListElement":[{"@type":"ListItem","position":1,"name":"Accueil","item":"https:\/\/nws-tech.fr\/de\/"},{"@type":"ListItem","position":2,"name":"Luftbehandlung","item":"https:\/\/nws-tech.fr\/de\/luftbehandlung\/"},{"@type":"ListItem","position":3,"name":"NWS LASER offizieller H\u00e4ndler f\u00fcr BOFA Donaldson-Absaugger\u00e4te und -Filter","item":"https:\/\/nws-tech.fr\/de\/luftbehandlung\/nws-laser-offizieller-haendler-fuer-bofa-donaldson-absauggeraete-und-filter\/"},{"@type":"ListItem","position":4,"name":"BOFA AD 1000 IQ Rauchabsauger"}]},{"@type":"WebSite","@id":"https:\/\/nws-tech.fr\/de\/#website","url":"https:\/\/nws-tech.fr\/de\/","name":"NWS LASER - Marque l'avenir","description":"Fabricant fran\u00e7ais de Lasers de marquage, gravure et d\u00e9coupe","publisher":{"@id":"https:\/\/nws-tech.fr\/de\/#organization"},"alternateName":"NWS LASER","potentialAction":[{"@type":"SearchAction","target":{"@type":"EntryPoint","urlTemplate":"https:\/\/nws-tech.fr\/de\/?s={search_term_string}"},"query-input":{"@type":"PropertyValueSpecification","valueRequired":true,"valueName":"search_term_string"}}],"inLanguage":"de"},{"@type":"Organization","@id":"https:\/\/nws-tech.fr\/de\/#organization","name":"NWS Laser - Marque l'avenir","alternateName":"NWS Laser","url":"https:\/\/nws-tech.fr\/de\/","logo":{"@type":"ImageObject","inLanguage":"de","@id":"https:\/\/nws-tech.fr\/de\/#\/schema\/logo\/image\/","url":"https:\/\/nws-tech.fr\/wp-content\/uploads\/2023\/06\/nws_laser_tr.png","contentUrl":"https:\/\/nws-tech.fr\/wp-content\/uploads\/2023\/06\/nws_laser_tr.png","width":655,"height":790,"caption":"NWS Laser - Marque l'avenir"},"image":{"@id":"https:\/\/nws-tech.fr\/de\/#\/schema\/logo\/image\/"},"sameAs":["https:\/\/fr-fr.facebook.com\/nwstechfr\/","https:\/\/www.linkedin.com\/company\/nws-tech\/"],"description":"Depuis 20 ans, NWS Laser con\u00e7oit et fabrique diff\u00e9rentes machines laser de marquage, gravure et de d\u00e9coupe. Nous fabriquons des machines laser standards ou personnalis\u00e9es, en mettant l'accent sur la s\u00e9curit\u00e9, la pr\u00e9cision et l'\u00e9coute des besoins sp\u00e9cifiques de chaque client. Nos machines sont fabriqu\u00e9es en France. Nos 2 sites de production se situent en C\u00f4te-d'Or.","email":"info@nws-tech.fr","telephone":"+33 4 81 68 04 04","legalName":"NWS","foundingDate":"1998-05-02","vatID":"FR04 493 113 336","numberOfEmployees":{"@type":"QuantitativeValue","minValue":"11","maxValue":"50"},"publishingPrinciples":"https:\/\/nws-tech.fr\/fr\/legal\/mentions-legales\/","ownershipFundingInfo":"https:\/\/nws-tech.fr\/fr\/a-propos\/nws-laser_histoire\/","actionableFeedbackPolicy":"https:\/\/nws-tech.fr\/fr\/legal\/mentions-legales\/","correctionsPolicy":"https:\/\/nws-tech.fr\/fr\/a-propos\/nws-laser-rse-developpement-durable\/","ethicsPolicy":"https:\/\/nws-tech.fr\/fr\/a-propos\/nws-laser-rse-developpement-durable\/","diversityPolicy":"https:\/\/nws-tech.fr\/fr\/a-propos\/nws-laser-rse-developpement-durable\/","diversityStaffingReport":"https:\/\/nws-tech.fr\/fr\/a-propos\/nws-laser-rse-developpement-durable\/"}]}},"_links":{"self":[{"href":"https:\/\/nws-tech.fr\/de\/wp-json\/wp\/v2\/pages\/14643","targetHints":{"allow":["GET"]}}],"collection":[{"href":"https:\/\/nws-tech.fr\/de\/wp-json\/wp\/v2\/pages"}],"about":[{"href":"https:\/\/nws-tech.fr\/de\/wp-json\/wp\/v2\/types\/page"}],"author":[{"embeddable":true,"href":"https:\/\/nws-tech.fr\/de\/wp-json\/wp\/v2\/users\/1"}],"replies":[{"embeddable":true,"href":"https:\/\/nws-tech.fr\/de\/wp-json\/wp\/v2\/comments?post=14643"}],"version-history":[{"count":1,"href":"https:\/\/nws-tech.fr\/de\/wp-json\/wp\/v2\/pages\/14643\/revisions"}],"predecessor-version":[{"id":14644,"href":"https:\/\/nws-tech.fr\/de\/wp-json\/wp\/v2\/pages\/14643\/revisions\/14644"}],"up":[{"embeddable":true,"href":"https:\/\/nws-tech.fr\/de\/wp-json\/wp\/v2\/pages\/14929"}],"wp:attachment":[{"href":"https:\/\/nws-tech.fr\/de\/wp-json\/wp\/v2\/media?parent=14643"}],"curies":[{"name":"wp","href":"https:\/\/api.w.org\/{rel}","templated":true}]}}